{"id":92932,"date":"2024-11-24T18:29:12","date_gmt":"2024-11-24T18:29:12","guid":{"rendered":"https:\/\/electromenagerexpress.com\/product\/casque-gamerasuscasquerogtheta71\/"},"modified":"2024-11-24T18:29:15","modified_gmt":"2024-11-24T18:29:15","slug":"casque-gamerasuscasquerogtheta71","status":"publish","type":"product","link":"https:\/\/electromenagerexpress.com\/en\/product\/casque-gamerasuscasquerogtheta71\/","title":{"rendered":"Casque gamer\t\t\t\t\t\t\tASUS\t\t\t\tCASQUEROGTHETA71"},"content":{"rendered":"<div class=\"product-features__content\">\n<ul role=\"list\">\n<li class=\"product-features__item\" role=\"listitem\">\n<h3 class=\"product-features__label\">Construction<\/h3>\n<ul role=\"list\">\n<li class=\"product-features__item-list__item\" role=\"listitem\"><span class=\"is--medium\">Produit :<\/span> casque\t\t\t\t\t<\/li>\n<li class=\"product-features__item-list__item\" role=\"listitem\"><span class=\"is--medium\">Forme du casque :<\/span> circum-aural : le casque enveloppe compl\u00e8tement les oreilles. Ce type de casque offre un bon confort sur la dur\u00e9e\t\t\t\t\t<\/li>\n<li class=\"product-features__item-list__item\" role=\"listitem\"><span class=\"is--medium\">Connexion :<\/span> filaire\t\t\t\t\t<\/li>\n<li class=\"product-features__item-list__item\" role=\"listitem\"><span class=\"is--medium\">Utilisation :<\/span> Gamer\t\t\t\t\t<\/li>\n<li class=\"product-features__item-list__item\" role=\"listitem\"><span class=\"is--medium\">Autonomie :<\/span> non communiqu\u00e9\t\t\t\t\t<\/li>\n<li class=\"product-features__item-list__item\" role=\"listitem\"><span class=\"is--medium\">R\u00e9tro\u00e9clairage :<\/span> oui\t\t\t\t\t<\/li>\n<\/ul>\n<\/li>\n<li class=\"product-features__item\" role=\"listitem\">\n<h3 class=\"product-features__label\">Caract\u00e9ristiques sonores<\/h3>\n<ul role=\"list\">\n<li class=\"product-features__item-list__item\" role=\"listitem\"><span class=\"is--medium\">R\u00e9ponse en fr\u00e9quence :<\/span> 20 Hz &#8211; 40 KHz\t\t\t\t\t<\/li>\n<li class=\"product-features__item-list__item\" role=\"listitem\"><span class=\"is--medium\">Le saviez-vous ? :<\/span> repr\u00e9sente la plage de fr\u00e9quence couverte par le casque, du grave \u00e0 l&rsquo;aigu. La plage de fr\u00e9quence de fonctionnement de l&rsquo;oreille humaine est de 20 Hz (son le plus grave) \u00e0 20 kHz (son le plus aigu)\t\t\t\t\t<\/li>\n<li class=\"product-features__item-list__item\" role=\"listitem\"><span class=\"is--medium\">Sensibilit\u00e9 :<\/span> 54\t\t\t\t\t<\/li>\n<li class=\"product-features__item-list__item\" role=\"listitem\"><span class=\"is--medium\">Plus d&rsquo;information sur la sensibilit\u00e9 :<\/span> d\u00e9termine la capacit\u00e9 d&rsquo;un casque \u00e0 fournir une puissance donn\u00e9e. Plus elle est grande, plus la qualit\u00e9 audio est grande\t\t\t\t\t<\/li>\n<li class=\"product-features__item-list__item\" role=\"listitem\"><span class=\"is--medium\">Volume r\u00e9glable :<\/span> oui\t\t\t\t\t<\/li>\n<li class=\"product-features__item-list__item\" role=\"listitem\"><span class=\"is--medium\">Bouton coupure du son :<\/span> oui\t\t\t\t\t<\/li>\n<\/ul>\n<\/li>\n<li class=\"product-features__item\" role=\"listitem\">\n<h3 class=\"product-features__label\">Micro<\/h3>\n<ul role=\"list\">\n<li class=\"product-features__item-list__item\" role=\"listitem\"><span class=\"is--medium\">Type de micro :<\/span> d\u00e9tachable\t\t\t\t\t<\/li>\n<li class=\"product-features__item-list__item\" role=\"listitem\"><span class=\"is--medium\">Sensibilit\u00e9 :<\/span> 54 dB\t\t\t\t\t<\/li>\n<li class=\"product-features__item-list__item\" role=\"listitem\"><span class=\"is--medium\">Information sur la sensibilit\u00e9 du micro :<\/span> une sensibilit\u00e9 \u00e9lev\u00e9e (\u00e9loign\u00e9e de z\u00e9ro) permet d&rsquo;att\u00e9nuer les bruits de fonds et autres sons parasites. Inversement, un micro avec une sensibilit\u00e9 basse (proche de z\u00e9ro) enregistrera plus facilement les sons faibles\t\t\t\t\t<\/li>\n<li class=\"product-features__item-list__item\" role=\"listitem\"><span class=\"is--medium\">Fr\u00e9quence d&rsquo;\u00e9chantillonnage :<\/span> 100 Hz &#8211; 10 KHz\t\t\t\t\t<\/li>\n<li class=\"product-features__item-list__item\" role=\"listitem\"><span class=\"is--medium\">Bouton muet :<\/span> Non\t\t\t\t\t<\/li>\n<\/ul>\n<\/li>\n<li class=\"product-features__item\" role=\"listitem\">\n<h3 class=\"product-features__label\">Confort d&rsquo;utilisation<\/h3>\n<ul role=\"list\">\n<li class=\"product-features__item-list__item\" role=\"listitem\"><span class=\"is--medium\">\u00c9couteurs pivotants :<\/span> Non\t\t\t\t\t<\/li>\n<\/ul>\n<\/li>\n<li class=\"product-features__item\" role=\"listitem\">\n<h3 class=\"product-features__label\">Compatibilit\u00e9<\/h3>\n<ul role=\"list\">\n<li class=\"product-features__item-list__item\" role=\"listitem\"><span class=\"is--medium\">D\u00e9tails :<\/span> Xbox, PC, Console, Tablette, Smartphone\t\t\t\t\t<\/li>\n<li class=\"product-features__item-list__item\" role=\"listitem\"><span class=\"is--medium\">Xbox :<\/span> Oui\t\t\t\t\t<\/li>\n<\/ul>\n<\/li>\n<li class=\"product-features__item\" role=\"listitem\">\n<h3 class=\"product-features__label\">Contenu de la bo\u00eete<\/h3>\n<ul role=\"list\">\n<li class=\"product-features__item-list__item\" role=\"listitem\"><span class=\"is--medium\">Livr\u00e9 avec :<\/span> Notice, C\u00e2ble USB\t\t\t\t\t<\/li>\n<\/ul>\n<\/li>\n<li class=\"product-features__item\" role=\"listitem\">\n<h3 class=\"product-features__label\">Collection<\/h3>\n<ul role=\"list\">\n<li class=\"product-features__item-list__item\" role=\"listitem\"><span class=\"is--medium\">Connexion :<\/span> filaire\t\t\t\t\t<\/li>\n<li class=\"product-features__item-list__item\" role=\"listitem\"><span class=\"is--medium\">Mod\u00e8le collection :<\/span> filaire\t\t\t\t\t<\/li>\n<\/ul>\n<\/li>\n<li class=\"product-features__item\" role=\"listitem\">\n<h3 class=\"product-features__label\">Informations compl\u00e9mentaires<\/h3>\n<ul role=\"list\">\n<li class=\"product-features__item-list__item\" role=\"listitem\"><span class=\"is--medium\">Fabriqu\u00e9 en :<\/span> Ta\u00efwan\t\t\t\t\t<\/li>\n<li class=\"product-features__item-list__item\" role=\"listitem\"><span class=\"is--medium\">Disponibilit\u00e9 des pi\u00e8ces d\u00e9tach\u00e9es (donn\u00e9es fournisseur) :<\/span> Non communiqu\u00e9e\t\t\t\t\t<\/li>\n<\/ul>\n<\/li>\n<\/ul>\n<\/div>\n<div class=\"product__disclosure-content\">\n<div class=\"js-read-more product-description__content read-more read-more--truncated\" data-read-more-name=\"description\" style=\"max-height: 500px; overflow: hidden;\">\n<p>Le ROG Theta 7.1 est un casque de jeu surround 7.1 premium dot\u00e9 de 8 transducteurs Essence d\u00e9di\u00e9s, ainsi que d&rsquo;un puissant syst\u00e8me de basses virtuel, pour un positionnement pr\u00e9cis et un son sensationnel. C&rsquo;est aussi le premier casque \u00e0 b\u00e9n\u00e9ficier d&rsquo;un microphone annulateur de bruit int\u00e9grant une intelligence artificielle qui assure une communication en jeu d&rsquo;une clart\u00e9 in\u00e9gal\u00e9e. Il poss\u00e8de un convertisseur DAC 7.1 ROG personnalis\u00e9 digne d&rsquo;un home cin\u00e9ma et quatre amplificateurs haute r\u00e9solution 9601, pour un son sans aucune perte et des parties immersives.<br \/>Le connecteur USB-C permet aux joueurs de profiter facilement d&rsquo;un son surround 7.1 sur PC, consoles et mobiles. Son \u00e9clairage RGB personnalisable vous conf\u00e8re un style \u00e9blouissant, tandis que son design ergonomique et prim\u00e9 vous offre confort et durabilit\u00e9.<br \/>Laissez parler votre style avec l&rsquo;\u00e9clairage personnalisable Aura RGB. Le ROG Theta 7.1 est fourni avec des effets d&rsquo;\u00e9clairage captivants int\u00e9gr\u00e9s au logo lumineux ROG. Choisissez parmi plus de 16,8 millions de couleurs et quatre effets lumineux pr\u00e9d\u00e9finis.<br \/>Le ROG Theta 7.1 b\u00e9n\u00e9ficie du premier microphone annulateur de bruit avec intelligence artificielle au monde. Il inclut un processeur d\u00e9di\u00e9 charg\u00e9 de profils entra\u00een\u00e9s par une intelligence artificielle, qui supprime plus de 50 millions de bruits de fond, tout en pr\u00e9servant les fr\u00e9quences de voix, pour des conversations en jeu d&rsquo;une grande clart\u00e9.<br \/>Le microphone intelligent r\u00e9duit de 95 % les conversations en arri\u00e8re-plan, le bruit du clavier et de la souris, pour communiquer clairement n&rsquo;importe o\u00f9. De plus, le microphone unidirectionnel d\u00e9tachable est certifi\u00e9 \u00e0 la fois par Discord et TeamSpeak. Son voyant lumineux est rouge lorsque le microphone est en mode muet afin que vous sachiez en un regard s&rsquo;il est allum\u00e9 ou pas.<br \/>Ce casque offre un support de compatibilit\u00e9 multiplateforme pour PC, Mac, PlayStation 4 et Nintendo Switch.<br \/>Caract\u00e9ristiques techniques :\u00a0<br \/>Son surround 7.1 avec 8 transducteurs ASUS Essence et subwoofer virtuel<br \/>Quadruple DAC ESS 9601 et DAC ROG 7.1<br \/>Eclairage RGB Asus Aura<br \/>Imp\u00e9dance : 32 Ohms<br \/>R\u00e9ponse en fr\u00e9quence : 20-40000 Hz.<br \/>Microphone : unidirectionnelle avec intelligence artificielle pour l&rsquo;annulation du bruit.<br \/>Connecteur : USB \/ USB-C<br \/>Compatibilit\u00e9 : PC, Mac, PlayStation 4, Nintendo Switch<br \/>Poids : 650g<\/p>\n<p>Asus ROG, Casque gaming Theta 7.1 noir<br \/>Son surround 7.1 avec 8 transducteurs ASUS Essence et subwoofer virtuel<br \/>Quadruple DAC ESS 9601 et DAC ROG 7.1<br \/>Eclairage RGB Asus Aura<br \/>Imp\u00e9dance 32 Ohms , R\u00e9ponse en fr\u00e9quence : 20-40000 Hz.<br \/>Microphone unidirectionnelle avec intelligence artificielle pour l&rsquo;annulation du bruit.<br \/>Connecteur : USB \/ USB-C<br \/>Compatible PC, Mac, PlayStation 4, Nintendo Switch<br \/>Poids : 650g<\/p>\n<\/div>\n<p><bl-button a11yexpanded=\"false\" arialabel=\"Afficher toute la description\" class=\"read-more__btn\" full=\"false\" link=\"true\">Voir plus<\/bl-button><\/div>","protected":false},"excerpt":{"rendered":"<div class=\"keypoints\">\n<h3 class=\"keypoints__title\">Les points cl\u00e9s<\/h3>\n<ul role=\"list\">\n<li class=\"keypoints__item\" role=\"listitem\">                                        Connectivit\u00e9 : Filaire                      <\/li>\n<li class=\"keypoints__item\" role=\"listitem\">                                        R\u00e9ducteur de bruit                      <\/li>\n<li class=\"keypoints__item\" role=\"listitem\">                                        Compatible : PC                      <\/li>\n<\/ul>","protected":false},"featured_media":92931,"template":"","meta":{"_glsr_average":0,"_glsr_ranking":0,"_glsr_reviews":0},"product_cat":[520],"product_tag":[523,521,522],"class_list":{"0":"post-92932","1":"product","2":"type-product","3":"status-publish","4":"has-post-thumbnail","6":"product_cat-casque-gamer","7":"product_tag-casque-gamer","8":"product_tag-informatique-tablette","9":"product_tag-peripherique-gamer","11":"first","12":"instock","13":"sale","14":"shipping-taxable","15":"purchasable","16":"product-type-simple"},"_links":{"self":[{"href":"https:\/\/electromenagerexpress.com\/en\/wp-json\/wp\/v2\/product\/92932","targetHints":{"allow":["GET"]}}],"collection":[{"href":"https:\/\/electromenagerexpress.com\/en\/wp-json\/wp\/v2\/product"}],"about":[{"href":"https:\/\/electromenagerexpress.com\/en\/wp-json\/wp\/v2\/types\/product"}],"wp:featuredmedia":[{"embeddable":true,"href":"https:\/\/electromenagerexpress.com\/en\/wp-json\/wp\/v2\/media\/92931"}],"wp:attachment":[{"href":"https:\/\/electromenagerexpress.com\/en\/wp-json\/wp\/v2\/media?parent=92932"}],"wp:term":[{"taxonomy":"product_cat","embeddable":true,"href":"https:\/\/electromenagerexpress.com\/en\/wp-json\/wp\/v2\/product_cat?post=92932"},{"taxonomy":"product_tag","embeddable":true,"href":"https:\/\/electromenagerexpress.com\/en\/wp-json\/wp\/v2\/product_tag?post=92932"}],"curies":[{"name":"wp","href":"https:\/\/api.w.org\/{rel}","templated":true}]}}