{"id":92904,"date":"2024-11-24T18:28:43","date_gmt":"2024-11-24T18:28:43","guid":{"rendered":"https:\/\/electromenagerexpress.com\/product\/casque-gamerhyperxcloud-ii-wireless\/"},"modified":"2024-12-29T09:23:04","modified_gmt":"2024-12-29T09:23:04","slug":"casque-gamerhyperxcloud-ii-wireless","status":"publish","type":"product","link":"https:\/\/electromenagerexpress.com\/en\/product\/casque-gamerhyperxcloud-ii-wireless\/","title":{"rendered":"Casque gamer\tHYPERX CLOUD II Wireless"},"content":{"rendered":"<div class=\"product-features__content\">\n<ul role=\"list\">\n<li class=\"product-features__item\" role=\"listitem\">\n<h3 class=\"product-features__label\">Les + de ce mod\u00e8le<\/h3>\n<ul role=\"list\">\n<li class=\"product-features__item-list__item\" role=\"listitem\"><span class=\"is--medium\">Avantages :<\/span> Sans fil 2,4 GHz et jusqu&rsquo;\u00e0 30 heures d&rsquo;autonomie2 Son Surround 7.1 HyperX1 Confort HyperX Signature Structure durable en aluminium Micro amovible \u00e0 r\u00e9duction de bruit et contr\u00f4le audio int\u00e9gr\u00e9<\/li>\n<\/ul>\n<\/li>\n<li class=\"product-features__item\" role=\"listitem\">\n<h3 class=\"product-features__label\">Construction<\/h3>\n<ul role=\"list\">\n<li class=\"product-features__item-list__item\" role=\"listitem\"><span class=\"is--medium\">Produit :<\/span> casque sans fil<\/li>\n<li class=\"product-features__item-list__item\" role=\"listitem\"><span class=\"is--medium\">Forme du casque :<\/span> circum-aural : le casque enveloppe compl\u00e8tement les oreilles. Ce type de casque offre un bon confort sur la dur\u00e9e<\/li>\n<li class=\"product-features__item-list__item\" role=\"listitem\"><span class=\"is--medium\">Connexion :<\/span> sans fil<\/li>\n<li class=\"product-features__item-list__item\" role=\"listitem\"><span class=\"is--medium\">Utilisation :<\/span> Gamer<\/li>\n<li class=\"product-features__item-list__item\" role=\"listitem\"><span class=\"is--medium\">Autonomie :<\/span> jusqu&rsquo;\u00e0 30 heures<\/li>\n<li class=\"product-features__item-list__item\" role=\"listitem\"><span class=\"is--medium\">R\u00e9tro\u00e9clairage :<\/span> non concern\u00e9<\/li>\n<\/ul>\n<\/li>\n<li class=\"product-features__item\" role=\"listitem\">\n<h3 class=\"product-features__label\">Caract\u00e9ristiques sonores<\/h3>\n<ul role=\"list\">\n<li class=\"product-features__item-list__item\" role=\"listitem\"><span class=\"is--medium\">R\u00e9ponse en fr\u00e9quence :<\/span> 15 Hz &#8211; 20 KHz<\/li>\n<li class=\"product-features__item-list__item\" role=\"listitem\"><span class=\"is--medium\">Le saviez-vous ? :<\/span> repr\u00e9sente la plage de fr\u00e9quence couverte par le casque, du grave \u00e0 l&rsquo;aigu. La plage de fr\u00e9quence de fonctionnement de l&rsquo;oreille humaine est de 20 Hz (son le plus grave) \u00e0 20 kHz (son le plus aigu)<\/li>\n<li class=\"product-features__item-list__item\" role=\"listitem\"><span class=\"is--medium\">Imp\u00e9dance :<\/span> 60 Ohms<\/li>\n<li class=\"product-features__item-list__item\" role=\"listitem\"><span class=\"is--medium\">Type de son :<\/span> virtual surround 7.1<\/li>\n<li class=\"product-features__item-list__item\" role=\"listitem\"><span class=\"is--medium\">Volume r\u00e9glable :<\/span> oui<\/li>\n<\/ul>\n<\/li>\n<li class=\"product-features__item\" role=\"listitem\">\n<h3 class=\"product-features__label\">Micro<\/h3>\n<ul role=\"list\">\n<li class=\"product-features__item-list__item\" role=\"listitem\"><span class=\"is--medium\">Type de micro :<\/span> int\u00e9gr\u00e9 au casque<\/li>\n<li class=\"product-features__item-list__item\" role=\"listitem\"><span class=\"is--medium\">Technologie :<\/span> bidirectionnel : enregistre les sons qui proviennent de l&rsquo;avant et de l&rsquo;arri\u00e8re du micro. Il ne capte pas les sons situ\u00e9s sur les c\u00f4t\u00e9s. Il est id\u00e9al pour enregistrer des conversations \u00e0 deux<\/li>\n<\/ul>\n<\/li>\n<li class=\"product-features__item\" role=\"listitem\">\n<h3 class=\"product-features__label\">Connectivit\u00e9<\/h3>\n<ul role=\"list\">\n<li class=\"product-features__item-list__item\" role=\"listitem\"><span class=\"is--medium\">D\u00e9tails :<\/span> USB-C<\/li>\n<\/ul>\n<\/li>\n<li class=\"product-features__item\" role=\"listitem\">\n<h3 class=\"product-features__label\">Compatibilit\u00e9<\/h3>\n<ul role=\"list\">\n<li class=\"product-features__item-list__item\" role=\"listitem\"><span class=\"is--medium\">D\u00e9tails :<\/span> Xbox, PS4, PS5, PC, Console<\/li>\n<li class=\"product-features__item-list__item\" role=\"listitem\"><span class=\"is--medium\">Xbox :<\/span> Oui<\/li>\n<\/ul>\n<\/li>\n<li class=\"product-features__item\" role=\"listitem\">\n<h3 class=\"product-features__label\">Contenu de la bo\u00eete<\/h3>\n<ul role=\"list\">\n<li class=\"product-features__item-list__item\" role=\"listitem\"><span class=\"is--medium\">Livr\u00e9 avec :<\/span> Notice, C\u00e2ble USB, Adaptateur USB sans fil<\/li>\n<\/ul>\n<\/li>\n<li class=\"product-features__item\" role=\"listitem\">\n<h3 class=\"product-features__label\">Dimensions<\/h3>\n<ul role=\"list\">\n<li class=\"product-features__item-list__item\" role=\"listitem\"><span class=\"is--medium\">Dimensions l x h x p :<\/span> 21.4 x 11.8 x 23.4 cm<\/li>\n<li class=\"product-features__item-list__item\" role=\"listitem\"><span class=\"is--medium\">Poids Net (kg) :<\/span> 300 g<\/li>\n<\/ul>\n<\/li>\n<li class=\"product-features__item\" role=\"listitem\">\n<h3 class=\"product-features__label\">Collection<\/h3>\n<ul role=\"list\">\n<li class=\"product-features__item-list__item\" role=\"listitem\"><span class=\"is--medium\">Connexion :<\/span> sans fil<\/li>\n<li class=\"product-features__item-list__item\" role=\"listitem\"><span class=\"is--medium\">Mod\u00e8le collection :<\/span> sans fil<\/li>\n<\/ul>\n<\/li>\n<li class=\"product-features__item\" role=\"listitem\">\n<h3 class=\"product-features__label\">Informations compl\u00e9mentaires<\/h3>\n<ul role=\"list\">\n<li class=\"product-features__item-list__item\" role=\"listitem\"><span class=\"is--medium\">Fabriqu\u00e9 en :<\/span> Chine<\/li>\n<li class=\"product-features__item-list__item\" role=\"listitem\"><span class=\"is--medium\">Disponibilit\u00e9 des pi\u00e8ces d\u00e9tach\u00e9es (donn\u00e9es fournisseur) :<\/span> Non concern\u00e9<\/li>\n<\/ul>\n<\/li>\n<\/ul>\n<\/div>\n<div class=\"product__disclosure-content\">\n<div class=\"js-read-more product-description__content read-more read-more--truncated\" style=\"max-height: 500px;overflow: hidden\" data-read-more-name=\"description\">\n<p>Jouez avec un maximum de confort avec le casque gaming HyperX Cloud II Wireless. Avec ses haut-parleurs de 53 mm, il offre une qualit\u00e9 audio immersive avec un son surround 7.1 virtuel. Sa structure flexible en aluminium assurera une grande r\u00e9sistance et s&rsquo;adaptera \u00e0 la taille de toutes les t\u00eates pour un port confortable.<\/p>\n<h3><img fetchpriority=\"high\" decoding=\"async\" class=\"wy_tableau_gauche\" src=\"https:\/\/boulanger.scene7.com\/is\/image\/Boulanger\/0196188047842_h_f_l_0?wid=400&amp;hei=270\" alt=\"Casque micro HYPERX CLOUD II Wireless\" width=\"400\" height=\"270\" \/>Une qualit\u00e9 audio optimale<\/h3>\n<p>Que ce soit pour le jeu ou pour la musique, les <b>haut-parleurs de 53 mm<\/b> ont \u00e9t\u00e9 sp\u00e9cialement calibr\u00e9 pour reproduire avec pr\u00e9cision le moindre d\u00e9tail sonore. Il vous sera plus facile de suivre tout indice sonore pouvant vous mener \u00e0 la victoire. La <b>technologie de connexion sans fil 2,4 GHz<\/b> s&rsquo;assurera une qualit\u00e9 sonore exceptionnelle avec un minimum de latence et une <b>port\u00e9e maximale de 20 m<\/b>.<\/p>\n<p>Pour une plus grande immersion, le casque HyperX Cloud II Wireless dispose d&rsquo;un <b>son surround 7.1 virtuel<\/b>. D\u00e9brayable, l&rsquo;effet 7.1 permet d&rsquo;\u00e9largir la perception spatiale. Gr\u00e2ce au <b>dongle USB<\/b>, ce casque est compatible avec de nombreuses consoles et ordinateurs comme la PS4, le PC ou la Switch.<\/p>\n<h3><img decoding=\"async\" class=\"wy_tableau_right\" src=\"https:\/\/boulanger.scene7.com\/is\/image\/Boulanger\/0196188047842_h_f_l_1?wid=400&amp;hei=270\" alt=\"Casque micro HYPERX CLOUD II Wireless\" width=\"400\" height=\"270\" \/>Le confort et l&rsquo;autonomie avant tout<\/h3>\n<p>Soyez parfaitement audible par vos co\u00e9quipiers lors de parties en ligne gr\u00e2ce au <b>microphone amovible \u00e0 r\u00e9duction de bruit<\/b>. Il permettra une excellente clart\u00e9 des communications. Sa batterie rechargeable offre une <b>autonomie pouvant atteindre les 30 heures<\/b> d&rsquo;\u00e9coute ou de jeu.<\/p>\n<p>B\u00e9n\u00e9ficiant du <b>confort HyperX Signature<\/b>, le casque HyperX Cloud II Wireless b\u00e9n\u00e9ficie de <b>mousse \u00e0 m\u00e9moire de forme<\/b> et de <b>cuir de haute qualit\u00e9<\/b> pour ses \u00e9couteurs. Le constructeur a \u00e9galement optimis\u00e9 la r\u00e9partition du poids et la force de serrage pour vous permettre de jouer confortablement des heures durant.<\/p>\n<\/div>\n<p>&nbsp;<\/p>\n<\/div>","protected":false},"excerpt":{"rendered":"<div class=\"keypoints\">\n<h3 class=\"keypoints__title\">Les points cl\u00e9s<\/h3>\n<ul role=\"list\">\n<li class=\"keypoints__item\" role=\"listitem\">Autonomie : jusqu&rsquo;\u00e0 30 heures<\/li>\n<li class=\"keypoints__item\" role=\"listitem\">Poids : 300 grammes &#8211; R\u00e9ducteur de bruit<\/li>\n<li class=\"keypoints__item\" role=\"listitem\">Compatible : PS4, PS5, PC<\/li>\n<li class=\"keypoints__item keypoints__item--advantage\" role=\"listitem\"><strong>Le + :<\/strong> Microphone amovible avec indicateur LED de d\u00e9sactivation<\/li>\n<\/ul>\n<\/div>","protected":false},"featured_media":92903,"template":"","meta":{"_glsr_average":0,"_glsr_ranking":0,"_glsr_reviews":0},"product_cat":[526],"product_tag":[528,529,527],"class_list":{"0":"post-92904","1":"product","2":"type-product","3":"status-publish","4":"has-post-thumbnail","6":"product_cat-casque-ps4","7":"product_tag-casque-pour-console","8":"product_tag-casque-ps4","9":"product_tag-console-gaming","11":"first","12":"instock","13":"shipping-taxable","14":"purchasable","15":"product-type-simple"},"_links":{"self":[{"href":"https:\/\/electromenagerexpress.com\/en\/wp-json\/wp\/v2\/product\/92904","targetHints":{"allow":["GET"]}}],"collection":[{"href":"https:\/\/electromenagerexpress.com\/en\/wp-json\/wp\/v2\/product"}],"about":[{"href":"https:\/\/electromenagerexpress.com\/en\/wp-json\/wp\/v2\/types\/product"}],"wp:featuredmedia":[{"embeddable":true,"href":"https:\/\/electromenagerexpress.com\/en\/wp-json\/wp\/v2\/media\/92903"}],"wp:attachment":[{"href":"https:\/\/electromenagerexpress.com\/en\/wp-json\/wp\/v2\/media?parent=92904"}],"wp:term":[{"taxonomy":"product_cat","embeddable":true,"href":"https:\/\/electromenagerexpress.com\/en\/wp-json\/wp\/v2\/product_cat?post=92904"},{"taxonomy":"product_tag","embeddable":true,"href":"https:\/\/electromenagerexpress.com\/en\/wp-json\/wp\/v2\/product_tag?post=92904"}],"curies":[{"name":"wp","href":"https:\/\/api.w.org\/{rel}","templated":true}]}}