{"id":92884,"date":"2024-11-24T18:28:19","date_gmt":"2024-11-24T18:28:19","guid":{"rendered":"https:\/\/electromenagerexpress.com\/product\/casque-gamerhyperxcloud-mix\/"},"modified":"2024-12-29T09:28:51","modified_gmt":"2024-12-29T09:28:51","slug":"casque-gamerhyperxcloud-mix","status":"publish","type":"product","link":"https:\/\/electromenagerexpress.com\/en\/product\/casque-gamerhyperxcloud-mix\/","title":{"rendered":"Casque gamer\t HYPERX\tCloud Mix"},"content":{"rendered":"<div class=\"product-features__content\">\n<ul role=\"list\">\n<li class=\"product-features__item\" role=\"listitem\">\n<h3 class=\"product-features__label\">Les + de ce mod\u00e8le<\/h3>\n<ul role=\"list\">\n<li class=\"product-features__item-list__item\" role=\"listitem\"><span class=\"is--medium\">Avantages :<\/span> Certifi\u00e9 Hi-Res AudioTransducteurs \u00e0 double chambre HyperXTechnologie sans fil Bluetooth\u00aeCompatibilit\u00e9 filaire avec les dispositifs dot\u00e9s d&rsquo;un connecteur de 3,5mR\u00e9f\u00e9rence produit : HX-HSCAM-GM<\/li>\n<\/ul>\n<\/li>\n<li class=\"product-features__item\" role=\"listitem\">\n<h3 class=\"product-features__label\">Construction<\/h3>\n<ul role=\"list\">\n<li class=\"product-features__item-list__item\" role=\"listitem\"><span class=\"is--medium\">Produit :<\/span> casque<\/li>\n<li class=\"product-features__item-list__item\" role=\"listitem\"><span class=\"is--medium\">Forme du casque :<\/span> circum-aural : le casque enveloppe compl\u00e8tement les oreilles. Ce type de casque offre un bon confort sur la dur\u00e9e<\/li>\n<li class=\"product-features__item-list__item\" role=\"listitem\"><span class=\"is--medium\">Connexion :<\/span> sans fil<\/li>\n<li class=\"product-features__item-list__item\" role=\"listitem\"><span class=\"is--medium\">Utilisation :<\/span> Gamer<\/li>\n<li class=\"product-features__item-list__item\" role=\"listitem\"><span class=\"is--medium\">Autonomie :<\/span> jusqu&rsquo;\u00e0 20 heures<\/li>\n<li class=\"product-features__item-list__item\" role=\"listitem\"><span class=\"is--medium\">R\u00e9tro\u00e9clairage :<\/span> non concern\u00e9<\/li>\n<\/ul>\n<\/li>\n<li class=\"product-features__item\" role=\"listitem\">\n<h3 class=\"product-features__label\">Caract\u00e9ristiques sonores<\/h3>\n<ul role=\"list\">\n<li class=\"product-features__item-list__item\" role=\"listitem\"><span class=\"is--medium\">Imp\u00e9dance :<\/span> 40 Ohms<\/li>\n<li class=\"product-features__item-list__item\" role=\"listitem\"><span class=\"is--medium\">Sensibilit\u00e9 :<\/span> 42<\/li>\n<li class=\"product-features__item-list__item\" role=\"listitem\"><span class=\"is--medium\">Plus d&rsquo;information sur la sensibilit\u00e9 :<\/span> d\u00e9termine la capacit\u00e9 d&rsquo;un casque \u00e0 fournir une puissance donn\u00e9e. Plus elle est grande, plus la qualit\u00e9 audio est grande<\/li>\n<li class=\"product-features__item-list__item\" role=\"listitem\"><span class=\"is--medium\">Type de son :<\/span> st\u00e9r\u00e9o 2.0<\/li>\n<li class=\"product-features__item-list__item\" role=\"listitem\"><span class=\"is--medium\">Volume r\u00e9glable :<\/span> oui<\/li>\n<li class=\"product-features__item-list__item\" role=\"listitem\"><span class=\"is--medium\">Bouton coupure du son :<\/span> oui<\/li>\n<\/ul>\n<\/li>\n<li class=\"product-features__item\" role=\"listitem\">\n<h3 class=\"product-features__label\">Micro<\/h3>\n<ul role=\"list\">\n<li class=\"product-features__item-list__item\" role=\"listitem\"><span class=\"is--medium\">Type de micro :<\/span> d\u00e9tachable<\/li>\n<li class=\"product-features__item-list__item\" role=\"listitem\"><span class=\"is--medium\">Technologie :<\/span> omnidirectionnel : enregistre les sons qui proviennent de toutes les directions autour du micro. Il est id\u00e9al pour capturer des sons d&rsquo;ambiance ou enregistrer des conversations \u00e0 plusieurs<\/li>\n<li class=\"product-features__item-list__item\" role=\"listitem\"><span class=\"is--medium\">Micro avec r\u00e9ducteur de bruit :<\/span> Oui<\/li>\n<\/ul>\n<\/li>\n<li class=\"product-features__item\" role=\"listitem\">\n<h3 class=\"product-features__label\">Connectivit\u00e9<\/h3>\n<ul role=\"list\">\n<li class=\"product-features__item-list__item\" role=\"listitem\"><span class=\"is--medium\">D\u00e9tails :<\/span> USB, Jack 3,5 mm, Bluetooth<\/li>\n<\/ul>\n<\/li>\n<li class=\"product-features__item\" role=\"listitem\">\n<h3 class=\"product-features__label\">Compatibilit\u00e9<\/h3>\n<ul role=\"list\">\n<li class=\"product-features__item-list__item\" role=\"listitem\"><span class=\"is--medium\">D\u00e9tails :<\/span> Xbox One, Xbox One X, Xbox Serie X, Xbox Serie S, PS4, PS5, PC, Console<\/li>\n<\/ul>\n<\/li>\n<li class=\"product-features__item\" role=\"listitem\">\n<h3 class=\"product-features__label\">Contenu de la bo\u00eete<\/h3>\n<ul role=\"list\">\n<li class=\"product-features__item-list__item\" role=\"listitem\"><span class=\"is--medium\">Livr\u00e9 avec :<\/span> Notice<\/li>\n<\/ul>\n<\/li>\n<li class=\"product-features__item\" role=\"listitem\">\n<h3 class=\"product-features__label\">Dimensions<\/h3>\n<ul role=\"list\">\n<li class=\"product-features__item-list__item\" role=\"listitem\"><span class=\"is--medium\">Dimensions l x h x p :<\/span> 21 x 23.4 x 11.8 cm<\/li>\n<li class=\"product-features__item-list__item\" role=\"listitem\"><span class=\"is--medium\">Poids Net (kg) :<\/span> 275 g<\/li>\n<\/ul>\n<\/li>\n<li class=\"product-features__item\" role=\"listitem\">\n<h3 class=\"product-features__label\">Collection<\/h3>\n<ul role=\"list\">\n<li class=\"product-features__item-list__item\" role=\"listitem\"><span class=\"is--medium\">Connexion :<\/span> sans fil<\/li>\n<li class=\"product-features__item-list__item\" role=\"listitem\"><span class=\"is--medium\">Mod\u00e8le collection :<\/span> sans fil<\/li>\n<\/ul>\n<\/li>\n<li class=\"product-features__item\" role=\"listitem\">\n<h3 class=\"product-features__label\">Informations compl\u00e9mentaires<\/h3>\n<ul role=\"list\">\n<li class=\"product-features__item-list__item\" role=\"listitem\"><span class=\"is--medium\">Fabriqu\u00e9 en :<\/span> Chine<\/li>\n<li class=\"product-features__item-list__item\" role=\"listitem\"><span class=\"is--medium\">Disponibilit\u00e9 des pi\u00e8ces d\u00e9tach\u00e9es (donn\u00e9es fournisseur) :<\/span> Non concern\u00e9<\/li>\n<\/ul>\n<\/li>\n<\/ul>\n<\/div>\n<div class=\"product__disclosure-content\">\n<div class=\"js-read-more product-description__content read-more read-more--truncated\" style=\"max-height: 500px;overflow: hidden\" data-read-more-name=\"description\">\n<p>Avec le casque audio gaming HYPERX Cloud Mix, vous aurez droit au meilleur de deux mondes. Filaire, ce casque est compatible avec toutes les plateformes dot\u00e9es d&rsquo;un port audio 3,5 mm avec une compatibilit\u00e9 avec le son Hi-Res Audio. En mode sans fil, vous pourrez profiter de toute sonore en provenant d&rsquo;appareils Bluetooth.<\/p>\n<h3><img fetchpriority=\"high\" decoding=\"async\" class=\"wy_tableau_gauche\" src=\"https:\/\/boulanger.scene7.com\/is\/image\/Boulanger\/0196188047972_h_f_l_0?wid=400&amp;hei=270\" alt=\"Casque micro HYPERX Cloud Mix\" width=\"400\" height=\"270\" \/>La qualit\u00e9 sonore du filaire<\/h3>\n<p>Le casque audio gaming HYPERX Cloud Mix offre une grande polyvalence. Gr\u00e2ce \u00e0 son <b>port audio 3,5 mm<\/b>, vous pourrez profiter de toutes les sources sonores compatibles comme les diff\u00e9rents Xbox, PlayStation, Switch ou encore le PC avec un son d&rsquo;une grande richesse. <b>Compatible Hi-Res Audio<\/b> \u00e0 des fr\u00e9quences comprises entre 10 Hz et 40 kHz, vous appr\u00e9cierez toutes les nuances dans les jeux comme dans vos musiques pr\u00e9f\u00e9r\u00e9es.<\/p>\n<p>Les <b>transducteurs de 40 mm \u00e0 double chambre<\/b> ont \u00e9t\u00e9 sp\u00e9cialement d\u00e9velopp\u00e9 pour r\u00e9duire la distorsion en s\u00e9parant les basses, les mediums et les aigus. Pour un port confortable pendant vos longues sessions de jeu ou d&rsquo;\u00e9coute musicale, l&rsquo;HYPERX Cloud Mix b\u00e9n\u00e9ficie d&rsquo;\u00e9couteurs avec des <b>coussinets avec mousse \u00e0 m\u00e9moire de forme<\/b>.<\/p>\n<h3><img decoding=\"async\" class=\"wy_tableau_right\" src=\"https:\/\/boulanger.scene7.com\/is\/image\/Boulanger\/0196188047972_h_f_l_1?wid=400&amp;hei=270\" alt=\"Casque micro HYPERX Cloud Mix\" width=\"400\" height=\"270\" \/>La libert\u00e9 du Bluetooth<\/h3>\n<p>L&rsquo;HYPERX Cloud Mix pr\u00e9sente \u00e9galement la capacit\u00e9 de <b>fonctionner en mode Bluetooth<\/b>. Vous pourrez alors le jumeler avec n&rsquo;importe quel appareil compatible et profiter de la libert\u00e9 du sans fil pour \u00e9couter vos musiques. Les <b>commandes embarqu\u00e9es<\/b> faciliteront le contr\u00f4le de votre \u00e9coute.<\/p>\n<p>Le microphone de l&rsquo;HYPERX Cloud Mix est install\u00e9 sur une <b>micro-tige souple et amovible<\/b>. Vous pouvez donc le retirer pour vous servir comme casque audio uniquement. La batterie int\u00e9gr\u00e9e permet une <b>autonomie pouvant atteindre les 20 heures d&rsquo;\u00e9coute<\/b> lorsque vous l&rsquo;utilisez en mode Bluetooth.<\/p>\n<\/div>\n<p>&nbsp;<\/p>\n<\/div>","protected":false},"excerpt":{"rendered":"<div class=\"keypoints\">\n<h3 class=\"keypoints__title\">Les points cl\u00e9s<\/h3>\n<ul role=\"list\">\n<li class=\"keypoints__item\" role=\"listitem\">Connectivit\u00e9 : Bluetooth<\/li>\n<li class=\"keypoints__item\" role=\"listitem\">Autonomie : jusqu&rsquo;\u00e0 20 heures<\/li>\n<li class=\"keypoints__item\" role=\"listitem\">Poids : 275 grammes &#8211; R\u00e9ducteur de bruit<\/li>\n<li class=\"keypoints__item\" role=\"listitem\">Compatible : PS4, PS5, PC, Xbox One, Xbox Series<\/li>\n<\/ul>\n<\/div>","protected":false},"featured_media":92883,"template":"","meta":{"_glsr_average":0,"_glsr_ranking":0,"_glsr_reviews":0},"product_cat":[526],"product_tag":[528,529,527],"class_list":{"0":"post-92884","1":"product","2":"type-product","3":"status-publish","4":"has-post-thumbnail","6":"product_cat-casque-ps4","7":"product_tag-casque-pour-console","8":"product_tag-casque-ps4","9":"product_tag-console-gaming","11":"first","12":"instock","13":"shipping-taxable","14":"purchasable","15":"product-type-simple"},"_links":{"self":[{"href":"https:\/\/electromenagerexpress.com\/en\/wp-json\/wp\/v2\/product\/92884","targetHints":{"allow":["GET"]}}],"collection":[{"href":"https:\/\/electromenagerexpress.com\/en\/wp-json\/wp\/v2\/product"}],"about":[{"href":"https:\/\/electromenagerexpress.com\/en\/wp-json\/wp\/v2\/types\/product"}],"wp:featuredmedia":[{"embeddable":true,"href":"https:\/\/electromenagerexpress.com\/en\/wp-json\/wp\/v2\/media\/92883"}],"wp:attachment":[{"href":"https:\/\/electromenagerexpress.com\/en\/wp-json\/wp\/v2\/media?parent=92884"}],"wp:term":[{"taxonomy":"product_cat","embeddable":true,"href":"https:\/\/electromenagerexpress.com\/en\/wp-json\/wp\/v2\/product_cat?post=92884"},{"taxonomy":"product_tag","embeddable":true,"href":"https:\/\/electromenagerexpress.com\/en\/wp-json\/wp\/v2\/product_tag?post=92884"}],"curies":[{"name":"wp","href":"https:\/\/api.w.org\/{rel}","templated":true}]}}