{"id":92876,"date":"2024-11-24T18:28:11","date_gmt":"2024-11-24T18:28:11","guid":{"rendered":"https:\/\/electromenagerexpress.com\/product\/casque-gamermicrosoftsans-fil-xbox-series-one\/"},"modified":"2024-12-29T09:32:13","modified_gmt":"2024-12-29T09:32:13","slug":"casque-gamermicrosoftsans-fil-xbox-series-one","status":"publish","type":"product","link":"https:\/\/electromenagerexpress.com\/en\/product\/casque-gamermicrosoftsans-fil-xbox-series-one\/","title":{"rendered":"Casque gamer\tMICROSOFT Sans fil XBox Series\/One"},"content":{"rendered":"<div class=\"product-features__content\">\n<ul role=\"list\">\n<li class=\"product-features__item\" role=\"listitem\">\n<h3 class=\"product-features__label\">Construction<\/h3>\n<ul role=\"list\">\n<li class=\"product-features__item-list__item\" role=\"listitem\"><span class=\"is--medium\">Produit :<\/span> casque sans fil<\/li>\n<li class=\"product-features__item-list__item\" role=\"listitem\"><span class=\"is--medium\">Connexion :<\/span> filaire<\/li>\n<li class=\"product-features__item-list__item\" role=\"listitem\"><span class=\"is--medium\">Utilisation :<\/span> Gamer<\/li>\n<li class=\"product-features__item-list__item\" role=\"listitem\"><span class=\"is--medium\">R\u00e9tro\u00e9clairage :<\/span> oui<\/li>\n<\/ul>\n<\/li>\n<li class=\"product-features__item\" role=\"listitem\">\n<h3 class=\"product-features__label\">Caract\u00e9ristiques sonores<\/h3>\n<ul role=\"list\">\n<li class=\"product-features__item-list__item\" role=\"listitem\"><span class=\"is--medium\">Plus d&rsquo;information sur la sensibilit\u00e9 :<\/span> d\u00e9termine la capacit\u00e9 d&rsquo;un casque \u00e0 fournir une puissance donn\u00e9e. Plus elle est grande, plus la qualit\u00e9 audio est grande<\/li>\n<li class=\"product-features__item-list__item\" role=\"listitem\"><span class=\"is--medium\">Type de son :<\/span> surround 7.1<\/li>\n<li class=\"product-features__item-list__item\" role=\"listitem\"><span class=\"is--medium\">Volume r\u00e9glable :<\/span> oui<\/li>\n<\/ul>\n<\/li>\n<li class=\"product-features__item\" role=\"listitem\">\n<h3 class=\"product-features__label\">Micro<\/h3>\n<ul role=\"list\">\n<li class=\"product-features__item-list__item\" role=\"listitem\"><span class=\"is--medium\">Type de micro :<\/span> int\u00e9gr\u00e9<\/li>\n<li class=\"product-features__item-list__item\" role=\"listitem\"><span class=\"is--medium\">Technologie :<\/span> bidirectionnel : enregistre les sons qui proviennent de l&rsquo;avant et de l&rsquo;arri\u00e8re du micro. Il ne capte pas les sons situ\u00e9s sur les c\u00f4t\u00e9s. Il est id\u00e9al pour enregistrer des conversations \u00e0 deux<\/li>\n<li class=\"product-features__item-list__item\" role=\"listitem\"><span class=\"is--medium\">Bouton muet :<\/span> Non<\/li>\n<\/ul>\n<\/li>\n<li class=\"product-features__item\" role=\"listitem\">\n<h3 class=\"product-features__label\">Compatibilit\u00e9<\/h3>\n<ul role=\"list\">\n<li class=\"product-features__item-list__item\" role=\"listitem\"><span class=\"is--medium\">D\u00e9tails :<\/span> PS4, PS5, PC, Console<\/li>\n<\/ul>\n<\/li>\n<li class=\"product-features__item\" role=\"listitem\">\n<h3 class=\"product-features__label\">Contenu de la bo\u00eete<\/h3>\n<ul role=\"list\">\n<li class=\"product-features__item-list__item\" role=\"listitem\"><span class=\"is--medium\">Livr\u00e9 avec :<\/span> Notice<\/li>\n<\/ul>\n<\/li>\n<li class=\"product-features__item\" role=\"listitem\">\n<h3 class=\"product-features__label\">Dimensions<\/h3>\n<ul role=\"list\">\n<li class=\"product-features__item-list__item\" role=\"listitem\"><span class=\"is--medium\">Dimensions l x h x p :<\/span> 16.8 x 5.7 x 14.4 cm<\/li>\n<li class=\"product-features__item-list__item\" role=\"listitem\"><span class=\"is--medium\">Poids Net (kg) :<\/span> 121 g<\/li>\n<\/ul>\n<\/li>\n<li class=\"product-features__item\" role=\"listitem\">\n<h3 class=\"product-features__label\">Collection<\/h3>\n<ul role=\"list\">\n<li class=\"product-features__item-list__item\" role=\"listitem\"><span class=\"is--medium\">Connexion :<\/span> filaire<\/li>\n<li class=\"product-features__item-list__item\" role=\"listitem\"><span class=\"is--medium\">Mod\u00e8le collection :<\/span> filaire<\/li>\n<\/ul>\n<\/li>\n<li class=\"product-features__item\" role=\"listitem\">\n<h3 class=\"product-features__label\">Informations compl\u00e9mentaires<\/h3>\n<ul role=\"list\">\n<li class=\"product-features__item-list__item\" role=\"listitem\"><span class=\"is--medium\">Fabriqu\u00e9 en :<\/span> Chine<\/li>\n<li class=\"product-features__item-list__item\" role=\"listitem\"><span class=\"is--medium\">Disponibilit\u00e9 des pi\u00e8ces d\u00e9tach\u00e9es (donn\u00e9es fournisseur) :<\/span> Non concern\u00e9<\/li>\n<\/ul>\n<\/li>\n<\/ul>\n<\/div>\n<div class=\"product__disclosure-content\">\n<div class=\"js-read-more product-description__content read-more read-more--truncated\" style=\"max-height: 500px;overflow: hidden\" data-read-more-name=\"description\">\n<p>Soyez toujours \u00e0 l&rsquo;aff\u00fbt du moindre bruit qui pourrait affecter votre partie avec le casque st\u00e9r\u00e9o Xbox sans fil. Gr\u00e2ce \u00e0 sa connexion \u00e0 faible latence, vous percevrez le moindre d\u00e9tail sonore provenant de n&rsquo;importe quelle direction gr\u00e2ce \u00e0 sa compatibilit\u00e9 avec des technologies audio spatiales. Communiquez avec clart\u00e9 avec vos co\u00e9quipiers gr\u00e2ce \u00e0 son microphone int\u00e9gr\u00e9.<\/p>\n<h3><img fetchpriority=\"high\" decoding=\"async\" class=\"wy_tableau_gauche\" src=\"https:\/\/boulanger.scene7.com\/is\/image\/Boulanger\/0889842615326_h_f_l_0?wid=400&amp;hei=270\" alt=\"Casque MICROSOFT Sans fil XBox Series\/On\" width=\"400\" height=\"270\" \/>Un son immersif haut de gamme<\/h3>\n<p>Pour une immersion sonore parfaite, Microsoft propose son casque st\u00e9r\u00e9o Xbox sans fil. De <b>conception l\u00e9g\u00e8re et flexible<\/b>, ce casque audio gaming s&rsquo;ajuste ais\u00e9ment pour un port agr\u00e9able m\u00eame pendant de longues sessions de jeu gr\u00e2ce \u00e0 des <b>coussinets ultra-confortables<\/b>.<\/p>\n<p>Compatible avec de nombreuses technologies de son spatial comme <b>Windows Sonic, Dolby Atmos ou DTS Headphone:X<\/b>, vous serez litt\u00e9ralement entour\u00e9 d&rsquo;un environnement sonore 3D pour mieux d\u00e9celer les dangers. Vous aurez un contr\u00f4le imm\u00e9diat sur le volume et le mixage entre le jeu et la communication gr\u00e2ce \u00e0 des <b>\u00e9couteurs rotatifs<\/b>.<\/p>\n<h3><img decoding=\"async\" class=\"wy_tableau_right\" src=\"https:\/\/boulanger.scene7.com\/is\/image\/Boulanger\/0889842615326_h_f_l_1?wid=400&amp;hei=270\" alt=\"Casque MICROSOFT Sans fil XBox Series\/On\" width=\"400\" height=\"270\" \/>Des conversations toujours claires<\/h3>\n<p>Le casque st\u00e9r\u00e9o Xbox sans fil int\u00e8gre un <b>microphone r\u00e9tractable<\/b> lorsque vous ne vous en servez pas. La <b>fonction de coupure automatique du micro<\/b> s&rsquo;active lorsque vous ne parlez pas pour garder les canaux de communication libres. Un syst\u00e8me permet d&rsquo;isoler votre voix pour r\u00e9duire les bruits de fond et vous rendre parfaitement audible par vos co\u00e9quipiers.<\/p>\n<p>Le casque st\u00e9r\u00e9o Xbox sans fil ne n\u00e9cessite pas de dongle. Il se jumelle directement avec votre console Xbox Series X\/S ou Xbox One\/X. Il est \u00e9galement compatible PC. Gr\u00e2ce \u00e0 sa <b>compatibilit\u00e9 Bluetooth<\/b>, vous pourrez vous en servir \u00e9galement pour \u00e9couter le son de tout appareil compatible avec cette norme comme votre ordinateur, votre smartphone ou votre tablette.<\/p>\n<\/div>\n<p>&nbsp;<\/p>\n<\/div>","protected":false},"excerpt":{"rendered":"<div class=\"keypoints\">\n<h3 class=\"keypoints__title\">Les points cl\u00e9s<\/h3>\n<ul role=\"list\">\n<li class=\"keypoints__item\" role=\"listitem\">Connectivit\u00e9 : Filaire<\/li>\n<li class=\"keypoints__item\" role=\"listitem\">Poids : 121 grammes<\/li>\n<li class=\"keypoints__item\" role=\"listitem\">Compatible : PS4, PS5, PC<\/li>\n<li class=\"keypoints__item keypoints__item--advantage\" role=\"listitem\"><strong>Le + :<\/strong> Pour une exp\u00e9rience Xbox encore plus immersive, d\u00e9couvrez le nouveau casque st\u00e9r\u00e9o sans fil officiel<\/li>\n<\/ul>\n<\/div>","protected":false},"featured_media":92875,"template":"","meta":{"_glsr_average":0,"_glsr_ranking":0,"_glsr_reviews":0},"product_cat":[526],"product_tag":[528,529,527],"class_list":{"0":"post-92876","1":"product","2":"type-product","3":"status-publish","4":"has-post-thumbnail","6":"product_cat-casque-ps4","7":"product_tag-casque-pour-console","8":"product_tag-casque-ps4","9":"product_tag-console-gaming","11":"first","12":"instock","13":"sale","14":"shipping-taxable","15":"purchasable","16":"product-type-simple"},"_links":{"self":[{"href":"https:\/\/electromenagerexpress.com\/en\/wp-json\/wp\/v2\/product\/92876","targetHints":{"allow":["GET"]}}],"collection":[{"href":"https:\/\/electromenagerexpress.com\/en\/wp-json\/wp\/v2\/product"}],"about":[{"href":"https:\/\/electromenagerexpress.com\/en\/wp-json\/wp\/v2\/types\/product"}],"wp:featuredmedia":[{"embeddable":true,"href":"https:\/\/electromenagerexpress.com\/en\/wp-json\/wp\/v2\/media\/92875"}],"wp:attachment":[{"href":"https:\/\/electromenagerexpress.com\/en\/wp-json\/wp\/v2\/media?parent=92876"}],"wp:term":[{"taxonomy":"product_cat","embeddable":true,"href":"https:\/\/electromenagerexpress.com\/en\/wp-json\/wp\/v2\/product_cat?post=92876"},{"taxonomy":"product_tag","embeddable":true,"href":"https:\/\/electromenagerexpress.com\/en\/wp-json\/wp\/v2\/product_tag?post=92876"}],"curies":[{"name":"wp","href":"https:\/\/api.w.org\/{rel}","templated":true}]}}