{"id":92840,"date":"2024-11-24T18:27:33","date_gmt":"2024-11-24T18:27:33","guid":{"rendered":"https:\/\/electromenagerexpress.com\/product\/casque-gamercorsairvirtuoso-carbon\/"},"modified":"2024-11-24T18:27:56","modified_gmt":"2024-11-24T18:27:56","slug":"casque-gamercorsairvirtuoso-carbon","status":"publish","type":"product","link":"https:\/\/electromenagerexpress.com\/en\/product\/casque-gamercorsairvirtuoso-carbon\/","title":{"rendered":"Casque gamer\t\t\t\t\t\t\tCORSAIR\t\t\t\tVIRTUOSO CARBON"},"content":{"rendered":"<div class=\"product-features__content\">\n<ul role=\"list\">\n<li class=\"product-features__item\" role=\"listitem\">\n<h3 class=\"product-features__label\">Construction<\/h3>\n<ul role=\"list\">\n<li class=\"product-features__item-list__item\" role=\"listitem\"><span class=\"is--medium\">Produit :<\/span> micro casque sans fil\t\t\t\t\t<\/li>\n<li class=\"product-features__item-list__item\" role=\"listitem\"><span class=\"is--medium\">Forme du casque :<\/span> circum-aural : le casque enveloppe compl\u00e8tement les oreilles. Ce type de casque offre un bon confort sur la dur\u00e9e\t\t\t\t\t<\/li>\n<li class=\"product-features__item-list__item\" role=\"listitem\"><span class=\"is--medium\">Connexion :<\/span> sans fil\t\t\t\t\t<\/li>\n<li class=\"product-features__item-list__item\" role=\"listitem\"><span class=\"is--medium\">Utilisation :<\/span> Gamer\t\t\t\t\t<\/li>\n<li class=\"product-features__item-list__item\" role=\"listitem\"><span class=\"is--medium\">Autonomie :<\/span> jusqu&rsquo;\u00e0 20 heures\t\t\t\t\t<\/li>\n<li class=\"product-features__item-list__item\" role=\"listitem\"><span class=\"is--medium\">R\u00e9tro\u00e9clairage :<\/span> oui\t\t\t\t\t<\/li>\n<\/ul>\n<\/li>\n<li class=\"product-features__item\" role=\"listitem\">\n<h3 class=\"product-features__label\">Caract\u00e9ristiques sonores<\/h3>\n<ul role=\"list\">\n<li class=\"product-features__item-list__item\" role=\"listitem\"><span class=\"is--medium\">R\u00e9ponse en fr\u00e9quence :<\/span> 20 Hz &#8211; 40 KHz\t\t\t\t\t<\/li>\n<li class=\"product-features__item-list__item\" role=\"listitem\"><span class=\"is--medium\">Le saviez-vous ? :<\/span> repr\u00e9sente la plage de fr\u00e9quence couverte par le casque, du grave \u00e0 l&rsquo;aigu. La plage de fr\u00e9quence de fonctionnement de l&rsquo;oreille humaine est de 20 Hz (son le plus grave) \u00e0 20 kHz (son le plus aigu)\t\t\t\t\t<\/li>\n<li class=\"product-features__item-list__item\" role=\"listitem\"><span class=\"is--medium\">Imp\u00e9dance :<\/span> 32 Ohms\t\t\t\t\t<\/li>\n<li class=\"product-features__item-list__item\" role=\"listitem\"><span class=\"is--medium\">Sensibilit\u00e9 :<\/span> 109\t\t\t\t\t<\/li>\n<li class=\"product-features__item-list__item\" role=\"listitem\"><span class=\"is--medium\">Plus d&rsquo;information sur la sensibilit\u00e9 :<\/span> d\u00e9termine la capacit\u00e9 d&rsquo;un casque \u00e0 fournir une puissance donn\u00e9e. Plus elle est grande, plus la qualit\u00e9 audio est grande\t\t\t\t\t<\/li>\n<li class=\"product-features__item-list__item\" role=\"listitem\"><span class=\"is--medium\">Type de son :<\/span> virtual surround 7.1\t\t\t\t\t<\/li>\n<li class=\"product-features__item-list__item\" role=\"listitem\"><span class=\"is--medium\">Volume r\u00e9glable :<\/span> oui\t\t\t\t\t<\/li>\n<\/ul>\n<\/li>\n<li class=\"product-features__item\" role=\"listitem\">\n<h3 class=\"product-features__label\">Micro<\/h3>\n<ul role=\"list\">\n<li class=\"product-features__item-list__item\" role=\"listitem\"><span class=\"is--medium\">Type de micro :<\/span> directionnel\t\t\t\t\t<\/li>\n<\/ul>\n<\/li>\n<li class=\"product-features__item\" role=\"listitem\">\n<h3 class=\"product-features__label\">Connectivit\u00e9<\/h3>\n<ul role=\"list\">\n<li class=\"product-features__item-list__item\" role=\"listitem\"><span class=\"is--medium\">D\u00e9tails :<\/span> USB, Jack 3,5 mm, Bluetooth\t\t\t\t\t<\/li>\n<\/ul>\n<\/li>\n<li class=\"product-features__item\" role=\"listitem\">\n<h3 class=\"product-features__label\">Compatibilit\u00e9<\/h3>\n<ul role=\"list\">\n<li class=\"product-features__item-list__item\" role=\"listitem\"><span class=\"is--medium\">D\u00e9tails :<\/span> PS4, Nintendo Switch, PC, Tablette\t\t\t\t\t<\/li>\n<\/ul>\n<\/li>\n<li class=\"product-features__item\" role=\"listitem\">\n<h3 class=\"product-features__label\">Contenu de la bo\u00eete<\/h3>\n<ul role=\"list\">\n<li class=\"product-features__item-list__item\" role=\"listitem\"><span class=\"is--medium\">Livr\u00e9 avec :<\/span> Notice, C\u00e2ble USB, C\u00e2ble Jack, Adaptateur USB sans fil\t\t\t\t\t<\/li>\n<\/ul>\n<\/li>\n<li class=\"product-features__item\" role=\"listitem\">\n<h3 class=\"product-features__label\">Dimensions<\/h3>\n<ul role=\"list\">\n<li class=\"product-features__item-list__item\" role=\"listitem\"><span class=\"is--medium\">Poids Net (kg) :<\/span> 370 g\t\t\t\t\t<\/li>\n<\/ul>\n<\/li>\n<li class=\"product-features__item\" role=\"listitem\">\n<h3 class=\"product-features__label\">Collection<\/h3>\n<ul role=\"list\">\n<li class=\"product-features__item-list__item\" role=\"listitem\"><span class=\"is--medium\">Connexion :<\/span> sans fil\t\t\t\t\t<\/li>\n<li class=\"product-features__item-list__item\" role=\"listitem\"><span class=\"is--medium\">Mod\u00e8le collection :<\/span> sans fil\t\t\t\t\t<\/li>\n<\/ul>\n<\/li>\n<li class=\"product-features__item\" role=\"listitem\">\n<h3 class=\"product-features__label\">Informations compl\u00e9mentaires<\/h3>\n<ul role=\"list\">\n<li class=\"product-features__item-list__item\" role=\"listitem\"><span class=\"is--medium\">Fabriqu\u00e9 en :<\/span> Chine\t\t\t\t\t<\/li>\n<li class=\"product-features__item-list__item\" role=\"listitem\"><span class=\"is--medium\">Disponibilit\u00e9 des pi\u00e8ces d\u00e9tach\u00e9es (donn\u00e9es fournisseur) :<\/span> Pas de pi\u00e8ce disponible\t\t\t\t\t<\/li>\n<\/ul>\n<\/li>\n<\/ul>\n<\/div>\n<div class=\"product__disclosure-content\">\n<div class=\"js-read-more product-description__content read-more read-more--truncated\" data-read-more-name=\"description\" style=\"max-height: 500px; overflow: hidden;\">\n<p>Le casque audio est devenu un accessoire crucial pour tout gamer qui se respecte. Corsair propose le VIRTUOSO RGB WIRELESS offrant une immersion totale avec un son surround 7.1 dans vos jeux pr\u00e9f\u00e9r\u00e9s et vous faire entendre par vos co\u00e9quipiers lors des parties en ligne.<\/p>\n<h3><img fetchpriority=\"high\" decoding=\"async\" ,=\"\" alt=\"Casque CORSAIR VIRTUOSO CARBON\" class=\"wy_tableau_gauche\" height=\"270\" src=\"https:\/\/boulanger.scene7.com\/is\/image\/Boulanger\/0843591019200_h_f_l_0?wid=400&amp;hei=270\" width=\"400\"\/>Un casque gamer sans fil haute fid\u00e9lit\u00e9<\/h3>\n<p>Avec le CORSAIR VIRTUOSO RGB WIRELESS, le constructeur Corsair propose un casque gamer performant. Gr\u00e2ce \u00e0 sa <b>paire de haut-parleurs \u00e0 haute densit\u00e9<\/b>, les joueurs pourront appr\u00e9cier un <b>son surround 7.1 avec une qualit\u00e9 audio irr\u00e9prochable et cela sans fil<\/b>. Pour une performance optimale, vous pourrez \u00e9galement vous en servir en <b>mode filaire USB pour un son 24 bits\/96kHz<\/b>.<\/p>\n<p>Outre une \u00e9coute de grande qualit\u00e9, le CORSAIR VIRTUOSO RGB WIRELESS int\u00e8gre \u00e9galement un <b>microphone omnidirectionnel amovible<\/b> \u00e0 bande passante \u00e9lev\u00e9e pour une clart\u00e9 vocale \u00e9poustouflante. Le son haute fid\u00e9lit\u00e9 est v\u00e9hicul\u00e9 gr\u00e2ce \u00e0 la <b>technologie sans fil ultrarapide Slipstream Corsair Wireless<\/b> d&rsquo;une port\u00e9e de 18 m\u00e8tres.<\/p>\n<h3><img decoding=\"async\" ,=\"\" alt=\"Casque CORSAIR VIRTUOSO CARBON\" class=\"wy_tableau_right\" height=\"270\" src=\"https:\/\/boulanger.scene7.com\/is\/image\/Boulanger\/0843591019200_h_f_l_1?wid=400&amp;hei=270\" width=\"400\"\/>Un casque configurable et confortable<\/h3>\n<p>Gr\u00e2ce au <b>logiciel Corsair iCue<\/b>, vous pourrez profiter d&rsquo;une gamme de profils audio pr\u00e9-enregistr\u00e9s ou \u00e0 des r\u00e9glages d&rsquo;\u00e9galisation personnalis\u00e9s ou encore r\u00e9gler <b>l&rsquo;\u00e9clairage RGB du casque<\/b>. Sa batterie haute capacit\u00e9 offre au VIRTUOSO RGB WIRELESS une autonomie jusqu&rsquo;\u00e0 20 heures d&rsquo;affil\u00e9e. Une fonction intelligente de veille bas\u00e9e sur un acc\u00e9l\u00e9rom\u00e8tre optimise l&rsquo;autonomie.<\/p>\n<p>Corsair a con\u00e7u le VIRTUOSO RGB WIRELESS pour un confort optimal. Pour cela, le constructeur a opt\u00e9 pour <b>des \u00e9couteurs en mousse \u00e0 m\u00e9moire de forme<\/b> haut de gamme s&rsquo;adaptant \u00e0 la forme de votre t\u00eate et <b>un arceau l\u00e9ger<\/b> pour un confort moelleux et durable pendant vos longues heures de jeu.<\/p>\n<\/p>\n<\/div>\n<p><bl-button a11yexpanded=\"false\" arialabel=\"Afficher toute la description\" class=\"read-more__btn\" full=\"false\" link=\"true\"><\/bl-button><\/div>","protected":false},"excerpt":{"rendered":"<div class=\"keypoints\">\n<h3 class=\"keypoints__title\">Les points cl\u00e9s<\/h3>\n<ul role=\"list\">\n<li class=\"keypoints__item\" role=\"listitem\">                                        Connectivit\u00e9 : Bluetooth                      <\/li>\n<li class=\"keypoints__item\" role=\"listitem\">                                        Autonomie : jusqu&rsquo;\u00e0 20 heures                      <\/li>\n<li class=\"keypoints__item\" role=\"listitem\">                                        Poids : 370 grammes                      <\/li>\n<li class=\"keypoints__item\" role=\"listitem\">                                        Compatible : PS4, PC, Switch                      <\/li>\n<li class=\"keypoints__item keypoints__item--advantage\" role=\"listitem\"><strong>Le + :<\/strong> Sa construction en aluminium usin\u00e9 l\u00e9ger garantit un confort maximal et une grande durabilit\u00e9. Qualit\u00e9 sonore irr\u00e9prochable      <\/li>\n<\/ul>","protected":false},"featured_media":92839,"template":"","meta":{"_glsr_average":0,"_glsr_ranking":0,"_glsr_reviews":0},"product_cat":[520],"product_tag":[523,521,522],"class_list":{"0":"post-92840","1":"product","2":"type-product","3":"status-publish","4":"has-post-thumbnail","6":"product_cat-casque-gamer","7":"product_tag-casque-gamer","8":"product_tag-informatique-tablette","9":"product_tag-peripherique-gamer","11":"first","12":"instock","13":"sale","14":"shipping-taxable","15":"purchasable","16":"product-type-simple"},"_links":{"self":[{"href":"https:\/\/electromenagerexpress.com\/en\/wp-json\/wp\/v2\/product\/92840","targetHints":{"allow":["GET"]}}],"collection":[{"href":"https:\/\/electromenagerexpress.com\/en\/wp-json\/wp\/v2\/product"}],"about":[{"href":"https:\/\/electromenagerexpress.com\/en\/wp-json\/wp\/v2\/types\/product"}],"wp:featuredmedia":[{"embeddable":true,"href":"https:\/\/electromenagerexpress.com\/en\/wp-json\/wp\/v2\/media\/92839"}],"wp:attachment":[{"href":"https:\/\/electromenagerexpress.com\/en\/wp-json\/wp\/v2\/media?parent=92840"}],"wp:term":[{"taxonomy":"product_cat","embeddable":true,"href":"https:\/\/electromenagerexpress.com\/en\/wp-json\/wp\/v2\/product_cat?post=92840"},{"taxonomy":"product_tag","embeddable":true,"href":"https:\/\/electromenagerexpress.com\/en\/wp-json\/wp\/v2\/product_tag?post=92840"}],"curies":[{"name":"wp","href":"https:\/\/api.w.org\/{rel}","templated":true}]}}