{"id":92813,"date":"2024-11-24T18:27:02","date_gmt":"2024-11-24T18:27:02","guid":{"rendered":"https:\/\/electromenagerexpress.com\/product\/casque-gamerasuscasquetufh5lite\/"},"modified":"2024-11-24T18:27:05","modified_gmt":"2024-11-24T18:27:05","slug":"casque-gamerasuscasquetufh5lite","status":"publish","type":"product","link":"https:\/\/electromenagerexpress.com\/en\/product\/casque-gamerasuscasquetufh5lite\/","title":{"rendered":"Casque gamer\t\t\t\t\t\t\tASUS\t\t\t\tCASQUETUFH5LITE"},"content":{"rendered":"<div class=\"product-features__content\">\n<ul role=\"list\">\n<li class=\"product-features__item\" role=\"listitem\">\n<h3 class=\"product-features__label\">Construction<\/h3>\n<ul role=\"list\">\n<li class=\"product-features__item-list__item\" role=\"listitem\"><span class=\"is--medium\">Produit :<\/span> casque\t\t\t\t\t<\/li>\n<li class=\"product-features__item-list__item\" role=\"listitem\"><span class=\"is--medium\">Forme du casque :<\/span> circum-aural : le casque enveloppe compl\u00e8tement les oreilles. Ce type de casque offre un bon confort sur la dur\u00e9e\t\t\t\t\t<\/li>\n<li class=\"product-features__item-list__item\" role=\"listitem\"><span class=\"is--medium\">Connexion :<\/span> filaire\t\t\t\t\t<\/li>\n<li class=\"product-features__item-list__item\" role=\"listitem\"><span class=\"is--medium\">Utilisation :<\/span> Gamer\t\t\t\t\t<\/li>\n<li class=\"product-features__item-list__item\" role=\"listitem\"><span class=\"is--medium\">Autonomie :<\/span> non communiqu\u00e9\t\t\t\t\t<\/li>\n<li class=\"product-features__item-list__item\" role=\"listitem\"><span class=\"is--medium\">R\u00e9tro\u00e9clairage :<\/span> non\t\t\t\t\t<\/li>\n<\/ul>\n<\/li>\n<li class=\"product-features__item\" role=\"listitem\">\n<h3 class=\"product-features__label\">Caract\u00e9ristiques sonores<\/h3>\n<ul role=\"list\">\n<li class=\"product-features__item-list__item\" role=\"listitem\"><span class=\"is--medium\">R\u00e9ponse en fr\u00e9quence :<\/span> 20 Hz &#8211; 20 KHz\t\t\t\t\t<\/li>\n<li class=\"product-features__item-list__item\" role=\"listitem\"><span class=\"is--medium\">Le saviez-vous ? :<\/span> repr\u00e9sente la plage de fr\u00e9quence couverte par le casque, du grave \u00e0 l&rsquo;aigu. La plage de fr\u00e9quence de fonctionnement de l&rsquo;oreille humaine est de 20 Hz (son le plus grave) \u00e0 20 kHz (son le plus aigu)\t\t\t\t\t<\/li>\n<li class=\"product-features__item-list__item\" role=\"listitem\"><span class=\"is--medium\">Sensibilit\u00e9 :<\/span> 40\t\t\t\t\t<\/li>\n<li class=\"product-features__item-list__item\" role=\"listitem\"><span class=\"is--medium\">Plus d&rsquo;information sur la sensibilit\u00e9 :<\/span> d\u00e9termine la capacit\u00e9 d&rsquo;un casque \u00e0 fournir une puissance donn\u00e9e. Plus elle est grande, plus la qualit\u00e9 audio est grande\t\t\t\t\t<\/li>\n<li class=\"product-features__item-list__item\" role=\"listitem\"><span class=\"is--medium\">Volume r\u00e9glable :<\/span> oui\t\t\t\t\t<\/li>\n<li class=\"product-features__item-list__item\" role=\"listitem\"><span class=\"is--medium\">Bouton coupure du son :<\/span> oui\t\t\t\t\t<\/li>\n<\/ul>\n<\/li>\n<li class=\"product-features__item\" role=\"listitem\">\n<h3 class=\"product-features__label\">Micro<\/h3>\n<ul role=\"list\">\n<li class=\"product-features__item-list__item\" role=\"listitem\"><span class=\"is--medium\">Type de micro :<\/span> d\u00e9tachable\t\t\t\t\t<\/li>\n<li class=\"product-features__item-list__item\" role=\"listitem\"><span class=\"is--medium\">Sensibilit\u00e9 :<\/span> 40 dB\t\t\t\t\t<\/li>\n<li class=\"product-features__item-list__item\" role=\"listitem\"><span class=\"is--medium\">Information sur la sensibilit\u00e9 du micro :<\/span> une sensibilit\u00e9 \u00e9lev\u00e9e (\u00e9loign\u00e9e de z\u00e9ro) permet d&rsquo;att\u00e9nuer les bruits de fonds et autres sons parasites. Inversement, un micro avec une sensibilit\u00e9 basse (proche de z\u00e9ro) enregistrera plus facilement les sons faibles\t\t\t\t\t<\/li>\n<li class=\"product-features__item-list__item\" role=\"listitem\"><span class=\"is--medium\">Fr\u00e9quence d&rsquo;\u00e9chantillonnage :<\/span> 100 Hz &#8211; 10 KHz\t\t\t\t\t<\/li>\n<li class=\"product-features__item-list__item\" role=\"listitem\"><span class=\"is--medium\">Bouton muet :<\/span> Non\t\t\t\t\t<\/li>\n<\/ul>\n<\/li>\n<li class=\"product-features__item\" role=\"listitem\">\n<h3 class=\"product-features__label\">Confort d&rsquo;utilisation<\/h3>\n<ul role=\"list\">\n<li class=\"product-features__item-list__item\" role=\"listitem\"><span class=\"is--medium\">\u00c9couteurs pivotants :<\/span> Oui\t\t\t\t\t<\/li>\n<\/ul>\n<\/li>\n<li class=\"product-features__item\" role=\"listitem\">\n<h3 class=\"product-features__label\">Compatibilit\u00e9<\/h3>\n<ul role=\"list\">\n<li class=\"product-features__item-list__item\" role=\"listitem\"><span class=\"is--medium\">D\u00e9tails :<\/span> Xbox, PC, Console, Tablette, Smartphone\t\t\t\t\t<\/li>\n<li class=\"product-features__item-list__item\" role=\"listitem\"><span class=\"is--medium\">Xbox :<\/span> Oui\t\t\t\t\t<\/li>\n<\/ul>\n<\/li>\n<li class=\"product-features__item\" role=\"listitem\">\n<h3 class=\"product-features__label\">Contenu de la bo\u00eete<\/h3>\n<ul role=\"list\">\n<li class=\"product-features__item-list__item\" role=\"listitem\"><span class=\"is--medium\">Livr\u00e9 avec :<\/span> Notice, C\u00e2ble USB\t\t\t\t\t<\/li>\n<\/ul>\n<\/li>\n<li class=\"product-features__item\" role=\"listitem\">\n<h3 class=\"product-features__label\">Collection<\/h3>\n<ul role=\"list\">\n<li class=\"product-features__item-list__item\" role=\"listitem\"><span class=\"is--medium\">Connexion :<\/span> filaire\t\t\t\t\t<\/li>\n<li class=\"product-features__item-list__item\" role=\"listitem\"><span class=\"is--medium\">Mod\u00e8le collection :<\/span> filaire\t\t\t\t\t<\/li>\n<\/ul>\n<\/li>\n<li class=\"product-features__item\" role=\"listitem\">\n<h3 class=\"product-features__label\">Informations compl\u00e9mentaires<\/h3>\n<ul role=\"list\">\n<li class=\"product-features__item-list__item\" role=\"listitem\"><span class=\"is--medium\">Fabriqu\u00e9 en :<\/span> Ta\u00efwan\t\t\t\t\t<\/li>\n<li class=\"product-features__item-list__item\" role=\"listitem\"><span class=\"is--medium\">Disponibilit\u00e9 des pi\u00e8ces d\u00e9tach\u00e9es (donn\u00e9es fournisseur) :<\/span> Non communiqu\u00e9e\t\t\t\t\t<\/li>\n<\/ul>\n<\/li>\n<\/ul>\n<\/div>\n<div class=\"product__disclosure-content\">\n<div class=\"js-read-more product-description__content read-more read-more--truncated\" data-read-more-name=\"description\" style=\"max-height: 500px; overflow: hidden;\">\n<p>Le micro-casque TUF Gaming H5 Lite, int\u00e8gre des \u00e9couteurs de 50 mm incorporant la technologie ASUS Essence. Avec un nouveau design l\u00e9ger est des coussinets ajustables pour plus de confort lors des longues parties. Son bandeau en acier inoxydable offre une r\u00e9sistance extr\u00e8me pour une durabilit\u00e9 augment\u00e9e. Compatible sur PC, MAC, consoles (PS4, Switch et Xbox One), et tablette \/ smartphone pour plus d&rsquo;int\u00e9ractivit\u00e9.<br \/>Pour un r\u00e9alisme encore plus pr\u00e8s de vous, le casque ASUS TUF Gaming H5 Lite int\u00e8gre des transducteurs Essence de 50 mm avec une grande chambre acoustique&#8230; plus besoin de vous dire que vous serez au coeur de l&rsquo;action. Vous pourrez profiter de basses puissantes et de moyennes et hautes fr\u00e9quences claires et pr\u00e9cises.<br \/>Vous pourrez aussi profiter d&rsquo;une utilisation musicale gr\u00e2ce \u00e0 sa tr\u00e8s grande compatibilit\u00e9. Que vous soyez PC, MAC ou consoles (PlayStation 4, Xbox One et switch), le TUF Gaming H5 Lite vous ravira, mais il est aussi compatible avec les appareils mobiles gr\u00e2ce \u00e0 son connecteur jack 3,5 mm.<br \/>Design tout en l\u00e9g\u00e8ret\u00e9.Le casque TUF Gaming H5 Lite s&rsquo;adapte \u00e0 toutes les formes d&rsquo;oreilles gr\u00e2ce \u00e0 ses coussinets ajustables, vous ne le ressentirait presque plus sur votre t\u00eate lors de tr\u00e8s longues parties. Cette version Lite du TUF Gaming H5 favorise la r\u00e9duction de la pression sur les \u00e9couteurs, ce qui est id\u00e9al pour le transport.<br \/>Qui dit longues parties, dit utilisation intense et r\u00e9p\u00e9t\u00e9, pour parer \u00e0 l&rsquo;usure du casque Asus a \u00e9quiper le TUF Gaming H5 Lite d&rsquo;un bandeau en acier inoxidable ce qui le rend plus r\u00e9sistant dans le temps.<br \/>Deux microphones sont int\u00e9gr\u00e9s au TUF Gaming H5 Lite : un microphone d\u00e9tachable qui permet de discuter en toute libert\u00e9 tout en continuant de jouer, et un microphone int\u00e9gr\u00e9 au c\u00e2ble plus pratique pour vos appels vocaux. Le microphone int\u00e9gr\u00e9 vous permet ajuster le volume ou de passer en mode Muet.<br \/>Caract\u00e9ristiques principales :<br \/>Casque-micro circum-auriculaire<br \/>Transducteurs ASUS Essence de 50 mm et chambre \u00e0 air herm\u00e9tique<br \/>Bandeau renforc\u00e9 en acier inoxydable<br \/>Oreillettes rembourr\u00e9es<br \/>Son : St\u00e9r\u00e9o 2.0<br \/>Double microphone : micro d\u00e9tachable + micro sur c\u00e2ble<br \/>Longueur du c\u00e2ble : 1.2 m<br \/>Compatibilit\u00e9 : PC, Mac, PlayStation 4, Xbox One, Switch, Appareils mobiles<\/p>\n<p>Asus TUF, Casque gaming H5 Lite noir<br \/>Casque-micro circum-auriculaire<br \/>Transducteurs ASUS Essence de 50 mm et chambre \u00e0 air herm\u00e9tique<br \/>Double microphone : micro d\u00e9tachable + micro sur c\u00e2ble<br \/>Cable de 1.2m<br \/>Compatible PC, Mac, PlayStation 4, Xbox One, Switch, Appareils mobiles<\/p>\n<\/div>\n<p><bl-button a11yexpanded=\"false\" arialabel=\"Afficher toute la description\" class=\"read-more__btn\" full=\"false\" link=\"true\"><\/bl-button><\/div>","protected":false},"excerpt":{"rendered":"<div class=\"keypoints\">\n<h3 class=\"keypoints__title\">Les points cl\u00e9s<\/h3>\n<ul role=\"list\">\n<li class=\"keypoints__item\" role=\"listitem\">                                        Connectivit\u00e9 : Filaire                      <\/li>\n<li class=\"keypoints__item\" role=\"listitem\">                                        R\u00e9ducteur de bruit                      <\/li>\n<li class=\"keypoints__item\" role=\"listitem\">                                        Compatible : PC                      <\/li>\n<\/ul>","protected":false},"featured_media":92812,"template":"","meta":{"_glsr_average":0,"_glsr_ranking":0,"_glsr_reviews":0},"product_cat":[520],"product_tag":[523,521,522],"class_list":{"0":"post-92813","1":"product","2":"type-product","3":"status-publish","4":"has-post-thumbnail","6":"product_cat-casque-gamer","7":"product_tag-casque-gamer","8":"product_tag-informatique-tablette","9":"product_tag-peripherique-gamer","11":"first","12":"instock","13":"shipping-taxable","14":"purchasable","15":"product-type-simple"},"_links":{"self":[{"href":"https:\/\/electromenagerexpress.com\/en\/wp-json\/wp\/v2\/product\/92813","targetHints":{"allow":["GET"]}}],"collection":[{"href":"https:\/\/electromenagerexpress.com\/en\/wp-json\/wp\/v2\/product"}],"about":[{"href":"https:\/\/electromenagerexpress.com\/en\/wp-json\/wp\/v2\/types\/product"}],"wp:featuredmedia":[{"embeddable":true,"href":"https:\/\/electromenagerexpress.com\/en\/wp-json\/wp\/v2\/media\/92812"}],"wp:attachment":[{"href":"https:\/\/electromenagerexpress.com\/en\/wp-json\/wp\/v2\/media?parent=92813"}],"wp:term":[{"taxonomy":"product_cat","embeddable":true,"href":"https:\/\/electromenagerexpress.com\/en\/wp-json\/wp\/v2\/product_cat?post=92813"},{"taxonomy":"product_tag","embeddable":true,"href":"https:\/\/electromenagerexpress.com\/en\/wp-json\/wp\/v2\/product_tag?post=92813"}],"curies":[{"name":"wp","href":"https:\/\/api.w.org\/{rel}","templated":true}]}}