{"id":92799,"date":"2024-11-24T18:26:47","date_gmt":"2024-11-24T18:26:47","guid":{"rendered":"https:\/\/electromenagerexpress.com\/product\/casque-gamersteelseriesarctis-7-black\/"},"modified":"2024-12-29T09:39:55","modified_gmt":"2024-12-29T09:39:55","slug":"casque-gamersteelseriesarctis-7-black","status":"publish","type":"product","link":"https:\/\/electromenagerexpress.com\/en\/product\/casque-gamersteelseriesarctis-7-black\/","title":{"rendered":"Casque gamer\tSTEELSERIES Arctis 7 Black +"},"content":{"rendered":"<div class=\"product-features__content\">\n<ul role=\"list\">\n<li class=\"product-features__item\" role=\"listitem\">\n<h3 class=\"product-features__label\">Les + de ce mod\u00e8le<\/h3>\n<ul role=\"list\">\n<li class=\"product-features__item-list__item\" role=\"listitem\"><span class=\"is--medium\">Avantages :<\/span> Batterie 30 heures et recharge rapide via USB-C, 15 minutes pour 3 heures de jeux<\/li>\n<\/ul>\n<\/li>\n<li class=\"product-features__item\" role=\"listitem\">\n<h3 class=\"product-features__label\">Construction<\/h3>\n<ul role=\"list\">\n<li class=\"product-features__item-list__item\" role=\"listitem\"><span class=\"is--medium\">Produit :<\/span> casque sans fil<\/li>\n<li class=\"product-features__item-list__item\" role=\"listitem\"><span class=\"is--medium\">Forme du casque :<\/span> circum-aural : le casque enveloppe compl\u00e8tement les oreilles. Ce type de casque offre un bon confort sur la dur\u00e9e<\/li>\n<li class=\"product-features__item-list__item\" role=\"listitem\"><span class=\"is--medium\">Connexion :<\/span> sans fil<\/li>\n<li class=\"product-features__item-list__item\" role=\"listitem\"><span class=\"is--medium\">Utilisation :<\/span> Gamer<\/li>\n<li class=\"product-features__item-list__item\" role=\"listitem\"><span class=\"is--medium\">Autonomie :<\/span> jusqu&rsquo;\u00e0 30 heures<\/li>\n<li class=\"product-features__item-list__item\" role=\"listitem\"><span class=\"is--medium\">R\u00e9tro\u00e9clairage :<\/span> non concern\u00e9<\/li>\n<\/ul>\n<\/li>\n<li class=\"product-features__item\" role=\"listitem\">\n<h3 class=\"product-features__label\">Caract\u00e9ristiques sonores<\/h3>\n<ul role=\"list\">\n<li class=\"product-features__item-list__item\" role=\"listitem\"><span class=\"is--medium\">R\u00e9ponse en fr\u00e9quence :<\/span> 20 Hz &#8211; 20 KHz<\/li>\n<li class=\"product-features__item-list__item\" role=\"listitem\"><span class=\"is--medium\">Le saviez-vous ? :<\/span> repr\u00e9sente la plage de fr\u00e9quence couverte par le casque, du grave \u00e0 l&rsquo;aigu. La plage de fr\u00e9quence de fonctionnement de l&rsquo;oreille humaine est de 20 Hz (son le plus grave) \u00e0 20 kHz (son le plus aigu)<\/li>\n<li class=\"product-features__item-list__item\" role=\"listitem\"><span class=\"is--medium\">Imp\u00e9dance :<\/span> 32 Ohms<\/li>\n<li class=\"product-features__item-list__item\" role=\"listitem\"><span class=\"is--medium\">Sensibilit\u00e9 :<\/span> 98<\/li>\n<li class=\"product-features__item-list__item\" role=\"listitem\"><span class=\"is--medium\">Plus d&rsquo;information sur la sensibilit\u00e9 :<\/span> d\u00e9termine la capacit\u00e9 d&rsquo;un casque \u00e0 fournir une puissance donn\u00e9e. Plus elle est grande, plus la qualit\u00e9 audio est grande<\/li>\n<li class=\"product-features__item-list__item\" role=\"listitem\"><span class=\"is--medium\">Type de son :<\/span> virtual surround 7.1<\/li>\n<li class=\"product-features__item-list__item\" role=\"listitem\"><span class=\"is--medium\">Volume r\u00e9glable :<\/span> oui<\/li>\n<li class=\"product-features__item-list__item\" role=\"listitem\"><span class=\"is--medium\">Bouton coupure du son :<\/span> oui<\/li>\n<\/ul>\n<\/li>\n<li class=\"product-features__item\" role=\"listitem\">\n<h3 class=\"product-features__label\">Micro<\/h3>\n<ul role=\"list\">\n<li class=\"product-features__item-list__item\" role=\"listitem\"><span class=\"is--medium\">Type de micro :<\/span> r\u00e9tractable<\/li>\n<li class=\"product-features__item-list__item\" role=\"listitem\"><span class=\"is--medium\">Technologie :<\/span> bidirectionnel : enregistre les sons qui proviennent de l&rsquo;avant et de l&rsquo;arri\u00e8re du micro. Il ne capte pas les sons situ\u00e9s sur les c\u00f4t\u00e9s. Il est id\u00e9al pour enregistrer des conversations \u00e0 deux<\/li>\n<li class=\"product-features__item-list__item\" role=\"listitem\"><span class=\"is--medium\">Bouton muet :<\/span> Oui<\/li>\n<li class=\"product-features__item-list__item\" role=\"listitem\"><span class=\"is--medium\">Micro avec r\u00e9ducteur de bruit :<\/span> Oui<\/li>\n<\/ul>\n<\/li>\n<li class=\"product-features__item\" role=\"listitem\">\n<h3 class=\"product-features__label\">Connectivit\u00e9<\/h3>\n<ul role=\"list\">\n<li class=\"product-features__item-list__item\" role=\"listitem\"><span class=\"is--medium\">D\u00e9tails :<\/span> USB-C, Jack 3,5 mm, Bluetooth<\/li>\n<\/ul>\n<\/li>\n<li class=\"product-features__item\" role=\"listitem\">\n<h3 class=\"product-features__label\">Compatibilit\u00e9<\/h3>\n<ul role=\"list\">\n<li class=\"product-features__item-list__item\" role=\"listitem\"><span class=\"is--medium\">D\u00e9tails :<\/span> Mac, PS4, PS5, Nintendo Switch, PC, Tablette<\/li>\n<\/ul>\n<\/li>\n<li class=\"product-features__item\" role=\"listitem\">\n<h3 class=\"product-features__label\">Contenu de la bo\u00eete<\/h3>\n<ul role=\"list\">\n<li class=\"product-features__item-list__item\" role=\"listitem\"><span class=\"is--medium\">Livr\u00e9 avec :<\/span> Notice, C\u00e2ble USB, Adaptateur USB sans fil, C\u00e2ble 4 p\u00f4les, 3,5 mm<\/li>\n<\/ul>\n<\/li>\n<li class=\"product-features__item\" role=\"listitem\">\n<h3 class=\"product-features__label\">Collection<\/h3>\n<ul role=\"list\">\n<li class=\"product-features__item-list__item\" role=\"listitem\"><span class=\"is--medium\">Connexion :<\/span> sans fil<\/li>\n<li class=\"product-features__item-list__item\" role=\"listitem\"><span class=\"is--medium\">Mod\u00e8le collection :<\/span> sans fil<\/li>\n<\/ul>\n<\/li>\n<li class=\"product-features__item\" role=\"listitem\">\n<h3 class=\"product-features__label\">Informations compl\u00e9mentaires<\/h3>\n<ul role=\"list\">\n<li class=\"product-features__item-list__item\" role=\"listitem\"><span class=\"is--medium\">Fabriqu\u00e9 en :<\/span> Chine<\/li>\n<li class=\"product-features__item-list__item\" role=\"listitem\"><span class=\"is--medium\">Disponibilit\u00e9 des pi\u00e8ces d\u00e9tach\u00e9es (donn\u00e9es fournisseur) :<\/span> Pas de pi\u00e8ce disponible<\/li>\n<\/ul>\n<\/li>\n<\/ul>\n<\/div>\n<div class=\"product__disclosure-content\">\n<div class=\"js-read-more product-description__content read-more read-more--truncated\" style=\"max-height: 500px;overflow: hidden\" data-read-more-name=\"description\">\n<p>R\u00e9compens\u00e9 par plusieurs prix, le casque gaming SteelSeries Arctis7+ est une r\u00e9f\u00e9rence du genre. Compatible avec les PlayStation, le PC, le Mac, la Switch ou les appareils Android, ce casque sans fil b\u00e9n\u00e9ficie d&rsquo;une technologie de transmission sans fil 2,4 GHz \u00e0 faible latence pour un son sans perte avec une autonomie de 30 heures.<\/p>\n<h3><img fetchpriority=\"high\" decoding=\"async\" class=\"wy_tableau_gauche\" src=\"https:\/\/boulanger.scene7.com\/is\/image\/Boulanger\/5707119049306_h_f_l_0?wid=400&amp;hei=270\" alt=\"Casque micro STEELSERIES Arctis 7 Black\" width=\"400\" height=\"270\" \/>Un casque multir\u00e9compens\u00e9<\/h3>\n<p>Gr\u00e2ce au dongle USB-C et la <b>technologie de transmission sans fil 2,4 GHz<\/b>, le casque gaming Steelseries Arctis 7+ est capable de reproduire un son de qualit\u00e9 sans aucune perte avec une tr\u00e8s faible latence sur un grand nombre de plateformes comme la PS5, la PS4\/Pro, la Switch, le PC ou les appareils Android. Sur PC, vous pourrez m\u00eame profiter d&rsquo;un <b>son 7.1 immersif<\/b>.<\/p>\n<p>Le Steelseries Arctis 7+ dispose de la qualit\u00e9 de son de la gamme Arctis gr\u00e2ce \u00e0 ses <b>transducteurs de qualit\u00e9 sup\u00e9rieure<\/b> capable d&rsquo;amplifier les sons discrets pour vous permettre d&rsquo;entendre tous les d\u00e9tails sonores. Le <b>logiciel SteelSeries Sonar<\/b> permettra d&rsquo;acc\u00e9der \u00e0 de nombreux r\u00e9glages comme un \u00e9galiseur param\u00e9trique, un son virtuel 7.1 spatialis\u00e9 ou encore la <b>fonctionnalit\u00e9 ChatMix<\/b>.<\/p>\n<h3><img decoding=\"async\" class=\"wy_tableau_right\" src=\"https:\/\/boulanger.scene7.com\/is\/image\/Boulanger\/5707119049306_h_f_l_1?wid=400&amp;hei=270\" alt=\"Casque micro STEELSERIES Arctis 7 Black\" width=\"400\" height=\"270\" \/>Une voix claire et une grande autonomie<\/h3>\n<p>Le <b>microphone bidirectionnel ClearCast<\/b> certifi\u00e9 Discord du Steelseries Arctis 7+ est r\u00e9tractable. La technologie embarqu\u00e9e lui permet d&rsquo;\u00e9liminer le bruit de fond et capturer avec clart\u00e9 votre voix avec une qualit\u00e9 studio. Robuste et confortable, ce casque b\u00e9n\u00e9ficie d&rsquo;un <b>arceau en acier<\/b>.<\/p>\n<p>L&rsquo;autonomie du Steelseries Arctis 7+ a \u00e9t\u00e9 am\u00e9lior\u00e9 par rapport \u00e0 son pr\u00e9d\u00e9cesseur et atteint d\u00e9sormais les <b>30h d&rsquo;utilisation<\/b>. Vous pourrez le recharger via le port USB-C avec une <b>technologie de chargement rapide<\/b> permettant d&rsquo;obtenir 3 heures de jeu avec 15 minutes de charge.<\/p>\n<\/div>\n<p>&nbsp;<\/p>\n<\/div>","protected":false},"excerpt":{"rendered":"<div class=\"keypoints\">\n<h3 class=\"keypoints__title\">Les points cl\u00e9s<\/h3>\n<ul role=\"list\">\n<li class=\"keypoints__item\" role=\"listitem\">Connectivit\u00e9 : Bluetooth<\/li>\n<li class=\"keypoints__item\" role=\"listitem\">Autonomie : jusqu&rsquo;\u00e0 30 heures<\/li>\n<li class=\"keypoints__item\" role=\"listitem\">Compatible : PS4, PS5, PC, Switch<\/li>\n<\/ul>\n<\/div>","protected":false},"featured_media":92798,"template":"","meta":{"_glsr_average":0,"_glsr_ranking":0,"_glsr_reviews":0},"product_cat":[526],"product_tag":[528,529,527],"class_list":{"0":"post-92799","1":"product","2":"type-product","3":"status-publish","4":"has-post-thumbnail","6":"product_cat-casque-ps4","7":"product_tag-casque-pour-console","8":"product_tag-casque-ps4","9":"product_tag-console-gaming","11":"first","12":"instock","13":"sale","14":"shipping-taxable","15":"purchasable","16":"product-type-simple"},"_links":{"self":[{"href":"https:\/\/electromenagerexpress.com\/en\/wp-json\/wp\/v2\/product\/92799","targetHints":{"allow":["GET"]}}],"collection":[{"href":"https:\/\/electromenagerexpress.com\/en\/wp-json\/wp\/v2\/product"}],"about":[{"href":"https:\/\/electromenagerexpress.com\/en\/wp-json\/wp\/v2\/types\/product"}],"wp:featuredmedia":[{"embeddable":true,"href":"https:\/\/electromenagerexpress.com\/en\/wp-json\/wp\/v2\/media\/92798"}],"wp:attachment":[{"href":"https:\/\/electromenagerexpress.com\/en\/wp-json\/wp\/v2\/media?parent=92799"}],"wp:term":[{"taxonomy":"product_cat","embeddable":true,"href":"https:\/\/electromenagerexpress.com\/en\/wp-json\/wp\/v2\/product_cat?post=92799"},{"taxonomy":"product_tag","embeddable":true,"href":"https:\/\/electromenagerexpress.com\/en\/wp-json\/wp\/v2\/product_tag?post=92799"}],"curies":[{"name":"wp","href":"https:\/\/api.w.org\/{rel}","templated":true}]}}