{"id":92698,"date":"2024-11-24T18:24:55","date_gmt":"2024-11-24T18:24:55","guid":{"rendered":"https:\/\/electromenagerexpress.com\/product\/casque-gamerlogitechg-pro-x-wireless-g-pro-x-superlight\/"},"modified":"2024-11-24T18:25:05","modified_gmt":"2024-11-24T18:25:05","slug":"casque-gamerlogitechg-pro-x-wireless-g-pro-x-superlight","status":"publish","type":"product","link":"https:\/\/electromenagerexpress.com\/en\/product\/casque-gamerlogitechg-pro-x-wireless-g-pro-x-superlight\/","title":{"rendered":"Casque gamer\t\t\t\t\t\t\tLOGITECH\t\t\t\tG PRO X Wireless + G PRO X Superlight"},"content":{"rendered":"<div class=\"product-features__content\">\n<ul role=\"list\">\n<li class=\"product-features__item\" role=\"listitem\">\n<h3 class=\"product-features__label\">Les + de ce mod\u00e8le<\/h3>\n<ul role=\"list\">\n<li class=\"product-features__item-list__item\" role=\"listitem\"><span class=\"is--medium\">Avantages :<\/span> Casque gaming con\u00e7u pour les professionnels avec technologie LIGHTSPEED sans fil 2,4 GHz, Blue VO!CE et son surround de 7.1 nouvelle g\u00e9n\u00e9ration. Souris sans fil l\u00e9g\u00e8re et rapide, avec capteur HERO et patins PTFE sans additif.\t\t\t\t\t<\/li>\n<\/ul>\n<\/li>\n<li class=\"product-features__item\" role=\"listitem\">\n<h3 class=\"product-features__label\">Construction<\/h3>\n<ul role=\"list\">\n<li class=\"product-features__item-list__item\" role=\"listitem\"><span class=\"is--medium\">Produit :<\/span> casque sans fil\t\t\t\t\t<\/li>\n<li class=\"product-features__item-list__item\" role=\"listitem\"><span class=\"is--medium\">Forme du casque :<\/span> circum-aural : le casque enveloppe compl\u00e8tement les oreilles. Ce type de casque offre un bon confort sur la dur\u00e9e\t\t\t\t\t<\/li>\n<li class=\"product-features__item-list__item\" role=\"listitem\"><span class=\"is--medium\">Connexion :<\/span> sans fil\t\t\t\t\t<\/li>\n<li class=\"product-features__item-list__item\" role=\"listitem\"><span class=\"is--medium\">Utilisation :<\/span> Gamer\t\t\t\t\t<\/li>\n<li class=\"product-features__item-list__item\" role=\"listitem\"><span class=\"is--medium\">Autonomie :<\/span> jusqu&rsquo;\u00e0 20 heures\t\t\t\t\t<\/li>\n<li class=\"product-features__item-list__item\" role=\"listitem\"><span class=\"is--medium\">R\u00e9tro\u00e9clairage :<\/span> non\t\t\t\t\t<\/li>\n<\/ul>\n<\/li>\n<li class=\"product-features__item\" role=\"listitem\">\n<h3 class=\"product-features__label\">Caract\u00e9ristiques sonores<\/h3>\n<ul role=\"list\">\n<li class=\"product-features__item-list__item\" role=\"listitem\"><span class=\"is--medium\">R\u00e9ponse en fr\u00e9quence :<\/span> 20 Hz &#8211; 20 KHz\t\t\t\t\t<\/li>\n<li class=\"product-features__item-list__item\" role=\"listitem\"><span class=\"is--medium\">Le saviez-vous ? :<\/span> repr\u00e9sente la plage de fr\u00e9quence couverte par le casque, du grave \u00e0 l&rsquo;aigu. La plage de fr\u00e9quence de fonctionnement de l&rsquo;oreille humaine est de 20 Hz (son le plus grave) \u00e0 20 kHz (son le plus aigu)\t\t\t\t\t<\/li>\n<li class=\"product-features__item-list__item\" role=\"listitem\"><span class=\"is--medium\">Imp\u00e9dance :<\/span> 32 Ohms\t\t\t\t\t<\/li>\n<li class=\"product-features__item-list__item\" role=\"listitem\"><span class=\"is--medium\">Sensibilit\u00e9 :<\/span> 91,7\t\t\t\t\t<\/li>\n<li class=\"product-features__item-list__item\" role=\"listitem\"><span class=\"is--medium\">Plus d&rsquo;information sur la sensibilit\u00e9 :<\/span> d\u00e9termine la capacit\u00e9 d&rsquo;un casque \u00e0 fournir une puissance donn\u00e9e. Plus elle est grande, plus la qualit\u00e9 audio est grande\t\t\t\t\t<\/li>\n<li class=\"product-features__item-list__item\" role=\"listitem\"><span class=\"is--medium\">Diam\u00e8tre de l&rsquo;enceinte (en mm) :<\/span> 50\t\t\t\t\t<\/li>\n<li class=\"product-features__item-list__item\" role=\"listitem\"><span class=\"is--medium\">Type de son :<\/span> dolby surround 7.1\t\t\t\t\t<\/li>\n<li class=\"product-features__item-list__item\" role=\"listitem\"><span class=\"is--medium\">Volume r\u00e9glable :<\/span> oui\t\t\t\t\t<\/li>\n<li class=\"product-features__item-list__item\" role=\"listitem\"><span class=\"is--medium\">Bouton coupure du son :<\/span> oui\t\t\t\t\t<\/li>\n<li class=\"product-features__item-list__item\" role=\"listitem\"><span class=\"is--medium\">R\u00e9duction de bruit :<\/span> passive\t\t\t\t\t<\/li>\n<\/ul>\n<\/li>\n<li class=\"product-features__item\" role=\"listitem\">\n<h3 class=\"product-features__label\">Micro<\/h3>\n<ul role=\"list\">\n<li class=\"product-features__item-list__item\" role=\"listitem\"><span class=\"is--medium\">Type de micro :<\/span> d\u00e9tachable\t\t\t\t\t<\/li>\n<li class=\"product-features__item-list__item\" role=\"listitem\"><span class=\"is--medium\">Technologie :<\/span> cardio\u00efde : enregistre les sons \u00e0 l&rsquo;avant et l\u00e9g\u00e8rement sur les c\u00f4t\u00e9s du micro. Il rejette les sons qui proviennent de l&rsquo;arri\u00e8re du micro. Il est id\u00e9al pour capturer des bruitages, des voix ou des instruments de musique\t\t\t\t\t<\/li>\n<li class=\"product-features__item-list__item\" role=\"listitem\"><span class=\"is--medium\">Sensibilit\u00e9 :<\/span> 91 dB\t\t\t\t\t<\/li>\n<li class=\"product-features__item-list__item\" role=\"listitem\"><span class=\"is--medium\">Information sur la sensibilit\u00e9 du micro :<\/span> une sensibilit\u00e9 \u00e9lev\u00e9e (\u00e9loign\u00e9e de z\u00e9ro) permet d&rsquo;att\u00e9nuer les bruits de fonds et autres sons parasites. Inversement, un micro avec une sensibilit\u00e9 basse (proche de z\u00e9ro) enregistrera plus facilement les sons faibles\t\t\t\t\t<\/li>\n<li class=\"product-features__item-list__item\" role=\"listitem\"><span class=\"is--medium\">Fr\u00e9quence d&rsquo;\u00e9chantillonnage :<\/span> 100 Hz &#8211; 10 KHz\t\t\t\t\t<\/li>\n<li class=\"product-features__item-list__item\" role=\"listitem\"><span class=\"is--medium\">Bouton muet :<\/span> Oui\t\t\t\t\t<\/li>\n<li class=\"product-features__item-list__item\" role=\"listitem\"><span class=\"is--medium\">Sp\u00e9cificit\u00e9s du micro :<\/span> Microphone d\u00e9tachable de qualit\u00e9 professionnelle, \u00e9quip\u00e9 de la technologie en temps r\u00e9el Blue VO!CE, avec isolation passive des bruits, compresseur, limitateur et plus encore, pour des communications vocales professionnelles et claires.\t\t\t\t\t<\/li>\n<\/ul>\n<\/li>\n<li class=\"product-features__item\" role=\"listitem\">\n<h3 class=\"product-features__label\">Confort d&rsquo;utilisation<\/h3>\n<ul role=\"list\">\n<li class=\"product-features__item-list__item\" role=\"listitem\"><span class=\"is--medium\">\u00c9couteurs pivotants :<\/span> Non\t\t\t\t\t<\/li>\n<\/ul>\n<\/li>\n<li class=\"product-features__item\" role=\"listitem\">\n<h3 class=\"product-features__label\">Connectivit\u00e9<\/h3>\n<ul role=\"list\">\n<li class=\"product-features__item-list__item\" role=\"listitem\"><span class=\"is--medium\">D\u00e9tails :<\/span> USB-C, Wifi\t\t\t\t\t<\/li>\n<\/ul>\n<\/li>\n<li class=\"product-features__item\" role=\"listitem\">\n<h3 class=\"product-features__label\">Souris<\/h3>\n<ul role=\"list\">\n<li class=\"product-features__item-list__item\" role=\"listitem\"><span class=\"is--medium\">Connexion :<\/span> R\u00e9cepteur USB\t\t\t\t\t<\/li>\n<li class=\"product-features__item-list__item\" role=\"listitem\"><span class=\"is--medium\">R\u00e9tro\u00e9clair\u00e9e :<\/span> Non\t\t\t\t\t<\/li>\n<li class=\"product-features__item-list__item\" role=\"listitem\"><span class=\"is--medium\">Bouton marche \/ arr\u00eat :<\/span> Oui\t\t\t\t\t<\/li>\n<\/ul>\n<\/li>\n<li class=\"product-features__item\" role=\"listitem\">\n<h3 class=\"product-features__label\">Compatibilit\u00e9<\/h3>\n<ul role=\"list\">\n<li class=\"product-features__item-list__item\" role=\"listitem\"><span class=\"is--medium\">D\u00e9tails :<\/span> Windows 10, Windows 11, PS5, Nintendo Switch, PC, Console\t\t\t\t\t<\/li>\n<li class=\"product-features__item-list__item\" role=\"listitem\"><span class=\"is--medium\">Xbox :<\/span> Non\t\t\t\t\t<\/li>\n<\/ul>\n<\/li>\n<li class=\"product-features__item\" role=\"listitem\">\n<h3 class=\"product-features__label\">Contenu de la bo\u00eete<\/h3>\n<ul role=\"list\">\n<li class=\"product-features__item-list__item\" role=\"listitem\"><span class=\"is--medium\">Livr\u00e9 avec :<\/span> Notice, C\u00e2ble USB, Adaptateur USB sans fil, Housse de transport, Oreillettes en tissu avec mousse \u00e0 m\u00e9moire de forme suppl\u00e9mentaires, Micro d\u00e9tachable avec pare-vent en mousse, C\u00e2ble de charge USB A vers USB C de 1,8m\t\t\t\t\t<\/li>\n<\/ul>\n<\/li>\n<li class=\"product-features__item\" role=\"listitem\">\n<h3 class=\"product-features__label\">Dimensions<\/h3>\n<ul role=\"list\">\n<li class=\"product-features__item-list__item\" role=\"listitem\"><span class=\"is--medium\">Dimensions l x h x p :<\/span> 9.4 x 19.5 x 13.8 cm\t\t\t\t\t<\/li>\n<li class=\"product-features__item-list__item\" role=\"listitem\"><span class=\"is--medium\">Poids Net (kg) :<\/span> 370 g\t\t\t\t\t<\/li>\n<\/ul>\n<\/li>\n<li class=\"product-features__item\" role=\"listitem\">\n<h3 class=\"product-features__label\">Collection<\/h3>\n<ul role=\"list\">\n<li class=\"product-features__item-list__item\" role=\"listitem\"><span class=\"is--medium\">Connexion :<\/span> sans fil\t\t\t\t\t<\/li>\n<li class=\"product-features__item-list__item\" role=\"listitem\"><span class=\"is--medium\">Mod\u00e8le collection :<\/span> sans fil\t\t\t\t\t<\/li>\n<\/ul>\n<\/li>\n<li class=\"product-features__item\" role=\"listitem\">\n<h3 class=\"product-features__label\">Informations compl\u00e9mentaires<\/h3>\n<ul role=\"list\">\n<li class=\"product-features__item-list__item\" role=\"listitem\"><span class=\"is--medium\">Fabriqu\u00e9 en :<\/span> Chine\t\t\t\t\t<\/li>\n<li class=\"product-features__item-list__item\" role=\"listitem\"><span class=\"is--medium\">Disponibilit\u00e9 des pi\u00e8ces d\u00e9tach\u00e9es (donn\u00e9es fournisseur) :<\/span> Pas de pi\u00e8ce disponible\t\t\t\t\t<\/li>\n<\/ul>\n<\/li>\n<\/ul>\n<\/div>\n<div class=\"product__disclosure-content\">\n<div class=\"js-read-more product-description__content read-more read-more--truncated\" data-read-more-name=\"description\" style=\"max-height: 500px; overflow: hidden;\">\n<div class=\"product__description-content read-more\" style=\"\">\n<p>Immersion et Performance avec le Casque LOGITECH G PRO X Wireless<\/p>\n<h3> <img fetchpriority=\"high\" decoding=\"async\" ,=\"\" alt=\"Casque gamer LOGITECH G PRO X Wireless + G PRO X Superlight\" class=\"wy_tableau_gauche\" height=\"270\" src=\"https:\/\/boulanger.scene7.com\/is\/image\/Boulanger\/3540260213781_h_f_l_0?wid=400&amp;hei=270\" width=\"400\"\/>Technologie Avanc\u00e9e et Confort Absolu <\/h3>\n<p> Le casque gaming sans fil LOGITECH G PRO X allie la technologie de pointe LIGHTSPEED 2,4 GHz \u00e0 un confort in\u00e9gal\u00e9 pour une exp\u00e9rience de jeu immersive. Avec une autonomie de plus de 20 heures et une port\u00e9e de plus de 13 m\u00e8tres, les joueurs peuvent profiter de sessions prolong\u00e9es sans contraintes. Les oreillettes, disponibles en similicuir ou en tissu avec mousse \u00e0 m\u00e9moire de forme, assurent un ajustement parfait et une isolation phonique de qualit\u00e9. La robustesse est garantie par une construction en acier et en aluminium, tandis que le micro d\u00e9tachable de 6mm avec pare-vent en mousse offre une clart\u00e9 de communication exemplaire. <\/p>\n<\/p>\n<h3> <img decoding=\"async\" ,=\"\" alt=\"Casque gamer LOGITECH G PRO X Wireless + G PRO X Superlight\" class=\"wy_tableau_right\" height=\"270\" src=\"https:\/\/boulanger.scene7.com\/is\/image\/Boulanger\/3540260213781_h_f_l_1?wid=400&amp;hei=270\" width=\"400\"\/>Qualit\u00e9 Sonore Professionnelle et Sp\u00e9cifications Techniques <\/h3>\n<p> Le LOGITECH G PRO X Wireless se distingue par ses transducteurs PRO-G 50 mm qui produisent une image sonore pr\u00e9cise et des basses profondes. Le son surround DTS Headphone:X 2.0 7.1 orient\u00e9 objet et les filtres Blue VO!CE du logiciel Logitech G HUB1 enrichissent l&rsquo;exp\u00e9rience avec un son professionnel et des communications vocales cristallines. Compatible avec PC, PlayStation 5, PlayStation 4, et Nintendo Switch, ce casque est un choix polyvalent pour tous les gamers. Les sp\u00e9cifications techniques incluent une r\u00e9ponse en fr\u00e9quence de 20 Hz \u00e0 20 KHz, une imp\u00e9dance de 32 ohms et une sensibilit\u00e9 de 91,7 dB SPL @ 1 mW &amp; 1 cm, assurant une qualit\u00e9 audio de haut niveau pour les jeux les plus exigeants. <\/p>\n<\/p><\/div>\n<\/p>\n<\/div>\n<p><bl-button a11yexpanded=\"false\" arialabel=\"Afficher toute la description\" class=\"read-more__btn\" full=\"false\" link=\"true\">Voir plus<\/bl-button><\/div>","protected":false},"excerpt":{"rendered":"<div class=\"keypoints\">\n<h3 class=\"keypoints__title\">Les points cl\u00e9s<\/h3>\n<ul role=\"list\">\n<li class=\"keypoints__item\" role=\"listitem\">                                        Connectivit\u00e9 : Wifi                      <\/li>\n<li class=\"keypoints__item\" role=\"listitem\">                                        Autonomie : jusqu&rsquo;\u00e0 20 heures                      <\/li>\n<li class=\"keypoints__item\" role=\"listitem\">                          Poids : 370 grammes &#8211;                                                      R\u00e9ducteur de bruit                      <\/li>\n<li class=\"keypoints__item\" role=\"listitem\">                                        Compatible : PS5, PC, Switch                      <\/li>\n<li class=\"keypoints__item keypoints__item--advantage\" role=\"listitem\"><strong>Le + :<\/strong> Son pack avec souris G Pro X superlight et son casque G Pro X lightspeed      <\/li>\n<\/ul>","protected":false},"featured_media":92697,"template":"","meta":{"_glsr_average":0,"_glsr_ranking":0,"_glsr_reviews":0},"product_cat":[532],"product_tag":[521,522,533],"class_list":{"0":"post-92698","1":"product","2":"type-product","3":"status-publish","4":"has-post-thumbnail","6":"product_cat-souris-gamer","7":"product_tag-informatique-tablette","8":"product_tag-peripherique-gamer","9":"product_tag-souris-gamer","11":"first","12":"instock","13":"sale","14":"shipping-taxable","15":"purchasable","16":"product-type-simple"},"_links":{"self":[{"href":"https:\/\/electromenagerexpress.com\/en\/wp-json\/wp\/v2\/product\/92698","targetHints":{"allow":["GET"]}}],"collection":[{"href":"https:\/\/electromenagerexpress.com\/en\/wp-json\/wp\/v2\/product"}],"about":[{"href":"https:\/\/electromenagerexpress.com\/en\/wp-json\/wp\/v2\/types\/product"}],"wp:featuredmedia":[{"embeddable":true,"href":"https:\/\/electromenagerexpress.com\/en\/wp-json\/wp\/v2\/media\/92697"}],"wp:attachment":[{"href":"https:\/\/electromenagerexpress.com\/en\/wp-json\/wp\/v2\/media?parent=92698"}],"wp:term":[{"taxonomy":"product_cat","embeddable":true,"href":"https:\/\/electromenagerexpress.com\/en\/wp-json\/wp\/v2\/product_cat?post=92698"},{"taxonomy":"product_tag","embeddable":true,"href":"https:\/\/electromenagerexpress.com\/en\/wp-json\/wp\/v2\/product_tag?post=92698"}],"curies":[{"name":"wp","href":"https:\/\/api.w.org\/{rel}","templated":true}]}}