{"id":92351,"date":"2024-11-24T18:18:35","date_gmt":"2024-11-24T18:18:35","guid":{"rendered":"https:\/\/electromenagerexpress.com\/product\/casquesonywh1000xm3b-reconditionne\/"},"modified":"2024-12-29T11:12:13","modified_gmt":"2024-12-29T11:12:13","slug":"casquesonywh1000xm3b-reconditionne","status":"publish","type":"product","link":"https:\/\/electromenagerexpress.com\/en\/product\/casquesonywh1000xm3b-reconditionne\/","title":{"rendered":"Casque SONY\tWH1000XM3B Reconditionn\u00e9"},"content":{"rendered":"<div class=\"product-features__content\">\n<ul role=\"list\">\n<li class=\"product-features__item\" role=\"listitem\">\n<h3 class=\"product-features__label\">Autonomie &amp; alimentation<\/h3>\n<ul role=\"list\">\n<li class=\"product-features__item-list__item\" role=\"listitem\"><span class=\"is--medium\">Autonomie totale :<\/span> jusqu&rsquo;\u00e0 38h<\/li>\n<li class=\"product-features__item-list__item\" role=\"listitem\"><span class=\"is--medium\">Autonomie en mode R\u00e9duction de bruit active (ANC) :<\/span> jusqu&rsquo;\u00e0 30h<\/li>\n<li class=\"product-features__item-list__item\" role=\"listitem\"><span class=\"is--medium\">Le saviez-vous ? :<\/span> Lorsque la r\u00e9duction de bruit est activ\u00e9e, l&rsquo;autonomie est r\u00e9duite<\/li>\n<li class=\"product-features__item-list__item\" role=\"listitem\"><span class=\"is--medium\">Charge rapide :<\/span> 10min de charge pour 5h d&rsquo;\u00e9coute<\/li>\n<\/ul>\n<\/li>\n<li class=\"product-features__item\" role=\"listitem\">\n<h3 class=\"product-features__label\">Fonctionnalit\u00e9s du casque<\/h3>\n<ul role=\"list\">\n<li class=\"product-features__item-list__item\" role=\"listitem\"><span class=\"is--medium\">Commandes tactiles :<\/span> Appels + musique + assist. Vocal<\/li>\n<li class=\"product-features__item-list__item\" role=\"listitem\"><span class=\"is--medium\">Mode de contr\u00f4le :<\/span> tactile<\/li>\n<li class=\"product-features__item-list__item\" role=\"listitem\"><span class=\"is--medium\">R\u00e9duction de bruit active :<\/span> oui, permet d&rsquo;activer ou d\u00e9sactiver pour entendre les sons ambiants<\/li>\n<li class=\"product-features__item-list__item\" role=\"listitem\"><span class=\"is--medium\">Mode bruit ambiant :<\/span> oui, amplifie les bruits ambiants pour vous permettre d&rsquo;entendre mieux votre environnement<\/li>\n<li class=\"product-features__item-list__item\" role=\"listitem\"><span class=\"is--medium\">Mode conversation :<\/span> oui, permet de mener une conversation sans enlever le casque<\/li>\n<li class=\"product-features__item-list__item\" role=\"listitem\"><span class=\"is--medium\">Kit mains-libres :<\/span> oui, le microphone int\u00e9gr\u00e9 permet de passer des appels<\/li>\n<\/ul>\n<\/li>\n<li class=\"product-features__item\" role=\"listitem\">\n<h3 class=\"product-features__label\">Qualit\u00e9 audio et personnalisation du son<\/h3>\n<ul role=\"list\">\n<li class=\"product-features__item-list__item\" role=\"listitem\"><span class=\"is--medium\">HI-Res audio :<\/span> oui, le Hi-Res audio permet la restitution d&rsquo;un son de haute qualit\u00e9<\/li>\n<li class=\"product-features__item-list__item\" role=\"listitem\"><span class=\"is--medium\">R\u00e9ponse en fr\u00e9quence :<\/span> 4 \u00e0 40 000 Hz<\/li>\n<li class=\"product-features__item-list__item\" role=\"listitem\"><span class=\"is--medium\">Le saviez-vous ? :<\/span> Plus le premier chiffre est bas, plus les \u00e9couteurs pourront restituer des sons graves ; plus le deuxi\u00e8me chiffre est \u00e9lev\u00e9, plus ils pourront restituer des sons aigus<\/li>\n<li class=\"product-features__item-list__item\" role=\"listitem\"><span class=\"is--medium\">Sensibilit\u00e9 (dB) :<\/span> 104<\/li>\n<li class=\"product-features__item-list__item\" role=\"listitem\"><span class=\"is--medium\">R\u00e9glage du niveau de r\u00e9duction de bruit :<\/span> Oui<\/li>\n<li class=\"product-features__item-list__item\" role=\"listitem\"><span class=\"is--medium\">Personnalisation via l&rsquo;application :<\/span> Personnalisez le son et la r\u00e9duction de bruit<\/li>\n<li class=\"product-features__item-list__item\" role=\"listitem\"><span class=\"is--medium\">Application d\u00e9di\u00e9e :<\/span> Sony Headphones Connect<\/li>\n<\/ul>\n<\/li>\n<li class=\"product-features__item\" role=\"listitem\">\n<h3 class=\"product-features__label\">Connectiques<\/h3>\n<ul role=\"list\">\n<li class=\"product-features__item-list__item\" role=\"listitem\"><span class=\"is--medium\">Connectique de charge :<\/span> USB Type-C<\/li>\n<li class=\"product-features__item-list__item\" role=\"listitem\"><span class=\"is--medium\">Connectique audio :<\/span> Jack 3.5 mm<\/li>\n<\/ul>\n<\/li>\n<li class=\"product-features__item\" role=\"listitem\">\n<h3 class=\"product-features__label\">Connectivit\u00e9<\/h3>\n<ul role=\"list\">\n<li class=\"product-features__item-list__item\" role=\"listitem\"><span class=\"is--medium\">Filaire :<\/span> Non<\/li>\n<li class=\"product-features__item-list__item\" role=\"listitem\"><span class=\"is--medium\">Bluetooth :<\/span> Oui<\/li>\n<li class=\"product-features__item-list__item\" role=\"listitem\"><span class=\"is--medium\">Type de Bluetooth :<\/span> 4.2<\/li>\n<li class=\"product-features__item-list__item\" role=\"listitem\"><span class=\"is--medium\">Compatibilit\u00e9 assistant vocal :<\/span> Oui<\/li>\n<li class=\"product-features__item-list__item\" role=\"listitem\"><span class=\"is--medium\">Bluetooth aptX :<\/span> oui, permet de transmettre une qualit\u00e9 de son proche d&rsquo;un CD<\/li>\n<li class=\"product-features__item-list__item\" role=\"listitem\"><span class=\"is--medium\">NFC :<\/span> oui, permet \u00e0 2 appareils compatibles de communiquer ensemble sans fil et sans param\u00e9trage simplement en les approchant<\/li>\n<li class=\"product-features__item-list__item\" role=\"listitem\"><span class=\"is--medium\">Type de connexion :<\/span> Bluetooth<\/li>\n<\/ul>\n<\/li>\n<li class=\"product-features__item\" role=\"listitem\">\n<h3 class=\"product-features__label\">Confort d&rsquo;utilisation<\/h3>\n<ul role=\"list\">\n<li class=\"product-features__item-list__item\" role=\"listitem\"><span class=\"is--medium\">Confort d&rsquo;\u00e9coute :<\/span> circum aural, il englobe l&rsquo;oreille<\/li>\n<li class=\"product-features__item-list__item\" role=\"listitem\"><span class=\"is--medium\">Indice d&rsquo;\u00e9tanch\u00e9it\u00e9 :<\/span> Non concern\u00e9<\/li>\n<li class=\"product-features__item-list__item\" role=\"listitem\"><span class=\"is--medium\">Facilit\u00e9 de rangement :<\/span> pliable<\/li>\n<li class=\"product-features__item-list__item\" role=\"listitem\"><span class=\"is--medium\">Oreillettes pivotantes :<\/span> Oui<\/li>\n<\/ul>\n<\/li>\n<li class=\"product-features__item\" role=\"listitem\">\n<h3 class=\"product-features__label\">Dimensions<\/h3>\n<ul role=\"list\">\n<li class=\"product-features__item-list__item\" role=\"listitem\"><span class=\"is--medium\">Poids :<\/span> 255 g<\/li>\n<\/ul>\n<\/li>\n<li class=\"product-features__item\" role=\"listitem\">\n<h3 class=\"product-features__label\">Informations compl\u00e9mentaires<\/h3>\n<ul role=\"list\">\n<li class=\"product-features__item-list__item\" role=\"listitem\"><span class=\"is--medium\">R\u00e9f\u00e9rence constructeur :<\/span> WH1000XM3 Noir<\/li>\n<li class=\"product-features__item-list__item\" role=\"listitem\"><span class=\"is--medium\">Marque :<\/span> SONY<\/li>\n<li class=\"product-features__item-list__item\" role=\"listitem\"><span class=\"is--medium\">Fabriqu\u00e9 en :<\/span> Malaisie<\/li>\n<\/ul>\n<\/li>\n<\/ul>\n<\/div>\n<div class=\"product__disclosure-content\">\n<div class=\"js-read-more product-description__content read-more read-more--truncated\" style=\"max-height: 500px;overflow: hidden\" data-read-more-name=\"description\">\n<p>\u00c0 la fois performant et ing\u00e9nieux, le casque SONY WH1000XM3B vous prot\u00e8ge des bruits environnants, vous permettant ainsi de profiter de plusieurs heures d&rsquo;\u00e9coute dans le plus grand confort. Int\u00e9grant l&rsquo;assistant Google, ce mod\u00e8le vous offre \u00e9galement une grande flexibilit\u00e9 d&rsquo;utilisation.<\/p>\n<h3>Une \u00e9coute des plus agr\u00e9ables<img fetchpriority=\"high\" decoding=\"async\" class=\"wy_tableau_gauche\" src=\"https:\/\/boulanger.scene7.com\/is\/image\/Boulanger\/4548736081185_h_f_l_0?wid=400&amp;hei=270\" alt=\"Casque SONY WH1000XM3B\" width=\"400\" height=\"270\" \/><\/h3>\n<p>Le casque SONY WH1000XM3B vous permet d&rsquo;\u00e9couter votre musique sans \u00eatre d\u00e9rang\u00e9 par les nuisances sonores environnantes. Gr\u00e2ce \u00e0 son processeur QN1 et ses 2 micros, il offre la <b>meilleure r\u00e9duction de bruit sur le march\u00e9<\/b>.<\/p>\n<p>Le <b>Noise Cancelling intelligent<\/b> de l&rsquo;appareil choisit pour vous la fonction la plus adapt\u00e9e \u00e0 vos besoins. Ainsi, il peut r\u00e9duire au maximum le bruit dans les transports tout en vous laissant entendre les annonces diffus\u00e9es dans les gares ou les a\u00e9roports. Cette technologie est associ\u00e9e au dispositif <b>Personal NC Optimizer<\/b>, qui am\u00e9liore encore plus les performances de r\u00e9duction du bruit en fonction de la forme de votre visage.<\/p>\n<h3>Un casque ing\u00e9nieux et performant<img decoding=\"async\" class=\"wy_tableau_right\" src=\"https:\/\/boulanger.scene7.com\/is\/image\/Boulanger\/4548736081185_h_f_l_1?wid=400&amp;hei=270\" alt=\"Casque SONY WH1000XM3B\" width=\"400\" height=\"270\" \/><\/h3>\n<p><b>Compatible avec l&rsquo;assistant Google<\/b>, le casque SONY WH1000XM3B vous permet de tout contr\u00f4ler \u00e0 la voix. Pour cela, tout comme pour acc\u00e9der aux commandes musiques ou \u00e0 la prise d&rsquo;appel, il vous suffit de toucher l&rsquo;oreillette de l&rsquo;appareil. Et si vous souhaitez entendre une voix ou un signal sonore, vous pouvez simplement poser votre main sur l&rsquo;oreillette droite pour d\u00e9clencher l&rsquo;option Quick Attention.<\/p>\n<p>Ce mod\u00e8le sans fil vous permet de profiter d&rsquo;un maximum de <b>38 heures d&rsquo;\u00e9coute<\/b>. Et si votre casque n&rsquo;a plus de batterie, branchez-le 10 minutes et b\u00e9n\u00e9ficiez de pas moins de 5 heures de musique.<\/p>\n<p><video class=\"s7Video\" src=\"https:\/\/boulanger.scene7.com\/is\/content\/Boulanger\/4548736081185_v_0\" poster=\"https:\/\/boulanger.scene7.com\/is\/image\/Boulanger\/4548736081185_v_0?scl=1\" preload=\"metadata\" controls=\"controls\" width=\"100%\" height=\"150\"><\/video><\/p>\n<p><img decoding=\"async\" src=\"https:\/\/boulanger.scene7.com\/is\/image\/Boulanger\/EMS-top_AEM_CASQUE_ECOUTEUR?wid=1260\" \/><\/p>\n<\/div>\n<p>Voir plus<\/p>\n<\/div>","protected":false},"excerpt":{"rendered":"<div class=\"keypoints\">\n<h3 class=\"keypoints__title\">Les points cl\u00e9s<\/h3>\n<ul role=\"list\">\n<li class=\"keypoints__item\" role=\"listitem\">Autonomie totale : jusqu&rsquo;\u00e0 38h<\/li>\n<li class=\"keypoints__item\" role=\"listitem\">R\u00e9duction de bruit active<\/li>\n<li class=\"keypoints__item\" role=\"listitem\">Englobe l&rsquo;oreille (circum-aural)<\/li>\n<li class=\"keypoints__item\" role=\"listitem\">Contr\u00f4lez la musique, les appels et les assistants vocaux<\/li>\n<li class=\"keypoints__item keypoints__item--advantage\" role=\"listitem\"><strong>Le + :<\/strong> Les commandes tactiles sur l&rsquo;oreillette pour plus de praticit\u00e9.<\/li>\n<\/ul>\n<\/div>","protected":false},"featured_media":92350,"template":"","meta":{"_glsr_average":0,"_glsr_ranking":0,"_glsr_reviews":0},"product_cat":[516],"product_tag":[517,451],"class_list":{"0":"post-92351","1":"product","2":"type-product","3":"status-publish","4":"has-post-thumbnail","6":"product_cat-casque-audio","7":"product_tag-casque-audio","8":"product_tag-tv-image-son","10":"first","11":"instock","12":"sale","13":"shipping-taxable","14":"purchasable","15":"product-type-simple"},"_links":{"self":[{"href":"https:\/\/electromenagerexpress.com\/en\/wp-json\/wp\/v2\/product\/92351","targetHints":{"allow":["GET"]}}],"collection":[{"href":"https:\/\/electromenagerexpress.com\/en\/wp-json\/wp\/v2\/product"}],"about":[{"href":"https:\/\/electromenagerexpress.com\/en\/wp-json\/wp\/v2\/types\/product"}],"wp:featuredmedia":[{"embeddable":true,"href":"https:\/\/electromenagerexpress.com\/en\/wp-json\/wp\/v2\/media\/92350"}],"wp:attachment":[{"href":"https:\/\/electromenagerexpress.com\/en\/wp-json\/wp\/v2\/media?parent=92351"}],"wp:term":[{"taxonomy":"product_cat","embeddable":true,"href":"https:\/\/electromenagerexpress.com\/en\/wp-json\/wp\/v2\/product_cat?post=92351"},{"taxonomy":"product_tag","embeddable":true,"href":"https:\/\/electromenagerexpress.com\/en\/wp-json\/wp\/v2\/product_tag?post=92351"}],"curies":[{"name":"wp","href":"https:\/\/api.w.org\/{rel}","templated":true}]}}