{"id":92345,"date":"2024-11-24T18:18:28","date_gmt":"2024-11-24T18:18:28","guid":{"rendered":"https:\/\/electromenagerexpress.com\/product\/casquebowers-and-wilkinspx-space-grey-reconditionne\/"},"modified":"2024-12-29T11:15:52","modified_gmt":"2024-12-29T11:15:52","slug":"casquebowers-and-wilkinspx-space-grey-reconditionne","status":"publish","type":"product","link":"https:\/\/electromenagerexpress.com\/en\/product\/casquebowers-and-wilkinspx-space-grey-reconditionne\/","title":{"rendered":"Casque BOWERS AND WILKINS PX Space Grey Reconditionn\u00e9"},"content":{"rendered":"<div class=\"product-features__content\">\n<ul role=\"list\">\n<li class=\"product-features__item\" role=\"listitem\">\n<h3 class=\"product-features__label\">Autonomie &amp; alimentation<\/h3>\n<ul role=\"list\">\n<li class=\"product-features__item-list__item\" role=\"listitem\"><span class=\"is--medium\">Autonomie totale :<\/span> jusqu&rsquo;\u00e0 22h<\/li>\n<\/ul>\n<\/li>\n<li class=\"product-features__item\" role=\"listitem\">\n<h3 class=\"product-features__label\">Fonctionnalit\u00e9s du casque<\/h3>\n<ul role=\"list\">\n<li class=\"product-features__item-list__item\" role=\"listitem\"><span class=\"is--medium\">R\u00e9duction de bruit active :<\/span> oui, permet d&rsquo;activer ou d\u00e9sactiver pour entendre les sons ambiants<\/li>\n<\/ul>\n<\/li>\n<li class=\"product-features__item\" role=\"listitem\">\n<h3 class=\"product-features__label\">Qualit\u00e9 audio et personnalisation du son<\/h3>\n<ul role=\"list\">\n<li class=\"product-features__item-list__item\" role=\"listitem\"><span class=\"is--medium\">R\u00e9ponse en fr\u00e9quence :<\/span> 10 \u00e0 20 000 Hz<\/li>\n<li class=\"product-features__item-list__item\" role=\"listitem\"><span class=\"is--medium\">Le saviez-vous ? :<\/span> Plus le premier chiffre est bas, plus les \u00e9couteurs pourront restituer des sons graves ; plus le deuxi\u00e8me chiffre est \u00e9lev\u00e9, plus ils pourront restituer des sons aigus<\/li>\n<li class=\"product-features__item-list__item\" role=\"listitem\"><span class=\"is--medium\">Sensibilit\u00e9 (dB) :<\/span> 111<\/li>\n<\/ul>\n<\/li>\n<li class=\"product-features__item\" role=\"listitem\">\n<h3 class=\"product-features__label\">Connectivit\u00e9<\/h3>\n<ul role=\"list\">\n<li class=\"product-features__item-list__item\" role=\"listitem\"><span class=\"is--medium\">Bluetooth :<\/span> Oui<\/li>\n<\/ul>\n<\/li>\n<li class=\"product-features__item\" role=\"listitem\">\n<h3 class=\"product-features__label\">Confort d&rsquo;utilisation<\/h3>\n<ul role=\"list\">\n<li class=\"product-features__item-list__item\" role=\"listitem\"><span class=\"is--medium\">Confort d&rsquo;\u00e9coute :<\/span> circum aural, il englobe l&rsquo;oreille<\/li>\n<li class=\"product-features__item-list__item\" role=\"listitem\"><span class=\"is--medium\">Indice d&rsquo;\u00e9tanch\u00e9it\u00e9 :<\/span> Non communiqu\u00e9<\/li>\n<\/ul>\n<\/li>\n<li class=\"product-features__item\" role=\"listitem\">\n<h3 class=\"product-features__label\">Dimensions<\/h3>\n<ul role=\"list\">\n<li class=\"product-features__item-list__item\" role=\"listitem\"><span class=\"is--medium\">Poids :<\/span> 335 g<\/li>\n<\/ul>\n<\/li>\n<li class=\"product-features__item\" role=\"listitem\">\n<h3 class=\"product-features__label\">Informations compl\u00e9mentaires<\/h3>\n<ul role=\"list\">\n<li class=\"product-features__item-list__item\" role=\"listitem\"><span class=\"is--medium\">R\u00e9f\u00e9rence constructeur :<\/span> PX Space Grey<\/li>\n<li class=\"product-features__item-list__item\" role=\"listitem\"><span class=\"is--medium\">Marque :<\/span> BOWERS AND WILKINS<\/li>\n<\/ul>\n<\/li>\n<\/ul>\n<\/div>\n<div class=\"product__disclosure-content\">\n<div class=\"js-read-more product-description__content read-more read-more--truncated\" style=\"max-height: 500px;overflow: hidden\" data-read-more-name=\"description\">\n<p>Peu encombrant mais tr\u00e8s pratique, le casque + Micro B&amp;W PX Space Grey s&rsquo;impose comme un essentiel des amateurs de musique. Avec ses diff\u00e9rents filtres, il offre une \u00e9coute adapt\u00e9e en fonction de l&rsquo;environnement dans lequel vous \u00eates. Vous ne pourrez bient\u00f4t plus vous passer de ses performances remarquables et de ses capteurs intelligents.<\/p>\n<h3>Une exp\u00e9rience sonore remarquable<img fetchpriority=\"high\" decoding=\"async\" class=\"wy_tableau_gauche\" src=\"https:\/\/boulanger.scene7.com\/is\/image\/Boulanger\/0714346328918_p1?wid=400&amp;hei=270\" alt=\"Casque + Micro B&amp;W PX Space Grey\" width=\"400\" height=\"270\" \/><\/h3>\n<p>Le casque + Micro B&amp;W PX Space Grey est un appareil enti\u00e8rement num\u00e9rique, qui utilise le syst\u00e8me de transmission dernier cri <b>Bluetooth aptX HD<\/b>. Ainsi, la r\u00e9solution audio est exceptionnelle, atteignant les 24 bits et d\u00e9voilant une reproduction extr\u00eamement pr\u00e9cise.<\/p>\n<p>Pour vous offrir une exp\u00e9rience unique et personnalis\u00e9e, <b>ce casque int\u00e8gre des capteurs<\/b>. Si vous soulevez une oreillette pour parler ou bien si vous accrochez votre appareil autour de votre cou, il met automatiquement la musique en pause. La lecture reprend lorsque vous \u00eates \u00e0 nouveau pr\u00eat \u00e0 \u00e9couter.<\/p>\n<h3>Un casque fiable pour une \u00e9coute privil\u00e9gi\u00e9e<img decoding=\"async\" class=\"wy_tableau_right\" src=\"https:\/\/boulanger.scene7.com\/is\/image\/Boulanger\/0714346328918_p2?wid=400&amp;hei=270\" alt=\"Casque + Micro B&amp;W PX Space Grey\" width=\"400\" height=\"270\" \/><\/h3>\n<p>Gr\u00e2ce au casque B&amp;W PX Space Grey, vous profitez d&rsquo;une \u00e9coute avec <b>r\u00e9duction de bruit active<\/b>. Les <b>3 filtres d&rsquo;environnement<\/b> que propose ce mod\u00e8le permettent une isolation notable, que vous soyez en avion, en ville ou encore au bureau.<\/p>\n<p>L\u00e9ger et robuste, cet appareil vous promet <b>jusqu&rsquo;\u00e0 22h d&rsquo;autonomie<\/b> sans-fil et \u00e0 partir d&rsquo;une seule charge. Il vous donne donc la possibilit\u00e9 de profiter de votre musique durant presque un jour entier et se fait votre partenaire privil\u00e9gi\u00e9 lors de longs trajets, en avion ou en train.<\/p>\n<\/div>\n<p>&nbsp;<\/p>\n<\/div>","protected":false},"excerpt":{"rendered":"<div class=\"keypoints\">\n<h3 class=\"keypoints__title\">Les points cl\u00e9s<\/h3>\n<ul role=\"list\">\n<li class=\"keypoints__item\" role=\"listitem\">Autonomie totale : jusqu&rsquo;\u00e0 22h<\/li>\n<li class=\"keypoints__item\" role=\"listitem\">R\u00e9duction de bruit active<\/li>\n<li class=\"keypoints__item\" role=\"listitem\">Englobe l&rsquo;oreille (circum-aural)<\/li>\n<li class=\"keypoints__item keypoints__item--advantage\" role=\"listitem\"><strong>Le + :<\/strong> 3 filtres d&rsquo;environnement (avion, ville, bureau) pour une isolation optimale<\/li>\n<\/ul>\n<\/div>","protected":false},"featured_media":92344,"template":"","meta":{"_glsr_average":0,"_glsr_ranking":0,"_glsr_reviews":0},"product_cat":[516],"product_tag":[517,451],"class_list":{"0":"post-92345","1":"product","2":"type-product","3":"status-publish","4":"has-post-thumbnail","6":"product_cat-casque-audio","7":"product_tag-casque-audio","8":"product_tag-tv-image-son","10":"first","11":"instock","12":"sale","13":"shipping-taxable","14":"purchasable","15":"product-type-simple"},"_links":{"self":[{"href":"https:\/\/electromenagerexpress.com\/en\/wp-json\/wp\/v2\/product\/92345","targetHints":{"allow":["GET"]}}],"collection":[{"href":"https:\/\/electromenagerexpress.com\/en\/wp-json\/wp\/v2\/product"}],"about":[{"href":"https:\/\/electromenagerexpress.com\/en\/wp-json\/wp\/v2\/types\/product"}],"wp:featuredmedia":[{"embeddable":true,"href":"https:\/\/electromenagerexpress.com\/en\/wp-json\/wp\/v2\/media\/92344"}],"wp:attachment":[{"href":"https:\/\/electromenagerexpress.com\/en\/wp-json\/wp\/v2\/media?parent=92345"}],"wp:term":[{"taxonomy":"product_cat","embeddable":true,"href":"https:\/\/electromenagerexpress.com\/en\/wp-json\/wp\/v2\/product_cat?post=92345"},{"taxonomy":"product_tag","embeddable":true,"href":"https:\/\/electromenagerexpress.com\/en\/wp-json\/wp\/v2\/product_tag?post=92345"}],"curies":[{"name":"wp","href":"https:\/\/api.w.org\/{rel}","templated":true}]}}