{"id":92325,"date":"2024-11-24T18:18:07","date_gmt":"2024-11-24T18:18:07","guid":{"rendered":"https:\/\/electromenagerexpress.com\/product\/casquejvcha-s100n\/"},"modified":"2024-12-29T11:23:39","modified_gmt":"2024-12-29T11:23:39","slug":"casquejvcha-s100n","status":"publish","type":"product","link":"https:\/\/electromenagerexpress.com\/en\/product\/casquejvcha-s100n\/","title":{"rendered":"Casque JVC HA-S100N"},"content":{"rendered":"<div class=\"product-features__content\">\n<ul role=\"list\">\n<li class=\"product-features__item\" role=\"listitem\">\n<h3 class=\"product-features__label\">Autonomie &amp; alimentation<\/h3>\n<ul role=\"list\">\n<li class=\"product-features__item-list__item\" role=\"listitem\"><span class=\"is--medium\">Autonomie totale :<\/span> jusqu&rsquo;\u00e0 25h<\/li>\n<li class=\"product-features__item-list__item\" role=\"listitem\"><span class=\"is--medium\">Autonomie en mode R\u00e9duction de bruit active (ANC) :<\/span> Aucune<\/li>\n<li class=\"product-features__item-list__item\" role=\"listitem\"><span class=\"is--medium\">Charge rapide :<\/span> non concern\u00e9<\/li>\n<\/ul>\n<\/li>\n<li class=\"product-features__item\" role=\"listitem\">\n<h3 class=\"product-features__label\">Fonctionnalit\u00e9s du casque<\/h3>\n<ul role=\"list\">\n<li class=\"product-features__item-list__item\" role=\"listitem\"><span class=\"is--medium\">Commandes tactiles :<\/span> Non concern\u00e9<\/li>\n<li class=\"product-features__item-list__item\" role=\"listitem\"><span class=\"is--medium\">Mode de contr\u00f4le :<\/span> boutons<\/li>\n<li class=\"product-features__item-list__item\" role=\"listitem\"><span class=\"is--medium\">R\u00e9duction de bruit active :<\/span> oui, permet d&rsquo;activer ou d\u00e9sactiver pour entendre les sons ambiants<\/li>\n<li class=\"product-features__item-list__item\" role=\"listitem\"><span class=\"is--medium\">Kit mains-libres :<\/span> oui, le microphone int\u00e9gr\u00e9 permet de passer des appels<\/li>\n<\/ul>\n<\/li>\n<li class=\"product-features__item\" role=\"listitem\">\n<h3 class=\"product-features__label\">Qualit\u00e9 audio et personnalisation du son<\/h3>\n<ul role=\"list\">\n<li class=\"product-features__item-list__item\" role=\"listitem\"><span class=\"is--medium\">R\u00e9ponse en fr\u00e9quence :<\/span> 5 \u00e0 40 000 Hz<\/li>\n<li class=\"product-features__item-list__item\" role=\"listitem\"><span class=\"is--medium\">Le saviez-vous ? :<\/span> Plus le premier chiffre est bas, plus les \u00e9couteurs pourront restituer des sons graves ; plus le deuxi\u00e8me chiffre est \u00e9lev\u00e9, plus ils pourront restituer des sons aigus<\/li>\n<li class=\"product-features__item-list__item\" role=\"listitem\"><span class=\"is--medium\">Sensibilit\u00e9 (dB) :<\/span> 90<\/li>\n<li class=\"product-features__item-list__item\" role=\"listitem\"><span class=\"is--medium\">Personnalisation via l&rsquo;application :<\/span> Non concern\u00e9<\/li>\n<\/ul>\n<\/li>\n<li class=\"product-features__item\" role=\"listitem\">\n<h3 class=\"product-features__label\">Connectiques<\/h3>\n<ul role=\"list\">\n<li class=\"product-features__item-list__item\" role=\"listitem\"><span class=\"is--medium\">Connectique de charge :<\/span> Non concern\u00e9<\/li>\n<li class=\"product-features__item-list__item\" role=\"listitem\"><span class=\"is--medium\">Connectique audio :<\/span> Jack 3.5 mm<\/li>\n<\/ul>\n<\/li>\n<li class=\"product-features__item\" role=\"listitem\">\n<h3 class=\"product-features__label\">Connectivit\u00e9<\/h3>\n<ul role=\"list\">\n<li class=\"product-features__item-list__item\" role=\"listitem\"><span class=\"is--medium\">Filaire :<\/span> Oui<\/li>\n<li class=\"product-features__item-list__item\" role=\"listitem\"><span class=\"is--medium\">Bluetooth :<\/span> Oui<\/li>\n<li class=\"product-features__item-list__item\" role=\"listitem\"><span class=\"is--medium\">Type de Bluetooth :<\/span> 5.1<\/li>\n<li class=\"product-features__item-list__item\" role=\"listitem\"><span class=\"is--medium\">Compatibilit\u00e9 assistant vocal :<\/span> Oui<\/li>\n<li class=\"product-features__item-list__item\" role=\"listitem\"><span class=\"is--medium\">Type de connexion :<\/span> Bluetooth<\/li>\n<\/ul>\n<\/li>\n<li class=\"product-features__item\" role=\"listitem\">\n<h3 class=\"product-features__label\">Confort d&rsquo;utilisation<\/h3>\n<ul role=\"list\">\n<li class=\"product-features__item-list__item\" role=\"listitem\"><span class=\"is--medium\">Confort d&rsquo;\u00e9coute :<\/span> circum aural, il englobe l&rsquo;oreille<\/li>\n<li class=\"product-features__item-list__item\" role=\"listitem\"><span class=\"is--medium\">Indice d&rsquo;\u00e9tanch\u00e9it\u00e9 :<\/span> Non concern\u00e9<\/li>\n<li class=\"product-features__item-list__item\" role=\"listitem\"><span class=\"is--medium\">Facilit\u00e9 de rangement :<\/span> pliable<\/li>\n<li class=\"product-features__item-list__item\" role=\"listitem\"><span class=\"is--medium\">Oreillettes pivotantes :<\/span> Oui<\/li>\n<\/ul>\n<\/li>\n<li class=\"product-features__item\" role=\"listitem\">\n<h3 class=\"product-features__label\">Dimensions<\/h3>\n<ul role=\"list\">\n<li class=\"product-features__item-list__item\" role=\"listitem\"><span class=\"is--medium\">Poids :<\/span> 270 g<\/li>\n<\/ul>\n<\/li>\n<li class=\"product-features__item\" role=\"listitem\">\n<h3 class=\"product-features__label\">Informations compl\u00e9mentaires<\/h3>\n<ul role=\"list\">\n<li class=\"product-features__item-list__item\" role=\"listitem\"><span class=\"is--medium\">R\u00e9f\u00e9rence constructeur :<\/span> HA-S100N<\/li>\n<li class=\"product-features__item-list__item\" role=\"listitem\"><span class=\"is--medium\">Marque :<\/span> JVC<\/li>\n<li class=\"product-features__item-list__item\" role=\"listitem\"><span class=\"is--medium\">Disponibilit\u00e9 des pi\u00e8ces d\u00e9tach\u00e9es (donn\u00e9es fournisseur) :<\/span> Non communiqu\u00e9e<\/li>\n<li class=\"product-features__item-list__item\" role=\"listitem\"><span class=\"is--medium\">Fabriqu\u00e9 en :<\/span> Chine<\/li>\n<\/ul>\n<\/li>\n<\/ul>\n<\/div>\n<div class=\"product__disclosure-content\">\n<div class=\"js-read-more product-description__content read-more read-more--truncated\" style=\"max-height: 500px;overflow: hidden\" data-read-more-name=\"description\">\n<p>Casque JVC HA-S100N : reproduction sonore de haute qualit\u00e9 et ergonomie<\/p>\n<p>Le casque JVC HA-S100N vous tient compagnie au quotidien pour agr\u00e9menter vos journ\u00e9es avec de la sonorit\u00e9 raffin\u00e9e, profonde et \u00e9pur\u00e9e. Ce mod\u00e8le pliable et compact est dot\u00e9 d&rsquo;un mode Bass Boost qui vous permet de ressentir la musique dans tout votre \u00eatre. La r\u00e9duction de bruit efficace favorise en outre une v\u00e9ritable immersion. L&rsquo;immersion et le confort sont d&rsquo;autant plus effectifs que le dispositif est \u00e9quip\u00e9 de coussinets en cuir de haute qualit\u00e9 et qu&rsquo;il a une conception circumaurale. Lisez absolument la suite pour d\u00e9couvrir cette petite merveille audiophile.<\/p>\n<p>JVC HA-S100N : mode r\u00e9duction de bruit active pour une bonne isolation sonore<\/p>\n<p>La r\u00e9duction de bruit active de ce mod\u00e8le hybride ne tol\u00e8re aucune distraction sonore. Un microphone est embarqu\u00e9 pour capter une vari\u00e9t\u00e9 de bruits environnants pour cela. Un traitement m\u00e9ticuleux du son est en outre op\u00e9r\u00e9 afin que l&rsquo;image sonore soit empreinte de profondeur et de nettet\u00e9. La fonction de r\u00e9duction de bruit peut \u00eatre activ\u00e9e tout simplement en appuyant simultan\u00e9ment avec deux doigts sur l&rsquo;oreillette. Toutefois, le mode \u00ab\u00a0Ambient Sound\u00a0\u00bb vous permet de vous reconnecter rapidement \u00e0 l&rsquo;environnement ext\u00e9rieur sans \u00f4ter le casque. Profitez donc d&rsquo;une utilisation pratique !<\/p>\n<p>Son de premi\u00e8re qualit\u00e9, autonomie de 25 heures, Google Assistant et commandes tactiles<\/p>\n<p>La qualit\u00e9 sonore de ce dispositif ne manquera pas de vous s\u00e9duire. Une r\u00e9ponse en fr\u00e9quence allant de 5 Hz \u00e0 40 kHz est offerte pour vous assurer la restitution efficace de tous les registres.<\/p>\n<p>Au quotidien, ce mod\u00e8le vous accompagne partout en vous gratifiant de longues heures d&rsquo;\u00e9coute gr\u00e2ce \u00e0 son autonomie de 25 heures, ou de 22 heures si le mode de r\u00e9duction de bruit est actif.<\/p>\n<p>La compatibilit\u00e9 avec Google Assistant vous facilite par ailleurs la vie. Vous pouvez passer des appels, lancer la lecture de votre playlist pr\u00e9f\u00e9r\u00e9e ou demander par exemple la m\u00e9t\u00e9o sans utiliser vos mains. Utilisez juste la fonction \u00ab\u00a0toucher et parler\u00a0\u00bb pour cela. Les commandes tactiles sont toujours pr\u00e9sentes si vous ne d\u00e9sirez pas utiliser l&rsquo;assistant Google.<\/p>\n<p>Que dire ? Il ne vous reste plus qu&rsquo;\u00e0 exp\u00e9rimenter une exp\u00e9rience audiophile jouissive en choisissant le casque JVC HA-S100N.<\/p>\n<\/div>\n<p>&nbsp;<\/p>\n<\/div>","protected":false},"excerpt":{"rendered":"<div class=\"keypoints\">\n<h3 class=\"keypoints__title\">Les points cl\u00e9s<\/h3>\n<ul role=\"list\">\n<li class=\"keypoints__item\" role=\"listitem\">Autonomie totale : jusqu&rsquo;\u00e0 25h &#8211; Filaire<\/li>\n<li class=\"keypoints__item\" role=\"listitem\">R\u00e9duction de bruit active<\/li>\n<li class=\"keypoints__item\" role=\"listitem\">Englobe l&rsquo;oreille (circum-aural)<\/li>\n<\/ul>\n<\/div>","protected":false},"featured_media":92324,"template":"","meta":{"_glsr_average":0,"_glsr_ranking":0,"_glsr_reviews":0},"product_cat":[516],"product_tag":[517,451],"class_list":{"0":"post-92325","1":"product","2":"type-product","3":"status-publish","4":"has-post-thumbnail","6":"product_cat-casque-audio","7":"product_tag-casque-audio","8":"product_tag-tv-image-son","10":"first","11":"instock","12":"sale","13":"shipping-taxable","14":"purchasable","15":"product-type-simple"},"_links":{"self":[{"href":"https:\/\/electromenagerexpress.com\/en\/wp-json\/wp\/v2\/product\/92325","targetHints":{"allow":["GET"]}}],"collection":[{"href":"https:\/\/electromenagerexpress.com\/en\/wp-json\/wp\/v2\/product"}],"about":[{"href":"https:\/\/electromenagerexpress.com\/en\/wp-json\/wp\/v2\/types\/product"}],"wp:featuredmedia":[{"embeddable":true,"href":"https:\/\/electromenagerexpress.com\/en\/wp-json\/wp\/v2\/media\/92324"}],"wp:attachment":[{"href":"https:\/\/electromenagerexpress.com\/en\/wp-json\/wp\/v2\/media?parent=92325"}],"wp:term":[{"taxonomy":"product_cat","embeddable":true,"href":"https:\/\/electromenagerexpress.com\/en\/wp-json\/wp\/v2\/product_cat?post=92325"},{"taxonomy":"product_tag","embeddable":true,"href":"https:\/\/electromenagerexpress.com\/en\/wp-json\/wp\/v2\/product_tag?post=92325"}],"curies":[{"name":"wp","href":"https:\/\/api.w.org\/{rel}","templated":true}]}}