{"id":92305,"date":"2024-11-24T18:17:44","date_gmt":"2024-11-24T18:17:44","guid":{"rendered":"https:\/\/electromenagerexpress.com\/product\/casqueboseheadphones-700-noir-reconditionne\/"},"modified":"2024-12-29T11:26:50","modified_gmt":"2024-12-29T11:26:50","slug":"casqueboseheadphones-700-noir-reconditionne","status":"publish","type":"product","link":"https:\/\/electromenagerexpress.com\/en\/product\/casqueboseheadphones-700-noir-reconditionne\/","title":{"rendered":"Casque BOSE Headphones 700 Noir Reconditionn\u00e9"},"content":{"rendered":"<div class=\"product-features__content\">\n<ul role=\"list\">\n<li class=\"product-features__item\" role=\"listitem\">\n<h3 class=\"product-features__label\">Autonomie &amp; alimentation<\/h3>\n<ul role=\"list\">\n<li class=\"product-features__item-list__item\" role=\"listitem\"><span class=\"is--medium\">Autonomie totale :<\/span> jusqu&rsquo;\u00e0 20h<\/li>\n<li class=\"product-features__item-list__item\" role=\"listitem\"><span class=\"is--medium\">Charge rapide :<\/span> 15min de charge pour 2h d&rsquo;autonomie<\/li>\n<\/ul>\n<\/li>\n<li class=\"product-features__item\" role=\"listitem\">\n<h3 class=\"product-features__label\">Fonctionnalit\u00e9s du casque<\/h3>\n<ul role=\"list\">\n<li class=\"product-features__item-list__item\" role=\"listitem\"><span class=\"is--medium\">Commandes tactiles :<\/span> Appels + musique<\/li>\n<li class=\"product-features__item-list__item\" role=\"listitem\"><span class=\"is--medium\">Mode de contr\u00f4le :<\/span> tactile<\/li>\n<li class=\"product-features__item-list__item\" role=\"listitem\"><span class=\"is--medium\">R\u00e9duction de bruit active :<\/span> oui, permet d&rsquo;activer ou d\u00e9sactiver pour entendre les sons ambiants<\/li>\n<li class=\"product-features__item-list__item\" role=\"listitem\"><span class=\"is--medium\">Mode bruit ambiant :<\/span> oui, amplifie les bruits ambiants pour vous permettre d&rsquo;entendre mieux votre environnement<\/li>\n<li class=\"product-features__item-list__item\" role=\"listitem\"><span class=\"is--medium\">Mode conversation :<\/span> oui, permet de mener une conversation sans enlever le casque<\/li>\n<li class=\"product-features__item-list__item\" role=\"listitem\"><span class=\"is--medium\">Kit mains-libres :<\/span> oui, le microphone int\u00e9gr\u00e9 permet de passer des appels<\/li>\n<\/ul>\n<\/li>\n<li class=\"product-features__item\" role=\"listitem\">\n<h3 class=\"product-features__label\">Qualit\u00e9 audio et personnalisation du son<\/h3>\n<ul role=\"list\">\n<li class=\"product-features__item-list__item\" role=\"listitem\"><span class=\"is--medium\">R\u00e9ponse en fr\u00e9quence :<\/span> 3 \u00e0 100 000 Hz<\/li>\n<li class=\"product-features__item-list__item\" role=\"listitem\"><span class=\"is--medium\">Le saviez-vous ? :<\/span> Plus le premier chiffre est bas, plus les \u00e9couteurs pourront restituer des sons graves ; plus le deuxi\u00e8me chiffre est \u00e9lev\u00e9, plus ils pourront restituer des sons aigus<\/li>\n<li class=\"product-features__item-list__item\" role=\"listitem\"><span class=\"is--medium\">Sensibilit\u00e9 (dB) :<\/span> 20<\/li>\n<li class=\"product-features__item-list__item\" role=\"listitem\"><span class=\"is--medium\">R\u00e9glage du niveau de r\u00e9duction de bruit :<\/span> Oui<\/li>\n<li class=\"product-features__item-list__item\" role=\"listitem\"><span class=\"is--medium\">Personnalisation via l&rsquo;application :<\/span> Personnalisez le son et la r\u00e9duction de bruit<\/li>\n<li class=\"product-features__item-list__item\" role=\"listitem\"><span class=\"is--medium\">Application d\u00e9di\u00e9e :<\/span> Bose Music<\/li>\n<\/ul>\n<\/li>\n<li class=\"product-features__item\" role=\"listitem\">\n<h3 class=\"product-features__label\">Connectiques<\/h3>\n<ul role=\"list\">\n<li class=\"product-features__item-list__item\" role=\"listitem\"><span class=\"is--medium\">Connectique de charge :<\/span> USB Type-C<\/li>\n<li class=\"product-features__item-list__item\" role=\"listitem\"><span class=\"is--medium\">Connectique audio :<\/span> Non concern\u00e9<\/li>\n<\/ul>\n<\/li>\n<li class=\"product-features__item\" role=\"listitem\">\n<h3 class=\"product-features__label\">Connectivit\u00e9<\/h3>\n<ul role=\"list\">\n<li class=\"product-features__item-list__item\" role=\"listitem\"><span class=\"is--medium\">Filaire :<\/span> Non<\/li>\n<li class=\"product-features__item-list__item\" role=\"listitem\"><span class=\"is--medium\">Bluetooth :<\/span> Oui<\/li>\n<li class=\"product-features__item-list__item\" role=\"listitem\"><span class=\"is--medium\">Type de Bluetooth :<\/span> 5<\/li>\n<li class=\"product-features__item-list__item\" role=\"listitem\"><span class=\"is--medium\">Compatibilit\u00e9 assistant vocal :<\/span> Oui<\/li>\n<li class=\"product-features__item-list__item\" role=\"listitem\"><span class=\"is--medium\">Connexion multipoint :<\/span> oui, permet de connecter le casque \u00e0 plusieurs appareils ( PC, tablette, smartphone ) sans avoir \u00e0 les reconnecter \u00e0 chaque fois<\/li>\n<li class=\"product-features__item-list__item\" role=\"listitem\"><span class=\"is--medium\">Type de connexion :<\/span> Bluetooth<\/li>\n<\/ul>\n<\/li>\n<li class=\"product-features__item\" role=\"listitem\">\n<h3 class=\"product-features__label\">Confort d&rsquo;utilisation<\/h3>\n<ul role=\"list\">\n<li class=\"product-features__item-list__item\" role=\"listitem\"><span class=\"is--medium\">Confort d&rsquo;\u00e9coute :<\/span> circum aural, il englobe l&rsquo;oreille<\/li>\n<li class=\"product-features__item-list__item\" role=\"listitem\"><span class=\"is--medium\">Indice d&rsquo;\u00e9tanch\u00e9it\u00e9 :<\/span> IPX4 : Protection contre les projections d&rsquo;eau<\/li>\n<li class=\"product-features__item-list__item\" role=\"listitem\"><span class=\"is--medium\">Facilit\u00e9 de rangement :<\/span> rangement \u00e0 plat<\/li>\n<li class=\"product-features__item-list__item\" role=\"listitem\"><span class=\"is--medium\">Mati\u00e8re des coussinets :<\/span> Cuir synth\u00e9tique<\/li>\n<\/ul>\n<\/li>\n<li class=\"product-features__item\" role=\"listitem\">\n<h3 class=\"product-features__label\">Dimensions<\/h3>\n<ul role=\"list\">\n<li class=\"product-features__item-list__item\" role=\"listitem\"><span class=\"is--medium\">Dimensions l x h x p :<\/span> 16.51 x 20.3 x 5.1 cm<\/li>\n<li class=\"product-features__item-list__item\" role=\"listitem\"><span class=\"is--medium\">Poids :<\/span> 252 g<\/li>\n<\/ul>\n<\/li>\n<li class=\"product-features__item\" role=\"listitem\">\n<h3 class=\"product-features__label\">Informations compl\u00e9mentaires<\/h3>\n<ul role=\"list\">\n<li class=\"product-features__item-list__item\" role=\"listitem\"><span class=\"is--medium\">R\u00e9f\u00e9rence constructeur :<\/span> Headphones 700 Noir<\/li>\n<li class=\"product-features__item-list__item\" role=\"listitem\"><span class=\"is--medium\">Marque :<\/span> BOSE<\/li>\n<li class=\"product-features__item-list__item\" role=\"listitem\"><span class=\"is--medium\">Fabriqu\u00e9 en :<\/span> Chine<\/li>\n<\/ul>\n<\/li>\n<\/ul>\n<\/div>\n<div class=\"product__disclosure-content\">\n<div class=\"js-read-more product-description__content read-more read-more--truncated\" style=\"max-height: 500px;overflow: hidden\" data-read-more-name=\"description\">\n<p>Bose d\u00e9voile le Headphones 700, son nouveau casque \u00e0 r\u00e9duction de bruit active encore plus l\u00e9ger, plus \u00e9pur\u00e9, plus confortable et avec des fonctionnalit\u00e9s in\u00e9dites.<\/p>\n<p>Dot\u00e9 d&rsquo;un syst\u00e8me de microphone in\u00e9gal\u00e9, de la r\u00e9duction de bruit modulable, de commande tactiles intuitives, de fonctionnalit\u00e9s intelligentes comme Bose AR et l&rsquo;acc\u00e8s facilit\u00e9 \u00e0 vos assistants vocaux, le Bose Headphones 700 est un v\u00e9ritable concentr\u00e9 de technologie, \u00e0 votre service.<\/p>\n<p><img fetchpriority=\"high\" decoding=\"async\" src=\"https:\/\/boulanger.scene7.com\/is\/image\/Boulanger\/0017817796163_h_z_l_0?wid=1000\" alt=\"URL SCENE7\" width=\"1000\" height=\"667\" \/><\/p>\n<p><strong>LE SAVOIR-FAIRE DE BOSE POUR UNE GESTION DU SON INCOMPARABLE<\/strong><\/p>\n<p>Le Bose Noise Cancelling Headphones 700 est un casque anti-bruit qui dispose de fonctionnalit\u00e9s intelligentes et de composants performants et fiables, pour une gestion sonore de premier plan. \u00a0Quel que soit le volume sonore, l&rsquo;\u00e9coute est immersive gr\u00e2ce \u00e0 l&rsquo;\u00e9galisation active et la restitution fid\u00e8le des graves.<\/p>\n<p>Que vous ayez besoin de vous concentrer ou que vous souhaitiez rester connect\u00e9 au monde qui vous entoure, le Bose Headphones 700 dispose de 11 niveaux de r\u00e9duction de bruit contr\u00f4lables depuis l&rsquo;application mobile. En cas de besoin, le mode conversation s&rsquo;active d&rsquo;une simple pression sur un bouton pour mettre votre musique en pause et d\u00e9sactiver la r\u00e9duction de bruit.<\/p>\n<p><img decoding=\"async\" src=\"https:\/\/boulanger.scene7.com\/is\/image\/Boulanger\/0017817796163_h_z_l_11?wid=1000\" alt=\"URL SCENE7\" width=\"1000\" height=\"496\" \/><\/p>\n<p>En plus d&rsquo;entendre comme jamais auparavant, vous \u00eates parfaitement audible, m\u00eame au milieu de la foule. Le syst\u00e8me unique de 4 microphones est capable d&rsquo;identifier et d&rsquo;isoler votre voix pour r\u00e9duire les bruits environnants. Recevez vos appels en toute s\u00e9r\u00e9nit\u00e9, vous disposez du syst\u00e8me de micro le plus puissant qui soit pour la capture vocale.<\/p>\n<p><strong>DESIGN \u00c9PUR\u00c9, CONFORT INCOMPARABLE ET COMMANDES TACTILES \u00a0<\/strong><\/p>\n<p>Imagin\u00e9 pour \u00eatre incroyablement intuitif et vous accompagner au quotidien, le casque \u00e0 r\u00e9duction de bruit Headphones 700 place r\u00e9volutionne l&rsquo;exp\u00e9rience d&rsquo;\u00e9coute, et cela passe notamment par le confort et l&rsquo;ergonomie. Son design particuli\u00e8rement soign\u00e9 et \u00e9pur\u00e9 arbore un arceau en acier inoxydable r\u00e9sistant, sans jointures, avec de la mousse ultra-douce \u00e0 l&rsquo;int\u00e9rieur pour garantir un confort optimal, m\u00eame pendant des heures. Les \u00e9couteurs en cuir de haute qualit\u00e9 sont con\u00e7us pour \u00e9pouser parfaitement la forme de votre t\u00eate et s&rsquo;adapter \u00e0 vos oreilles.<\/p>\n<p><img decoding=\"async\" src=\"https:\/\/boulanger.scene7.com\/is\/image\/Boulanger\/0017817796163_h_z_l_3?wid=1000\" alt=\"URL SCENE7\" width=\"1000\" height=\"667\" \/>G\u00e9rez les pistes, le volume, et les appels t\u00e9l\u00e9phonique avec les commandes tactiles intuitives, situ\u00e9es sur l&rsquo;\u00e9couteur droit. Gr\u00e2ce \u00e0 ces commandes, restez connect\u00e9 et contr\u00f4lez facilement votre musique, sans avoir besoin de sortir votre smartphone. Cette touche tactile peut \u00eatre configur\u00e9e et personnalis\u00e9e depuis l&rsquo;application Bose Music.<\/p>\n<p><strong>ASSISTANTS VOCAUX ET R\u00c9ALIT\u00c9 AUGMENT\u00c9E BOSE AR \u00a0<\/strong><\/p>\n<p>Avec ses fonctionnalit\u00e9s intelligentes, le casque Bose Headphones 700 est capable de r\u00e9pondre \u00e0 toutes vos attentes. Optimis\u00e9 pour l&rsquo;Assistant Google et Amazon Alexa, votre casque vous offre m\u00eame la possibilit\u00e9 de choisir entre ces deux services depuis votre application Bose Music.<\/p>\n<p>Bose AR vous offre une nouvelle exp\u00e9rience avec le monde qui vous entoure. Par le biais d&rsquo;applications mobiles optimis\u00e9es pour Bose AR, votre casque vous propose des contenus adapt\u00e9s au lieu o\u00f9 vous vous trouvez et \u00e0 votre activit\u00e9. Bose AR vous accompagne lorsque vous faites du sport, en voyage, pour apprendre, jouer et bien plus encore. Sans avoir besoin de regarder votre smartphone, vivez une immersion d&rsquo;un nouveau genre.<\/p>\n<p><video class=\"s7Video\" src=\"https:\/\/boulanger.scene7.com\/is\/content\/Boulanger\/0017817796163_v_0\" poster=\"https:\/\/boulanger.scene7.com\/is\/image\/Boulanger\/0017817796163_v_0?scl=1\" preload=\"metadata\" controls=\"controls\" width=\"100%\" height=\"150\"><\/video><\/p>\n<p><img decoding=\"async\" src=\"https:\/\/boulanger.scene7.com\/is\/image\/Boulanger\/EMS-top_AEM_CASQUE_ECOUTEUR?wid=1260\" \/><\/p>\n<\/div>\n<p>Voir plus<\/p>\n<\/div>","protected":false},"excerpt":{"rendered":"<div class=\"keypoints\">\n<h3 class=\"keypoints__title\">Les points cl\u00e9s<\/h3>\n<ul role=\"list\">\n<li class=\"keypoints__item\" role=\"listitem\">Autonomie totale : jusqu&rsquo;\u00e0 20h<\/li>\n<li class=\"keypoints__item\" role=\"listitem\">R\u00e9duction de bruit active<\/li>\n<li class=\"keypoints__item\" role=\"listitem\">Englobe l&rsquo;oreille (circum-aural)<\/li>\n<li class=\"keypoints__item\" role=\"listitem\">Contr\u00f4lez les appels et la musique<\/li>\n<li class=\"keypoints__item keypoints__item--advantage\" role=\"listitem\"><strong>Le + :<\/strong> Personnalisez votre environnement avec 11 niveaux diff\u00e9rents de r\u00e9duction de bruit<\/li>\n<\/ul>\n<\/div>","protected":false},"featured_media":92304,"template":"","meta":{"_glsr_average":0,"_glsr_ranking":0,"_glsr_reviews":0},"product_cat":[516],"product_tag":[517,451],"class_list":{"0":"post-92305","1":"product","2":"type-product","3":"status-publish","4":"has-post-thumbnail","6":"product_cat-casque-audio","7":"product_tag-casque-audio","8":"product_tag-tv-image-son","10":"first","11":"instock","12":"sale","13":"shipping-taxable","14":"purchasable","15":"product-type-simple"},"_links":{"self":[{"href":"https:\/\/electromenagerexpress.com\/en\/wp-json\/wp\/v2\/product\/92305","targetHints":{"allow":["GET"]}}],"collection":[{"href":"https:\/\/electromenagerexpress.com\/en\/wp-json\/wp\/v2\/product"}],"about":[{"href":"https:\/\/electromenagerexpress.com\/en\/wp-json\/wp\/v2\/types\/product"}],"wp:featuredmedia":[{"embeddable":true,"href":"https:\/\/electromenagerexpress.com\/en\/wp-json\/wp\/v2\/media\/92304"}],"wp:attachment":[{"href":"https:\/\/electromenagerexpress.com\/en\/wp-json\/wp\/v2\/media?parent=92305"}],"wp:term":[{"taxonomy":"product_cat","embeddable":true,"href":"https:\/\/electromenagerexpress.com\/en\/wp-json\/wp\/v2\/product_cat?post=92305"},{"taxonomy":"product_tag","embeddable":true,"href":"https:\/\/electromenagerexpress.com\/en\/wp-json\/wp\/v2\/product_tag?post=92305"}],"curies":[{"name":"wp","href":"https:\/\/api.w.org\/{rel}","templated":true}]}}