{"id":92263,"date":"2024-11-24T18:16:56","date_gmt":"2024-11-24T18:16:56","guid":{"rendered":"https:\/\/electromenagerexpress.com\/product\/casquebosesoundlink-on-ear-blanc-reconditionne\/"},"modified":"2024-12-29T11:40:33","modified_gmt":"2024-12-29T11:40:33","slug":"casquebosesoundlink-on-ear-blanc-reconditionne","status":"publish","type":"product","link":"https:\/\/electromenagerexpress.com\/en\/product\/casquebosesoundlink-on-ear-blanc-reconditionne\/","title":{"rendered":"Casque BOSE SoundLink on-ear blanc Reconditionn\u00e9"},"content":{"rendered":"<div class=\"product-features__content\">\n<ul role=\"list\">\n<li class=\"product-features__item\" role=\"listitem\">\n<h3 class=\"product-features__label\">Autonomie &amp; alimentation<\/h3>\n<ul role=\"list\">\n<li class=\"product-features__item-list__item\" role=\"listitem\"><span class=\"is--medium\">Autonomie totale :<\/span> jusqu&rsquo;\u00e0 15h<\/li>\n<\/ul>\n<\/li>\n<li class=\"product-features__item\" role=\"listitem\">\n<h3 class=\"product-features__label\">Qualit\u00e9 audio et personnalisation du son<\/h3>\n<ul role=\"list\">\n<li class=\"product-features__item-list__item\" role=\"listitem\"><span class=\"is--medium\">R\u00e9ponse en fr\u00e9quence :<\/span> Non communiqu\u00e9e<\/li>\n<\/ul>\n<\/li>\n<li class=\"product-features__item\" role=\"listitem\">\n<h3 class=\"product-features__label\">Connectivit\u00e9<\/h3>\n<ul role=\"list\">\n<li class=\"product-features__item-list__item\" role=\"listitem\"><span class=\"is--medium\">Bluetooth :<\/span> Oui<\/li>\n<\/ul>\n<\/li>\n<li class=\"product-features__item\" role=\"listitem\">\n<h3 class=\"product-features__label\">Confort d&rsquo;utilisation<\/h3>\n<ul role=\"list\">\n<li class=\"product-features__item-list__item\" role=\"listitem\"><span class=\"is--medium\">Confort d&rsquo;\u00e9coute :<\/span> supra aural, il se pose sur l&rsquo;oreille et permet de r\u00e9duire la taille, le poids et l&rsquo;encombrement<\/li>\n<li class=\"product-features__item-list__item\" role=\"listitem\"><span class=\"is--medium\">Indice d&rsquo;\u00e9tanch\u00e9it\u00e9 :<\/span> Non communiqu\u00e9<\/li>\n<li class=\"product-features__item-list__item\" role=\"listitem\"><span class=\"is--medium\">Facilit\u00e9 de rangement :<\/span> pliable<\/li>\n<\/ul>\n<\/li>\n<li class=\"product-features__item\" role=\"listitem\">\n<h3 class=\"product-features__label\">Dimensions<\/h3>\n<ul role=\"list\">\n<li class=\"product-features__item-list__item\" role=\"listitem\"><span class=\"is--medium\">Poids :<\/span> 153 g<\/li>\n<\/ul>\n<\/li>\n<li class=\"product-features__item\" role=\"listitem\">\n<h3 class=\"product-features__label\">Informations compl\u00e9mentaires<\/h3>\n<ul role=\"list\">\n<li class=\"product-features__item-list__item\" role=\"listitem\"><span class=\"is--medium\">R\u00e9f\u00e9rence constructeur :<\/span> SoundLink on-ear blanc<\/li>\n<li class=\"product-features__item-list__item\" role=\"listitem\"><span class=\"is--medium\">Marque :<\/span> BOSE<\/li>\n<\/ul>\n<\/li>\n<\/ul>\n<\/div>\n<div class=\"product__disclosure-content\">\n<div class=\"js-read-more product-description__content read-more read-more--truncated\" style=\"max-height: 500px;overflow: hidden\" data-read-more-name=\"description\">\n<p>M\u00e9lomanes exigeants et amateurs de musique nomade au quotidien, le casque BODE Sound Link on-ear est celui que vous cherchez !<\/p>\n<p>&nbsp;<\/p>\n<h3>Des fonctionnalit\u00e9s sans \u00e9gal, pour de v\u00e9ritables moments de plaisir<\/h3>\n<p>&nbsp;<\/p>\n<p class=\"wy_tableau_gauche\"><img decoding=\"async\" src=\"https:\/\/boulanger.scene7.com\/is\/image\/Boulanger\/0017817652513_p1?wid=150&amp;hei=150\" width=\"150\" height=\"150\" \/><\/p>\n<p>Vous n&rsquo;\u00e9couterez plus jamais votre musique comme avant gr\u00e2ce au casque BOSE Sound Link on-ear : hormis une qualit\u00e9 audio exceptionnelle, il vous offre \u00e9galement des basses nettes et puissantes et un son pur, sans distorsion. Le tout dans <b>seulement 153 grammes<\/b> de robustesse et d&rsquo;\u00e9l\u00e9gance.<\/p>\n<p>D\u00e9couvrez les nouveaut\u00e9s BOSE int\u00e9gr\u00e9es dans ce casque Sound Link on-ear, notamment la <b>technologie d&rsquo;\u00e9galisation active et triport<\/b>, pour un son net et puissant. Mais \u00e9galement une v\u00e9ritable interface intuitive, avec une t\u00e9l\u00e9commande et un micro int\u00e9gr\u00e9s ainsi que des messages vocaux qui vous informent du niveau de batterie, pour ne jamais \u00eatre pris au d\u00e9pourvu.<\/p>\n<p>&nbsp;<\/p>\n<h3>Un style in\u00e9galable, v\u00e9ritable concentr\u00e9 de technicit\u00e9 et accessoire de mode<\/h3>\n<p>&nbsp;<\/p>\n<p class=\"wy_tableau_right\"><img decoding=\"async\" src=\"https:\/\/boulanger.scene7.com\/is\/image\/Boulanger\/0017817652513_p2?wid=150&amp;hei=150\" width=\"150\" height=\"150\" \/><\/p>\n<p>Vous serez tr\u00e8s vite s\u00e9duit par ses lignes \u00e9pur\u00e9es, son arceau bien dessin\u00e9, en tissu, et ses finitions d\u00e9licates dans de vraies mati\u00e8res de qualit\u00e9. Les coussinets sont confortables et permettent un port de longue dur\u00e9e : pas de souci gr\u00e2ce \u00e0 sa technologie <b>bluetooth qui fonctionne jusqu&rsquo;\u00e0 10 m\u00e8tres de distance<\/b>, le tout avec une autonomie de 15h ! La batterie n&rsquo;est pas en reste car 15 minutes de charge suffisent pour 2 heures d&rsquo;\u00e9coute : de quoi appr\u00e9cier votre musique et vos vid\u00e9os sans compter.<\/p>\n<p>Et \u00e0 la fin de votre utilisation, pliez son arceau et rangez votre casque dans sa housse de transport : vous pourrez ainsi l&#8217;emmener partout avec vous et sa robustesse vous impressionnera !<\/p>\n<\/div>\n<p>&nbsp;<\/p>\n<\/div>","protected":false},"excerpt":{"rendered":"<div class=\"keypoints\">\n<h3 class=\"keypoints__title\">Les points cl\u00e9s<\/h3>\n<ul role=\"list\">\n<li class=\"keypoints__item\" role=\"listitem\">Autonomie totale : jusqu&rsquo;\u00e0 15h<\/li>\n<li class=\"keypoints__item\" role=\"listitem\">Pose sur l&rsquo;oreille (supra-aural)<\/li>\n<\/ul>\n<\/div>","protected":false},"featured_media":92262,"template":"","meta":{"_glsr_average":0,"_glsr_ranking":0,"_glsr_reviews":0},"product_cat":[516],"product_tag":[517,451],"class_list":{"0":"post-92263","1":"product","2":"type-product","3":"status-publish","4":"has-post-thumbnail","6":"product_cat-casque-audio","7":"product_tag-casque-audio","8":"product_tag-tv-image-son","10":"first","11":"instock","12":"sale","13":"shipping-taxable","14":"purchasable","15":"product-type-simple"},"_links":{"self":[{"href":"https:\/\/electromenagerexpress.com\/en\/wp-json\/wp\/v2\/product\/92263","targetHints":{"allow":["GET"]}}],"collection":[{"href":"https:\/\/electromenagerexpress.com\/en\/wp-json\/wp\/v2\/product"}],"about":[{"href":"https:\/\/electromenagerexpress.com\/en\/wp-json\/wp\/v2\/types\/product"}],"wp:featuredmedia":[{"embeddable":true,"href":"https:\/\/electromenagerexpress.com\/en\/wp-json\/wp\/v2\/media\/92262"}],"wp:attachment":[{"href":"https:\/\/electromenagerexpress.com\/en\/wp-json\/wp\/v2\/media?parent=92263"}],"wp:term":[{"taxonomy":"product_cat","embeddable":true,"href":"https:\/\/electromenagerexpress.com\/en\/wp-json\/wp\/v2\/product_cat?post=92263"},{"taxonomy":"product_tag","embeddable":true,"href":"https:\/\/electromenagerexpress.com\/en\/wp-json\/wp\/v2\/product_tag?post=92263"}],"curies":[{"name":"wp","href":"https:\/\/api.w.org\/{rel}","templated":true}]}}