{"id":92259,"date":"2024-11-24T18:16:52","date_gmt":"2024-11-24T18:16:52","guid":{"rendered":"https:\/\/electromenagerexpress.com\/product\/casquehifimanhe-r10d\/"},"modified":"2024-12-29T11:47:27","modified_gmt":"2024-12-29T11:47:27","slug":"casquehifimanhe-r10d","status":"publish","type":"product","link":"https:\/\/electromenagerexpress.com\/en\/product\/casquehifimanhe-r10d\/","title":{"rendered":"Casque HIFIMAN HE-R10D"},"content":{"rendered":"<div class=\"product-features__content\">\n<ul role=\"list\">\n<li class=\"product-features__item\" role=\"listitem\">\n<h3 class=\"product-features__label\">Autonomie &amp; alimentation<\/h3>\n<ul role=\"list\">\n<li class=\"product-features__item-list__item\" role=\"listitem\"><span class=\"is--medium\">Autonomie totale :<\/span> Aucune<\/li>\n<li class=\"product-features__item-list__item\" role=\"listitem\"><span class=\"is--medium\">Autonomie en mode R\u00e9duction de bruit active (ANC) :<\/span> Aucune<\/li>\n<li class=\"product-features__item-list__item\" role=\"listitem\"><span class=\"is--medium\">Charge rapide :<\/span> non concern\u00e9<\/li>\n<\/ul>\n<\/li>\n<li class=\"product-features__item\" role=\"listitem\">\n<h3 class=\"product-features__label\">Fonctionnalit\u00e9s du casque<\/h3>\n<ul role=\"list\">\n<li class=\"product-features__item-list__item\" role=\"listitem\"><span class=\"is--medium\">Commandes tactiles :<\/span> Non concern\u00e9<\/li>\n<li class=\"product-features__item-list__item\" role=\"listitem\"><span class=\"is--medium\">Mode de contr\u00f4le :<\/span> sur l&rsquo;appareil de lecture<\/li>\n<\/ul>\n<\/li>\n<li class=\"product-features__item\" role=\"listitem\">\n<h3 class=\"product-features__label\">Qualit\u00e9 audio et personnalisation du son<\/h3>\n<ul role=\"list\">\n<li class=\"product-features__item-list__item\" role=\"listitem\"><span class=\"is--medium\">R\u00e9ponse en fr\u00e9quence :<\/span> 16 \u00e0 40 000 Hz<\/li>\n<li class=\"product-features__item-list__item\" role=\"listitem\"><span class=\"is--medium\">Le saviez-vous ? :<\/span> Plus le premier chiffre est bas, plus les \u00e9couteurs pourront restituer des sons graves ; plus le deuxi\u00e8me chiffre est \u00e9lev\u00e9, plus ils pourront restituer des sons aigus<\/li>\n<li class=\"product-features__item-list__item\" role=\"listitem\"><span class=\"is--medium\">Sensibilit\u00e9 (dB) :<\/span> 103<\/li>\n<li class=\"product-features__item-list__item\" role=\"listitem\"><span class=\"is--medium\">Personnalisation via l&rsquo;application :<\/span> Non concern\u00e9<\/li>\n<\/ul>\n<\/li>\n<li class=\"product-features__item\" role=\"listitem\">\n<h3 class=\"product-features__label\">Connectiques<\/h3>\n<ul role=\"list\">\n<li class=\"product-features__item-list__item\" role=\"listitem\"><span class=\"is--medium\">Connectique de charge :<\/span> Non concern\u00e9<\/li>\n<li class=\"product-features__item-list__item\" role=\"listitem\"><span class=\"is--medium\">Connectique audio :<\/span> Jack 3.5 mm<\/li>\n<\/ul>\n<\/li>\n<li class=\"product-features__item\" role=\"listitem\">\n<h3 class=\"product-features__label\">Connectivit\u00e9<\/h3>\n<ul role=\"list\">\n<li class=\"product-features__item-list__item\" role=\"listitem\"><span class=\"is--medium\">Filaire :<\/span> Oui<\/li>\n<li class=\"product-features__item-list__item\" role=\"listitem\"><span class=\"is--medium\">Bluetooth :<\/span> Non<\/li>\n<li class=\"product-features__item-list__item\" role=\"listitem\"><span class=\"is--medium\">Type de Bluetooth :<\/span> non communiqu\u00e9<\/li>\n<li class=\"product-features__item-list__item\" role=\"listitem\"><span class=\"is--medium\">Compatibilit\u00e9 assistant vocal :<\/span> Non<\/li>\n<\/ul>\n<\/li>\n<li class=\"product-features__item\" role=\"listitem\">\n<h3 class=\"product-features__label\">Confort d&rsquo;utilisation<\/h3>\n<ul role=\"list\">\n<li class=\"product-features__item-list__item\" role=\"listitem\"><span class=\"is--medium\">Confort d&rsquo;\u00e9coute :<\/span> circum aural, il englobe l&rsquo;oreille<\/li>\n<li class=\"product-features__item-list__item\" role=\"listitem\"><span class=\"is--medium\">Indice d&rsquo;\u00e9tanch\u00e9it\u00e9 :<\/span> Non concern\u00e9<\/li>\n<li class=\"product-features__item-list__item\" role=\"listitem\"><span class=\"is--medium\">Facilit\u00e9 de rangement :<\/span> rangement \u00e0 plat<\/li>\n<li class=\"product-features__item-list__item\" role=\"listitem\"><span class=\"is--medium\">Oreillettes pivotantes :<\/span> Non<\/li>\n<\/ul>\n<\/li>\n<li class=\"product-features__item\" role=\"listitem\">\n<h3 class=\"product-features__label\">Informations compl\u00e9mentaires<\/h3>\n<ul role=\"list\">\n<li class=\"product-features__item-list__item\" role=\"listitem\"><span class=\"is--medium\">R\u00e9f\u00e9rence constructeur :<\/span> HE-R10D<\/li>\n<li class=\"product-features__item-list__item\" role=\"listitem\"><span class=\"is--medium\">Marque :<\/span> HIFIMAN<\/li>\n<li class=\"product-features__item-list__item\" role=\"listitem\"><span class=\"is--medium\">Disponibilit\u00e9 des pi\u00e8ces d\u00e9tach\u00e9es (donn\u00e9es fournisseur) :<\/span> Non communiqu\u00e9e<\/li>\n<li class=\"product-features__item-list__item\" role=\"listitem\"><span class=\"is--medium\">Fabriqu\u00e9 en :<\/span> Chine<\/li>\n<\/ul>\n<\/li>\n<\/ul>\n<\/div>\n<div class=\"product__disclosure-content\">\n<div class=\"js-read-more product-description__content read-more read-more--truncated\" style=\"max-height: 500px;overflow: hidden\" data-read-more-name=\"description\">\n<p>Le HiFiMAN HE-R10D est un casque hifi circumaural ferm\u00e9 pourvu de superbes coques en bois pur qui restituent une acoustique unique. Ce dispositif exploite des transducteurs dynamiques de 50 mm avec une typologie exclusive de HiFiMAN. Cet \u00e9quipement vous permet de profiter d&rsquo;une sc\u00e8ne sonore \u00e9largie et parfaitement d\u00e9taill\u00e9e. Ses c\u00e2bles mini-jack (3,5 mm et 6,35 mm) et XLR s&rsquo;adaptent ais\u00e9ment \u00e0 vos sources.<\/p>\n<p>De belles coques en bois<\/p>\n<p>Fonctionnelles et \u00e9l\u00e9gantes, les coques du HiFiMAN HE-R10D sont fabriqu\u00e9es en bois dur express\u00e9ment choisi pour ses propri\u00e9t\u00e9s acoustiques. Gr\u00e2ce \u00e0 sa densit\u00e9, ce bois supprime les r\u00e9sonances et reproduit un son naturel et clair. L&rsquo;espace interne est tr\u00e8s vaste et maximise ainsi la chambre acoustique. Ce casque fournit une grande sc\u00e8ne sonore.<\/p>\n<p>15 Hz \u00e0 35 kHz<\/p>\n<p>Chacune des coques en bois renferme un transducteur d&rsquo;un diam\u00e8tre de 50 mm. Ce dernier exploite la technologie du \u00a0\u00bb diaphragme qu&rsquo;on utilise quand on \u00e9coute des \u00e9couteurs de qualit\u00e9 sup\u00e9rieure. Le but de ce proc\u00e9d\u00e9 est d&rsquo;utiliser les nanoparticules sur diff\u00e9rentes zones de cette membrane afin d&rsquo;en optimiser les propri\u00e9t\u00e9s m\u00e9caniques. Associ\u00e9s \u00e0 un \u00e9quipage magn\u00e9tique puissant, ces transducteurs peuvent garantir une grande dynamique en plus d&rsquo;une restitution naturelle sur une bande passante de 15 Hz \u00e0 35 kHz.<\/p>\n<p>Un confort d&rsquo;utilisation sans pareil<\/p>\n<p>Le HiFiMAN HE-R10D est agr\u00e9able \u00e0 porter pour de longues sessions d&rsquo;\u00e9coute. Il profite d&rsquo;oreillettes larges et bien rembourr\u00e9es qui s&rsquo;habillent d&rsquo;un tissu r\u00e9sistant et souple. Elles s&rsquo;adaptent \u00e0 toutes les morphologies. Le poids du casque est \u00e9quitablement r\u00e9parti sur la t\u00eate.<\/p>\n<p>3 c\u00e2bles<\/p>\n<p>La coque de ce dispositif est pourvue d&rsquo;un connecteur jack qui lui permet de se relier \u00e0 un c\u00e2ble. Il vous est remis avec 3 c\u00e2bles. On peut donc le coupler \u00e0 diff\u00e9rentes sources. Avec une sensibilit\u00e9 de 103 dB et une imp\u00e9dance de 32 ohms, cet \u00e9quipement peut s&rsquo;associer \u00e0 un ampli casque m\u00eame si ce dernier n&rsquo;a qu&rsquo;une puissance modeste.<\/p>\n<\/div>\n<p>&nbsp;<\/p>\n<\/div>","protected":false},"excerpt":{"rendered":"<div class=\"keypoints\">\n<h3 class=\"keypoints__title\">Les points cl\u00e9s<\/h3>\n<ul role=\"list\">\n<li class=\"keypoints__item\" role=\"listitem\">Autonomie totale : Aucune &#8211; Filaire<\/li>\n<li class=\"keypoints__item\" role=\"listitem\">Englobe l&rsquo;oreille (circum-aural)<\/li>\n<\/ul>\n<\/div>","protected":false},"featured_media":92258,"template":"","meta":{"_glsr_average":0,"_glsr_ranking":0,"_glsr_reviews":0},"product_cat":[516],"product_tag":[517,451],"class_list":{"0":"post-92259","1":"product","2":"type-product","3":"status-publish","4":"has-post-thumbnail","6":"product_cat-casque-audio","7":"product_tag-casque-audio","8":"product_tag-tv-image-son","10":"first","11":"instock","12":"sale","13":"shipping-taxable","14":"purchasable","15":"product-type-simple"},"_links":{"self":[{"href":"https:\/\/electromenagerexpress.com\/en\/wp-json\/wp\/v2\/product\/92259","targetHints":{"allow":["GET"]}}],"collection":[{"href":"https:\/\/electromenagerexpress.com\/en\/wp-json\/wp\/v2\/product"}],"about":[{"href":"https:\/\/electromenagerexpress.com\/en\/wp-json\/wp\/v2\/types\/product"}],"wp:featuredmedia":[{"embeddable":true,"href":"https:\/\/electromenagerexpress.com\/en\/wp-json\/wp\/v2\/media\/92258"}],"wp:attachment":[{"href":"https:\/\/electromenagerexpress.com\/en\/wp-json\/wp\/v2\/media?parent=92259"}],"wp:term":[{"taxonomy":"product_cat","embeddable":true,"href":"https:\/\/electromenagerexpress.com\/en\/wp-json\/wp\/v2\/product_cat?post=92259"},{"taxonomy":"product_tag","embeddable":true,"href":"https:\/\/electromenagerexpress.com\/en\/wp-json\/wp\/v2\/product_tag?post=92259"}],"curies":[{"name":"wp","href":"https:\/\/api.w.org\/{rel}","templated":true}]}}