{"id":92244,"date":"2024-11-24T18:16:36","date_gmt":"2024-11-24T18:16:36","guid":{"rendered":"https:\/\/electromenagerexpress.com\/product\/casquehifimanananda\/"},"modified":"2024-12-29T11:53:02","modified_gmt":"2024-12-29T11:53:02","slug":"casquehifimanananda","status":"publish","type":"product","link":"https:\/\/electromenagerexpress.com\/en\/product\/casquehifimanananda\/","title":{"rendered":"Casque HIFIMAN Ananda"},"content":{"rendered":"<div class=\"product-features__content\">\n<ul role=\"list\">\n<li class=\"product-features__item\" role=\"listitem\">\n<h3 class=\"product-features__label\">Autonomie &amp; alimentation<\/h3>\n<ul role=\"list\">\n<li class=\"product-features__item-list__item\" role=\"listitem\"><span class=\"is--medium\">Autonomie totale :<\/span> Aucune<\/li>\n<li class=\"product-features__item-list__item\" role=\"listitem\"><span class=\"is--medium\">Autonomie en mode R\u00e9duction de bruit active (ANC) :<\/span> Aucune<\/li>\n<li class=\"product-features__item-list__item\" role=\"listitem\"><span class=\"is--medium\">Charge rapide :<\/span> non concern\u00e9<\/li>\n<\/ul>\n<\/li>\n<li class=\"product-features__item\" role=\"listitem\">\n<h3 class=\"product-features__label\">Fonctionnalit\u00e9s du casque<\/h3>\n<ul role=\"list\">\n<li class=\"product-features__item-list__item\" role=\"listitem\"><span class=\"is--medium\">Commandes tactiles :<\/span> Non concern\u00e9<\/li>\n<li class=\"product-features__item-list__item\" role=\"listitem\"><span class=\"is--medium\">Mode de contr\u00f4le :<\/span> sur l&rsquo;appareil de lecture<\/li>\n<\/ul>\n<\/li>\n<li class=\"product-features__item\" role=\"listitem\">\n<h3 class=\"product-features__label\">Qualit\u00e9 audio et personnalisation du son<\/h3>\n<ul role=\"list\">\n<li class=\"product-features__item-list__item\" role=\"listitem\"><span class=\"is--medium\">R\u00e9ponse en fr\u00e9quence :<\/span> 8 \u00e0 40 000 Hz<\/li>\n<li class=\"product-features__item-list__item\" role=\"listitem\"><span class=\"is--medium\">Le saviez-vous ? :<\/span> Plus le premier chiffre est bas, plus les \u00e9couteurs pourront restituer des sons graves ; plus le deuxi\u00e8me chiffre est \u00e9lev\u00e9, plus ils pourront restituer des sons aigus<\/li>\n<li class=\"product-features__item-list__item\" role=\"listitem\"><span class=\"is--medium\">Sensibilit\u00e9 (dB) :<\/span> 103<\/li>\n<li class=\"product-features__item-list__item\" role=\"listitem\"><span class=\"is--medium\">Personnalisation via l&rsquo;application :<\/span> Non concern\u00e9<\/li>\n<\/ul>\n<\/li>\n<li class=\"product-features__item\" role=\"listitem\">\n<h3 class=\"product-features__label\">Connectiques<\/h3>\n<ul role=\"list\">\n<li class=\"product-features__item-list__item\" role=\"listitem\"><span class=\"is--medium\">Connectique de charge :<\/span> Non concern\u00e9<\/li>\n<li class=\"product-features__item-list__item\" role=\"listitem\"><span class=\"is--medium\">Connectique audio :<\/span> Jack 3.5 mm<\/li>\n<\/ul>\n<\/li>\n<li class=\"product-features__item\" role=\"listitem\">\n<h3 class=\"product-features__label\">Connectivit\u00e9<\/h3>\n<ul role=\"list\">\n<li class=\"product-features__item-list__item\" role=\"listitem\"><span class=\"is--medium\">Filaire :<\/span> Oui<\/li>\n<li class=\"product-features__item-list__item\" role=\"listitem\"><span class=\"is--medium\">Bluetooth :<\/span> Non<\/li>\n<li class=\"product-features__item-list__item\" role=\"listitem\"><span class=\"is--medium\">Type de Bluetooth :<\/span> non communiqu\u00e9<\/li>\n<li class=\"product-features__item-list__item\" role=\"listitem\"><span class=\"is--medium\">Compatibilit\u00e9 assistant vocal :<\/span> Non<\/li>\n<li class=\"product-features__item-list__item\" role=\"listitem\"><span class=\"is--medium\">Type de connexion :<\/span> Filaire<\/li>\n<\/ul>\n<\/li>\n<li class=\"product-features__item\" role=\"listitem\">\n<h3 class=\"product-features__label\">Confort d&rsquo;utilisation<\/h3>\n<ul role=\"list\">\n<li class=\"product-features__item-list__item\" role=\"listitem\"><span class=\"is--medium\">Confort d&rsquo;\u00e9coute :<\/span> circum aural, il englobe l&rsquo;oreille<\/li>\n<li class=\"product-features__item-list__item\" role=\"listitem\"><span class=\"is--medium\">Indice d&rsquo;\u00e9tanch\u00e9it\u00e9 :<\/span> Non concern\u00e9<\/li>\n<li class=\"product-features__item-list__item\" role=\"listitem\"><span class=\"is--medium\">Facilit\u00e9 de rangement :<\/span> rangement \u00e0 plat<\/li>\n<li class=\"product-features__item-list__item\" role=\"listitem\"><span class=\"is--medium\">Oreillettes pivotantes :<\/span> Non<\/li>\n<\/ul>\n<\/li>\n<li class=\"product-features__item\" role=\"listitem\">\n<h3 class=\"product-features__label\">Dimensions<\/h3>\n<ul role=\"list\">\n<li class=\"product-features__item-list__item\" role=\"listitem\"><span class=\"is--medium\">Poids :<\/span> 1 kg<\/li>\n<\/ul>\n<\/li>\n<li class=\"product-features__item\" role=\"listitem\">\n<h3 class=\"product-features__label\">Informations compl\u00e9mentaires<\/h3>\n<ul role=\"list\">\n<li class=\"product-features__item-list__item\" role=\"listitem\"><span class=\"is--medium\">R\u00e9f\u00e9rence constructeur :<\/span> Ananda<\/li>\n<li class=\"product-features__item-list__item\" role=\"listitem\"><span class=\"is--medium\">Marque :<\/span> HIFIMAN<\/li>\n<li class=\"product-features__item-list__item\" role=\"listitem\"><span class=\"is--medium\">Disponibilit\u00e9 des pi\u00e8ces d\u00e9tach\u00e9es (donn\u00e9es fournisseur) :<\/span> Non communiqu\u00e9e<\/li>\n<li class=\"product-features__item-list__item\" role=\"listitem\"><span class=\"is--medium\">Fabriqu\u00e9 en :<\/span> Chine<\/li>\n<\/ul>\n<\/li>\n<\/ul>\n<\/div>\n<div class=\"product__disclosure-content\">\n<div class=\"js-read-more product-description__content read-more read-more--truncated\" style=\"max-height: 500px;overflow: hidden\" data-read-more-name=\"description\">\n<p>Le HiFiMAN Ananda est un casque circumaural ouvert et muni de deux transducteurs \u00a0\u00bb Plana Magnetic \u00ab\u00a0. Il couvre une bande passante de 8 Hz \u00e0 55 kHz. Ce mod\u00e8le est associ\u00e9 \u00e0 une sensibilit\u00e9 \u00e9lev\u00e9e en plus de son imp\u00e9dance. On peut l&rsquo;utiliser avec un baladeur audiophile ou un smartphone.<\/p>\n<p>Un design soign\u00e9 et r\u00e9tro<\/p>\n<p>Le HiFiMAN Ananda est tr\u00e8s s\u00e9duisant. C&rsquo;est un casque r\u00e9tro qui est caract\u00e9ris\u00e9 par de jolies finitions. \u00c9quilibr\u00e9 et confortable, il p\u00e8se certes 400g, mais on l&rsquo;oublie rapidement d\u00e8s qu&rsquo;on entend la musique.<\/p>\n<p>Un c\u00e2ble hi-fi et nomade<\/p>\n<p>Le HiFiMAN Ananda vous est remis avec un c\u00e2ble d&rsquo;une longueur de 1,5 m. Il profite d&rsquo;une conception soign\u00e9e. Avec ses fiches mini-jack, il s&rsquo;ins\u00e8re dans les oreillettes et les connecteurs. A son extr\u00e9mit\u00e9, on trouve une fiche mini-jack coud\u00e9e. Les conducteurs profitent d&rsquo;un blindage efficace. Ses connecteurs sont plaqu\u00e9s or et les fiches r\u00e9sistent aux connexions et d\u00e9connexions aussi nombreuses soient-elles.<\/p>\n<p>Un son dynamique et riche<\/p>\n<p>Le casque ici pr\u00e9sent\u00e9 vous offre un son chaleureux et d\u00e9pourvu de distorsion. Ses membranes NsD sont fines et ses transducteurs r\u00e9pondent \u00e0 toutes les sollicitations venant d&rsquo;un ampli. Le registre du grave se d\u00e9marque par sa r\u00e9activit\u00e9. Le m\u00e9dium est parfaitement textur\u00e9. Avec sa structure ouverte, cet \u00e9quipement d\u00e9ploie une grande sc\u00e8ne sonore. L&rsquo;\u00e9coute est dynamique sans \u00eatre fatigante.<\/p>\n<p>Compatible smartphone et baladeur<\/p>\n<p>Contrairement aux casques \u00e0 transducteurs classiques, celui qui vous est ici pr\u00e9sent\u00e9 est caract\u00e9ris\u00e9 par une sensibilit\u00e9 ultra-\u00e9lev\u00e9e qui est de 103 dB. Elle s&rsquo;associe \u00e0 une faible imp\u00e9dance. On peut donc l&rsquo;associer \u00e0 un baladeur ou \u00e0 un smartphone.<\/p>\n<p>Ce dispositif offre une pr\u00e9cision et une clart\u00e9 infinie \u00e0 vos oreilles. Vous profitez d&rsquo;un son agr\u00e9able \u00e0 \u00e9couter.<\/p>\n<\/div>\n<p>&nbsp;<\/p>\n<\/div>","protected":false},"excerpt":{"rendered":"<div class=\"keypoints\">\n<h3 class=\"keypoints__title\">Les points cl\u00e9s<\/h3>\n<ul role=\"list\">\n<li class=\"keypoints__item\" role=\"listitem\">Autonomie totale : Aucune &#8211; Filaire<\/li>\n<li class=\"keypoints__item\" role=\"listitem\">Englobe l&rsquo;oreille (circum-aural)<\/li>\n<\/ul>\n<\/div>","protected":false},"featured_media":92243,"template":"","meta":{"_glsr_average":0,"_glsr_ranking":0,"_glsr_reviews":0},"product_cat":[516],"product_tag":[517,451],"class_list":{"0":"post-92244","1":"product","2":"type-product","3":"status-publish","4":"has-post-thumbnail","6":"product_cat-casque-audio","7":"product_tag-casque-audio","8":"product_tag-tv-image-son","10":"first","11":"instock","12":"sale","13":"shipping-taxable","14":"purchasable","15":"product-type-simple"},"_links":{"self":[{"href":"https:\/\/electromenagerexpress.com\/en\/wp-json\/wp\/v2\/product\/92244","targetHints":{"allow":["GET"]}}],"collection":[{"href":"https:\/\/electromenagerexpress.com\/en\/wp-json\/wp\/v2\/product"}],"about":[{"href":"https:\/\/electromenagerexpress.com\/en\/wp-json\/wp\/v2\/types\/product"}],"wp:featuredmedia":[{"embeddable":true,"href":"https:\/\/electromenagerexpress.com\/en\/wp-json\/wp\/v2\/media\/92243"}],"wp:attachment":[{"href":"https:\/\/electromenagerexpress.com\/en\/wp-json\/wp\/v2\/media?parent=92244"}],"wp:term":[{"taxonomy":"product_cat","embeddable":true,"href":"https:\/\/electromenagerexpress.com\/en\/wp-json\/wp\/v2\/product_cat?post=92244"},{"taxonomy":"product_tag","embeddable":true,"href":"https:\/\/electromenagerexpress.com\/en\/wp-json\/wp\/v2\/product_tag?post=92244"}],"curies":[{"name":"wp","href":"https:\/\/api.w.org\/{rel}","templated":true}]}}