{"id":92234,"date":"2024-11-24T18:16:25","date_gmt":"2024-11-24T18:16:25","guid":{"rendered":"https:\/\/electromenagerexpress.com\/product\/casquebowers-and-wilkinspx7-s2e-bleu\/"},"modified":"2024-12-29T11:55:09","modified_gmt":"2024-12-29T11:55:09","slug":"casquebowers-and-wilkinspx7-s2e-bleu","status":"publish","type":"product","link":"https:\/\/electromenagerexpress.com\/en\/product\/casquebowers-and-wilkinspx7-s2e-bleu\/","title":{"rendered":"Casque BOWERS AND WILKINS PX7 S2e Bleu"},"content":{"rendered":"<div class=\"product-features__content\">\n<ul role=\"list\">\n<li class=\"product-features__item\" role=\"listitem\">\n<h3 class=\"product-features__label\">Autonomie &amp; alimentation<\/h3>\n<ul role=\"list\">\n<li class=\"product-features__item-list__item\" role=\"listitem\"><span class=\"is--medium\">Autonomie totale :<\/span> jusqu&rsquo;\u00e0 30h<\/li>\n<li class=\"product-features__item-list__item\" role=\"listitem\"><span class=\"is--medium\">Autonomie en mode R\u00e9duction de bruit active (ANC) :<\/span> jusqu&rsquo;\u00e0 30h<\/li>\n<li class=\"product-features__item-list__item\" role=\"listitem\"><span class=\"is--medium\">Charge rapide :<\/span> 10 minutes de charge pour 3 heures d&rsquo;\u00e9coute<\/li>\n<\/ul>\n<\/li>\n<li class=\"product-features__item\" role=\"listitem\">\n<h3 class=\"product-features__label\">Fonctionnalit\u00e9s du casque<\/h3>\n<ul role=\"list\">\n<li class=\"product-features__item-list__item\" role=\"listitem\"><span class=\"is--medium\">Commandes tactiles :<\/span> Appels + musique + assist. Vocal<\/li>\n<li class=\"product-features__item-list__item\" role=\"listitem\"><span class=\"is--medium\">Mode de contr\u00f4le :<\/span> boutons<\/li>\n<li class=\"product-features__item-list__item\" role=\"listitem\"><span class=\"is--medium\">R\u00e9duction de bruit active :<\/span> oui, permet d&rsquo;activer ou d\u00e9sactiver pour entendre les sons ambiants<\/li>\n<li class=\"product-features__item-list__item\" role=\"listitem\"><span class=\"is--medium\">R\u00e9duction de bruit passive :<\/span> oui,l&rsquo;ergonomie du casque isole des bruits ambiants sans traitement technologique<\/li>\n<li class=\"product-features__item-list__item\" role=\"listitem\"><span class=\"is--medium\">Mode bruit ambiant :<\/span> oui, amplifie les bruits ambiants pour vous permettre d&rsquo;entendre mieux votre environnement<\/li>\n<li class=\"product-features__item-list__item\" role=\"listitem\"><span class=\"is--medium\">Mode conversation :<\/span> oui, permet de mener une conversation sans enlever le casque<\/li>\n<li class=\"product-features__item-list__item\" role=\"listitem\"><span class=\"is--medium\">Kit mains-libres :<\/span> oui, le microphone int\u00e9gr\u00e9 permet de passer des appels<\/li>\n<li class=\"product-features__item-list__item\" role=\"listitem\"><span class=\"is--medium\">D\u00e9tection de port :<\/span> oui, permet d&rsquo;\u00e9couter la musique d\u00e8s que les \u00e9couteurs sont sur les oreilles et de s&rsquo;arr\u00eater d\u00e8s qu&rsquo;ils ne le sont plus<\/li>\n<\/ul>\n<\/li>\n<li class=\"product-features__item\" role=\"listitem\">\n<h3 class=\"product-features__label\">Qualit\u00e9 audio et personnalisation du son<\/h3>\n<ul role=\"list\">\n<li class=\"product-features__item-list__item\" role=\"listitem\"><span class=\"is--medium\">HI-Res audio :<\/span> oui, le Hi-Res audio permet la restitution d&rsquo;un son de haute qualit\u00e9<\/li>\n<li class=\"product-features__item-list__item\" role=\"listitem\"><span class=\"is--medium\">R\u00e9ponse en fr\u00e9quence :<\/span> 10 \u00e0 30 000 Hz<\/li>\n<li class=\"product-features__item-list__item\" role=\"listitem\"><span class=\"is--medium\">Le saviez-vous ? :<\/span> Plus le premier chiffre est bas, plus les \u00e9couteurs pourront restituer des sons graves ; plus le deuxi\u00e8me chiffre est \u00e9lev\u00e9, plus ils pourront restituer des sons aigus<\/li>\n<li class=\"product-features__item-list__item\" role=\"listitem\"><span class=\"is--medium\">Sensibilit\u00e9 (dB) :<\/span> 98<\/li>\n<li class=\"product-features__item-list__item\" role=\"listitem\"><span class=\"is--medium\">Personnalisation via l&rsquo;application :<\/span> Personnalisez le son et la r\u00e9duction de bruit<\/li>\n<li class=\"product-features__item-list__item\" role=\"listitem\"><span class=\"is--medium\">R\u00e9duction de dB pour enfants :<\/span> Non<\/li>\n<\/ul>\n<\/li>\n<li class=\"product-features__item\" role=\"listitem\">\n<h3 class=\"product-features__label\">Connectiques<\/h3>\n<ul role=\"list\">\n<li class=\"product-features__item-list__item\" role=\"listitem\"><span class=\"is--medium\">Connectique de charge :<\/span> USB Type-C<\/li>\n<li class=\"product-features__item-list__item\" role=\"listitem\"><span class=\"is--medium\">Connectique audio :<\/span> USB C<\/li>\n<\/ul>\n<\/li>\n<li class=\"product-features__item\" role=\"listitem\">\n<h3 class=\"product-features__label\">Connectivit\u00e9<\/h3>\n<ul role=\"list\">\n<li class=\"product-features__item-list__item\" role=\"listitem\"><span class=\"is--medium\">Filaire :<\/span> Oui<\/li>\n<li class=\"product-features__item-list__item\" role=\"listitem\"><span class=\"is--medium\">Type de Bluetooth :<\/span> 5.2<\/li>\n<li class=\"product-features__item-list__item\" role=\"listitem\"><span class=\"is--medium\">Compatibilit\u00e9 assistant vocal :<\/span> Oui<\/li>\n<li class=\"product-features__item-list__item\" role=\"listitem\"><span class=\"is--medium\">Connexion multipoint :<\/span> oui, permet de connecter le casque \u00e0 plusieurs appareils ( PC, tablette, smartphone ) sans avoir \u00e0 les reconnecter \u00e0 chaque fois<\/li>\n<li class=\"product-features__item-list__item\" role=\"listitem\"><span class=\"is--medium\">Type de connexion :<\/span> Bluetooth<\/li>\n<li class=\"product-features__item-list__item\" role=\"listitem\"><span class=\"is--medium\">Google Fast Pair (GFP) :<\/span> oui, l&rsquo;appairage des casques Bluetooth, des \u00e9couteurs true wireless et des enceintes Bluetooth se fait en un clin d&rsquo;oeil simplement en approchant l&rsquo;appareil de la source a connecter.<\/li>\n<\/ul>\n<\/li>\n<li class=\"product-features__item\" role=\"listitem\">\n<h3 class=\"product-features__label\">Confort d&rsquo;utilisation<\/h3>\n<ul role=\"list\">\n<li class=\"product-features__item-list__item\" role=\"listitem\"><span class=\"is--medium\">Confort d&rsquo;\u00e9coute :<\/span> circum aural, il englobe l&rsquo;oreille<\/li>\n<li class=\"product-features__item-list__item\" role=\"listitem\"><span class=\"is--medium\">Indice d&rsquo;\u00e9tanch\u00e9it\u00e9 :<\/span> IPX4 : Protection contre les projections d&rsquo;eau<\/li>\n<li class=\"product-features__item-list__item\" role=\"listitem\"><span class=\"is--medium\">Facilit\u00e9 de rangement :<\/span> rangement \u00e0 plat<\/li>\n<li class=\"product-features__item-list__item\" role=\"listitem\"><span class=\"is--medium\">Mati\u00e8re des coussinets :<\/span> En mousse \u00e0 m\u00e9moire de forme<\/li>\n<\/ul>\n<\/li>\n<li class=\"product-features__item\" role=\"listitem\">\n<h3 class=\"product-features__label\">Dimensions<\/h3>\n<ul role=\"list\">\n<li class=\"product-features__item-list__item\" role=\"listitem\"><span class=\"is--medium\">Dimensions l x h x p :<\/span> 19 x 21 x 9 cm<\/li>\n<li class=\"product-features__item-list__item\" role=\"listitem\"><span class=\"is--medium\">Poids :<\/span> 316 g<\/li>\n<\/ul>\n<\/li>\n<li class=\"product-features__item\" role=\"listitem\">\n<h3 class=\"product-features__label\">Informations compl\u00e9mentaires<\/h3>\n<ul role=\"list\">\n<li class=\"product-features__item-list__item\" role=\"listitem\"><span class=\"is--medium\">R\u00e9f\u00e9rence constructeur :<\/span> PX7 S2e Bleu<\/li>\n<li class=\"product-features__item-list__item\" role=\"listitem\"><span class=\"is--medium\">Marque :<\/span> BOWERS AND WILKINS<\/li>\n<li class=\"product-features__item-list__item\" role=\"listitem\"><span class=\"is--medium\">Garantie :<\/span> 2 ans<\/li>\n<li class=\"product-features__item-list__item\" role=\"listitem\"><span class=\"is--medium\">Disponibilit\u00e9 des pi\u00e8ces d\u00e9tach\u00e9es (donn\u00e9es fournisseur) :<\/span> Pas de pi\u00e8ce disponible<\/li>\n<li class=\"product-features__item-list__item\" role=\"listitem\"><span class=\"is--medium\">Fabriqu\u00e9 en :<\/span> Chine<\/li>\n<\/ul>\n<\/li>\n<\/ul>\n<\/div>\n<div class=\"product__disclosure-content\">\n<div class=\"js-read-more product-description__content read-more read-more--truncated\" style=\"max-height: 500px;overflow: hidden\" data-read-more-name=\"description\">\n<div class=\"product__description-content read-more\">\n<p>Casque BOWERS AND WILKINS PX7 S2e Bleu : L&rsquo;excellence sonore alli\u00e9e \u00e0 l&rsquo;\u00e9l\u00e9gance<\/p>\n<h3><img fetchpriority=\"high\" decoding=\"async\" class=\"wy_tableau_gauche\" src=\"https:\/\/boulanger.scene7.com\/is\/image\/Boulanger\/0714346342556_h_f_l_0?wid=400&amp;hei=270\" alt=\"Casque BOWERS AND WILKINS PX7 S2e Bleu\" width=\"400\" height=\"270\" \/>Confort et autonomie pour une exp\u00e9rience audio in\u00e9gal\u00e9e<\/h3>\n<p>Le Casque BOWERS AND WILKINS PX7 S2e se distingue par son design circum-aural, englobant parfaitement l&rsquo;oreille pour une immersion sonore totale. Con\u00e7u avec des coussinets en mousse \u00e0 m\u00e9moire de forme, ce casque assure un confort d&rsquo;\u00e9coute exceptionnel, m\u00eame lors d&rsquo;utilisations prolong\u00e9es. Sa robustesse n&rsquo;est pas en reste, gr\u00e2ce \u00e0 sa r\u00e9sistance \u00e0 la pluie et \u00e0 la transpiration, certifi\u00e9e IPX4. C\u00f4t\u00e9 autonomie, le PX7 S2e excelle avec jusqu&rsquo;\u00e0 30 heures de lecture continue, et sa fonction de charge rapide offre 3 heures d&rsquo;\u00e9coute pour seulement 10 minutes de charge, vous permettant de profiter de votre musique sans interruption.<\/p>\n<h3><img decoding=\"async\" class=\"wy_tableau_right\" src=\"https:\/\/boulanger.scene7.com\/is\/image\/Boulanger\/0714346342556_h_f_l_1?wid=400&amp;hei=270\" alt=\"Casque BOWERS AND WILKINS PX7 S2e Bleu\" width=\"400\" height=\"270\" \/>Qualit\u00e9 sonore et fonctionnalit\u00e9s innovantes<\/h3>\n<p>Le BOWERS AND WILKINS PX7 S2e Bleu est un v\u00e9ritable concentr\u00e9 de technologie. Il offre une qualit\u00e9 audio Hi-Res, avec une r\u00e9ponse en fr\u00e9quence de 10 \u00e0 30 000 Hz, garantissant une restitution sonore riche et d\u00e9taill\u00e9e. La r\u00e9duction de bruit active int\u00e9gr\u00e9e vous permet de vous isoler des bruits ambiants pour une \u00e9coute pure. La connectivit\u00e9 Bluetooth 5.2 assure une transmission fluide et rapide, tandis que les commandes tactiles intuitives vous donnent le contr\u00f4le total sur la musique, les appels et les assistants vocaux. Avec son microphone int\u00e9gr\u00e9, ce casque nomade est \u00e9galement parfait pour des appels clairs et nets, renfor\u00e7ant son statut de compagnon id\u00e9al pour les m\u00e9lomanes exigeants en d\u00e9placement.<\/p>\n<\/div>\n<\/div>\n<p>Voir plus<\/p>\n<\/div>","protected":false},"excerpt":{"rendered":"<div class=\"keypoints\">\n<h3 class=\"keypoints__title\">Les points cl\u00e9s<\/h3>\n<ul role=\"list\">\n<li class=\"keypoints__item\" role=\"listitem\">Autonomie totale : jusqu&rsquo;\u00e0 30h &#8211; Filaire<\/li>\n<li class=\"keypoints__item\" role=\"listitem\">R\u00e9duction de bruit active<\/li>\n<li class=\"keypoints__item\" role=\"listitem\">Englobe l&rsquo;oreille (circum-aural)<\/li>\n<li class=\"keypoints__item\" role=\"listitem\">Contr\u00f4lez la musique, les appels et les assistants vocaux<\/li>\n<\/ul>\n<\/div>","protected":false},"featured_media":92233,"template":"","meta":{"_glsr_average":0,"_glsr_ranking":0,"_glsr_reviews":0},"product_cat":[516],"product_tag":[517,451],"class_list":{"0":"post-92234","1":"product","2":"type-product","3":"status-publish","4":"has-post-thumbnail","6":"product_cat-casque-audio","7":"product_tag-casque-audio","8":"product_tag-tv-image-son","10":"first","11":"instock","12":"sale","13":"shipping-taxable","14":"purchasable","15":"product-type-simple"},"_links":{"self":[{"href":"https:\/\/electromenagerexpress.com\/en\/wp-json\/wp\/v2\/product\/92234","targetHints":{"allow":["GET"]}}],"collection":[{"href":"https:\/\/electromenagerexpress.com\/en\/wp-json\/wp\/v2\/product"}],"about":[{"href":"https:\/\/electromenagerexpress.com\/en\/wp-json\/wp\/v2\/types\/product"}],"wp:featuredmedia":[{"embeddable":true,"href":"https:\/\/electromenagerexpress.com\/en\/wp-json\/wp\/v2\/media\/92233"}],"wp:attachment":[{"href":"https:\/\/electromenagerexpress.com\/en\/wp-json\/wp\/v2\/media?parent=92234"}],"wp:term":[{"taxonomy":"product_cat","embeddable":true,"href":"https:\/\/electromenagerexpress.com\/en\/wp-json\/wp\/v2\/product_cat?post=92234"},{"taxonomy":"product_tag","embeddable":true,"href":"https:\/\/electromenagerexpress.com\/en\/wp-json\/wp\/v2\/product_tag?post=92234"}],"curies":[{"name":"wp","href":"https:\/\/api.w.org\/{rel}","templated":true}]}}