{"id":92160,"date":"2024-11-24T18:15:03","date_gmt":"2024-11-24T18:15:03","guid":{"rendered":"https:\/\/electromenagerexpress.com\/product\/casquebowers-and-wilkinspx8-beige\/"},"modified":"2024-12-29T12:21:46","modified_gmt":"2024-12-29T12:21:46","slug":"casquebowers-and-wilkinspx8-beige","status":"publish","type":"product","link":"https:\/\/electromenagerexpress.com\/en\/product\/casquebowers-and-wilkinspx8-beige\/","title":{"rendered":"Casque BOWERS AND WILKINS PX8 beige"},"content":{"rendered":"<div class=\"product-features__content\">\n<ul role=\"list\">\n<li class=\"product-features__item\" role=\"listitem\">\n<h3 class=\"product-features__label\">Autonomie &amp; alimentation<\/h3>\n<ul role=\"list\">\n<li class=\"product-features__item-list__item\" role=\"listitem\"><span class=\"is--medium\">Autonomie totale :<\/span> jusqu&rsquo;\u00e0 30h<\/li>\n<li class=\"product-features__item-list__item\" role=\"listitem\"><span class=\"is--medium\">Autonomie en mode R\u00e9duction de bruit active (ANC) :<\/span> jusqu&rsquo;\u00e0 30h<\/li>\n<li class=\"product-features__item-list__item\" role=\"listitem\"><span class=\"is--medium\">Charge rapide :<\/span> 10 minutes de charge pour 3 heures d&rsquo;\u00e9coute<\/li>\n<\/ul>\n<\/li>\n<li class=\"product-features__item\" role=\"listitem\">\n<h3 class=\"product-features__label\">Fonctionnalit\u00e9s du casque<\/h3>\n<ul role=\"list\">\n<li class=\"product-features__item-list__item\" role=\"listitem\"><span class=\"is--medium\">Commandes tactiles :<\/span> Appels + musique + assist. Vocal<\/li>\n<li class=\"product-features__item-list__item\" role=\"listitem\"><span class=\"is--medium\">Mode de contr\u00f4le :<\/span> boutons<\/li>\n<li class=\"product-features__item-list__item\" role=\"listitem\"><span class=\"is--medium\">R\u00e9duction de bruit active :<\/span> oui, permet d&rsquo;activer ou d\u00e9sactiver pour entendre les sons ambiants<\/li>\n<li class=\"product-features__item-list__item\" role=\"listitem\"><span class=\"is--medium\">R\u00e9duction de bruit passive :<\/span> oui, l&rsquo;ergonomie du casque isole des bruits ambiants sans traitement technologique<\/li>\n<li class=\"product-features__item-list__item\" role=\"listitem\"><span class=\"is--medium\">Mode bruit ambiant :<\/span> oui, amplifie les bruits ambiants pour vous permettre d&rsquo;entendre mieux votre environnement<\/li>\n<li class=\"product-features__item-list__item\" role=\"listitem\"><span class=\"is--medium\">Mode conversation :<\/span> oui, permet de mener une conversation sans enlever le casque<\/li>\n<li class=\"product-features__item-list__item\" role=\"listitem\"><span class=\"is--medium\">Kit mains-libres :<\/span> oui, le microphone int\u00e9gr\u00e9 permet de passer des appels<\/li>\n<li class=\"product-features__item-list__item\" role=\"listitem\"><span class=\"is--medium\">D\u00e9tection de port :<\/span> oui, permet d&rsquo;\u00e9couter la musique d\u00e8s que les \u00e9couteurs sont sur les oreilles et de s&rsquo;arr\u00eater d\u00e8s qu&rsquo;ils ne le sont plus<\/li>\n<\/ul>\n<\/li>\n<li class=\"product-features__item\" role=\"listitem\">\n<h3 class=\"product-features__label\">Qualit\u00e9 audio et personnalisation du son<\/h3>\n<ul role=\"list\">\n<li class=\"product-features__item-list__item\" role=\"listitem\"><span class=\"is--medium\">HI-Res audio :<\/span> oui, le Hi-Res audio permet la restitution d&rsquo;un son de haute qualit\u00e9<\/li>\n<li class=\"product-features__item-list__item\" role=\"listitem\"><span class=\"is--medium\">R\u00e9ponse en fr\u00e9quence :<\/span> 10 \u00e0 30 000 Hz<\/li>\n<li class=\"product-features__item-list__item\" role=\"listitem\"><span class=\"is--medium\">Le saviez-vous ? :<\/span> Plus le premier chiffre est bas, plus les \u00e9couteurs pourront restituer des sons graves ; plus le deuxi\u00e8me chiffre est \u00e9lev\u00e9, plus ils pourront restituer des sons aigus<\/li>\n<li class=\"product-features__item-list__item\" role=\"listitem\"><span class=\"is--medium\">Sensibilit\u00e9 (dB) :<\/span> 98<\/li>\n<li class=\"product-features__item-list__item\" role=\"listitem\"><span class=\"is--medium\">Personnalisation via l&rsquo;application :<\/span> Personnalisez le son et la r\u00e9duction de bruit<\/li>\n<li class=\"product-features__item-list__item\" role=\"listitem\"><span class=\"is--medium\">R\u00e9duction de dB pour enfants :<\/span> Non<\/li>\n<\/ul>\n<\/li>\n<li class=\"product-features__item\" role=\"listitem\">\n<h3 class=\"product-features__label\">Connectiques<\/h3>\n<ul role=\"list\">\n<li class=\"product-features__item-list__item\" role=\"listitem\"><span class=\"is--medium\">Connectique de charge :<\/span> USB Type-C<\/li>\n<li class=\"product-features__item-list__item\" role=\"listitem\"><span class=\"is--medium\">Connectique audio :<\/span> USB C<\/li>\n<\/ul>\n<\/li>\n<li class=\"product-features__item\" role=\"listitem\">\n<h3 class=\"product-features__label\">Connectivit\u00e9<\/h3>\n<ul role=\"list\">\n<li class=\"product-features__item-list__item\" role=\"listitem\"><span class=\"is--medium\">Filaire :<\/span> Oui<\/li>\n<li class=\"product-features__item-list__item\" role=\"listitem\"><span class=\"is--medium\">Type de Bluetooth :<\/span> 5.2<\/li>\n<li class=\"product-features__item-list__item\" role=\"listitem\"><span class=\"is--medium\">Compatibilit\u00e9 assistant vocal :<\/span> Oui<\/li>\n<li class=\"product-features__item-list__item\" role=\"listitem\"><span class=\"is--medium\">Connexion multipoint :<\/span> oui, permet de connecter le casque \u00e0 plusieurs appareils ( PC, tablette, smartphone ) sans avoir \u00e0 les reconnecter \u00e0 chaque fois<\/li>\n<li class=\"product-features__item-list__item\" role=\"listitem\"><span class=\"is--medium\">Type de connexion :<\/span> Bluetooth<\/li>\n<li class=\"product-features__item-list__item\" role=\"listitem\"><span class=\"is--medium\">Google Fast Pair (GFP) :<\/span> oui, l&rsquo;appairage des casques Bluetooth, des \u00e9couteurs true wireless et des enceintes Bluetooth se fait en un clin d&rsquo;oeil simplement en approchant l&rsquo;appareil de la source a connecter.<\/li>\n<\/ul>\n<\/li>\n<li class=\"product-features__item\" role=\"listitem\">\n<h3 class=\"product-features__label\">Confort d&rsquo;utilisation<\/h3>\n<ul role=\"list\">\n<li class=\"product-features__item-list__item\" role=\"listitem\"><span class=\"is--medium\">Confort d&rsquo;\u00e9coute :<\/span> circum aural, il englobe l&rsquo;oreille<\/li>\n<li class=\"product-features__item-list__item\" role=\"listitem\"><span class=\"is--medium\">Indice d&rsquo;\u00e9tanch\u00e9it\u00e9 :<\/span> IPX4 : Protection contre les projections d&rsquo;eau<\/li>\n<li class=\"product-features__item-list__item\" role=\"listitem\"><span class=\"is--medium\">Facilit\u00e9 de rangement :<\/span> rangement \u00e0 plat<\/li>\n<li class=\"product-features__item-list__item\" role=\"listitem\"><span class=\"is--medium\">Mati\u00e8re des coussinets :<\/span> En mousse \u00e0 m\u00e9moire de forme<\/li>\n<\/ul>\n<\/li>\n<li class=\"product-features__item\" role=\"listitem\">\n<h3 class=\"product-features__label\">Dimensions<\/h3>\n<ul role=\"list\">\n<li class=\"product-features__item-list__item\" role=\"listitem\"><span class=\"is--medium\">Dimensions l x h x p :<\/span> 19 x 21 x 9 cm<\/li>\n<li class=\"product-features__item-list__item\" role=\"listitem\"><span class=\"is--medium\">Poids :<\/span> 316 g<\/li>\n<\/ul>\n<\/li>\n<li class=\"product-features__item\" role=\"listitem\">\n<h3 class=\"product-features__label\">Informations compl\u00e9mentaires<\/h3>\n<ul role=\"list\">\n<li class=\"product-features__item-list__item\" role=\"listitem\"><span class=\"is--medium\">R\u00e9f\u00e9rence constructeur :<\/span> PX8 beige<\/li>\n<li class=\"product-features__item-list__item\" role=\"listitem\"><span class=\"is--medium\">Marque :<\/span> BOWERS AND WILKINS<\/li>\n<li class=\"product-features__item-list__item\" role=\"listitem\"><span class=\"is--medium\">Garantie :<\/span> 2 ans<\/li>\n<li class=\"product-features__item-list__item\" role=\"listitem\"><span class=\"is--medium\">Disponibilit\u00e9 des pi\u00e8ces d\u00e9tach\u00e9es (donn\u00e9es fournisseur) :<\/span> Pas de pi\u00e8ce disponible<\/li>\n<li class=\"product-features__item-list__item\" role=\"listitem\"><span class=\"is--medium\">Fabriqu\u00e9 en :<\/span> Chine<\/li>\n<\/ul>\n<\/li>\n<\/ul>\n<\/div>\n<div class=\"product__disclosure-content\">\n<div class=\"js-read-more product-description__content read-more read-more--truncated\" style=\"max-height: 500px;overflow: hidden\" data-read-more-name=\"description\">\n<div class=\"product__description-content read-more\">\n<p>Casque BOWERS AND WILKINS PX8 beige : L&rsquo;excellence du son sans fil<\/p>\n<h3><img fetchpriority=\"high\" decoding=\"async\" class=\"wy_tableau_gauche\" src=\"https:\/\/boulanger.scene7.com\/is\/image\/Boulanger\/0714346337880_h_f_l_0?wid=400&amp;hei=270\" alt=\"Casque BOWERS AND WILKINS PX8 beige\" width=\"400\" height=\"270\" \/>Confort et technologie avanc\u00e9e pour une exp\u00e9rience sonore in\u00e9gal\u00e9e<\/h3>\n<p>Le Casque BOWERS AND WILKINS PX8 beige repr\u00e9sente le summum de l&rsquo;audio sans fil, alliant un design \u00e9l\u00e9gant \u00e0 des performances acoustiques exceptionnelles. Avec ses \u00e9couteurs circum-auraux et son poids plume de 320g, il offre un confort optimal pour une utilisation prolong\u00e9e. La technologie de r\u00e9duction de bruit hybride assure une immersion totale, tandis que la fonction Ambient Pass-Through permet de rester connect\u00e9 \u00e0 l&rsquo;environnement ext\u00e9rieur sans retirer le casque. Le capteur de port d\u00e9tecte automatiquement quand le casque est sur la t\u00eate, mettant en pause la musique d\u00e8s qu&rsquo;il est retir\u00e9. La connectivit\u00e9 Bluetooth 5.2 avec aptX Adaptive garantit une transmission audio sans fil de haute qualit\u00e9, compatible avec une large gamme de codecs tels que aptX HD, AAC et SBC.<\/p>\n<h3><img decoding=\"async\" class=\"wy_tableau_right\" src=\"https:\/\/boulanger.scene7.com\/is\/image\/Boulanger\/0714346337880_h_f_l_1?wid=400&amp;hei=270\" alt=\"Casque BOWERS AND WILKINS PX8 beige\" width=\"400\" height=\"270\" \/>Autonomie et accessoires pour une exp\u00e9rience utilisateur optimis\u00e9e<\/h3>\n<p>Le Casque BOWERS AND WILKINS PX8 beige se distingue par son autonomie remarquable de 30 heures, permettant une \u00e9coute prolong\u00e9e sans contrainte de recharge fr\u00e9quente. Un syst\u00e8me de charge rapide via USB-C offre 7 heures d&rsquo;autonomie avec seulement 15 minutes de charge. Les haut-parleurs dynamiques de 40mm, sp\u00e9cialement con\u00e7us avec un diaphragme en carbone, minimisent la distorsion pour une clart\u00e9 audio sup\u00e9rieure. En outre, le casque est \u00e9quip\u00e9 de six microphones d\u00e9di\u00e9s, dont quatre pour la r\u00e9duction active du bruit et deux pour une qualit\u00e9 d&rsquo;appel cristalline. Les accessoires inclus, tels que le c\u00e2ble audio st\u00e9r\u00e9o de 1,2m et le c\u00e2ble USB-C, ainsi que l&rsquo;\u00e9tui de transport \u00e9l\u00e9gant, compl\u00e8tent l&rsquo;ensemble pour une mobilit\u00e9 et une protection accrues.<\/p>\n<\/div>\n<\/div>\n<p>Voir plus<\/p>\n<\/div>","protected":false},"excerpt":{"rendered":"<div class=\"keypoints\">\n<h3 class=\"keypoints__title\">Les points cl\u00e9s<\/h3>\n<ul role=\"list\">\n<li class=\"keypoints__item\" role=\"listitem\">Autonomie totale : jusqu&rsquo;\u00e0 30h &#8211; Filaire<\/li>\n<li class=\"keypoints__item\" role=\"listitem\">R\u00e9duction de bruit active<\/li>\n<li class=\"keypoints__item\" role=\"listitem\">Englobe l&rsquo;oreille (circum-aural)<\/li>\n<li class=\"keypoints__item\" role=\"listitem\">Contr\u00f4lez la musique, les appels et les assistants vocaux<\/li>\n<\/ul>\n<\/div>","protected":false},"featured_media":92159,"template":"","meta":{"_glsr_average":0,"_glsr_ranking":0,"_glsr_reviews":0},"product_cat":[516],"product_tag":[517,451],"class_list":{"0":"post-92160","1":"product","2":"type-product","3":"status-publish","4":"has-post-thumbnail","6":"product_cat-casque-audio","7":"product_tag-casque-audio","8":"product_tag-tv-image-son","10":"first","11":"instock","12":"sale","13":"shipping-taxable","14":"purchasable","15":"product-type-simple"},"_links":{"self":[{"href":"https:\/\/electromenagerexpress.com\/en\/wp-json\/wp\/v2\/product\/92160","targetHints":{"allow":["GET"]}}],"collection":[{"href":"https:\/\/electromenagerexpress.com\/en\/wp-json\/wp\/v2\/product"}],"about":[{"href":"https:\/\/electromenagerexpress.com\/en\/wp-json\/wp\/v2\/types\/product"}],"wp:featuredmedia":[{"embeddable":true,"href":"https:\/\/electromenagerexpress.com\/en\/wp-json\/wp\/v2\/media\/92159"}],"wp:attachment":[{"href":"https:\/\/electromenagerexpress.com\/en\/wp-json\/wp\/v2\/media?parent=92160"}],"wp:term":[{"taxonomy":"product_cat","embeddable":true,"href":"https:\/\/electromenagerexpress.com\/en\/wp-json\/wp\/v2\/product_cat?post=92160"},{"taxonomy":"product_tag","embeddable":true,"href":"https:\/\/electromenagerexpress.com\/en\/wp-json\/wp\/v2\/product_tag?post=92160"}],"curies":[{"name":"wp","href":"https:\/\/api.w.org\/{rel}","templated":true}]}}