{"id":92097,"date":"2024-11-24T18:13:55","date_gmt":"2024-11-24T18:13:55","guid":{"rendered":"https:\/\/electromenagerexpress.com\/product\/casqueappleairpods-max-mauve\/"},"modified":"2024-12-29T23:27:34","modified_gmt":"2024-12-29T23:27:34","slug":"casqueappleairpods-max-mauve","status":"publish","type":"product","link":"https:\/\/electromenagerexpress.com\/en\/product\/casqueappleairpods-max-mauve\/","title":{"rendered":"Casque APPLE\t AirPods Max Mauve"},"content":{"rendered":"<div class=\"product-features__content\">\n<ul role=\"list\">\n<li class=\"product-features__item\" role=\"listitem\">\n<h3 class=\"product-features__label\">Autonomie &amp; alimentation<\/h3>\n<ul role=\"list\">\n<li class=\"product-features__item-list__item\" role=\"listitem\"><span class=\"is--medium\">Autonomie totale :<\/span> jusqu&rsquo;\u00e0 20h<\/li>\n<li class=\"product-features__item-list__item\" role=\"listitem\"><span class=\"is--medium\">Charge rapide :<\/span> 5min de charge pour 1h30 d&rsquo;\u00e9coute<\/li>\n<\/ul>\n<\/li>\n<li class=\"product-features__item\" role=\"listitem\">\n<h3 class=\"product-features__label\">Fonctionnalit\u00e9s du casque<\/h3>\n<ul role=\"list\">\n<li class=\"product-features__item-list__item\" role=\"listitem\"><span class=\"is--medium\">Commandes tactiles :<\/span> Appels + musique + assist. Vocal<\/li>\n<li class=\"product-features__item-list__item\" role=\"listitem\"><span class=\"is--medium\">Mode de contr\u00f4le :<\/span> boutons<\/li>\n<li class=\"product-features__item-list__item\" role=\"listitem\"><span class=\"is--medium\">R\u00e9duction de bruit active :<\/span> oui, permet d&rsquo;activer ou d\u00e9sactiver pour entendre les sons ambiants<\/li>\n<li class=\"product-features__item-list__item\" role=\"listitem\"><span class=\"is--medium\">Kit mains-libres :<\/span> oui, le microphone int\u00e9gr\u00e9 permet de passer des appels<\/li>\n<li class=\"product-features__item-list__item\" role=\"listitem\"><span class=\"is--medium\">D\u00e9tection de port :<\/span> oui, permet d&rsquo;\u00e9couter la musique d\u00e8s que les \u00e9couteurs sont sur les oreilles et de s&rsquo;arr\u00eater d\u00e8s qu&rsquo;ils ne le sont plus<\/li>\n<\/ul>\n<\/li>\n<li class=\"product-features__item\" role=\"listitem\">\n<h3 class=\"product-features__label\">Qualit\u00e9 audio et personnalisation du son<\/h3>\n<ul role=\"list\">\n<li class=\"product-features__item-list__item\" role=\"listitem\"><span class=\"is--medium\">HI-Res audio :<\/span> oui, le Hi-Res audio permet la restitution d&rsquo;un son de haute qualit\u00e9<\/li>\n<li class=\"product-features__item-list__item\" role=\"listitem\"><span class=\"is--medium\">R\u00e9ponse en fr\u00e9quence :<\/span> Non communiqu\u00e9<\/li>\n<li class=\"product-features__item-list__item\" role=\"listitem\"><span class=\"is--medium\">Personnalisation via l&rsquo;application :<\/span> Non concern\u00e9<\/li>\n<li class=\"product-features__item-list__item\" role=\"listitem\"><span class=\"is--medium\">R\u00e9duction de dB pour enfants :<\/span> Non<\/li>\n<\/ul>\n<\/li>\n<li class=\"product-features__item\" role=\"listitem\">\n<h3 class=\"product-features__label\">Connectiques<\/h3>\n<ul role=\"list\">\n<li class=\"product-features__item-list__item\" role=\"listitem\"><span class=\"is--medium\">Connectique de charge :<\/span> USB Type-C<\/li>\n<li class=\"product-features__item-list__item\" role=\"listitem\"><span class=\"is--medium\">Connectique audio :<\/span> Non concern\u00e9<\/li>\n<\/ul>\n<\/li>\n<li class=\"product-features__item\" role=\"listitem\">\n<h3 class=\"product-features__label\">Connectivit\u00e9<\/h3>\n<ul role=\"list\">\n<li class=\"product-features__item-list__item\" role=\"listitem\"><span class=\"is--medium\">Filaire :<\/span> Non<\/li>\n<li class=\"product-features__item-list__item\" role=\"listitem\"><span class=\"is--medium\">Bluetooth :<\/span> Oui<\/li>\n<li class=\"product-features__item-list__item\" role=\"listitem\"><span class=\"is--medium\">Type de Bluetooth :<\/span> 5<\/li>\n<li class=\"product-features__item-list__item\" role=\"listitem\"><span class=\"is--medium\">Compatibilit\u00e9 assistant vocal :<\/span> Oui<\/li>\n<li class=\"product-features__item-list__item\" role=\"listitem\"><span class=\"is--medium\">Connexion multipoint :<\/span> oui, permet de connecter le casque \u00e0 plusieurs appareils ( PC, tablette, smartphone ) sans avoir \u00e0 les reconnecter \u00e0 chaque fois<\/li>\n<li class=\"product-features__item-list__item\" role=\"listitem\"><span class=\"is--medium\">Type de connexion :<\/span> Bluetooth<\/li>\n<\/ul>\n<\/li>\n<li class=\"product-features__item\" role=\"listitem\">\n<h3 class=\"product-features__label\">Confort d&rsquo;utilisation<\/h3>\n<ul role=\"list\">\n<li class=\"product-features__item-list__item\" role=\"listitem\"><span class=\"is--medium\">Confort d&rsquo;\u00e9coute :<\/span> circum aural, il englobe l&rsquo;oreille<\/li>\n<li class=\"product-features__item-list__item\" role=\"listitem\"><span class=\"is--medium\">Indice d&rsquo;\u00e9tanch\u00e9it\u00e9 :<\/span> Non communiqu\u00e9<\/li>\n<li class=\"product-features__item-list__item\" role=\"listitem\"><span class=\"is--medium\">Facilit\u00e9 de rangement :<\/span> rangement \u00e0 plat<\/li>\n<li class=\"product-features__item-list__item\" role=\"listitem\"><span class=\"is--medium\">Mati\u00e8re des coussinets :<\/span> En mousse \u00e0 m\u00e9moire de forme<\/li>\n<li class=\"product-features__item-list__item\" role=\"listitem\"><span class=\"is--medium\">Oreillettes pivotantes :<\/span> Oui<\/li>\n<\/ul>\n<\/li>\n<li class=\"product-features__item\" role=\"listitem\">\n<h3 class=\"product-features__label\">Dimensions<\/h3>\n<ul role=\"list\">\n<li class=\"product-features__item-list__item\" role=\"listitem\"><span class=\"is--medium\">Poids :<\/span> 385 g<\/li>\n<\/ul>\n<\/li>\n<li class=\"product-features__item\" role=\"listitem\">\n<h3 class=\"product-features__label\">Informations compl\u00e9mentaires<\/h3>\n<ul role=\"list\">\n<li class=\"product-features__item-list__item\" role=\"listitem\"><span class=\"is--medium\">R\u00e9f\u00e9rence constructeur :<\/span> AirPods Max Mauve<\/li>\n<li class=\"product-features__item-list__item\" role=\"listitem\"><span class=\"is--medium\">Marque :<\/span> APPLE<\/li>\n<li class=\"product-features__item-list__item\" role=\"listitem\"><span class=\"is--medium\">Garantie :<\/span> 2 ans<\/li>\n<li class=\"product-features__item-list__item\" role=\"listitem\"><span class=\"is--medium\">Disponibilit\u00e9 des pi\u00e8ces d\u00e9tach\u00e9es (donn\u00e9es fournisseur) :<\/span> Pendant 5 ans, \u00e0 compter de la date fin de commercialisation<\/li>\n<li class=\"product-features__item-list__item\" role=\"listitem\"><span class=\"is--medium\">Fabriqu\u00e9 en :<\/span> Chine<\/li>\n<\/ul>\n<\/li>\n<\/ul>\n<\/div>\n<div class=\"product__disclosure-content\">\n<div class=\"js-read-more product-description__content read-more read-more--truncated\" style=\"max-height: 500px;overflow: hidden\" data-read-more-name=\"description\">\n<div class=\"product__description-content read-more\">\n<p>D\u00e9couvrez le Casque APPLE AirPods Max Mauve<\/p>\n<h3><img fetchpriority=\"high\" decoding=\"async\" class=\"wy_tableau_gauche\" src=\"https:\/\/boulanger.scene7.com\/is\/image\/Boulanger\/0195949544583_h_f_l_0?wid=400&amp;hei=270\" alt=\"Casque APPLE AirPods Max Mauve\" width=\"400\" height=\"270\" \/>Confort et qualit\u00e9 sonore haut de gamme<\/h3>\n<p>Les AirPods Max d&rsquo;APPLE se distinguent par leur confort exceptionnel et leur qualit\u00e9 sonore sup\u00e9rieure. Avec leurs coussinets en mousse \u00e0 m\u00e9moire de forme, ils englobent parfaitement l&rsquo;oreille pour une exp\u00e9rience d&rsquo;\u00e9coute immersive et un confort optimal, m\u00eame lors d&rsquo;une utilisation prolong\u00e9e. La technologie Hi-Res Audio garantit une restitution sonore de haute fid\u00e9lit\u00e9, tandis que la r\u00e9duction active du bruit vous permet de vous immerger totalement dans votre musique, sans \u00eatre d\u00e9rang\u00e9 par les bruits ambiants.<\/p>\n<h3><img decoding=\"async\" class=\"wy_tableau_right\" src=\"https:\/\/boulanger.scene7.com\/is\/image\/Boulanger\/0195949544583_h_f_l_1?wid=400&amp;hei=270\" alt=\"Casque APPLE AirPods Max Mauve\" width=\"400\" height=\"270\" \/>Connectivit\u00e9 avanc\u00e9e et autonomie impressionnante<\/h3>\n<p>Le casque APPLE AirPods Max Mauve offre une connectivit\u00e9 Bluetooth 5.0 pour une liaison sans fil stable et de qualit\u00e9 avec vos appareils. La fonctionnalit\u00e9 de connexion multipoint permet de basculer facilement entre diff\u00e9rents appareils. Avec une autonomie allant jusqu&rsquo;\u00e0 20 heures, les AirPods Max vous accompagnent toute la journ\u00e9e. De plus, gr\u00e2ce \u00e0 la charge rapide, 5 minutes de charge suffisent pour 1h30 d&rsquo;\u00e9coute. Les commandes tactiles int\u00e9gr\u00e9es vous donnent un contr\u00f4le total sur votre musique, vos appels et vos assistants vocaux, pour une utilisation intuitive et agr\u00e9able.<\/p>\n<\/div>\n<\/div>\n<p>&nbsp;<\/p>\n<\/div>","protected":false},"excerpt":{"rendered":"<div class=\"keypoints\">\n<h3 class=\"keypoints__title\">Les points cl\u00e9s<\/h3>\n<ul role=\"list\">\n<li class=\"keypoints__item\" role=\"listitem\">Autonomie totale : jusqu&rsquo;\u00e0 20h<\/li>\n<li class=\"keypoints__item\" role=\"listitem\">R\u00e9duction de bruit active<\/li>\n<li class=\"keypoints__item\" role=\"listitem\">Englobe l&rsquo;oreille (circum-aural)<\/li>\n<li class=\"keypoints__item\" role=\"listitem\">Contr\u00f4lez la musique, les appels et les assistants vocaux<\/li>\n<li class=\"keypoints__item keypoints__item--advantage\" role=\"listitem\"><strong>Le + :<\/strong> profitez d&rsquo;un son haute fid\u00e9lit\u00e9 pour une exp\u00e9rience d&rsquo;\u00e9coute in\u00e9gal\u00e9e<\/li>\n<\/ul>\n<\/div>","protected":false},"featured_media":92096,"template":"","meta":{"_glsr_average":0,"_glsr_ranking":0,"_glsr_reviews":0},"product_cat":[516],"product_tag":[517,451],"class_list":{"0":"post-92097","1":"product","2":"type-product","3":"status-publish","4":"has-post-thumbnail","6":"product_cat-casque-audio","7":"product_tag-casque-audio","8":"product_tag-tv-image-son","10":"first","11":"instock","12":"sale","13":"shipping-taxable","14":"purchasable","15":"product-type-simple"},"_links":{"self":[{"href":"https:\/\/electromenagerexpress.com\/en\/wp-json\/wp\/v2\/product\/92097","targetHints":{"allow":["GET"]}}],"collection":[{"href":"https:\/\/electromenagerexpress.com\/en\/wp-json\/wp\/v2\/product"}],"about":[{"href":"https:\/\/electromenagerexpress.com\/en\/wp-json\/wp\/v2\/types\/product"}],"wp:featuredmedia":[{"embeddable":true,"href":"https:\/\/electromenagerexpress.com\/en\/wp-json\/wp\/v2\/media\/92096"}],"wp:attachment":[{"href":"https:\/\/electromenagerexpress.com\/en\/wp-json\/wp\/v2\/media?parent=92097"}],"wp:term":[{"taxonomy":"product_cat","embeddable":true,"href":"https:\/\/electromenagerexpress.com\/en\/wp-json\/wp\/v2\/product_cat?post=92097"},{"taxonomy":"product_tag","embeddable":true,"href":"https:\/\/electromenagerexpress.com\/en\/wp-json\/wp\/v2\/product_tag?post=92097"}],"curies":[{"name":"wp","href":"https:\/\/api.w.org\/{rel}","templated":true}]}}