{"id":92027,"date":"2024-11-24T18:12:37","date_gmt":"2024-11-24T18:12:37","guid":{"rendered":"https:\/\/electromenagerexpress.com\/product\/casquebeatssolo-4-wireless-matte-black\/"},"modified":"2024-12-29T23:43:59","modified_gmt":"2024-12-29T23:43:59","slug":"casquebeatssolo-4-wireless-matte-black","status":"publish","type":"product","link":"https:\/\/electromenagerexpress.com\/en\/product\/casquebeatssolo-4-wireless-matte-black\/","title":{"rendered":"Casque\tBEATS Solo 4 wireless Matte Black"},"content":{"rendered":"<div class=\"product-features__content\">\n<ul role=\"list\">\n<li class=\"product-features__item\" role=\"listitem\">\n<h3 class=\"product-features__label\">Autonomie &amp; alimentation<\/h3>\n<ul role=\"list\">\n<li class=\"product-features__item-list__item\" role=\"listitem\"><span class=\"is--medium\">Autonomie totale :<\/span> jusqu&rsquo;\u00e0 50h<\/li>\n<li class=\"product-features__item-list__item\" role=\"listitem\"><span class=\"is--medium\">Charge rapide :<\/span> 10min de charge pour 5h d&rsquo;\u00e9coute<\/li>\n<\/ul>\n<\/li>\n<li class=\"product-features__item\" role=\"listitem\">\n<h3 class=\"product-features__label\">Fonctionnalit\u00e9s du casque<\/h3>\n<ul role=\"list\">\n<li class=\"product-features__item-list__item\" role=\"listitem\"><span class=\"is--medium\">Commandes tactiles :<\/span> Non concern\u00e9<\/li>\n<li class=\"product-features__item-list__item\" role=\"listitem\"><span class=\"is--medium\">Mode de contr\u00f4le :<\/span> boutons<\/li>\n<li class=\"product-features__item-list__item\" role=\"listitem\"><span class=\"is--medium\">R\u00e9duction de bruit passive :<\/span> oui,l&rsquo;ergonomie du casque isole des bruits ambiants sans traitement technologique<\/li>\n<li class=\"product-features__item-list__item\" role=\"listitem\"><span class=\"is--medium\">Mode conversation :<\/span> oui, permet de mener une conversation sans enlever le casque<\/li>\n<li class=\"product-features__item-list__item\" role=\"listitem\"><span class=\"is--medium\">Kit mains-libres :<\/span> oui, le microphone int\u00e9gr\u00e9 permet de passer des appels<\/li>\n<\/ul>\n<\/li>\n<li class=\"product-features__item\" role=\"listitem\">\n<h3 class=\"product-features__label\">Qualit\u00e9 audio et personnalisation du son<\/h3>\n<ul role=\"list\">\n<li class=\"product-features__item-list__item\" role=\"listitem\"><span class=\"is--medium\">R\u00e9ponse en fr\u00e9quence :<\/span> Non communiqu\u00e9<\/li>\n<li class=\"product-features__item-list__item\" role=\"listitem\"><span class=\"is--medium\">Personnalisation via l&rsquo;application :<\/span> Non concern\u00e9<\/li>\n<\/ul>\n<\/li>\n<li class=\"product-features__item\" role=\"listitem\">\n<h3 class=\"product-features__label\">Connectiques<\/h3>\n<ul role=\"list\">\n<li class=\"product-features__item-list__item\" role=\"listitem\"><span class=\"is--medium\">Connectique de charge :<\/span> USB Type-C<\/li>\n<li class=\"product-features__item-list__item\" role=\"listitem\"><span class=\"is--medium\">Connectique audio :<\/span> USB C<\/li>\n<\/ul>\n<\/li>\n<li class=\"product-features__item\" role=\"listitem\">\n<h3 class=\"product-features__label\">Connectivit\u00e9<\/h3>\n<ul role=\"list\">\n<li class=\"product-features__item-list__item\" role=\"listitem\"><span class=\"is--medium\">Filaire :<\/span> Oui<\/li>\n<li class=\"product-features__item-list__item\" role=\"listitem\"><span class=\"is--medium\">Bluetooth :<\/span> Oui<\/li>\n<li class=\"product-features__item-list__item\" role=\"listitem\"><span class=\"is--medium\">Type de Bluetooth :<\/span> 5.3<\/li>\n<li class=\"product-features__item-list__item\" role=\"listitem\"><span class=\"is--medium\">Compatibilit\u00e9 assistant vocal :<\/span> Oui<\/li>\n<li class=\"product-features__item-list__item\" role=\"listitem\"><span class=\"is--medium\">Type de connexion :<\/span> Bluetooth et filaire<\/li>\n<\/ul>\n<\/li>\n<li class=\"product-features__item\" role=\"listitem\">\n<h3 class=\"product-features__label\">Confort d&rsquo;utilisation<\/h3>\n<ul role=\"list\">\n<li class=\"product-features__item-list__item\" role=\"listitem\"><span class=\"is--medium\">Confort d&rsquo;\u00e9coute :<\/span> supra aural, il se pose sur l&rsquo;oreille et permet de r\u00e9duire la taille,le poids et l&rsquo;encombrement<\/li>\n<li class=\"product-features__item-list__item\" role=\"listitem\"><span class=\"is--medium\">Indice d&rsquo;\u00e9tanch\u00e9it\u00e9 :<\/span> Non communiqu\u00e9<\/li>\n<li class=\"product-features__item-list__item\" role=\"listitem\"><span class=\"is--medium\">Facilit\u00e9 de rangement :<\/span> pliable<\/li>\n<\/ul>\n<\/li>\n<li class=\"product-features__item\" role=\"listitem\">\n<h3 class=\"product-features__label\">Dimensions<\/h3>\n<ul role=\"list\">\n<li class=\"product-features__item-list__item\" role=\"listitem\"><span class=\"is--medium\">Dimensions l x h x p :<\/span> 15.8 x 6.8 x 17.7 cm<\/li>\n<li class=\"product-features__item-list__item\" role=\"listitem\"><span class=\"is--medium\">Poids :<\/span> 217 g<\/li>\n<\/ul>\n<\/li>\n<li class=\"product-features__item\" role=\"listitem\">\n<h3 class=\"product-features__label\">Informations compl\u00e9mentaires<\/h3>\n<ul role=\"list\">\n<li class=\"product-features__item-list__item\" role=\"listitem\"><span class=\"is--medium\">R\u00e9f\u00e9rence constructeur :<\/span> Solo 4 wireless Matte Black<\/li>\n<li class=\"product-features__item-list__item\" role=\"listitem\"><span class=\"is--medium\">Marque :<\/span> BEATS<\/li>\n<li class=\"product-features__item-list__item\" role=\"listitem\"><span class=\"is--medium\">Garantie :<\/span> 2 ans<\/li>\n<li class=\"product-features__item-list__item\" role=\"listitem\"><span class=\"is--medium\">Disponibilit\u00e9 des pi\u00e8ces d\u00e9tach\u00e9es (donn\u00e9es fournisseur) :<\/span> Pas de pi\u00e8ce disponible<\/li>\n<li class=\"product-features__item-list__item\" role=\"listitem\"><span class=\"is--medium\">Fabriqu\u00e9 en :<\/span> Chine<\/li>\n<\/ul>\n<\/li>\n<\/ul>\n<\/div>\n<div class=\"product__disclosure-content\">\n<div class=\"js-read-more product-description__content read-more read-more--truncated\" style=\"max-height: 500px;overflow: hidden\" data-read-more-name=\"description\">\n<div class=\"product__description-content read-more\">\n<p>\u00c9l\u00e9gance et performance avec le BEATS Solo 4 wireless Matte Black<\/p>\n<h3><img fetchpriority=\"high\" decoding=\"async\" class=\"wy_tableau_gauche\" src=\"https:\/\/boulanger.scene7.com\/is\/image\/Boulanger\/0195949121739_h_f_l_0?wid=400&amp;hei=270\" alt=\"Casque BEATS Solo 4 wireless Matte Black\" width=\"400\" height=\"270\" \/>Confort et design au service de la musique<\/h3>\n<p>Le BEATS Solo 4 wireless Matte Black se distingue par son design \u00e9pur\u00e9 en noir mat, offrant une \u00e9l\u00e9gance intemporelle qui s\u00e9duira les amateurs de style. Sa structure pliable et son poids standard de 217 g facilitent son transport, le rendant id\u00e9al pour une utilisation nomade. Con\u00e7u pour \u00e9pouser parfaitement la forme de l&rsquo;oreille gr\u00e2ce \u00e0 son confort d&rsquo;\u00e9coute supra-aural, ce casque se pose sur l&rsquo;oreille et r\u00e9duit l&rsquo;encombrement tout en offrant une isolation passive des bruits ambiants. L&rsquo;ergonomie pens\u00e9e pour le confort et la praticit\u00e9 fait du BEATS Solo 4 un compagnon de choix pour les m\u00e9lomanes en qu\u00eate d&rsquo;une exp\u00e9rience d&rsquo;\u00e9coute de qualit\u00e9 en d\u00e9placement.<\/p>\n<h3><img decoding=\"async\" class=\"wy_tableau_right\" src=\"https:\/\/boulanger.scene7.com\/is\/image\/Boulanger\/0195949121739_h_f_l_1?wid=400&amp;hei=270\" alt=\"Casque BEATS Solo 4 wireless Matte Black\" width=\"400\" height=\"270\" \/>Technologie sans-fil avanc\u00e9e et autonomie exceptionnelle<\/h3>\n<p>Le BEATS Solo 4 wireless Matte Black int\u00e8gre la technologie Bluetooth 5.3, assurant une connexion stable et rapide avec vos appareils. Il offre \u00e9galement la possibilit\u00e9 d&rsquo;une connexion filaire via USB Type-C, pour une flexibilit\u00e9 d&rsquo;utilisation maximale. Avec une autonomie allant jusqu&rsquo;\u00e0 50 heures, les utilisateurs peuvent profiter de leurs playlists pr\u00e9f\u00e9r\u00e9es sans interruption. Et pour ceux qui sont press\u00e9s, la fonction de charge rapide est un atout majeur : 10 minutes de charge suffisent pour 5 heures d&rsquo;\u00e9coute. Le casque dispose aussi d&rsquo;un micro int\u00e9gr\u00e9 pour passer des appels en mains libres et est compatible avec les assistants vocaux, rendant son utilisation encore plus agr\u00e9able au quotidien.<\/p>\n<\/div>\n<\/div>\n<p>&nbsp;<\/p>\n<\/div>","protected":false},"excerpt":{"rendered":"<div class=\"keypoints\">\n<h3 class=\"keypoints__title\">Les points cl\u00e9s<\/h3>\n<ul role=\"list\">\n<li class=\"keypoints__item\" role=\"listitem\">Autonomie totale : jusqu&rsquo;\u00e0 50h &#8211; Filaire<\/li>\n<li class=\"keypoints__item\" role=\"listitem\">Pose sur l&rsquo;oreille (supra-aural)<\/li>\n<li class=\"keypoints__item keypoints__item--advantage\" role=\"listitem\"><strong>Le + :<\/strong> L\u2019audio spatial personnalis\u00e9 avec suivi dynamique de la t\u00eate vous place au centre de votre musique<\/li>\n<\/ul>\n<\/div>","protected":false},"featured_media":92026,"template":"","meta":{"_glsr_average":0,"_glsr_ranking":0,"_glsr_reviews":0},"product_cat":[516],"product_tag":[517,451],"class_list":{"0":"post-92027","1":"product","2":"type-product","3":"status-publish","4":"has-post-thumbnail","6":"product_cat-casque-audio","7":"product_tag-casque-audio","8":"product_tag-tv-image-son","10":"first","11":"instock","12":"sale","13":"shipping-taxable","14":"purchasable","15":"product-type-simple"},"_links":{"self":[{"href":"https:\/\/electromenagerexpress.com\/en\/wp-json\/wp\/v2\/product\/92027","targetHints":{"allow":["GET"]}}],"collection":[{"href":"https:\/\/electromenagerexpress.com\/en\/wp-json\/wp\/v2\/product"}],"about":[{"href":"https:\/\/electromenagerexpress.com\/en\/wp-json\/wp\/v2\/types\/product"}],"wp:featuredmedia":[{"embeddable":true,"href":"https:\/\/electromenagerexpress.com\/en\/wp-json\/wp\/v2\/media\/92026"}],"wp:attachment":[{"href":"https:\/\/electromenagerexpress.com\/en\/wp-json\/wp\/v2\/media?parent=92027"}],"wp:term":[{"taxonomy":"product_cat","embeddable":true,"href":"https:\/\/electromenagerexpress.com\/en\/wp-json\/wp\/v2\/product_cat?post=92027"},{"taxonomy":"product_tag","embeddable":true,"href":"https:\/\/electromenagerexpress.com\/en\/wp-json\/wp\/v2\/product_tag?post=92027"}],"curies":[{"name":"wp","href":"https:\/\/api.w.org\/{rel}","templated":true}]}}