{"id":91985,"date":"2024-11-24T18:11:50","date_gmt":"2024-11-24T18:11:50","guid":{"rendered":"https:\/\/electromenagerexpress.com\/product\/casquefocalbathys-dune\/"},"modified":"2024-12-29T23:55:14","modified_gmt":"2024-12-29T23:55:14","slug":"casquefocalbathys-dune","status":"publish","type":"product","link":"https:\/\/electromenagerexpress.com\/en\/product\/casquefocalbathys-dune\/","title":{"rendered":"Casque FOCAL Bathys Dune"},"content":{"rendered":"<div class=\"product-features__content\">\n<ul role=\"list\">\n<li class=\"product-features__item\" role=\"listitem\">\n<h3 class=\"product-features__label\">Autonomie &amp; alimentation<\/h3>\n<ul role=\"list\">\n<li class=\"product-features__item-list__item\" role=\"listitem\"><span class=\"is--medium\">Autonomie totale :<\/span> jusqu&rsquo;\u00e0 40h<\/li>\n<li class=\"product-features__item-list__item\" role=\"listitem\"><span class=\"is--medium\">Autonomie en mode R\u00e9duction de bruit active (ANC) :<\/span> jusqu&rsquo;\u00e0 30h<\/li>\n<li class=\"product-features__item-list__item\" role=\"listitem\"><span class=\"is--medium\">Charge rapide :<\/span> 15min de charge pour 5h d&rsquo;autonomie<\/li>\n<\/ul>\n<\/li>\n<li class=\"product-features__item\" role=\"listitem\">\n<h3 class=\"product-features__label\">Fonctionnalit\u00e9s du casque<\/h3>\n<ul role=\"list\">\n<li class=\"product-features__item-list__item\" role=\"listitem\"><span class=\"is--medium\">Commandes tactiles :<\/span> Appels + musique<\/li>\n<li class=\"product-features__item-list__item\" role=\"listitem\"><span class=\"is--medium\">Mode de contr\u00f4le :<\/span> boutons<\/li>\n<li class=\"product-features__item-list__item\" role=\"listitem\"><span class=\"is--medium\">R\u00e9duction de bruit active :<\/span> oui, permet d&rsquo;activer ou d\u00e9sactiver pour entendre les sons ambiants<\/li>\n<li class=\"product-features__item-list__item\" role=\"listitem\"><span class=\"is--medium\">Mode bruit ambiant :<\/span> oui, amplifie les bruits ambiants pour vous permettre d&rsquo;entendre mieux votre environnement<\/li>\n<li class=\"product-features__item-list__item\" role=\"listitem\"><span class=\"is--medium\">Mode conversation :<\/span> oui, permet de mener une conversation sans enlever le casque<\/li>\n<li class=\"product-features__item-list__item\" role=\"listitem\"><span class=\"is--medium\">Kit mains-libres :<\/span> oui, le microphone int\u00e9gr\u00e9 permet de passer des appels<\/li>\n<li class=\"product-features__item-list__item\" role=\"listitem\"><span class=\"is--medium\">D\u00e9tection de port :<\/span> oui, permet d&rsquo;\u00e9couter la musique d\u00e8s que les \u00e9couteurs sont sur les oreilles et de s&rsquo;arr\u00eater d\u00e8s qu&rsquo;ils ne le sont plus<\/li>\n<\/ul>\n<\/li>\n<li class=\"product-features__item\" role=\"listitem\">\n<h3 class=\"product-features__label\">Qualit\u00e9 audio et personnalisation du son<\/h3>\n<ul role=\"list\">\n<li class=\"product-features__item-list__item\" role=\"listitem\"><span class=\"is--medium\">R\u00e9ponse en fr\u00e9quence :<\/span> 15 \u00e0 22 000 Hz<\/li>\n<li class=\"product-features__item-list__item\" role=\"listitem\"><span class=\"is--medium\">Le saviez-vous ? :<\/span> Plus le premier chiffre est bas, plus les \u00e9couteurs pourront restituer des sons graves ; plus le deuxi\u00e8me chiffre est \u00e9lev\u00e9, plus ils pourront restituer des sons aigus<\/li>\n<li class=\"product-features__item-list__item\" role=\"listitem\"><span class=\"is--medium\">Sensibilit\u00e9 (dB) :<\/span> 1<\/li>\n<li class=\"product-features__item-list__item\" role=\"listitem\"><span class=\"is--medium\">R\u00e9glage du niveau de r\u00e9duction de bruit :<\/span> Oui<\/li>\n<li class=\"product-features__item-list__item\" role=\"listitem\"><span class=\"is--medium\">Personnalisation via l&rsquo;application :<\/span> Personnalisez le son et la r\u00e9duction de bruit<\/li>\n<li class=\"product-features__item-list__item\" role=\"listitem\"><span class=\"is--medium\">R\u00e9duction de dB pour enfants :<\/span> Non<\/li>\n<\/ul>\n<\/li>\n<li class=\"product-features__item\" role=\"listitem\">\n<h3 class=\"product-features__label\">Connectiques<\/h3>\n<ul role=\"list\">\n<li class=\"product-features__item-list__item\" role=\"listitem\"><span class=\"is--medium\">Connectique de charge :<\/span> USB Type-C<\/li>\n<li class=\"product-features__item-list__item\" role=\"listitem\"><span class=\"is--medium\">Connectique audio :<\/span> USB C<\/li>\n<\/ul>\n<\/li>\n<li class=\"product-features__item\" role=\"listitem\">\n<h3 class=\"product-features__label\">Connectivit\u00e9<\/h3>\n<ul role=\"list\">\n<li class=\"product-features__item-list__item\" role=\"listitem\"><span class=\"is--medium\">Filaire :<\/span> Oui<\/li>\n<li class=\"product-features__item-list__item\" role=\"listitem\"><span class=\"is--medium\">Type de Bluetooth :<\/span> 5.1<\/li>\n<li class=\"product-features__item-list__item\" role=\"listitem\"><span class=\"is--medium\">Compatibilit\u00e9 assistant vocal :<\/span> Oui<\/li>\n<li class=\"product-features__item-list__item\" role=\"listitem\"><span class=\"is--medium\">Connexion multipoint :<\/span> oui, permet de connecter le casque \u00e0 plusieurs appareils ( PC, tablette, smartphone ) sans avoir \u00e0 les reconnecter \u00e0 chaque fois<\/li>\n<li class=\"product-features__item-list__item\" role=\"listitem\"><span class=\"is--medium\">C\u00e2ble :<\/span> 1,2 m<\/li>\n<li class=\"product-features__item-list__item\" role=\"listitem\"><span class=\"is--medium\">Type de connexion :<\/span> Bluetooth et filaire<\/li>\n<\/ul>\n<\/li>\n<li class=\"product-features__item\" role=\"listitem\">\n<h3 class=\"product-features__label\">Confort d&rsquo;utilisation<\/h3>\n<ul role=\"list\">\n<li class=\"product-features__item-list__item\" role=\"listitem\"><span class=\"is--medium\">Confort d&rsquo;\u00e9coute :<\/span> circum aural, il englobe l&rsquo;oreille<\/li>\n<li class=\"product-features__item-list__item\" role=\"listitem\"><span class=\"is--medium\">Indice d&rsquo;\u00e9tanch\u00e9it\u00e9 :<\/span> Non communiqu\u00e9<\/li>\n<li class=\"product-features__item-list__item\" role=\"listitem\"><span class=\"is--medium\">Facilit\u00e9 de rangement :<\/span> rangement \u00e0 plat<\/li>\n<li class=\"product-features__item-list__item\" role=\"listitem\"><span class=\"is--medium\">Mati\u00e8re des coussinets :<\/span> Simili Cuir<\/li>\n<li class=\"product-features__item-list__item\" role=\"listitem\"><span class=\"is--medium\">Oreillettes pivotantes :<\/span> Oui<\/li>\n<\/ul>\n<\/li>\n<li class=\"product-features__item\" role=\"listitem\">\n<h3 class=\"product-features__label\">Dimensions<\/h3>\n<ul role=\"list\">\n<li class=\"product-features__item-list__item\" role=\"listitem\"><span class=\"is--medium\">Dimensions l x h x p :<\/span> 21 x 24 x 7 cm<\/li>\n<li class=\"product-features__item-list__item\" role=\"listitem\"><span class=\"is--medium\">Poids :<\/span> 350 g<\/li>\n<\/ul>\n<\/li>\n<li class=\"product-features__item\" role=\"listitem\">\n<h3 class=\"product-features__label\">Informations compl\u00e9mentaires<\/h3>\n<ul role=\"list\">\n<li class=\"product-features__item-list__item\" role=\"listitem\"><span class=\"is--medium\">R\u00e9f\u00e9rence constructeur :<\/span> Bathys Dune<\/li>\n<li class=\"product-features__item-list__item\" role=\"listitem\"><span class=\"is--medium\">Marque :<\/span> FOCAL<\/li>\n<li class=\"product-features__item-list__item\" role=\"listitem\"><span class=\"is--medium\">Garantie :<\/span> 2 ans<\/li>\n<li class=\"product-features__item-list__item\" role=\"listitem\"><span class=\"is--medium\">Disponibilit\u00e9 des pi\u00e8ces d\u00e9tach\u00e9es (donn\u00e9es fournisseur) :<\/span> Pendant 2 ans, \u00e0 compter de la date d&rsquo;achat<\/li>\n<li class=\"product-features__item-list__item\" role=\"listitem\"><span class=\"is--medium\">Fabriqu\u00e9 en :<\/span> Chine<\/li>\n<\/ul>\n<\/li>\n<\/ul>\n<\/div>\n<div class=\"product__disclosure-content\">\n<div class=\"js-read-more product-description__content read-more read-more--truncated\" style=\"max-height: 500px;overflow: hidden\" data-read-more-name=\"description\">\n<div class=\"product__description-content read-more\">\n<p>Focal Bathys Dune : L&rsquo;excellence sonore en toute libert\u00e9<\/p>\n<h3><img fetchpriority=\"high\" decoding=\"async\" class=\"wy_tableau_gauche\" src=\"https:\/\/boulanger.scene7.com\/is\/image\/Boulanger\/3544055727163_h_f_l_0?wid=400&amp;hei=270\" alt=\"Casque FOCAL Bathys Dune\" width=\"400\" height=\"270\" \/>Haute fid\u00e9lit\u00e9 et confort sur mesure<\/h3>\n<p>Le casque Focal Bathys Dune incarne la quintessence de l&rsquo;audio nomade avec sa technologie de haut-parleurs \u00e0 d\u00f4me \u00a0\u00bb M \u00a0\u00bb en Aluminium\/Magn\u00e9sium, con\u00e7ue et fabriqu\u00e9e en France. Cette innovation assure une qualit\u00e9 sonore exceptionnelle, avec une r\u00e9ponse en fr\u00e9quence de 15 Hz \u00e0 22 kHz et un taux de distorsion harmonique inf\u00e9rieur \u00e0 0.2% \u00e0 1 kHz. Le confort n&rsquo;est pas en reste gr\u00e2ce \u00e0 l&rsquo;arceau en cuir v\u00e9ritable et microfibre, ainsi que les coussinets adapt\u00e9s \u00e0 toutes les morphologies, offrant une exp\u00e9rience d&rsquo;\u00e9coute prolong\u00e9e sans fatigue. La robustesse est \u00e9galement au rendez-vous avec une construction en Aluminium et Magn\u00e9sium, garantissant une durabilit\u00e9 et une l\u00e9g\u00e8ret\u00e9 optimales pour une utilisation quotidienne.<\/p>\n<h3><img decoding=\"async\" class=\"wy_tableau_right\" src=\"https:\/\/boulanger.scene7.com\/is\/image\/Boulanger\/3544055727163_h_f_l_1?wid=400&amp;hei=270\" alt=\"Casque FOCAL Bathys Dune\" width=\"400\" height=\"270\" \/>Connectivit\u00e9 avanc\u00e9e et r\u00e9duction de bruit active<\/h3>\n<p>Avec plus de 30 heures d&rsquo;autonomie en mode Bluetooth\u00ae et r\u00e9duction de bruit active, le Bathys Dune promet des sessions d&rsquo;\u00e9coute ininterrompues. La technologie Bluetooth\u00ae 5.1 Multipoint assure une port\u00e9e sup\u00e9rieure \u00e0 15 m\u00e8tres et une compatibilit\u00e9 avec une multitude de codecs audio, dont SBC, AAC, aptX\u2122 Adaptive et aptX\u2122. Les deux modes de r\u00e9duction de bruit et le mode transparence s&rsquo;adaptent parfaitement \u00e0 tous les environnements. De plus, la recharge rapide offre 5 heures d&rsquo;\u00e9coute suppl\u00e9mentaires en seulement 15 minutes. Les assistants vocaux Google Assistant et Amazon Alexa, ainsi que la technologie de micros Clear Voice Capture, enrichissent l&rsquo;exp\u00e9rience utilisateur en permettant des interactions fluides et des conversations claires. Enfin, l&rsquo;application Focal &amp; Naim offre des r\u00e9glages personnalis\u00e9s pour une exp\u00e9rience sur mesure.<\/p>\n<\/div>\n<\/div>\n<p>Voir plus<\/p>\n<\/div>","protected":false},"excerpt":{"rendered":"<div class=\"keypoints\">\n<h3 class=\"keypoints__title\">Les points cl\u00e9s<\/h3>\n<ul role=\"list\">\n<li class=\"keypoints__item\" role=\"listitem\">Autonomie totale : jusqu&rsquo;\u00e0 40h &#8211; Filaire<\/li>\n<li class=\"keypoints__item\" role=\"listitem\">R\u00e9duction de bruit active<\/li>\n<li class=\"keypoints__item\" role=\"listitem\">Englobe l&rsquo;oreille (circum-aural)<\/li>\n<li class=\"keypoints__item\" role=\"listitem\">Contr\u00f4lez les appels et la musique<\/li>\n<li class=\"keypoints__item keypoints__item--advantage\" role=\"listitem\"><strong>Le + :<\/strong> Haut-parleurs Focal fabriqu\u00e9s en France,\u00a030 heures d&rsquo;autonomie et con\u00e7u \u00e0 partir de mat\u00e9riaux noble<\/li>\n<\/ul>\n<\/div>","protected":false},"featured_media":91984,"template":"","meta":{"_glsr_average":0,"_glsr_ranking":0,"_glsr_reviews":0},"product_cat":[516],"product_tag":[517,451],"class_list":{"0":"post-91985","1":"product","2":"type-product","3":"status-publish","4":"has-post-thumbnail","6":"product_cat-casque-audio","7":"product_tag-casque-audio","8":"product_tag-tv-image-son","10":"first","11":"instock","12":"sale","13":"shipping-taxable","14":"purchasable","15":"product-type-simple"},"_links":{"self":[{"href":"https:\/\/electromenagerexpress.com\/en\/wp-json\/wp\/v2\/product\/91985","targetHints":{"allow":["GET"]}}],"collection":[{"href":"https:\/\/electromenagerexpress.com\/en\/wp-json\/wp\/v2\/product"}],"about":[{"href":"https:\/\/electromenagerexpress.com\/en\/wp-json\/wp\/v2\/types\/product"}],"wp:featuredmedia":[{"embeddable":true,"href":"https:\/\/electromenagerexpress.com\/en\/wp-json\/wp\/v2\/media\/91984"}],"wp:attachment":[{"href":"https:\/\/electromenagerexpress.com\/en\/wp-json\/wp\/v2\/media?parent=91985"}],"wp:term":[{"taxonomy":"product_cat","embeddable":true,"href":"https:\/\/electromenagerexpress.com\/en\/wp-json\/wp\/v2\/product_cat?post=91985"},{"taxonomy":"product_tag","embeddable":true,"href":"https:\/\/electromenagerexpress.com\/en\/wp-json\/wp\/v2\/product_tag?post=91985"}],"curies":[{"name":"wp","href":"https:\/\/api.w.org\/{rel}","templated":true}]}}