{"id":91870,"date":"2024-11-24T18:09:41","date_gmt":"2024-11-24T18:09:41","guid":{"rendered":"https:\/\/electromenagerexpress.com\/product\/casque-tvsennheiserrs-5200\/"},"modified":"2024-12-31T07:07:45","modified_gmt":"2024-12-31T07:07:45","slug":"casque-tvsennheiserrs-5200","status":"publish","type":"product","link":"https:\/\/electromenagerexpress.com\/en\/product\/casque-tvsennheiserrs-5200\/","title":{"rendered":"Casque TV SENNHEISER RS 5200"},"content":{"rendered":"<div class=\"product-features__content\">\n<ul role=\"list\">\n<li class=\"product-features__item\" role=\"listitem\">\n<h3 class=\"product-features__label\">Autonomie &amp; alimentation<\/h3>\n<ul role=\"list\">\n<li class=\"product-features__item-list__item\" role=\"listitem\"><span class=\"is--medium\">Autonomie totale :<\/span> jusqu&rsquo;\u00e0 12h<\/li>\n<li class=\"product-features__item-list__item\" role=\"listitem\"><span class=\"is--medium\">Autonomie en mode R\u00e9duction de bruit active (ANC) :<\/span> Aucune<\/li>\n<li class=\"product-features__item-list__item\" role=\"listitem\"><span class=\"is--medium\">Charge rapide :<\/span> non concern\u00e9<\/li>\n<\/ul>\n<\/li>\n<li class=\"product-features__item\" role=\"listitem\">\n<h3 class=\"product-features__label\">Fonctionnalit\u00e9s du casque<\/h3>\n<ul role=\"list\">\n<li class=\"product-features__item-list__item\" role=\"listitem\"><span class=\"is--medium\">Commandes tactiles :<\/span> Non concern\u00e9<\/li>\n<li class=\"product-features__item-list__item\" role=\"listitem\"><span class=\"is--medium\">Mode de contr\u00f4le :<\/span> boutons<\/li>\n<\/ul>\n<\/li>\n<li class=\"product-features__item\" role=\"listitem\">\n<h3 class=\"product-features__label\">Qualit\u00e9 audio et personnalisation du son<\/h3>\n<ul role=\"list\">\n<li class=\"product-features__item-list__item\" role=\"listitem\"><span class=\"is--medium\">R\u00e9ponse en fr\u00e9quence :<\/span> 15 \u00e0 16 000 Hz<\/li>\n<li class=\"product-features__item-list__item\" role=\"listitem\"><span class=\"is--medium\">Le saviez-vous ? :<\/span> Plus le premier chiffre est bas, plus les \u00e9couteurs pourront restituer des sons graves ; plus le deuxi\u00e8me chiffre est \u00e9lev\u00e9, plus ils pourront restituer des sons aigus<\/li>\n<li class=\"product-features__item-list__item\" role=\"listitem\"><span class=\"is--medium\">Sensibilit\u00e9 (dB) :<\/span> 125<\/li>\n<li class=\"product-features__item-list__item\" role=\"listitem\"><span class=\"is--medium\">Personnalisation via l&rsquo;application :<\/span> Non concern\u00e9<\/li>\n<li class=\"product-features__item-list__item\" role=\"listitem\"><span class=\"is--medium\">R\u00e9duction de dB pour enfants :<\/span> Non<\/li>\n<\/ul>\n<\/li>\n<li class=\"product-features__item\" role=\"listitem\">\n<h3 class=\"product-features__label\">Connectiques<\/h3>\n<ul role=\"list\">\n<li class=\"product-features__item-list__item\" role=\"listitem\"><span class=\"is--medium\">Connectique de charge :<\/span> Non concern\u00e9<\/li>\n<li class=\"product-features__item-list__item\" role=\"listitem\"><span class=\"is--medium\">Connectique audio :<\/span> Jack 3.5 mm<\/li>\n<\/ul>\n<\/li>\n<li class=\"product-features__item\" role=\"listitem\">\n<h3 class=\"product-features__label\">Connectivit\u00e9<\/h3>\n<ul role=\"list\">\n<li class=\"product-features__item-list__item\" role=\"listitem\"><span class=\"is--medium\">Filaire :<\/span> Non<\/li>\n<li class=\"product-features__item-list__item\" role=\"listitem\"><span class=\"is--medium\">Bluetooth :<\/span> Non<\/li>\n<li class=\"product-features__item-list__item\" role=\"listitem\"><span class=\"is--medium\">Type de Bluetooth :<\/span> non communiqu\u00e9<\/li>\n<li class=\"product-features__item-list__item\" role=\"listitem\"><span class=\"is--medium\">Compatibilit\u00e9 assistant vocal :<\/span> Non<\/li>\n<li class=\"product-features__item-list__item\" role=\"listitem\"><span class=\"is--medium\">Type de connexion :<\/span> Sans fil<\/li>\n<\/ul>\n<\/li>\n<li class=\"product-features__item\" role=\"listitem\">\n<h3 class=\"product-features__label\">Confort d&rsquo;utilisation<\/h3>\n<ul role=\"list\">\n<li class=\"product-features__item-list__item\" role=\"listitem\"><span class=\"is--medium\">Confort d&rsquo;\u00e9coute :<\/span> supra aural, il se pose sur l&rsquo;oreille et permet de r\u00e9duire la taille,le poids et l&rsquo;encombrement<\/li>\n<li class=\"product-features__item-list__item\" role=\"listitem\"><span class=\"is--medium\">Indice d&rsquo;\u00e9tanch\u00e9it\u00e9 :<\/span> Non concern\u00e9<\/li>\n<li class=\"product-features__item-list__item\" role=\"listitem\"><span class=\"is--medium\">Facilit\u00e9 de rangement :<\/span> rangement \u00e0 plat<\/li>\n<li class=\"product-features__item-list__item\" role=\"listitem\"><span class=\"is--medium\">Mati\u00e8re des coussinets :<\/span> Anti-pression<\/li>\n<\/ul>\n<\/li>\n<li class=\"product-features__item\" role=\"listitem\">\n<h3 class=\"product-features__label\">Dimensions<\/h3>\n<ul role=\"list\">\n<li class=\"product-features__item-list__item\" role=\"listitem\"><span class=\"is--medium\">Dimensions l x h x p :<\/span> 15 x 30 x 7.6 cm<\/li>\n<li class=\"product-features__item-list__item\" role=\"listitem\"><span class=\"is--medium\">Poids :<\/span> 933 g<\/li>\n<\/ul>\n<\/li>\n<li class=\"product-features__item\" role=\"listitem\">\n<h3 class=\"product-features__label\">Informations compl\u00e9mentaires<\/h3>\n<ul role=\"list\">\n<li class=\"product-features__item-list__item\" role=\"listitem\"><span class=\"is--medium\">R\u00e9f\u00e9rence constructeur :<\/span> RS 5200<\/li>\n<li class=\"product-features__item-list__item\" role=\"listitem\"><span class=\"is--medium\">Marque :<\/span> SENNHEISER<\/li>\n<li class=\"product-features__item-list__item\" role=\"listitem\"><span class=\"is--medium\">Garantie :<\/span> 2 ans<\/li>\n<li class=\"product-features__item-list__item\" role=\"listitem\"><span class=\"is--medium\">Disponibilit\u00e9 des pi\u00e8ces d\u00e9tach\u00e9es (donn\u00e9es fournisseur) :<\/span> Pendant 2 ans, \u00e0 compter de la date fin de fabrication<\/li>\n<li class=\"product-features__item-list__item\" role=\"listitem\"><span class=\"is--medium\">Fabriqu\u00e9 en :<\/span> Chine<\/li>\n<\/ul>\n<\/li>\n<\/ul>\n<\/div>\n<div class=\"product__disclosure-content\">\n<div class=\"js-read-more product-description__content read-more read-more--truncated\" style=\"max-height: 500px;overflow: hidden\" data-read-more-name=\"description\">\n<p>Profitez d&rsquo;un confort audio complet \u00e0 la maison avec le Casque Sans Fil SENNHEISER RS 5200, un casque intra-auriculaire con\u00e7u pour regarder la t\u00e9l\u00e9vision.<\/p>\n<h3><img fetchpriority=\"high\" decoding=\"async\" class=\"wy_tableau_gauche\" src=\"https:\/\/boulanger.scene7.com\/is\/image\/Boulanger\/4044155262599_h_f_l_0?wid=400&amp;hei=270\" alt=\"Casque Sans Fil SENNHEISER RS 5200\" width=\"400\" height=\"270\" \/>Un casque sans fil pour plus de clart\u00e9<\/h3>\n<p>L&rsquo;utilisation d&rsquo;un <b>casque sans fil<\/b> pour \u00e9couter la t\u00e9l\u00e9vision peut \u00eatre pratique au quotidien. Tant dans un environnement bruyant pour vous isoler que pour simplement vous offrir une \u00e9coute plus confortable, le Casque Sans Fil SENNHEISER RS 5200 sera ultra pratique. Gr\u00e2ce \u00e0 sa structure, vous b\u00e9n\u00e9ficierez d&rsquo;un <b>son num\u00e9rique tr\u00e8s clair<\/b>.<\/p>\n<p>Vous n&rsquo;aurez donc pas \u00e0 augmenter inutilement le volume de votre t\u00e9l\u00e9vision avec le Casque Sans Fil SENNHEISER RS 5200, peu importe le contenu. En effet, ce casque moderne dispose de <b>3 profils d&rsquo;\u00e9coute<\/b> \u00e0 choisir en fonction de ce que vous \u00e9coutez. Vous pourrez ainsi <b>adapter le profil de diffusion<\/b> sonore et l&rsquo;optimiser selon que vous \u00e9coutiez de <b>la musique ou une \u00e9mission<\/b>.<\/p>\n<h3><img decoding=\"async\" class=\"wy_tableau_right\" src=\"https:\/\/boulanger.scene7.com\/is\/image\/Boulanger\/4044155262599_h_f_l_1?wid=400&amp;hei=270\" alt=\"Casque Sans Fil SENNHEISER RS 5200\" width=\"400\" height=\"270\" \/>Une meilleure balance du son, une vraie libert\u00e9 de mouvement<\/h3>\n<p>Vous pourrez vous d\u00e9placer \u00e0 votre guise avec le Casque Sans Fil SENNHEISER RS 5200. Sa <b>longue port\u00e9e de 70 m\u00e8tres<\/b> vous assurera une libert\u00e9 de mouvement totale. Vous pourrez ainsi vaquer \u00e0 vos occupations tout en \u00e9coutant votre programme favori. Vous pourrez m\u00eame s\u00e9lectionner la <b>fonction clart\u00e9 de parole<\/b> pour <b>augmenter la nettet\u00e9 des dialogues<\/b>.<\/p>\n<p>Pour que le confort soit total, le Casque Sans Fil SENNHEISER RS 5200 dispose d&rsquo;un <b>choix multiple d&rsquo;adaptateurs<\/b>. Vous profiterez ainsi d&rsquo;un ajustement pleinement personnalis\u00e9 et d&rsquo;un r\u00e9glage du volume sur le casque. L&rsquo;<b>autonomie \u00e9lev\u00e9e de 12 heures maximum<\/b> sera aussi pratique car vous pourrez profiter de vos programmes les plus longs sans vous soucier des pannes de batterie.<\/p>\n<\/div>\n<p>&nbsp;<\/p>\n<\/div>","protected":false},"excerpt":{"rendered":"<div class=\"keypoints\">\n<h3 class=\"keypoints__title\">Les points cl\u00e9s<\/h3>\n<ul role=\"list\">\n<li class=\"keypoints__item\" role=\"listitem\">Autonomie totale : jusqu&rsquo;\u00e0 12h<\/li>\n<li class=\"keypoints__item\" role=\"listitem\">Pose sur l&rsquo;oreille (supra-aural)<\/li>\n<li class=\"keypoints__item keypoints__item--advantage\" role=\"listitem\"><strong>Le + :<\/strong> \u00a03 profils d&rsquo;\u00e9coute Fonction &#8211; Clart\u00e9 de parole<\/li>\n<\/ul>\n<\/div>","protected":false},"featured_media":91869,"template":"","meta":{"_glsr_average":0,"_glsr_ranking":0,"_glsr_reviews":0},"product_cat":[516],"product_tag":[517,451],"class_list":{"0":"post-91870","1":"product","2":"type-product","3":"status-publish","4":"has-post-thumbnail","6":"product_cat-casque-audio","7":"product_tag-casque-audio","8":"product_tag-tv-image-son","10":"first","11":"instock","12":"sale","13":"shipping-taxable","14":"purchasable","15":"product-type-simple"},"_links":{"self":[{"href":"https:\/\/electromenagerexpress.com\/en\/wp-json\/wp\/v2\/product\/91870","targetHints":{"allow":["GET"]}}],"collection":[{"href":"https:\/\/electromenagerexpress.com\/en\/wp-json\/wp\/v2\/product"}],"about":[{"href":"https:\/\/electromenagerexpress.com\/en\/wp-json\/wp\/v2\/types\/product"}],"wp:featuredmedia":[{"embeddable":true,"href":"https:\/\/electromenagerexpress.com\/en\/wp-json\/wp\/v2\/media\/91869"}],"wp:attachment":[{"href":"https:\/\/electromenagerexpress.com\/en\/wp-json\/wp\/v2\/media?parent=91870"}],"wp:term":[{"taxonomy":"product_cat","embeddable":true,"href":"https:\/\/electromenagerexpress.com\/en\/wp-json\/wp\/v2\/product_cat?post=91870"},{"taxonomy":"product_tag","embeddable":true,"href":"https:\/\/electromenagerexpress.com\/en\/wp-json\/wp\/v2\/product_tag?post=91870"}],"curies":[{"name":"wp","href":"https:\/\/api.w.org\/{rel}","templated":true}]}}