{"id":91553,"date":"2024-11-24T18:03:57","date_gmt":"2024-11-24T18:03:57","guid":{"rendered":"https:\/\/electromenagerexpress.com\/product\/siege-massantmedisanade-massage-rs-660\/"},"modified":"2024-11-24T18:04:02","modified_gmt":"2024-11-24T18:04:02","slug":"siege-massantmedisanade-massage-rs-660","status":"publish","type":"product","link":"https:\/\/electromenagerexpress.com\/en\/product\/siege-massantmedisanade-massage-rs-660\/","title":{"rendered":"Si\u00e8ge massant\t\t\t\t\t\t\tMEDISANA\t\t\t\tde massage RS 660"},"content":{"rendered":"<div class=\"product-features__content\">\n<ul role=\"list\">\n<li class=\"product-features__item\" role=\"listitem\">\n<h3 class=\"product-features__label\">Pour prendre soin de vous<\/h3>\n<ul role=\"list\">\n<li class=\"product-features__item-list__item\" role=\"listitem\"><span class=\"is--medium\">D\u00e9couvrez notre boutique Sant\u00e9\/Bien-\u00catre :<\/span> <a href=\"https:\/\/www.boulanger.com\/evenement\/boutique-bien-etre-sante\" target=\"_blank\">Cliquez ici<\/a><\/li>\n<\/ul>\n<\/li>\n<li class=\"product-features__item\" role=\"listitem\">\n<h3 class=\"product-features__label\">Caract\u00e9ristique g\u00e9n\u00e9rale<\/h3>\n<ul role=\"list\">\n<li class=\"product-features__item-list__item\" role=\"listitem\"><span class=\"is--medium\">Type de produit :<\/span> Fauteuil massant\t\t\t\t\t<\/li>\n<li class=\"product-features__item-list__item\" role=\"listitem\"><span class=\"is--medium\">Le mot du m\u00e9decin :<\/span> Les fauteuils massants vous permettent de vous d\u00e9tendre, d&rsquo;\u00e9liminer le stress et de vous apporter du bien-\u00eatre. Ils peuvent soulager les douleurs dorsales par leur effet massant.\t\t\t\t\t<\/li>\n<li class=\"product-features__item-list__item\" role=\"listitem\"><span class=\"is--medium\">Puissance :<\/span> 100,0 W\t\t\t\t\t<\/li>\n<li class=\"product-features__item-list__item\" role=\"listitem\"><span class=\"is--medium\">Alimentation :<\/span> Secteur\t\t\t\t\t<\/li>\n<li class=\"product-features__item-list__item\" role=\"listitem\"><span class=\"is--medium\">Nombre de programmes :<\/span> 3 programmes\t\t\t\t\t<\/li>\n<\/ul>\n<\/li>\n<li class=\"product-features__item\" role=\"listitem\">\n<h3 class=\"product-features__label\">Massage Shiatsu<\/h3>\n<ul role=\"list\">\n<li class=\"product-features__item-list__item\" role=\"listitem\"><span class=\"is--medium\">Bas du dos :<\/span> Oui\t\t\t\t\t<\/li>\n<li class=\"product-features__item-list__item\" role=\"listitem\"><span class=\"is--medium\">Haut du dos :<\/span> Oui\t\t\t\t\t<\/li>\n<li class=\"product-features__item-list__item\" role=\"listitem\"><span class=\"is--medium\">Dos complet :<\/span> Oui\t\t\t\t\t<\/li>\n<li class=\"product-features__item-list__item\" role=\"listitem\"><span class=\"is--medium\">Nuque :<\/span> Oui\t\t\t\t\t<\/li>\n<\/ul>\n<\/li>\n<li class=\"product-features__item\" role=\"listitem\">\n<h3 class=\"product-features__label\">Massage manuel<\/h3>\n<ul role=\"list\">\n<li class=\"product-features__item-list__item\" role=\"listitem\"><span class=\"is--medium\">Etirement (Rolling) :<\/span> Massage par roulement, haut du dos, bas du dos et dos complet.\t\t\t\t\t<\/li>\n<li class=\"product-features__item-list__item\" role=\"listitem\"><span class=\"is--medium\">P\u00e9trissage (Kneading) :<\/span> Mouvement circulaire et malaxant agissant en profondeur.\t\t\t\t\t<\/li>\n<li class=\"product-features__item-list__item\" role=\"listitem\"><span class=\"is--medium\">Tapotement (Flapping) :<\/span> Tapotement plus ou moins rapide pour tonifier la musculature.\t\t\t\t\t<\/li>\n<li class=\"product-features__item-list__item\" role=\"listitem\"><span class=\"is--medium\">Massage cibl\u00e9 :<\/span> Oui\t\t\t\t\t<\/li>\n<\/ul>\n<\/li>\n<li class=\"product-features__item\" role=\"listitem\">\n<h3 class=\"product-features__label\">Flexibilit\u00e9<\/h3>\n<ul role=\"list\">\n<li class=\"product-features__item-list__item\" role=\"listitem\"><span class=\"is--medium\">Assise\/ Fauteuil :<\/span> Pivotant\t\t\t\t\t<\/li>\n<\/ul>\n<\/li>\n<li class=\"product-features__item\" role=\"listitem\">\n<h3 class=\"product-features__label\">Caract\u00e9ristique fonctionnelle<\/h3>\n<ul role=\"list\">\n<li class=\"product-features__item-list__item\" role=\"listitem\"><span class=\"is--medium\">Fonctions :<\/span> Vitesse variable\t\t\t\t\t<\/li>\n<\/ul>\n<\/li>\n<li class=\"product-features__item\" role=\"listitem\">\n<h3 class=\"product-features__label\">T\u00e9l\u00e9commande<\/h3>\n<ul role=\"list\">\n<li class=\"product-features__item-list__item\" role=\"listitem\"><span class=\"is--medium\">T\u00e9l\u00e9commande incluse :<\/span> Oui\t\t\t\t\t<\/li>\n<\/ul>\n<\/li>\n<li class=\"product-features__item\" role=\"listitem\">\n<h3 class=\"product-features__label\">Entretien et s\u00e9curit\u00e9<\/h3>\n<ul role=\"list\">\n<li class=\"product-features__item-list__item\" role=\"listitem\"><span class=\"is--medium\">Nettoyage :<\/span> Nettoyage uniquement avec une \u00e9ponge souple\t\t\t\t\t<\/li>\n<\/ul>\n<\/li>\n<li class=\"product-features__item\" role=\"listitem\">\n<h3 class=\"product-features__label\">Informations compl\u00e9mentaires<\/h3>\n<ul role=\"list\">\n<li class=\"product-features__item-list__item\" role=\"listitem\"><span class=\"is--medium\">R\u00e9f\u00e9rence constructeur :<\/span> de massage RS 660\t\t\t\t\t<\/li>\n<li class=\"product-features__item-list__item\" role=\"listitem\"><span class=\"is--medium\">Marque :<\/span> MEDISANA\t\t\t\t\t<\/li>\n<li class=\"product-features__item-list__item\" role=\"listitem\"><span class=\"is--medium\">Garantie :<\/span> 2 ans\t\t\t\t\t<\/li>\n<li class=\"product-features__item-list__item\" role=\"listitem\"><span class=\"is--medium\">Disponibilit\u00e9 des pi\u00e8ces d\u00e9tach\u00e9es (donn\u00e9es fournisseur) :<\/span> Non concern\u00e9\t\t\t\t\t<\/li>\n<li class=\"product-features__item-list__item\" role=\"listitem\"><span class=\"is--medium\">Fabriqu\u00e9 en :<\/span> Chine\t\t\t\t\t<\/li>\n<\/ul>\n<\/li>\n<\/ul>\n<\/div>\n<div class=\"product__disclosure-content\">\n<div class=\"js-read-more product-description__content read-more read-more--truncated\" data-read-more-name=\"description\" style=\"max-height: 500px; overflow: hidden;\">\n<div class=\"product__description-content read-more\" style=\"\">\n<p>Confort et relaxation avec le Si\u00e8ge Massant MEDISANA RS 660<\/p>\n<h3> <img fetchpriority=\"high\" decoding=\"async\" ,=\"\" alt=\"Si\u00e8ge massant MEDISANA de massage RS 660\" class=\"wy_tableau_gauche\" height=\"270\" src=\"https:\/\/boulanger.scene7.com\/is\/image\/Boulanger\/4015588884184_h_f_l_0?wid=400&amp;hei=270\" width=\"400\"\/>Une exp\u00e9rience de massage personnalis\u00e9e <\/h3>\n<p> Le Si\u00e8ge Massant MEDISANA RS 660 offre une exp\u00e9rience de relaxation sur mesure gr\u00e2ce \u00e0 sa fonction de mesure automatique du corps, permettant un ajustement individuel. Avec ses six types de massages au choix &#8211; p\u00e9trissage, tapotement, Shiatsu, roulement, claquement et massage su\u00e9dois &#8211; l&rsquo;utilisateur peut s\u00e9lectionner le programme qui r\u00e9pond le mieux \u00e0 ses besoins. La fonction de massage cibl\u00e9 est id\u00e9ale pour travailler des points de d\u00e9clenchement sp\u00e9cifiques, apportant un soulagement pr\u00e9cis l\u00e0 o\u00f9 c&rsquo;est n\u00e9cessaire. De plus, trois niveaux d&rsquo;intensit\u00e9 sont disponibles, permettant d&rsquo;adapter la force du massage aux pr\u00e9f\u00e9rences personnelles. <\/p>\n<\/p>\n<h3> <img decoding=\"async\" ,=\"\" alt=\"Si\u00e8ge massant MEDISANA de massage RS 660\" class=\"wy_tableau_right\" height=\"270\" src=\"https:\/\/boulanger.scene7.com\/is\/image\/Boulanger\/4015588884184_h_f_l_3?wid=400&amp;hei=270\" width=\"400\"\/>Design moderne et fonctionnalit\u00e9s pratiques <\/h3>\n<p> Le Si\u00e8ge Massant MEDISANA RS 660 n&rsquo;est pas seulement un appareil de massage performant, c&rsquo;est \u00e9galement un fauteuil lounge au design moderne et confortable. Il est \u00e9quip\u00e9 d&rsquo;un port USB int\u00e9gr\u00e9 pour recharger les appareils \u00e9lectroniques, ajoutant ainsi une touche de commodit\u00e9. Sa capacit\u00e9 de rotation \u00e0 90\u00b0 et sa structure pouvant supporter jusqu&rsquo;\u00e0 120 kg le rendent \u00e0 la fois robuste et flexible. Pour une tranquillit\u00e9 d&rsquo;esprit totale, l&rsquo;appareil dispose d&rsquo;une fonction d&rsquo;arr\u00eat automatique apr\u00e8s 15 minutes d&rsquo;utilisation. Avec des dimensions de 92 \u00d7 61 \u00d7 105 cm et un poids de 28 kg, ce si\u00e8ge massant est con\u00e7u pour s&rsquo;int\u00e9grer harmonieusement dans tout espace de vie. <\/p>\n<\/p><\/div>\n<\/p>\n<\/div>\n<p><bl-button a11yexpanded=\"false\" arialabel=\"Afficher toute la description\" class=\"read-more__btn\" full=\"false\" link=\"true\"><\/bl-button><\/div>","protected":false},"excerpt":{"rendered":"<div class=\"keypoints\">\n<h3 class=\"keypoints__title\">Les points cl\u00e9s<\/h3>\n<ul role=\"list\">\n<li class=\"keypoints__item\" role=\"listitem\">                          Garantie : 2 ans &#8211;                                                      Permet de se d\u00e9contracter des tensions dorsales                      <\/li>\n<li class=\"keypoints__item\" role=\"listitem\">                          T\u00e9l\u00e9commande incluse &#8211;                                                      Alimentation : Secteur                      <\/li>\n<li class=\"keypoints__item\" role=\"listitem\">                                        Massage du dos complet, haut et bas du dos et de la nuque                      <\/li>\n<li class=\"keypoints__item\" role=\"listitem\">                                        Massage cibl\u00e9                      <\/li>\n<li class=\"keypoints__item keypoints__item--advantage\" role=\"listitem\"><strong>Le + :<\/strong> Mesure automatique du corps pourr\u00e9glage individuel.      <\/li>\n<\/ul>","protected":false},"featured_media":91552,"template":"","meta":{"_glsr_average":0,"_glsr_ranking":0,"_glsr_reviews":0},"product_cat":[507],"product_tag":[187,509,508],"class_list":{"0":"post-91553","1":"product","2":"type-product","3":"status-publish","4":"has-post-thumbnail","6":"product_cat-fauteuil-massant","7":"product_tag-beaute-sante","8":"product_tag-fauteuil-massant","9":"product_tag-massage-bien-etre","11":"first","12":"instock","13":"sale","14":"shipping-taxable","15":"purchasable","16":"product-type-simple"},"_links":{"self":[{"href":"https:\/\/electromenagerexpress.com\/en\/wp-json\/wp\/v2\/product\/91553","targetHints":{"allow":["GET"]}}],"collection":[{"href":"https:\/\/electromenagerexpress.com\/en\/wp-json\/wp\/v2\/product"}],"about":[{"href":"https:\/\/electromenagerexpress.com\/en\/wp-json\/wp\/v2\/types\/product"}],"wp:featuredmedia":[{"embeddable":true,"href":"https:\/\/electromenagerexpress.com\/en\/wp-json\/wp\/v2\/media\/91552"}],"wp:attachment":[{"href":"https:\/\/electromenagerexpress.com\/en\/wp-json\/wp\/v2\/media?parent=91553"}],"wp:term":[{"taxonomy":"product_cat","embeddable":true,"href":"https:\/\/electromenagerexpress.com\/en\/wp-json\/wp\/v2\/product_cat?post=91553"},{"taxonomy":"product_tag","embeddable":true,"href":"https:\/\/electromenagerexpress.com\/en\/wp-json\/wp\/v2\/product_tag?post=91553"}],"curies":[{"name":"wp","href":"https:\/\/api.w.org\/{rel}","templated":true}]}}