{"id":91536,"date":"2024-11-24T18:03:39","date_gmt":"2024-11-24T18:03:39","guid":{"rendered":"https:\/\/electromenagerexpress.com\/product\/table-de-massageklarfitmt-500-bleu\/"},"modified":"2024-11-24T18:03:44","modified_gmt":"2024-11-24T18:03:44","slug":"table-de-massageklarfitmt-500-bleu","status":"publish","type":"product","link":"https:\/\/electromenagerexpress.com\/en\/product\/table-de-massageklarfitmt-500-bleu\/","title":{"rendered":"Table de massage\t\t\t\t\t\t\tKLARFIT\t\t\t\tMT 500 &#8211; Bleu"},"content":{"rendered":"<div class=\"product-features__content\">\n<ul role=\"list\">\n<li class=\"product-features__item\" role=\"listitem\">\n<h3 class=\"product-features__label\">Caract\u00e9ristiques principales<\/h3>\n<ul role=\"list\">\n<li class=\"product-features__item-list__item\" role=\"listitem\"><span class=\"is--medium\">Type de produit :<\/span> Table de massage pliante\t\t\t\t\t<\/li>\n<li class=\"product-features__item-list__item\" role=\"listitem\"><span class=\"is--medium\">Structure :<\/span> Bois\t\t\t\t\t<\/li>\n<li class=\"product-features__item-list__item\" role=\"listitem\"><span class=\"is--medium\">Densit\u00e9 de la mousse :<\/span> 16\/18 Kg\/m\u00b2\t\t\t\t\t<\/li>\n<li class=\"product-features__item-list__item\" role=\"listitem\"><span class=\"is--medium\">Charge maximale allong\u00e9e :<\/span> 200 kg\t\t\t\t\t<\/li>\n<\/ul>\n<\/li>\n<li class=\"product-features__item\" role=\"listitem\">\n<h3 class=\"product-features__label\">Points comparateurs<\/h3>\n<ul role=\"list\">\n<li class=\"product-features__item-list__item\" role=\"listitem\"><span class=\"is--medium\">Usage :<\/span> Permet de favoriser le retour sanguin\t\t\t\t\t<\/li>\n<li class=\"product-features__item-list__item\" role=\"listitem\"><span class=\"is--medium\">Utilisation :<\/span> Inversion partielle ou compl\u00e8te\t\t\t\t\t<\/li>\n<li class=\"product-features__item-list__item\" role=\"listitem\"><span class=\"is--medium\">B\u00e9n\u00e9fices :<\/span> R\u00e9duit les probl\u00e8mes de dos\t\t\t\t\t<\/li>\n<li class=\"product-features__item-list__item\" role=\"listitem\"><span class=\"is--medium\">Charge maximale :<\/span> 200 kg\t\t\t\t\t<\/li>\n<\/ul>\n<\/li>\n<li class=\"product-features__item\" role=\"listitem\">\n<h3 class=\"product-features__label\">Informations compl\u00e9mentaires<\/h3>\n<ul role=\"list\">\n<li class=\"product-features__item-list__item\" role=\"listitem\"><span class=\"is--medium\">Fabriqu\u00e9 en :<\/span> Chine\t\t\t\t\t<\/li>\n<li class=\"product-features__item-list__item\" role=\"listitem\"><span class=\"is--medium\">Disponibilit\u00e9 des pi\u00e8ces d\u00e9tach\u00e9es (donn\u00e9es fournisseur) :<\/span> Non communiqu\u00e9e\t\t\t\t\t<\/li>\n<\/ul>\n<\/li>\n<li class=\"product-features__item\" role=\"listitem\">\n<h3 class=\"product-features__label\">Dimensions<\/h3>\n<ul role=\"list\">\n<li class=\"product-features__item-list__item\" role=\"listitem\"><span class=\"is--medium\">Dimensions l x h x p :<\/span> 91 x 63 x 210 cm\t\t\t\t\t<\/li>\n<li class=\"product-features__item-list__item\" role=\"listitem\"><span class=\"is--medium\">Poids Net :<\/span> 18,0 kg\t\t\t\t\t<\/li>\n<li class=\"product-features__item-list__item\" role=\"listitem\"><span class=\"is--medium\">Poids Brut (kg) :<\/span> 18\t\t\t\t\t<\/li>\n<\/ul>\n<\/li>\n<\/ul>\n<\/div>\n<div class=\"product__disclosure-content\">\n<div class=\"js-read-more product-description__content read-more read-more--truncated\" data-read-more-name=\"description\" style=\"max-height: 500px; overflow: hidden;\">\n<p><b>Table de massage pliante pour des s\u00e9ances de massage relaxantes sur le ventre ou sur<br \/>le dos.<\/b><\/p>\n<p><b>Ajustable selon les convenances individuelles : ajustable en hauteur, dossier<br \/>relevable, appuie-t\u00eate et accoudoirs amovibles.<\/b><\/p>\n<p><b>Transportable gr\u00e2ce \u00e0 son poids l\u00e9ger et \u00e0 la housse\u00a0de transport.<\/b><\/p>\n<p>Offrez \u00e0 votre corps et \u00e0 votre \u00e2me un moment de d\u00e9tente bien m\u00e9rit\u00e9. Sur la<b> table de<br \/>massage Klarfit<\/b> MT 500, vos muscles se relaxent en toute qui\u00e9tude. Profitez de votre<br \/>prochaine s\u00e9ance de massage, peu importe si vous \u00eates le masseur ou si vous \u00eates<br \/>mass\u00e9s.<\/p>\n<p>Gr\u00e2ce \u00e0 la <b>table de massage Klarfit<\/b> MT 500, vos muscles sont parfaitement d\u00e9tendus.<br \/>Laissez-vous choyer ou faites-vous plaisir. En peu de temps, la table de massage<br \/>pliante est mise sur pied. Rembourr\u00e9e en mousse \u00e0 cellules fines d&rsquo;une \u00e9paisseur de<br \/>10 cm, elle est d&rsquo;un grand confort et vous invite \u00e0 la d\u00e9tente. Gr\u00e2ce au dossier<br \/>relevable en 10 positions, aux accoudoirs et appuie-t\u00eate amovibles ainsi qu&rsquo;une<br \/>cavit\u00e9 faciale avec bouchon, elle est id\u00e9ale pour les massages sur le ventre ou sur<br \/>le dos. Gr\u00e2ce aux pieds support ajustables en hauteur, chaque masseur peut r\u00e9gler le<br \/>niveau souhait\u00e9 selon ses convenances : masser devient ainsi une affaire ais\u00e9e.<br \/>L\u00e9g\u00e8re avec sa housse de transport incluse et sa pliabilit\u00e9 pour plus de confort,<br \/>elle est facilement transportable et \u00e0 tout moment et partout vous pouvez prodiguer<br \/>des s\u00e9ances de massage bienfaisantes.<\/p>\n<p>Un baume pour le corps et l&rsquo;\u00e2me. La <b>table de massage<\/b><b>Klarfit<\/b> MT 500 vous aide \u00e0 vous<br \/>d\u00e9tendre et en peu de temps vos douleurs musculaires sont oubli\u00e9es.<\/p>\n<p>Couleurs disponibles <b>: bleu<\/b>, rouge (article 10029968), marron (article 10029970),<br \/>noir (article 10029971), beige (article 10029972)<\/p>\n<p><b>Top Features:<\/b><\/p>\n<p>\u2022 Table de massage pliante pour un massage relaxant sur le ventre ou sur le dos<br \/>\u2022 Surface de couchage personnalisable : dossier relevable, repose-t\u00eate et accoudoirs<br \/>amovibles, cavit\u00e9 faciale avec bouchon<br \/>\u2022 Massage d\u00e9tendu gr\u00e2ce aux pieds support ajustables en hauteur<br \/>\u2022 Massage en tout lieu gr\u00e2ce \u00e0 son poids l\u00e9ger, sa pliabilit\u00e9 et \u00e0 la housse de<br \/>transport incluse<br \/>\u2022 Grand confort au coucher gr\u00e2ce au rembourrage de la mousse \u00e0 cellules fines d&rsquo;une<br \/>\u00e9paisseur de 10 cm<\/p>\n<p><b>Caract\u00e9ristiques:<\/b><\/p>\n<p>\u2022 Rev\u00eatement en simili cuir Synth\u00e9tiquer\u00e9sistant \u00e0 l&rsquo;eau et \u00e0 l&rsquo;huile<br \/>\u2022 Montage et d\u00e9montage facile en quelques minutes<br \/>\u2022 Dossier relevable en 10 positions<br \/>\u2022 Pieds support ajustables en hauteur sur 9 positions : hauteur variable de 63 \u00e0 91 cm<br \/>\u2022 Repose-bras amovibles sur les 2 c\u00f4t\u00e9s<br \/>\u2022 Etag\u00e8re amovible pour livres ou magazines<br \/>\u2022 Appuie-t\u00eate amovible avec cavit\u00e9 faciale<br \/>\u2022 Surface de couchage et cavit\u00e9 faciale avec bouchon<br \/>\u2022 Facile \u00e0 ranger en mode pli\u00e9 gr\u00e2ce aux dimensions de valise<br \/>\u2022 Charge maximale : 200 kg<\/p>\n<p><b>Inclus dans la livraison:<\/b><\/p>\n<p>\u2022 1 x table de massage<br \/>\u2022 1 x appuie-t\u00eate<br \/>\u2022 2 x accoudoir<br \/>\u2022 1 x \u00e9tag\u00e8re<br \/>\u2022 1 x housse de transport<br \/>\u2022 Notice d&rsquo;utilisation en anglais (disponible en allemand)<\/p>\n<p><b>Dimensions:<\/b><\/p>\n<p> \u2022 Dimensions totales : env. 91 x 63-91 x 210 cm (LxHxP)<br \/> \u2022 Dimensions pli\u00e9e : env. 91 x 71 x 24 cm (LxHxP)<br \/> \u2022 Dimensions cavit\u00e9 faciale : env. 10 x 22 cm (La x Lo)<br \/> \u2022 Dimensions accoudoirs : env. 9 x 35 cm (La x Lo)<br \/> \u2022 Dimensions \u00e9tag\u00e8re : env. 40 x 16 cm (La x Lo)<br \/> \u2022 Dimensions surface de couchage : env. 71 x 210 cm (l x L)<br \/> \u2022 Poids : env. 18 kg hors accessoires<\/p>\n<\/div>\n<p><bl-button a11yexpanded=\"false\" arialabel=\"Afficher toute la description\" class=\"read-more__btn\" full=\"false\" link=\"true\"><\/bl-button><\/div>","protected":false},"excerpt":{"rendered":"<div class=\"keypoints\">\n<h3 class=\"keypoints__title\">Les points cl\u00e9s<\/h3>\n<ul role=\"list\">\n<li class=\"keypoints__item\" role=\"listitem\">                                        Structure : Bois                      <\/li>\n<li class=\"keypoints__item\" role=\"listitem\">                          Densit\u00e9 de la mousse : 16\/18 Kg\/m\u00b2 &#8211;                                                      R\u00e9duit les probl\u00e8mes de dos                      <\/li>\n<li class=\"keypoints__item\" role=\"listitem\">                                        Charge maximale allong\u00e9e : 200 kg                      <\/li>\n<li class=\"keypoints__item\" role=\"listitem\">                                        Permet de favoriser le retour sanguin                      <\/li>\n<\/ul>","protected":false},"featured_media":91535,"template":"","meta":{"_glsr_average":0,"_glsr_ranking":0,"_glsr_reviews":0},"product_cat":[514],"product_tag":[187,508,515],"class_list":{"0":"post-91536","1":"product","2":"type-product","3":"status-publish","4":"has-post-thumbnail","6":"product_cat-table-de-massage","7":"product_tag-beaute-sante","8":"product_tag-massage-bien-etre","9":"product_tag-table-de-massage","11":"first","12":"instock","13":"shipping-taxable","14":"purchasable","15":"product-type-simple"},"_links":{"self":[{"href":"https:\/\/electromenagerexpress.com\/en\/wp-json\/wp\/v2\/product\/91536","targetHints":{"allow":["GET"]}}],"collection":[{"href":"https:\/\/electromenagerexpress.com\/en\/wp-json\/wp\/v2\/product"}],"about":[{"href":"https:\/\/electromenagerexpress.com\/en\/wp-json\/wp\/v2\/types\/product"}],"wp:featuredmedia":[{"embeddable":true,"href":"https:\/\/electromenagerexpress.com\/en\/wp-json\/wp\/v2\/media\/91535"}],"wp:attachment":[{"href":"https:\/\/electromenagerexpress.com\/en\/wp-json\/wp\/v2\/media?parent=91536"}],"wp:term":[{"taxonomy":"product_cat","embeddable":true,"href":"https:\/\/electromenagerexpress.com\/en\/wp-json\/wp\/v2\/product_cat?post=91536"},{"taxonomy":"product_tag","embeddable":true,"href":"https:\/\/electromenagerexpress.com\/en\/wp-json\/wp\/v2\/product_tag?post=91536"}],"curies":[{"name":"wp","href":"https:\/\/api.w.org\/{rel}","templated":true}]}}