{"id":91527,"date":"2024-11-24T18:03:30","date_gmt":"2024-11-24T18:03:30","guid":{"rendered":"https:\/\/electromenagerexpress.com\/product\/pistolet-de-massagehypericehypervolt-2\/"},"modified":"2024-11-24T18:03:37","modified_gmt":"2024-11-24T18:03:37","slug":"pistolet-de-massagehypericehypervolt-2","status":"publish","type":"product","link":"https:\/\/electromenagerexpress.com\/en\/product\/pistolet-de-massagehypericehypervolt-2\/","title":{"rendered":"Pistolet de massage\t\t\t\t\t\t\tHYPERICE\t\t\t\tHypervolt 2"},"content":{"rendered":"<div class=\"product-features__content\">\n<ul role=\"list\">\n<li class=\"product-features__item\" role=\"listitem\">\n<h3 class=\"product-features__label\">Pour prendre soin de vous<\/h3>\n<ul role=\"list\">\n<li class=\"product-features__item-list__item\" role=\"listitem\"><span class=\"is--medium\">D\u00e9couvrez notre boutique Sant\u00e9\/Bien-\u00catre :<\/span> <u><a href=\"https:\/\/www.boulanger.com\/evenement\/boutique-bien-etre-sante\" target=\"_blank\">en sa<\/a><\/u><\/li>\n<\/ul>\n<\/li>\n<li class=\"product-features__item\" role=\"listitem\">\n<h3 class=\"product-features__label\">Plus produit<\/h3>\n<ul role=\"list\">\n<li class=\"product-features__item-list__item\" role=\"listitem\"><span class=\"is--medium\">Descriptif :<\/span> Connexion Bluetooth &#8211; L&rsquo;application peut prendre le contr\u00f4le de votre appareil.5 embouts de massage interchangeables inclus.3 vitesses de traitement au choix.Autonomie de 3h\t\t\t\t\t<\/li>\n<\/ul>\n<\/li>\n<li class=\"product-features__item\" role=\"listitem\">\n<h3 class=\"product-features__label\">Caract\u00e9ristiques g\u00e9n\u00e9rales<\/h3>\n<ul role=\"list\">\n<li class=\"product-features__item-list__item\" role=\"listitem\"><span class=\"is--medium\">Type :<\/span> Pistolet de massage\t\t\t\t\t<\/li>\n<li class=\"product-features__item-list__item\" role=\"listitem\"><span class=\"is--medium\">Lavable :<\/span> A la main\t\t\t\t\t<\/li>\n<li class=\"product-features__item-list__item\" role=\"listitem\"><span class=\"is--medium\">Utilisation :<\/span> Corps\t\t\t\t\t<\/li>\n<li class=\"product-features__item-list__item\" role=\"listitem\"><span class=\"is--medium\">Coloris :<\/span> Gris\t\t\t\t\t<\/li>\n<li class=\"product-features__item-list__item\" role=\"listitem\"><span class=\"is--medium\">Type de charge :<\/span> Secteur\t\t\t\t\t<\/li>\n<li class=\"product-features__item-list__item\" role=\"listitem\"><span class=\"is--medium\">Type de batterie :<\/span> Lithium\t\t\t\t\t<\/li>\n<li class=\"product-features__item-list__item\" role=\"listitem\"><span class=\"is--medium\">Dur\u00e9e de charge :<\/span> Moins de 2h\t\t\t\t\t<\/li>\n<\/ul>\n<\/li>\n<li class=\"product-features__item\" role=\"listitem\">\n<h3 class=\"product-features__label\">Indications<\/h3>\n<ul role=\"list\">\n<li class=\"product-features__item-list__item\" role=\"listitem\"><span class=\"is--medium\">Douleurs dorsales :<\/span> Oui\t\t\t\t\t<\/li>\n<li class=\"product-features__item-list__item\" role=\"listitem\"><span class=\"is--medium\">Maux de t\u00eate :<\/span> Non\t\t\t\t\t<\/li>\n<li class=\"product-features__item-list__item\" role=\"listitem\"><span class=\"is--medium\">Trouble du sommeil :<\/span> Non\t\t\t\t\t<\/li>\n<li class=\"product-features__item-list__item\" role=\"listitem\"><span class=\"is--medium\">Stress et tension nerveuse :<\/span> Oui\t\t\t\t\t<\/li>\n<li class=\"product-features__item-list__item\" role=\"listitem\"><span class=\"is--medium\">Fatigue :<\/span> Non\t\t\t\t\t<\/li>\n<li class=\"product-features__item-list__item\" role=\"listitem\"><span class=\"is--medium\">Baisse de tonus :<\/span> Non\t\t\t\t\t<\/li>\n<\/ul>\n<\/li>\n<li class=\"product-features__item\" role=\"listitem\">\n<h3 class=\"product-features__label\">Bienfaits<\/h3>\n<ul role=\"list\">\n<li class=\"product-features__item-list__item\" role=\"listitem\"><span class=\"is--medium\">D\u00e9tendre les muscles :<\/span> Oui\t\t\t\t\t<\/li>\n<li class=\"product-features__item-list__item\" role=\"listitem\"><span class=\"is--medium\">R\u00e9cup\u00e9ration musculaire :<\/span> Oui\t\t\t\t\t<\/li>\n<li class=\"product-features__item-list__item\" role=\"listitem\"><span class=\"is--medium\">Relaxation :<\/span> Permet de vous relaxer en quelques minutes\t\t\t\t\t<\/li>\n<\/ul>\n<\/li>\n<li class=\"product-features__item\" role=\"listitem\">\n<h3 class=\"product-features__label\">Conseils d&rsquo;utilisation<\/h3>\n<ul role=\"list\">\n<li class=\"product-features__item-list__item\" role=\"listitem\"><span class=\"is--medium\">Conseils d&rsquo;utilisation :<\/span> Utilisation avant ou apr\u00e8s un effort sportif ainsi que dans une logique de bien-\u00eatre.\t\t\t\t\t<\/li>\n<li class=\"product-features__item-list__item\" role=\"listitem\"><span class=\"is--medium\">Autres conseils :<\/span> L&rsquo;application Hyperice pour utiliser votre appareil au mieux gr\u00e2ce aux vid\u00e9os d&rsquo;experts tr\u00e8s simples \u00e0 suivre.\t\t\t\t\t<\/li>\n<\/ul>\n<\/li>\n<li class=\"product-features__item\" role=\"listitem\">\n<h3 class=\"product-features__label\">Informations compl\u00e9mentaires<\/h3>\n<ul role=\"list\">\n<li class=\"product-features__item-list__item\" role=\"listitem\"><span class=\"is--medium\">Fabriqu\u00e9 en :<\/span> Chine\t\t\t\t\t<\/li>\n<li class=\"product-features__item-list__item\" role=\"listitem\"><span class=\"is--medium\">Disponibilit\u00e9 des pi\u00e8ces d\u00e9tach\u00e9es (donn\u00e9es fournisseur) :<\/span> Non communiqu\u00e9e\t\t\t\t\t<\/li>\n<li class=\"product-features__item-list__item\" role=\"listitem\"><span class=\"is--medium\">R\u00e9f\u00e9rence constructeur :<\/span> Hypervolt 2\t\t\t\t\t<\/li>\n<\/ul>\n<\/li>\n<li class=\"product-features__item\" role=\"listitem\">\n<h3 class=\"product-features__label\">Dimensions<\/h3>\n<ul role=\"list\">\n<li class=\"product-features__item-list__item\" role=\"listitem\"><span class=\"is--medium\">Dimensions l x h x p :<\/span> 20.32 x 26.4 x 6.35 cm\t\t\t\t\t<\/li>\n<li class=\"product-features__item-list__item\" role=\"listitem\"><span class=\"is--medium\">Poids :<\/span> 1,2 kg\t\t\t\t\t<\/li>\n<\/ul>\n<\/li>\n<\/ul>\n<\/div>\n<div class=\"product__disclosure-content\">\n<div class=\"js-read-more product-description__content read-more read-more--truncated\" data-read-more-name=\"description\" style=\"max-height: 500px; overflow: hidden;\">\n<p>Description<br \/>Nouvelle g\u00e9n\u00e9ration d&rsquo;Hypervolt, nouveau design et connect\u00e9 gr\u00e2ce au Bluetooth, pour des programmes sp\u00e9cifiques au choix.<\/p>\n<p>Connectivit\u00e9 Bluetooth, lancez l&rsquo;appli puis choisissez parmi les 50 programmes propos\u00e9s selon vos besoins (\u00e9chauffement, r\u00e9cup\u00e9ration musculaire, bien-\u00eatre).<br \/>Vitesse automatiquement adapt\u00e9e selon le programme choisi et votre profil.<br \/>Puissant moteur de 40 W pour une profondeur de p\u00e9n\u00e9tration de 12mm.<br \/>Tr\u00e8s silencieux, Technologie brevet\u00e9e Quiet Glide\u2122.<br \/>Ultra l\u00e9ger, seulement 820g, pour une prise en main facile.<br \/>3 puissances au choix (30Hz \/ 40Hz \/ 53Hz) offrant jusqu&rsquo;\u00e0 2700 percussions par minute.<br \/>5 embouts de massage interchangeables, pour cibler parfaitement chaque parties du corps.<br \/>Batterie lithium-ion avec autonomie de 3h.<br \/>Pochette de rangement pour les embouts.<br \/>HYPERVOLT 2 BLUETOOTH : PISTOLET DE MASSAGE CONNECT\u00c9 PAR HYPERICE<br \/>Best-seller des produits de la marque Hyperice, l&rsquo;Hypervolt deuxi\u00e8me g\u00e9n\u00e9ration est d\u00e9sormais connect\u00e9 afin d&rsquo;offrir encore plus d&rsquo;efficacit\u00e9 \u00e0 son utilisateur. Equip\u00e9 du Bluetooth, il est reconnu par l&rsquo;application Hyperice (disponible sur IOS) \u00e0 partir de laquelle peuvent \u00eatre lanc\u00e9s des programmes de soins personnalis\u00e9s en fonction de vos besoins. V\u00e9ritable r\u00e9volution par rapport \u00e0 l&rsquo;ancien mod\u00e8le, vous pouvez d\u00e9sormais choisir parmi les dizaines de programmes disponibles, la vitesse s&rsquo;ajuste alors automatiquement selon votre profil et l&rsquo;effet recherch\u00e9 (\u00e9chauffement, r\u00e9cup\u00e9ration musculaire, bien-\u00eatre).<\/p>\n<p>A l&rsquo;instar du champion de crossfit britannique Zack George ou encore du joueur de foot Erling Haaland, utilisez les techniques de r\u00e9cup\u00e9ration que les athl\u00e8tes d&rsquo;\u00e9lite utilisent apr\u00e8s des entra\u00eenements intenses. A l&rsquo;aide de cet appareil de massage haute technologie, vous pouvez d\u00e9sormais int\u00e9grer la technologie utilis\u00e9e dans les salles d&rsquo;entrainement professionnel et les centres de r\u00e9\u00e9ducation.<\/p>\n<p>HYPERVOLT 2 AVEC BLUETOOTH + HYPERICE APP, LES SECRETS DES PROS ACCESSIBLES \u00c0 TOUS<br \/>Propuls\u00e9e par l&rsquo;intelligence artificielle HyperSmart\u2122, l&rsquo;application Hyperice combine parfaitement votre activit\u00e9 physique et num\u00e9rique pour cr\u00e9er une exp\u00e9rience enti\u00e8rement personnalis\u00e9e pour vous. Suivez les programmes d&rsquo;\u00e9chauffement, de r\u00e9cup\u00e9ration et de bien-\u00eatre guid\u00e9es et obtenez du contenu exclusif de professionnels de haut niveau.<\/p>\n<p>Tirez le meilleur parti de l&rsquo;application Hyperice en vous connectant \u00e0 Strava et \u00e0 Apple Health, (et bien d&rsquo;autres \u00e0 venir). HyperSmart\u2122 compare les statistiques de vos applications connect\u00e9es avec l&rsquo;utilisation de votre appareil Hyperice dans le but de trouver les meilleures routines pour vous. Recevez des recommandations de routines en fonction de vos mouvements quotidiens.<br \/>Programmes guid\u00e9es et contenu exclusif en provenance des meilleurs athl\u00e8tes, entra\u00eeneurs et physioth\u00e9rapeutes du monde qui vous guident \u00e0 travers leurs routines exclusives et partagent des conseils personnels.<\/p>\n<p>Hyperice est une marque am\u00e9ricaine cr\u00e9\u00e9e en collaboration avec Kobe Bryant, partenaires officiel (entre autres) de la NBA, de Tottenham, de l\u2019\u00e9quipe des \u00c9tats-Unis de foot f\u00e9minin, de la NFL, des All Blacks, d\u2019Iron Man, de l\u2019UFC. Les appareils Hyperice sont utilis\u00e9s  par les meilleurs sportifs fran\u00e7ais et internationaux tout comme dams les plus grands h\u00f4tels et spas. Ils sont utiles \u00e0 tous pour mieux bouger et sentir mieux.<\/p>\n<\/div>\n<p><bl-button a11yexpanded=\"false\" arialabel=\"Afficher toute la description\" class=\"read-more__btn\" full=\"false\" link=\"true\"><\/bl-button><\/div>","protected":false},"excerpt":{"rendered":"<div class=\"keypoints\">\n<h3 class=\"keypoints__title\">Les points cl\u00e9s<\/h3>\n<ul role=\"list\">\n<li class=\"keypoints__item\" role=\"listitem\">                                        Id\u00e9al pour se d\u00e9tendre et se relaxer                      <\/li>\n<li class=\"keypoints__item\" role=\"listitem\">                                        Permet le rel\u00e2chement des n\u0153uds et tensions musculaires et aide au soulagement                      <\/li>\n<li class=\"keypoints__item\" role=\"listitem\">                                        D\u00e9contracte les muscles                      <\/li>\n<li class=\"keypoints__item\" role=\"listitem\">                          Massage par percussion pour soulager les tensions et les raideurs &#8211;                                                      Ultra puissant, connect\u00e9 et silencieux                      <\/li>\n<\/ul>","protected":false},"featured_media":91526,"template":"","meta":{"_glsr_average":0,"_glsr_ranking":0,"_glsr_reviews":0},"product_cat":[510],"product_tag":[511,187,508],"class_list":{"0":"post-91527","1":"product","2":"type-product","3":"status-publish","4":"has-post-thumbnail","6":"product_cat-appareil-de-massage","7":"product_tag-appareil-de-massage","8":"product_tag-beaute-sante","9":"product_tag-massage-bien-etre","11":"first","12":"instock","13":"sale","14":"shipping-taxable","15":"purchasable","16":"product-type-simple"},"_links":{"self":[{"href":"https:\/\/electromenagerexpress.com\/en\/wp-json\/wp\/v2\/product\/91527","targetHints":{"allow":["GET"]}}],"collection":[{"href":"https:\/\/electromenagerexpress.com\/en\/wp-json\/wp\/v2\/product"}],"about":[{"href":"https:\/\/electromenagerexpress.com\/en\/wp-json\/wp\/v2\/types\/product"}],"wp:featuredmedia":[{"embeddable":true,"href":"https:\/\/electromenagerexpress.com\/en\/wp-json\/wp\/v2\/media\/91526"}],"wp:attachment":[{"href":"https:\/\/electromenagerexpress.com\/en\/wp-json\/wp\/v2\/media?parent=91527"}],"wp:term":[{"taxonomy":"product_cat","embeddable":true,"href":"https:\/\/electromenagerexpress.com\/en\/wp-json\/wp\/v2\/product_cat?post=91527"},{"taxonomy":"product_tag","embeddable":true,"href":"https:\/\/electromenagerexpress.com\/en\/wp-json\/wp\/v2\/product_tag?post=91527"}],"curies":[{"name":"wp","href":"https:\/\/api.w.org\/{rel}","templated":true}]}}