{"id":91509,"date":"2024-11-24T18:03:11","date_gmt":"2024-11-24T18:03:11","guid":{"rendered":"https:\/\/electromenagerexpress.com\/product\/helloshop26fauteuil-electrique-a-bascule-de-massage-2\/"},"modified":"2024-11-24T18:03:18","modified_gmt":"2024-11-24T18:03:18","slug":"helloshop26fauteuil-electrique-a-bascule-de-massage-2","status":"publish","type":"product","link":"https:\/\/electromenagerexpress.com\/en\/product\/helloshop26fauteuil-electrique-a-bascule-de-massage-2\/","title":{"rendered":"HELLOSHOP26\t\t\t\tFauteuil \u00e9lectrique \u00e0 bascule de massage"},"content":{"rendered":"<div class=\"product-features__content\">\n<ul role=\"list\">\n<li class=\"product-features__item\" role=\"listitem\">\n<h3 class=\"product-features__label\">Pour prendre soin de vous<\/h3>\n<ul role=\"list\">\n<li class=\"product-features__item-list__item\" role=\"listitem\"><span class=\"is--medium\">D\u00e9couvrez notre boutique Sant\u00e9\/Bien-\u00catre :<\/span> <a href=\"https:\/\/www.boulanger.com\/evenement\/boutique-bien-etre-sante\" target=\"_blank\">Cliquez ici<\/a><\/li>\n<\/ul>\n<\/li>\n<li class=\"product-features__item\" role=\"listitem\">\n<h3 class=\"product-features__label\">Caract\u00e9ristique g\u00e9n\u00e9rale<\/h3>\n<ul role=\"list\">\n<li class=\"product-features__item-list__item\" role=\"listitem\"><span class=\"is--medium\">Type de produit :<\/span> Fauteuil massant\t\t\t\t\t<\/li>\n<li class=\"product-features__item-list__item\" role=\"listitem\"><span class=\"is--medium\">Le mot du m\u00e9decin :<\/span> Les fauteuils massants vous permettent de vous d\u00e9tendre, d&rsquo;\u00e9liminer le stress et de vous apporter du bien-\u00eatre. Ils peuvent soulager les douleurs dorsales par leur effet massant.\t\t\t\t\t<\/li>\n<li class=\"product-features__item-list__item\" role=\"listitem\"><span class=\"is--medium\">Puissance :<\/span> 12,0 W\t\t\t\t\t<\/li>\n<li class=\"product-features__item-list__item\" role=\"listitem\"><span class=\"is--medium\">Alimentation :<\/span> Non concern\u00e9\t\t\t\t\t<\/li>\n<\/ul>\n<\/li>\n<li class=\"product-features__item\" role=\"listitem\">\n<h3 class=\"product-features__label\">Massage Shiatsu<\/h3>\n<ul role=\"list\">\n<li class=\"product-features__item-list__item\" role=\"listitem\"><span class=\"is--medium\">Bas du dos :<\/span> Oui\t\t\t\t\t<\/li>\n<li class=\"product-features__item-list__item\" role=\"listitem\"><span class=\"is--medium\">Haut du dos :<\/span> Oui\t\t\t\t\t<\/li>\n<li class=\"product-features__item-list__item\" role=\"listitem\"><span class=\"is--medium\">Dos complet :<\/span> Oui\t\t\t\t\t<\/li>\n<\/ul>\n<\/li>\n<li class=\"product-features__item\" role=\"listitem\">\n<h3 class=\"product-features__label\">T\u00e9l\u00e9commande<\/h3>\n<ul role=\"list\">\n<li class=\"product-features__item-list__item\" role=\"listitem\"><span class=\"is--medium\">T\u00e9l\u00e9commande incluse :<\/span> Oui\t\t\t\t\t<\/li>\n<\/ul>\n<\/li>\n<li class=\"product-features__item\" role=\"listitem\">\n<h3 class=\"product-features__label\">Entretien et s\u00e9curit\u00e9<\/h3>\n<ul role=\"list\">\n<li class=\"product-features__item-list__item\" role=\"listitem\"><span class=\"is--medium\">Nettoyage :<\/span> Uniquement avec une \u00e9ponge souple\t\t\t\t\t<\/li>\n<\/ul>\n<\/li>\n<li class=\"product-features__item\" role=\"listitem\">\n<h3 class=\"product-features__label\">Dimensions<\/h3>\n<ul role=\"list\">\n<li class=\"product-features__item-list__item\" role=\"listitem\"><span class=\"is--medium\">Poids net :<\/span> 43,0 kg\t\t\t\t\t<\/li>\n<\/ul>\n<\/li>\n<li class=\"product-features__item\" role=\"listitem\">\n<h3 class=\"product-features__label\">Informations compl\u00e9mentaires<\/h3>\n<ul role=\"list\">\n<li class=\"product-features__item-list__item\" role=\"listitem\"><span class=\"is--medium\">R\u00e9f\u00e9rence constructeur :<\/span> Fauteuil \u00e9lectrique \u00e0 bascule de massage\t\t\t\t\t<\/li>\n<li class=\"product-features__item-list__item\" role=\"listitem\"><span class=\"is--medium\">Marque :<\/span> HELLOSHOP26\t\t\t\t\t<\/li>\n<li class=\"product-features__item-list__item\" role=\"listitem\"><span class=\"is--medium\">Disponibilit\u00e9 des pi\u00e8ces d\u00e9tach\u00e9es (donn\u00e9es fournisseur) :<\/span> Non communiqu\u00e9e\t\t\t\t\t<\/li>\n<li class=\"product-features__item-list__item\" role=\"listitem\"><span class=\"is--medium\">Fabriqu\u00e9 en :<\/span> Chine\t\t\t\t\t<\/li>\n<\/ul>\n<\/li>\n<\/ul>\n<\/div>\n<div class=\"product__disclosure-content\">\n<div class=\"js-read-more product-description__content read-more read-more--truncated\" data-read-more-name=\"description\" style=\"max-height: 500px; overflow: hidden;\">\n<p>Notre fauteuil \u00e9lectrique \u00e0 bascule de massage de haute qualit\u00e9 sera un choix parfait pour vous permettre de vous d\u00e9tendre compl\u00e8tement apr\u00e8s une journ\u00e9e bien remplie.<\/p>\n<p>Tapiss\u00e9 en synth\u00e9tique premium avec le si\u00e8ge et le dossier \u00e9paississement rembourr\u00e9s, ce fauteuil pivotant et inclinable est con\u00e7u pour vous offrir le confort ultime.<\/p>\n<p>Le fauteuil dispose de son syst\u00e8me pivotant qui peut fournir une vue \u00e0 360 \u00b0 de la pi\u00e8ce.<\/p>\n<p>Le fauteuil pivotant de massage dispose de 8 n\u0153uds de massage pour apaiser tout votre corps.<\/p>\n<p>Gr\u00e2ce \u00e0 la fonction de chauffage, le fauteuil inclinable \u00e9met une chaleur confortable, ce qui contribue \u00e0 att\u00e9nuer la tension.<\/p>\n<p>Le dossier et le repose-pied peuvent \u00eatre ajust\u00e9s selon diff\u00e9rents angles en fonction de vos besoins.<\/p>\n<p>La t\u00e9l\u00e9commande incluse peut \u00eatre rang\u00e9e dans la poche lat\u00e9rale du fauteuil de massage.<\/p>\n<p>Le fauteuil \u00e9lectrique de massage est facile \u00e0 assembler.<\/p>\n<p>Couleur : noir<\/p>\n<p>Mat\u00e9riau : rembourrage en synth\u00e9tique + structure en acier<\/p>\n<p>Dimensions (non extension) : 81 x 95 x 100 cm (l x P x H)<\/p>\n<p>Largeur du si\u00e8ge : 56 cm<\/p>\n<p>Profondeur du si\u00e8ge : 57 cm<\/p>\n<p>Hauteur du si\u00e8ge \u00e0 partir du sol : 45 cm<\/p>\n<p>Dimensions (extension compl\u00e8te) : 81 x 161 x 78 cm (l x P x H)<\/p>\n<p>Dimensions du porte-gobelet : 9,5 x 5,5 cm (diam\u00e8tre x H)<\/p>\n<p>Entr\u00e9e : 220 V~, 50 60 Hz, 0,5 A<\/p>\n<p>Sortie : 12 V\u2393, 1 A<\/p>\n<p>Puissance : 12 W<\/p>\n<p>Avec fonction d&rsquo;inclinaison, pivotant sur 360 degr\u00e9s<\/p>\n<p>Dossier et repose-pieds r\u00e9glables<\/p>\n<p>Accoudoir ultra large avec porte-gobelets<\/p>\n<p>Avec 8 points de massage<\/p>\n<p>Avec fonction de chauffage<\/p>\n<p>T\u00e9l\u00e9commande incluse<\/p>\n<p>Avec une poche lat\u00e9rale pratique<\/p>\n<p>Facile \u00e0 assembler<\/p>\n<p>Mat\u00e9riel: Coton: 13%, Polyester: 20%, Polyur\u00e9thane: 7%, PVC: 60%<\/p>\n<\/div>\n<p><bl-button a11yexpanded=\"false\" arialabel=\"Afficher toute la description\" class=\"read-more__btn\" full=\"false\" link=\"true\"><\/bl-button><\/div>","protected":false},"excerpt":{"rendered":"<div class=\"keypoints\">\n<h3 class=\"keypoints__title\">Les points cl\u00e9s<\/h3>\n<ul role=\"list\">\n<li class=\"keypoints__item\" role=\"listitem\">                          T\u00e9l\u00e9commande incluse &#8211;                                                      Alimentation : Non concern\u00e9                      <\/li>\n<\/ul>","protected":false},"featured_media":91508,"template":"","meta":{"_glsr_average":0,"_glsr_ranking":0,"_glsr_reviews":0},"product_cat":[507],"product_tag":[187,509,508],"class_list":{"0":"post-91509","1":"product","2":"type-product","3":"status-publish","4":"has-post-thumbnail","6":"product_cat-fauteuil-massant","7":"product_tag-beaute-sante","8":"product_tag-fauteuil-massant","9":"product_tag-massage-bien-etre","11":"first","12":"instock","13":"sale","14":"shipping-taxable","15":"purchasable","16":"product-type-simple"},"_links":{"self":[{"href":"https:\/\/electromenagerexpress.com\/en\/wp-json\/wp\/v2\/product\/91509","targetHints":{"allow":["GET"]}}],"collection":[{"href":"https:\/\/electromenagerexpress.com\/en\/wp-json\/wp\/v2\/product"}],"about":[{"href":"https:\/\/electromenagerexpress.com\/en\/wp-json\/wp\/v2\/types\/product"}],"wp:featuredmedia":[{"embeddable":true,"href":"https:\/\/electromenagerexpress.com\/en\/wp-json\/wp\/v2\/media\/91508"}],"wp:attachment":[{"href":"https:\/\/electromenagerexpress.com\/en\/wp-json\/wp\/v2\/media?parent=91509"}],"wp:term":[{"taxonomy":"product_cat","embeddable":true,"href":"https:\/\/electromenagerexpress.com\/en\/wp-json\/wp\/v2\/product_cat?post=91509"},{"taxonomy":"product_tag","embeddable":true,"href":"https:\/\/electromenagerexpress.com\/en\/wp-json\/wp\/v2\/product_tag?post=91509"}],"curies":[{"name":"wp","href":"https:\/\/api.w.org\/{rel}","templated":true}]}}