{"id":91476,"date":"2024-11-24T18:02:33","date_gmt":"2024-11-24T18:02:33","guid":{"rendered":"https:\/\/electromenagerexpress.com\/product\/medisanamc-825-blue\/"},"modified":"2024-11-24T18:02:41","modified_gmt":"2024-11-24T18:02:41","slug":"medisanamc-825-blue","status":"publish","type":"product","link":"https:\/\/electromenagerexpress.com\/en\/product\/medisanamc-825-blue\/","title":{"rendered":"MEDISANA\t\t\t\tMC 825 blue"},"content":{"rendered":"<div class=\"product-features__content\">\n<ul role=\"list\">\n<li class=\"product-features__item\" role=\"listitem\">\n<h3 class=\"product-features__label\">Pour prendre soin de vous<\/h3>\n<ul role=\"list\">\n<li class=\"product-features__item-list__item\" role=\"listitem\"><span class=\"is--medium\">D\u00e9couvrez notre boutique Sant\u00e9\/Bien-\u00catre :<\/span> <u><a href=\"https:\/\/www.boulanger.com\/evenement\/boutique-bien-etre-sante\" target=\"_blank\">en sa<\/a><\/u><\/li>\n<\/ul>\n<\/li>\n<li class=\"product-features__item\" role=\"listitem\">\n<h3 class=\"product-features__label\">Caract\u00e9ristiques g\u00e9n\u00e9rales<\/h3>\n<ul role=\"list\">\n<li class=\"product-features__item-list__item\" role=\"listitem\"><span class=\"is--medium\">Type :<\/span> Chaise de massage\t\t\t\t\t<\/li>\n<li class=\"product-features__item-list__item\" role=\"listitem\"><span class=\"is--medium\">Utilisation :<\/span> Dos\t\t\t\t\t<\/li>\n<li class=\"product-features__item-list__item\" role=\"listitem\"><span class=\"is--medium\">Coloris :<\/span> Noir\t\t\t\t\t<\/li>\n<li class=\"product-features__item-list__item\" role=\"listitem\"><span class=\"is--medium\">Type de charge :<\/span> Secteur\t\t\t\t\t<\/li>\n<\/ul>\n<\/li>\n<li class=\"product-features__item\" role=\"listitem\">\n<h3 class=\"product-features__label\">Informations compl\u00e9mentaires<\/h3>\n<ul role=\"list\">\n<li class=\"product-features__item-list__item\" role=\"listitem\"><span class=\"is--medium\">Fabriqu\u00e9 en :<\/span> Chine\t\t\t\t\t<\/li>\n<li class=\"product-features__item-list__item\" role=\"listitem\"><span class=\"is--medium\">Disponibilit\u00e9 des pi\u00e8ces d\u00e9tach\u00e9es (donn\u00e9es fournisseur) :<\/span> Non communiqu\u00e9e\t\t\t\t\t<\/li>\n<li class=\"product-features__item-list__item\" role=\"listitem\"><span class=\"is--medium\">R\u00e9f\u00e9rence constructeur :<\/span> MC 825 blue\t\t\t\t\t<\/li>\n<\/ul>\n<\/li>\n<li class=\"product-features__item\" role=\"listitem\">\n<h3 class=\"product-features__label\">Dimensions<\/h3>\n<ul role=\"list\">\n<li class=\"product-features__item-list__item\" role=\"listitem\"><span class=\"is--medium\">Dimensions l x h x p :<\/span> 50.3 x 86 x 20.1 cm\t\t\t\t\t<\/li>\n<\/ul>\n<\/li>\n<\/ul>\n<\/div>\n<div class=\"product__disclosure-content\">\n<div class=\"js-read-more product-description__content read-more read-more--truncated\" data-read-more-name=\"description\" style=\"max-height: 500px; overflow: hidden;\">\n<p>Pour le bien-\u00eatre et la d\u00e9tente<br \/>Deux t\u00eates de massage au niveau de la nuque et des \u00e9paules et deux doubles t\u00eates de massage rotatives au niveau du dos assurent un massage shiatsu intensif. Il est possible de choisir entre les zones de massage \u00ab\u00a0haut du dos\u00a0\u00bb, \u00ab\u00a0bas du dos\u00a0\u00bb et \u00ab\u00a0ensemble du dos\u00a0\u00bb. Pour une exp\u00e9rience de d\u00e9tente in\u00e9dite, le coussin d&rsquo;assise est en outre \u00e9quip\u00e9 de coussins d&rsquo;air. Il est en outre \u00e9quip\u00e9 d&rsquo;une fonction de chaleur activable dans les t\u00eates de massage du dos et d&rsquo;un arr\u00eat automatique au bout de 15 minutes.<\/p>\n<p>Massage shiatsu intensif dans le dos et massage s\u00e9par\u00e9 de la nuque<br \/>Avec votre surmatelas de massage par acupression Shiatsu MC 825 de Medisana, vous disposez d&rsquo;un appareil moderne pour un v\u00e9ritable massage Shiatsu dans toute la zone du dos. Le massage de la nuque, qui peut \u00eatre activ\u00e9 s\u00e9par\u00e9ment, est r\u00e9glable individuellement en hauteur et s&rsquo;adapte ainsi \u00e0 la taille de plusieurs utilisateurs. Pour que votre appareil reste propre et hygi\u00e9nique, la housse au niveau de la nuque peut \u00eatre retir\u00e9e et lav\u00e9e.<\/p>\n<p>Nouveau type de massage par acupression au niveau de la taille et des cuisses<br \/>C&rsquo;est aussi nouveau qu&rsquo;efficace : le MC 825 vous offre, en plus du massage shiatsu intensif, un massage d&rsquo;acupression doux au niveau de la taille.\u00a0<\/p>\n<p>Donn\u00e9es techniques<\/p>\n<p>Taille : env. 110 x 42,5 x 18 cm<br \/>Poids : env. 5,9 kg<br \/>Puissance : 40 watts<br \/>Alimentation \u00e9lectrique : 220-240V\/50-60 Hz<\/p>\n<\/div>\n<p><bl-button a11yexpanded=\"false\" arialabel=\"Afficher toute la description\" class=\"read-more__btn\" full=\"false\" link=\"true\"><\/bl-button><\/div>","protected":false},"excerpt":{"rendered":"<p>None<\/p>","protected":false},"featured_media":91475,"template":"","meta":{"_glsr_average":0,"_glsr_ranking":0,"_glsr_reviews":0},"product_cat":[514],"product_tag":[187,508,515],"class_list":{"0":"post-91476","1":"product","2":"type-product","3":"status-publish","4":"has-post-thumbnail","6":"product_cat-table-de-massage","7":"product_tag-beaute-sante","8":"product_tag-massage-bien-etre","9":"product_tag-table-de-massage","11":"first","12":"instock","13":"shipping-taxable","14":"purchasable","15":"product-type-simple"},"_links":{"self":[{"href":"https:\/\/electromenagerexpress.com\/en\/wp-json\/wp\/v2\/product\/91476","targetHints":{"allow":["GET"]}}],"collection":[{"href":"https:\/\/electromenagerexpress.com\/en\/wp-json\/wp\/v2\/product"}],"about":[{"href":"https:\/\/electromenagerexpress.com\/en\/wp-json\/wp\/v2\/types\/product"}],"wp:featuredmedia":[{"embeddable":true,"href":"https:\/\/electromenagerexpress.com\/en\/wp-json\/wp\/v2\/media\/91475"}],"wp:attachment":[{"href":"https:\/\/electromenagerexpress.com\/en\/wp-json\/wp\/v2\/media?parent=91476"}],"wp:term":[{"taxonomy":"product_cat","embeddable":true,"href":"https:\/\/electromenagerexpress.com\/en\/wp-json\/wp\/v2\/product_cat?post=91476"},{"taxonomy":"product_tag","embeddable":true,"href":"https:\/\/electromenagerexpress.com\/en\/wp-json\/wp\/v2\/product_tag?post=91476"}],"curies":[{"name":"wp","href":"https:\/\/api.w.org\/{rel}","templated":true}]}}