{"id":91474,"date":"2024-11-24T18:02:31","date_gmt":"2024-11-24T18:02:31","guid":{"rendered":"https:\/\/electromenagerexpress.com\/product\/supra-francesp_9920nm\/"},"modified":"2024-11-24T18:02:31","modified_gmt":"2024-11-24T18:02:31","slug":"supra-francesp_9920nm","status":"publish","type":"product","link":"https:\/\/electromenagerexpress.com\/en\/product\/supra-francesp_9920nm\/","title":{"rendered":"SUPRA FRANCE\t\t\t\tsp_9920nm"},"content":{"rendered":"<div class=\"product-features__content\">\n<ul role=\"list\">\n<li class=\"product-features__item\" role=\"listitem\">\n<h3 class=\"product-features__label\">Pour prendre soin de vous<\/h3>\n<ul role=\"list\">\n<li class=\"product-features__item-list__item\" role=\"listitem\"><span class=\"is--medium\">D\u00e9couvrez notre boutique Sant\u00e9\/Bien-\u00catre :<\/span> <a href=\"https:\/\/www.boulanger.com\/evenement\/boutique-bien-etre-sante\" target=\"_blank\">Cliquez ici<\/a><\/li>\n<\/ul>\n<\/li>\n<li class=\"product-features__item\" role=\"listitem\">\n<h3 class=\"product-features__label\">Caract\u00e9ristique g\u00e9n\u00e9rale<\/h3>\n<ul role=\"list\">\n<li class=\"product-features__item-list__item\" role=\"listitem\"><span class=\"is--medium\">Type de produit :<\/span> Fauteuil massant\t\t\t\t\t<\/li>\n<li class=\"product-features__item-list__item\" role=\"listitem\"><span class=\"is--medium\">Le mot du m\u00e9decin :<\/span> Les fauteuils massants vous permettent de vous d\u00e9tendre, d&rsquo;\u00e9liminer le stress et de vous apporter du bien-\u00eatre. Ils peuvent soulager les douleurs dorsales par leur effet massant.\t\t\t\t\t<\/li>\n<li class=\"product-features__item-list__item\" role=\"listitem\"><span class=\"is--medium\">Puissance :<\/span> 200,0 W\t\t\t\t\t<\/li>\n<li class=\"product-features__item-list__item\" role=\"listitem\"><span class=\"is--medium\">Alimentation :<\/span> Secteur\t\t\t\t\t<\/li>\n<li class=\"product-features__item-list__item\" role=\"listitem\"><span class=\"is--medium\">Coloris :<\/span> Noir\t\t\t\t\t<\/li>\n<\/ul>\n<\/li>\n<li class=\"product-features__item\" role=\"listitem\">\n<h3 class=\"product-features__label\">Massage Shiatsu<\/h3>\n<ul role=\"list\">\n<li class=\"product-features__item-list__item\" role=\"listitem\"><span class=\"is--medium\">Bas du dos :<\/span> Oui\t\t\t\t\t<\/li>\n<li class=\"product-features__item-list__item\" role=\"listitem\"><span class=\"is--medium\">Haut du dos :<\/span> Oui\t\t\t\t\t<\/li>\n<li class=\"product-features__item-list__item\" role=\"listitem\"><span class=\"is--medium\">Dos complet :<\/span> Oui\t\t\t\t\t<\/li>\n<li class=\"product-features__item-list__item\" role=\"listitem\"><span class=\"is--medium\">Nuque :<\/span> Oui\t\t\t\t\t<\/li>\n<\/ul>\n<\/li>\n<li class=\"product-features__item\" role=\"listitem\">\n<h3 class=\"product-features__label\">Massage manuel<\/h3>\n<ul role=\"list\">\n<li class=\"product-features__item-list__item\" role=\"listitem\"><span class=\"is--medium\">P\u00e9trissage (Kneading) :<\/span> Mouvement circulaire et malaxant agissant en profondeur.\t\t\t\t\t<\/li>\n<li class=\"product-features__item-list__item\" role=\"listitem\"><span class=\"is--medium\">Tapotement (Flapping) :<\/span> Tapotement plus ou moins rapide pour tonifier la musculature.\t\t\t\t\t<\/li>\n<li class=\"product-features__item-list__item\" role=\"listitem\"><span class=\"is--medium\">Massage sp\u00e9cial :<\/span> Etirement complet\t\t\t\t\t<\/li>\n<li class=\"product-features__item-list__item\" role=\"listitem\"><span class=\"is--medium\">Massage cibl\u00e9 :<\/span> Oui\t\t\t\t\t<\/li>\n<li class=\"product-features__item-list__item\" role=\"listitem\"><span class=\"is--medium\">Autre massage :<\/span> Massage 3D : En hauteur, largeur et profondeur.\t\t\t\t\t<\/li>\n<\/ul>\n<\/li>\n<li class=\"product-features__item\" role=\"listitem\">\n<h3 class=\"product-features__label\">T\u00e9l\u00e9commande<\/h3>\n<ul role=\"list\">\n<li class=\"product-features__item-list__item\" role=\"listitem\"><span class=\"is--medium\">T\u00e9l\u00e9commande incluse :<\/span> Oui\t\t\t\t\t<\/li>\n<\/ul>\n<\/li>\n<li class=\"product-features__item\" role=\"listitem\">\n<h3 class=\"product-features__label\">Entretien et s\u00e9curit\u00e9<\/h3>\n<ul role=\"list\">\n<li class=\"product-features__item-list__item\" role=\"listitem\"><span class=\"is--medium\">Nettoyage :<\/span> Lavable \u00e0 la main\t\t\t\t\t<\/li>\n<\/ul>\n<\/li>\n<li class=\"product-features__item\" role=\"listitem\">\n<h3 class=\"product-features__label\">Dimensions<\/h3>\n<ul role=\"list\">\n<li class=\"product-features__item-list__item\" role=\"listitem\"><span class=\"is--medium\">Poids net :<\/span> 122,0 kg\t\t\t\t\t<\/li>\n<\/ul>\n<\/li>\n<li class=\"product-features__item\" role=\"listitem\">\n<h3 class=\"product-features__label\">Informations compl\u00e9mentaires<\/h3>\n<ul role=\"list\">\n<li class=\"product-features__item-list__item\" role=\"listitem\"><span class=\"is--medium\">Disponibilit\u00e9 des pi\u00e8ces d\u00e9tach\u00e9es (donn\u00e9es fournisseur) :<\/span> Non communiqu\u00e9e\t\t\t\t\t<\/li>\n<li class=\"product-features__item-list__item\" role=\"listitem\"><span class=\"is--medium\">Fabriqu\u00e9 en :<\/span> Chine\t\t\t\t\t<\/li>\n<\/ul>\n<\/li>\n<\/ul>\n<\/div>\n<div class=\"product__disclosure-content\">\n<div class=\"js-read-more product-description__content read-more read-more--truncated\" data-read-more-name=\"description\" style=\"max-height: 500px; overflow: hidden;\">\n<p>\u00ab\u00a0<!-- ****R\u00e9sum\u00e9**** --><\/p>\n<h1>Fauteuil massant EVASION-3D<\/h1>\n<p><\/p>\n<p>Le fauteuil massant EVASION-3D a \u00e9t\u00e9 sp\u00e9cialement con\u00e7u pour vous apporter toute la relaxation et le bien-\u00eatre corporel que vous m\u00e9ritez.<\/p>\n<p><!-- ****Description**** --><\/p>\n<h2>Fauteuil de massage EVASION-3D<\/h2>\n<p><\/p>\n<p>De nos jours, il s&rsquo;av\u00e8re que le stress fait partie int\u00e9grante de notre quotidien et que le rythme de vie actuel pousse chacun \u00e0 se surmener. Aussi bien sur le plan familial que professionnel, nous nous sommes habitu\u00e9s \u00e0 ce rythme de vie rapide et stressant sans parfois m\u00eame nous en rendre compte&#8230; Jusqu&rsquo;au moment o\u00f9 la nature reprend ses droits et nous rappelle que notre corps et notre mental ne sont pas des machines, des robots. Lorsque les limites sont atteintes, notre corps le fait sentir : maux de t\u00eate, mauvais sommeil, tension, mal de dos, douleurs musculaires, etc&#8230;<br \/>Le fauteuil massant EVASION-3D a \u00e9t\u00e9 sp\u00e9cialement con\u00e7u pour vous apporter toute la relaxation et le bien-\u00eatre corporel que vous m\u00e9ritez. <\/p>\n<p>Avec des massages plus virulents, vous d\u00e9tendrez vos muscles, dissiperez vos douleurs dorsales et activerez la circulation sanguine. <\/p>\n<p>Ce fauteuil est destin\u00e9 \u00e0 vous emmener dans une d\u00e9tente physique et psychique, alors&#8230;<\/p>\n<p>Etes-vous pr\u00eats \u00e0 vous \u00e9vader ? <\/p>\n<h1>\n<p><em>Les avantages du Fauteuil massant Evasion 3D<\/em><\/p>\n<\/h1>\n<p><!-- ****TECHNIQUES DE MASSAGE**** --><\/p>\n<p><strong>D\u00e9couvrez les plaisirs d&rsquo;un massage \u00a0\u00bb \u00e0 la carte \u00ab\u00a0<\/strong><\/p>\n<p><\/p>\n<p>Gr\u00e2ce aux 19 programmes automatiques uniques, vous aurez la possibilit\u00e9 de varier vos massages au gr\u00e9 de vos envies. Chaque programme est un concentr\u00e9 de techniques essentielles de massage, r\u00e9pondant de fa\u00e7on optimale \u00e0 tous vos besoins, pour une s\u00e9ance r\u00e9glable de 5 \u00e0 30 minutes :<br \/>\u2022 G\u00e9n\u00e9ral<\/p>\n<p>\u2022 Acupression<\/p>\n<p>\u2022 Drainage<\/p>\n<p>\u2022 Tonic<\/p>\n<p>\u2022 Relax \/ Sommeil<\/p>\n<p>\u2022 Bien-Etre<\/p>\n<p>\u2022 Etirement<\/p>\n<p>\u2022 Equilibre &amp; Sant\u00e9<\/p>\n<p>\u2022 Beaut\u00e9 de la femme<\/p>\n<p>\u2022 Soin du vieillissement<\/p>\n<p>\u2022 Fitness<\/p>\n<p>\u2022 Stimulation r\u00e9nale<\/p>\n<p>\u2022 Digestion<\/p>\n<p>\u2022 Tennis<\/p>\n<p>\u2022 Soin du conducteur<\/p>\n<p>\u2022 Golf<\/p>\n<p>\u2022 Epaules<\/p>\n<p>\u2022 Lombaires<\/p>\n<p>\u2022 Nuque<\/p>\n<p><!-- ****SCAN**** --><\/p>\n<p><strong>Le Scan &#8211; Analyse corporelle<\/strong><\/p>\n<p><\/p>\n<p>Avant chaque d\u00e9but de massage en programme automatique, la fonction \u00a0\u00bb Auto Scanning \u00a0\u00bb s&rsquo;active et cartographie votre morphologie de fa\u00e7on \u00e0 localiser les points strat\u00e9giques de votre corps.<\/p>\n<p><!-- ****Technique de massage**** --><\/p>\n<p><strong>Six techniques de massage : 23 effets diff\u00e9rents&#8230; A vous de les combiner !<\/strong><\/p>\n<p><\/p>\n<p>Fusionnez les techniques entre elles comme bon vous semble et partez \u00e0 la d\u00e9couverte du massage comme vous ne l&rsquo;avez jamais imagin\u00e9&#8230;<\/p>\n<p><!-- ****MANUEL**** --><\/p>\n<p><strong>Un \u00e9ventail de possibilit\u00e9s pour soulager vos tensions&#8230;<\/strong><\/p>\n<p><\/p>\n<p>S\u00e9lectionnez au choix la technique de massage, l&rsquo;\u00e9largissement de la zone de massage, la localisation fixe ou partielle des galets massants, massage par air, shiatsu pieds, chaleur&#8230; Tout devient possible! Comme pour un programme automatique, le temps d&rsquo;un massage manuel est programmable entre 5 et 30 minutes.<\/p>\n<p><span><em>Laissez libre cours \u00e0 vos envies de massage&#8230;<\/em><\/span><\/p>\n<p><!-- ****3D**** --><\/p>\n<p><strong>Moteurs 3D<\/strong><\/p>\n<p><\/p>\n<p>La fonction 3D permet d&rsquo;adapter la profondeur des massages et de convenir aux envies et pr\u00e9f\u00e9rences de chacun.<\/p>\n<p><span><em>Un fauteuil aux exigences de chacun !<\/em><\/span><\/p>\n<p><!-- ****Massage shiatsu pour les pieds**** --><\/p>\n<p><strong>Massage de la vo\u00fbte plantaire (Zones r\u00e9flexes)<\/strong><\/p>\n<p><span><em>A chaque zone r\u00e9flexe correspond une partie du corps, un organe. Consid\u00e9r\u00e9e comme une m\u00e9decine douce, la r\u00e9flexologie plantaire permet donc de localiser les tensions du corps et autres dysfonctionnements puis de les faire dispara\u00eetre.<\/em><\/span><\/p>\n<p><!-- ****Air Massage**** --><\/p>\n<p><strong>Air Massage<\/strong><\/p>\n<p><span><em>Un syst\u00e8me drainant o\u00f9 vous n&rsquo;aurez plus qu&rsquo;\u00e0 vous laisser porter par les doux balancements&#8230;<\/em><\/span><\/p>\n<p><!-- ****Chaleur**** --><\/p>\n<p><strong>La Chaleur<\/strong><\/p>\n<p><span><em>Douce et apaisante, un moment douillet vous attend&#8230;<\/em><\/span><\/p>\n<p><!-- ****Zero Gravite**** --><\/p>\n<p><strong>La Z\u00e9ro Gravit\u00e9<\/strong><\/p>\n<p><span><em>Une position anti-stress<\/em><\/span><\/p>\n<p><!-- ****FONCTIONS SUPPLEMENTAIRES**** --><\/p>\n<p><strong>Ambiance<\/strong><\/p>\n<p><span><em>Parenth\u00e8se de s\u00e9r\u00e9nit\u00e9, entre musique et lumi\u00e8re d&rsquo;ambiance<\/em><\/span><\/p>\n<p><!-- ****La garantie**** --><\/p>\n<p><strong>La garantie est de 2 ans<\/strong><\/p>\n<p><strong>GARANTIE 2 ANS<\/strong><\/p>\n<p>Fauteuil livr\u00e9 et install\u00e9 \u00e0 votre domicile sous 15 jours !<\/p>\n<\/div>\n<p><bl-button a11yexpanded=\"false\" arialabel=\"Afficher toute la description\" class=\"read-more__btn\" full=\"false\" link=\"true\">Voir plus<\/bl-button><\/div>","protected":false},"excerpt":{"rendered":"<div class=\"keypoints\">\n<h3 class=\"keypoints__title\">Les points cl\u00e9s<\/h3>\n<ul role=\"list\">\n<li class=\"keypoints__item\" role=\"listitem\">                                        Massage du dos 3D en profondeur                      <\/li>\n<li class=\"keypoints__item\" role=\"listitem\">                          T\u00e9l\u00e9commande incluse &#8211;                                                      Alimentation : Secteur                      <\/li>\n<li class=\"keypoints__item\" role=\"listitem\">                                        Massage du dos complet, haut et bas du dos et de la nuque                      <\/li>\n<li class=\"keypoints__item\" role=\"listitem\">                                        Massage cibl\u00e9                      <\/li>\n<\/ul>","protected":false},"featured_media":91473,"template":"","meta":{"_glsr_average":0,"_glsr_ranking":0,"_glsr_reviews":0},"product_cat":[507],"product_tag":[187,509,508],"class_list":{"0":"post-91474","1":"product","2":"type-product","3":"status-publish","4":"has-post-thumbnail","6":"product_cat-fauteuil-massant","7":"product_tag-beaute-sante","8":"product_tag-fauteuil-massant","9":"product_tag-massage-bien-etre","11":"first","12":"instock","13":"sale","14":"shipping-taxable","15":"purchasable","16":"product-type-simple"},"_links":{"self":[{"href":"https:\/\/electromenagerexpress.com\/en\/wp-json\/wp\/v2\/product\/91474","targetHints":{"allow":["GET"]}}],"collection":[{"href":"https:\/\/electromenagerexpress.com\/en\/wp-json\/wp\/v2\/product"}],"about":[{"href":"https:\/\/electromenagerexpress.com\/en\/wp-json\/wp\/v2\/types\/product"}],"wp:featuredmedia":[{"embeddable":true,"href":"https:\/\/electromenagerexpress.com\/en\/wp-json\/wp\/v2\/media\/91473"}],"wp:attachment":[{"href":"https:\/\/electromenagerexpress.com\/en\/wp-json\/wp\/v2\/media?parent=91474"}],"wp:term":[{"taxonomy":"product_cat","embeddable":true,"href":"https:\/\/electromenagerexpress.com\/en\/wp-json\/wp\/v2\/product_cat?post=91474"},{"taxonomy":"product_tag","embeddable":true,"href":"https:\/\/electromenagerexpress.com\/en\/wp-json\/wp\/v2\/product_tag?post=91474"}],"curies":[{"name":"wp","href":"https:\/\/api.w.org\/{rel}","templated":true}]}}