{"id":91467,"date":"2024-11-24T18:02:24","date_gmt":"2024-11-24T18:02:24","guid":{"rendered":"https:\/\/electromenagerexpress.com\/product\/masseur-pied-chauffantmedisanalm-100\/"},"modified":"2024-11-24T18:02:29","modified_gmt":"2024-11-24T18:02:29","slug":"masseur-pied-chauffantmedisanalm-100","status":"publish","type":"product","link":"https:\/\/electromenagerexpress.com\/en\/product\/masseur-pied-chauffantmedisanalm-100\/","title":{"rendered":"Masseur pied chauffant\t\t\t\t\t\t\tMEDISANA\t\t\t\tLM 100"},"content":{"rendered":"<div class=\"product-features__content\">\n<ul role=\"list\">\n<li class=\"product-features__item\" role=\"listitem\">\n<h3 class=\"product-features__label\">Pour prendre soin de vous<\/h3>\n<ul role=\"list\">\n<li class=\"product-features__item-list__item\" role=\"listitem\"><span class=\"is--medium\">D\u00e9couvrez notre boutique Sant\u00e9\/Bien-\u00catre :<\/span> <u><a href=\"https:\/\/www.boulanger.com\/evenement\/boutique-bien-etre-sante\" target=\"_blank\">en sa<\/a><\/u><\/li>\n<\/ul>\n<\/li>\n<li class=\"product-features__item\" role=\"listitem\">\n<h3 class=\"product-features__label\">Caract\u00e9ristiques g\u00e9n\u00e9rales<\/h3>\n<ul role=\"list\">\n<li class=\"product-features__item-list__item\" role=\"listitem\"><span class=\"is--medium\">Type :<\/span> Masseur pied chauffant\t\t\t\t\t<\/li>\n<li class=\"product-features__item-list__item\" role=\"listitem\"><span class=\"is--medium\">Utilisation :<\/span> Pieds\t\t\t\t\t<\/li>\n<li class=\"product-features__item-list__item\" role=\"listitem\"><span class=\"is--medium\">Coloris :<\/span> Noir\t\t\t\t\t<\/li>\n<li class=\"product-features__item-list__item\" role=\"listitem\"><span class=\"is--medium\">Type de charge :<\/span> Secteur\t\t\t\t\t<\/li>\n<\/ul>\n<\/li>\n<li class=\"product-features__item\" role=\"listitem\">\n<h3 class=\"product-features__label\">Informations compl\u00e9mentaires<\/h3>\n<ul role=\"list\">\n<li class=\"product-features__item-list__item\" role=\"listitem\"><span class=\"is--medium\">Fabriqu\u00e9 en :<\/span> Chine\t\t\t\t\t<\/li>\n<li class=\"product-features__item-list__item\" role=\"listitem\"><span class=\"is--medium\">Disponibilit\u00e9 des pi\u00e8ces d\u00e9tach\u00e9es (donn\u00e9es fournisseur) :<\/span> Non communiqu\u00e9e\t\t\t\t\t<\/li>\n<li class=\"product-features__item-list__item\" role=\"listitem\"><span class=\"is--medium\">R\u00e9f\u00e9rence constructeur :<\/span> LM 100\t\t\t\t\t<\/li>\n<\/ul>\n<\/li>\n<li class=\"product-features__item\" role=\"listitem\">\n<h3 class=\"product-features__label\">Dimensions<\/h3>\n<ul role=\"list\">\n<li class=\"product-features__item-list__item\" role=\"listitem\"><span class=\"is--medium\">Dimensions l x h x p :<\/span> 35.8 x 15 x 41.6 cm\t\t\t\t\t<\/li>\n<\/ul>\n<\/li>\n<\/ul>\n<\/div>\n<div class=\"product__disclosure-content\">\n<div class=\"js-read-more product-description__content read-more read-more--truncated\" data-read-more-name=\"description\" style=\"max-height: 500px; overflow: hidden;\">\n<p>Pour les pieds et les jambes fatigu\u00e9s<br \/>L&rsquo;appareil de massage Energising 2en1 pour les pieds et les jambes de medisana offre un massage vitalisant et d\u00e9contractant qui assure l&rsquo;activation et la d\u00e9tente des jambes et des pieds. Gr\u00e2ce \u00e0 deux plaques vibrantes int\u00e9gr\u00e9es au niveau des talons, la circulation sanguine et lymphatique est stimul\u00e9e. En m\u00eame temps, le massage shiatsu assure une d\u00e9tente globale de la plante des pieds. Le Plus X Award a d\u00e9sign\u00e9 le LM 100 comme vainqueur de la performance Peris pour 2024.<\/p>\n<p>Diversit\u00e9 individuelle des massages<br \/>Deux programmes de massage de deux intensit\u00e9s diff\u00e9rentes sont disponibles : Le massage shiatsu classique de la plante des pieds ou la combinaison du massage shiatsu et du massage par secousses pour une revitalisation suppl\u00e9mentaire des jambes. La fonction de chaleur activable \u00e0 deux niveaux assure encore plus de d\u00e9tente et de confort. Le panneau de contr\u00f4le int\u00e9gr\u00e9 avec de tr\u00e8s grandes touches permet une utilisation sans effort et confortable avec les pieds (\u00ab\u00a0Toe-Touch-Control\u00a0\u00bb).<\/p>\n<p>Favorise le flux d&rsquo;\u00e9nergie et le bien-\u00eatre<br \/>Le massage par secousses de l&rsquo;appareil de massage 2en1 pour les pieds et les jambes LM 100 revitalise les pieds et les jambes gr\u00e2ce \u00e0 une stimulation \u00e0 grande \u00e9chelle. Gr\u00e2ce \u00e0 des mouvements oscillants et rythm\u00e9s, les tensions musculaires dans les mollets sont soulag\u00e9es, la circulation sanguine est stimul\u00e9e et le bien-\u00eatre global est augment\u00e9. Cette m\u00e9thode efficace a un effet particuli\u00e8rement vitalisant sur le corps, favorise le flux d&rsquo;\u00e9nergie et aide \u00e0 r\u00e9duire le stress. Une exp\u00e9rience de massage globale pour le corps et l&rsquo;esprit.<\/p>\n<p>Position de massage adaptable<br \/>Gr\u00e2ce \u00e0 ses pieds r\u00e9glables en hauteur, l&rsquo;appareil de massage Energising 2en1 pour les pieds et les jambes offre la possibilit\u00e9 d&rsquo;ajuster individuellement la position de massage. Gr\u00e2ce \u00e0 sa taille confortable, il peut \u00eatre utilis\u00e9 jusqu&rsquo;\u00e0 la pointure 46 (UE). Le mat\u00e9riau de surface de haute qualit\u00e9 garantit une sensation agr\u00e9able sur la peau et une longue dur\u00e9e d&rsquo;utilisation. Le programme de massage s&rsquo;arr\u00eate automatiquement au bout de 15 minutes. Faites l&rsquo;exp\u00e9rience d&rsquo;une d\u00e9tente revitalisante pour vos pieds et vos jambes au plus haut niveau.<\/p>\n<p>Donn\u00e9es techniques<\/p>\n<p>Taille : environ 36,8 \u00d7 33,1 \u00d7 11,5 cm<br \/>poids : 3,4 kg<br \/>Alimentation \u00e9lectrique : 220 &#8211; 240V~ 50\/60 Hz<br \/>Puissance : 60 watts<br \/>Longueur du c\u00e2ble de raccordement : env. 180 cm<\/p>\n<\/div>\n<p><bl-button a11yexpanded=\"false\" arialabel=\"Afficher toute la description\" class=\"read-more__btn\" full=\"false\" link=\"true\"><\/bl-button><\/div>","protected":false},"excerpt":{"rendered":"<p>None<\/p>","protected":false},"featured_media":91466,"template":"","meta":{"_glsr_average":0,"_glsr_ranking":0,"_glsr_reviews":0},"product_cat":[510],"product_tag":[511,187,508],"class_list":{"0":"post-91467","1":"product","2":"type-product","3":"status-publish","4":"has-post-thumbnail","6":"product_cat-appareil-de-massage","7":"product_tag-appareil-de-massage","8":"product_tag-beaute-sante","9":"product_tag-massage-bien-etre","11":"first","12":"instock","13":"sale","14":"shipping-taxable","15":"purchasable","16":"product-type-simple"},"_links":{"self":[{"href":"https:\/\/electromenagerexpress.com\/en\/wp-json\/wp\/v2\/product\/91467","targetHints":{"allow":["GET"]}}],"collection":[{"href":"https:\/\/electromenagerexpress.com\/en\/wp-json\/wp\/v2\/product"}],"about":[{"href":"https:\/\/electromenagerexpress.com\/en\/wp-json\/wp\/v2\/types\/product"}],"wp:featuredmedia":[{"embeddable":true,"href":"https:\/\/electromenagerexpress.com\/en\/wp-json\/wp\/v2\/media\/91466"}],"wp:attachment":[{"href":"https:\/\/electromenagerexpress.com\/en\/wp-json\/wp\/v2\/media?parent=91467"}],"wp:term":[{"taxonomy":"product_cat","embeddable":true,"href":"https:\/\/electromenagerexpress.com\/en\/wp-json\/wp\/v2\/product_cat?post=91467"},{"taxonomy":"product_tag","embeddable":true,"href":"https:\/\/electromenagerexpress.com\/en\/wp-json\/wp\/v2\/product_tag?post=91467"}],"curies":[{"name":"wp","href":"https:\/\/api.w.org\/{rel}","templated":true}]}}