{"id":91458,"date":"2024-11-24T18:02:13","date_gmt":"2024-11-24T18:02:13","guid":{"rendered":"https:\/\/electromenagerexpress.com\/product\/lanaformbodyscan\/"},"modified":"2024-11-24T18:02:13","modified_gmt":"2024-11-24T18:02:13","slug":"lanaformbodyscan","status":"publish","type":"product","link":"https:\/\/electromenagerexpress.com\/en\/product\/lanaformbodyscan\/","title":{"rendered":"LANAFORM\t\t\t\tBodyscan"},"content":{"rendered":"<div class=\"product-features__content\">\n<ul role=\"list\">\n<li class=\"product-features__item\" role=\"listitem\">\n<h3 class=\"product-features__label\">Pour prendre soin de vous<\/h3>\n<ul role=\"list\">\n<li class=\"product-features__item-list__item\" role=\"listitem\"><span class=\"is--medium\">D\u00e9couvrez notre boutique Sant\u00e9\/Bien-\u00catre :<\/span> <a href=\"https:\/\/www.boulanger.com\/evenement\/boutique-bien-etre-sante\" target=\"_blank\">Cliquez ici<\/a><\/li>\n<\/ul>\n<\/li>\n<li class=\"product-features__item\" role=\"listitem\">\n<h3 class=\"product-features__label\">Caract\u00e9ristique g\u00e9n\u00e9rale<\/h3>\n<ul role=\"list\">\n<li class=\"product-features__item-list__item\" role=\"listitem\"><span class=\"is--medium\">Type de produit :<\/span> Si\u00e8ge massant\t\t\t\t\t<\/li>\n<li class=\"product-features__item-list__item\" role=\"listitem\"><span class=\"is--medium\">Le mot du m\u00e9decin :<\/span> Les fauteuils massants vous permettent de vous d\u00e9tendre, d&rsquo;\u00e9liminer le stress et de vous apporter du bien-\u00eatre. Ils peuvent soulager les douleurs dorsales par leur effet massant.\t\t\t\t\t<\/li>\n<li class=\"product-features__item-list__item\" role=\"listitem\"><span class=\"is--medium\">Puissance :<\/span> 30,0 W\t\t\t\t\t<\/li>\n<li class=\"product-features__item-list__item\" role=\"listitem\"><span class=\"is--medium\">Alimentation :<\/span> Secteur\t\t\t\t\t<\/li>\n<li class=\"product-features__item-list__item\" role=\"listitem\"><span class=\"is--medium\">Nombre de moteurs :<\/span> 2\t\t\t\t\t<\/li>\n<li class=\"product-features__item-list__item\" role=\"listitem\"><span class=\"is--medium\">Nombre de programmes :<\/span> 3 programmes\t\t\t\t\t<\/li>\n<\/ul>\n<\/li>\n<li class=\"product-features__item\" role=\"listitem\">\n<h3 class=\"product-features__label\">Massage Shiatsu<\/h3>\n<ul role=\"list\">\n<li class=\"product-features__item-list__item\" role=\"listitem\"><span class=\"is--medium\">Bas du dos :<\/span> Oui\t\t\t\t\t<\/li>\n<li class=\"product-features__item-list__item\" role=\"listitem\"><span class=\"is--medium\">Haut du dos :<\/span> Oui\t\t\t\t\t<\/li>\n<li class=\"product-features__item-list__item\" role=\"listitem\"><span class=\"is--medium\">Dos complet :<\/span> Oui\t\t\t\t\t<\/li>\n<li class=\"product-features__item-list__item\" role=\"listitem\"><span class=\"is--medium\">Pied :<\/span> Non\t\t\t\t\t<\/li>\n<\/ul>\n<\/li>\n<li class=\"product-features__item\" role=\"listitem\">\n<h3 class=\"product-features__label\">Massage manuel<\/h3>\n<ul role=\"list\">\n<li class=\"product-features__item-list__item\" role=\"listitem\"><span class=\"is--medium\">Massage cibl\u00e9 :<\/span> Oui\t\t\t\t\t<\/li>\n<li class=\"product-features__item-list__item\" role=\"listitem\"><span class=\"is--medium\">Technologie Gel :<\/span> Oui\t\t\t\t\t<\/li>\n<\/ul>\n<\/li>\n<li class=\"product-features__item\" role=\"listitem\">\n<h3 class=\"product-features__label\">T\u00e9l\u00e9commande<\/h3>\n<ul role=\"list\">\n<li class=\"product-features__item-list__item\" role=\"listitem\"><span class=\"is--medium\">T\u00e9l\u00e9commande incluse :<\/span> Oui\t\t\t\t\t<\/li>\n<li class=\"product-features__item-list__item\" role=\"listitem\"><span class=\"is--medium\">Type de t\u00e9l\u00e9commande :<\/span> Manuel\t\t\t\t\t<\/li>\n<\/ul>\n<\/li>\n<li class=\"product-features__item\" role=\"listitem\">\n<h3 class=\"product-features__label\">Entretien et s\u00e9curit\u00e9<\/h3>\n<ul role=\"list\">\n<li class=\"product-features__item-list__item\" role=\"listitem\"><span class=\"is--medium\">Nettoyage :<\/span> Lavable \u00e0 la main\t\t\t\t\t<\/li>\n<\/ul>\n<\/li>\n<li class=\"product-features__item\" role=\"listitem\">\n<h3 class=\"product-features__label\">Dimensions<\/h3>\n<ul role=\"list\">\n<li class=\"product-features__item-list__item\" role=\"listitem\"><span class=\"is--medium\">Poids net :<\/span> 6,0 kg\t\t\t\t\t<\/li>\n<\/ul>\n<\/li>\n<li class=\"product-features__item\" role=\"listitem\">\n<h3 class=\"product-features__label\">Informations compl\u00e9mentaires<\/h3>\n<ul role=\"list\">\n<li class=\"product-features__item-list__item\" role=\"listitem\"><span class=\"is--medium\">R\u00e9f\u00e9rence constructeur :<\/span> Si\u00e8ge massant avec scan &#8211; Bodyscan\t\t\t\t\t<\/li>\n<li class=\"product-features__item-list__item\" role=\"listitem\"><span class=\"is--medium\">Marque :<\/span> LANAFORM\t\t\t\t\t<\/li>\n<li class=\"product-features__item-list__item\" role=\"listitem\"><span class=\"is--medium\">Disponibilit\u00e9 des pi\u00e8ces d\u00e9tach\u00e9es (donn\u00e9es fournisseur) :<\/span> Non communiqu\u00e9e\t\t\t\t\t<\/li>\n<li class=\"product-features__item-list__item\" role=\"listitem\"><span class=\"is--medium\">Fabriqu\u00e9 en :<\/span> Chine\t\t\t\t\t<\/li>\n<\/ul>\n<\/li>\n<\/ul>\n<\/div>\n<div class=\"product__disclosure-content\">\n<div class=\"js-read-more product-description__content\" data-read-more-name=\"description\" style=\"max-height: 500px; overflow: hidden;\">\n<h2>Le Bodyscan Massager, un massage efficace en profondeur<\/h2>\n<p>Installez-vous sur le couvre-si\u00e8ge massant <strong>Bodyscan Massager<\/strong> et laissez-vous aller au rythme des massages <strong>shiatsu<\/strong> et <strong>rolling<\/strong>. Ce si\u00e8ge massant vous offre un massage personnalis\u00e9 gr\u00e2ce \u00e0 sa fonction de <strong>scan corporel<\/strong>. Imitant \u00e0 la perfection les massages traditionnels, le Bodyscan Massager vous procurera un moment de d\u00e9tente et d\u00e9contraction absolus.<\/p>\n<h3>Un massage sur-mesure<\/h3>\n<p>Le secret du Bodyscan Massager r\u00e9side dans sa technologie innovante\u00a0: une fonction <strong>scan<\/strong> directement int\u00e9gr\u00e9e dans le m\u00e9canisme de massage.<\/p>\n<p>Lors de chaque utilisation, le si\u00e8ge-massant scanne enti\u00e8rement votre dos, y compris la nuque, afin de d\u00e9terminer les points de massage strat\u00e9giques. Le m\u00e9canisme adapte le massage en fonction des r\u00e9sultats obtenus. Les <strong>4 t\u00eates de massage en silicone<\/strong> viendront vous masser en profondeur.<\/p>\n<h3>Le shiatsu et le rolling, les 2 indispensables bien-\u00eatre<\/h3>\n<p>Les pressions exerc\u00e9es par les 4 t\u00eates en silicone imitent \u00e0 la perfection les gestes professionnels du massage <strong>shiatsu<\/strong>. Ce massage poss\u00e8de des vertus r\u00e9paratrices pour le corps. La pression et le p\u00e9trissage d\u00e9tendent les zones de tensions musculaires et apportent une sensation de bien-\u00eatre profond.<\/p>\n<p>Le <strong>rolling<\/strong> est un massage qui favorise l&rsquo;\u00e9tirement. Il est id\u00e9al pour desserrer la peau, lib\u00e9rer les tensions musculaires et am\u00e9liorer la circulation locale. L&rsquo;appareil va exercer des pressions des deux c\u00f4t\u00e9s de la colonne vert\u00e9brale pour reproduire la sensation d&rsquo;\u00e9tirement. Les muscles sont revitalis\u00e9s et d\u00e9barrass\u00e9s de toute tension.<\/p>\n<h3>De multiples fonctionnalit\u00e9s<\/h3>\n<p>Pour un confort optimal, l&rsquo;assise est <strong>\u00e9paisse et moelleuse<\/strong> et s&rsquo;adapte facilement \u00e0 votre canap\u00e9, fauteuil ou chaise de bureau. Gr\u00e2ce \u00e0 l&rsquo;attache de fixation \u00e0 l&rsquo;arri\u00e8re, le si\u00e8ge massant sera convenablement maintenu au dossier. Sa fonction <strong>timer<\/strong> permet de choisir votre temps de massage (10\/15 min.). Gr\u00e2ce \u00e0 ses 2 sangles de <strong>rangement<\/strong>, il est possible d&rsquo;y passer un cintre et de le ranger directement dans votre armoire.<\/p>\n<\/p>\n<\/div>\n<\/div>","protected":false},"excerpt":{"rendered":"<div class=\"keypoints\">\n<h3 class=\"keypoints__title\">Les points cl\u00e9s<\/h3>\n<ul role=\"list\">\n<li class=\"keypoints__item\" role=\"listitem\">                          T\u00e9l\u00e9commande incluse &#8211;                                                      Alimentation : Secteur                      <\/li>\n<\/ul>","protected":false},"featured_media":91457,"template":"","meta":{"_glsr_average":0,"_glsr_ranking":0,"_glsr_reviews":0},"product_cat":[507],"product_tag":[187,509,508],"class_list":{"0":"post-91458","1":"product","2":"type-product","3":"status-publish","4":"has-post-thumbnail","6":"product_cat-fauteuil-massant","7":"product_tag-beaute-sante","8":"product_tag-fauteuil-massant","9":"product_tag-massage-bien-etre","11":"first","12":"instock","13":"sale","14":"shipping-taxable","15":"purchasable","16":"product-type-simple"},"_links":{"self":[{"href":"https:\/\/electromenagerexpress.com\/en\/wp-json\/wp\/v2\/product\/91458","targetHints":{"allow":["GET"]}}],"collection":[{"href":"https:\/\/electromenagerexpress.com\/en\/wp-json\/wp\/v2\/product"}],"about":[{"href":"https:\/\/electromenagerexpress.com\/en\/wp-json\/wp\/v2\/types\/product"}],"wp:featuredmedia":[{"embeddable":true,"href":"https:\/\/electromenagerexpress.com\/en\/wp-json\/wp\/v2\/media\/91457"}],"wp:attachment":[{"href":"https:\/\/electromenagerexpress.com\/en\/wp-json\/wp\/v2\/media?parent=91458"}],"wp:term":[{"taxonomy":"product_cat","embeddable":true,"href":"https:\/\/electromenagerexpress.com\/en\/wp-json\/wp\/v2\/product_cat?post=91458"},{"taxonomy":"product_tag","embeddable":true,"href":"https:\/\/electromenagerexpress.com\/en\/wp-json\/wp\/v2\/product_tag?post=91458"}],"curies":[{"name":"wp","href":"https:\/\/api.w.org\/{rel}","templated":true}]}}