{"id":91456,"date":"2024-11-24T18:02:11","date_gmt":"2024-11-24T18:02:11","guid":{"rendered":"https:\/\/electromenagerexpress.com\/product\/siege-massant-chauffantsupra-francesp_9025g\/"},"modified":"2024-11-24T18:02:11","modified_gmt":"2024-11-24T18:02:11","slug":"siege-massant-chauffantsupra-francesp_9025g","status":"publish","type":"product","link":"https:\/\/electromenagerexpress.com\/en\/product\/siege-massant-chauffantsupra-francesp_9025g\/","title":{"rendered":"Si\u00e8ge massant chauffant\t\t\t\t\t\t\tSUPRA FRANCE\t\t\t\tsp_9025g"},"content":{"rendered":"<div class=\"product-features__content\">\n<ul role=\"list\">\n<li class=\"product-features__item\" role=\"listitem\">\n<h3 class=\"product-features__label\">Pour prendre soin de vous<\/h3>\n<ul role=\"list\">\n<li class=\"product-features__item-list__item\" role=\"listitem\"><span class=\"is--medium\">D\u00e9couvrez notre boutique Sant\u00e9\/Bien-\u00catre :<\/span> <a href=\"https:\/\/www.boulanger.com\/evenement\/boutique-bien-etre-sante\" target=\"_blank\">Cliquez ici<\/a><\/li>\n<\/ul>\n<\/li>\n<li class=\"product-features__item\" role=\"listitem\">\n<h3 class=\"product-features__label\">Caract\u00e9ristique g\u00e9n\u00e9rale<\/h3>\n<ul role=\"list\">\n<li class=\"product-features__item-list__item\" role=\"listitem\"><span class=\"is--medium\">Type de produit :<\/span> Si\u00e8ge massant chauffant\t\t\t\t\t<\/li>\n<li class=\"product-features__item-list__item\" role=\"listitem\"><span class=\"is--medium\">Le mot du m\u00e9decin :<\/span> Les fauteuils massants vous permettent de vous d\u00e9tendre, d&rsquo;\u00e9liminer le stress et de vous apporter du bien-\u00eatre. Ils peuvent soulager les douleurs dorsales par leur effet massant.\t\t\t\t\t<\/li>\n<li class=\"product-features__item-list__item\" role=\"listitem\"><span class=\"is--medium\">Puissance :<\/span> 70,0 W\t\t\t\t\t<\/li>\n<li class=\"product-features__item-list__item\" role=\"listitem\"><span class=\"is--medium\">Alimentation :<\/span> Secteur\t\t\t\t\t<\/li>\n<li class=\"product-features__item-list__item\" role=\"listitem\"><span class=\"is--medium\">Coloris :<\/span> Gris\t\t\t\t\t<\/li>\n<\/ul>\n<\/li>\n<li class=\"product-features__item\" role=\"listitem\">\n<h3 class=\"product-features__label\">Massage Shiatsu<\/h3>\n<ul role=\"list\">\n<li class=\"product-features__item-list__item\" role=\"listitem\"><span class=\"is--medium\">Bas du dos :<\/span> Non\t\t\t\t\t<\/li>\n<li class=\"product-features__item-list__item\" role=\"listitem\"><span class=\"is--medium\">Haut du dos :<\/span> Non\t\t\t\t\t<\/li>\n<li class=\"product-features__item-list__item\" role=\"listitem\"><span class=\"is--medium\">Dos complet :<\/span> Non\t\t\t\t\t<\/li>\n<li class=\"product-features__item-list__item\" role=\"listitem\"><span class=\"is--medium\">Nuque :<\/span> Non\t\t\t\t\t<\/li>\n<\/ul>\n<\/li>\n<li class=\"product-features__item\" role=\"listitem\">\n<h3 class=\"product-features__label\">Massage manuel<\/h3>\n<ul role=\"list\">\n<li class=\"product-features__item-list__item\" role=\"listitem\"><span class=\"is--medium\">Massage cibl\u00e9 :<\/span> Oui\t\t\t\t\t<\/li>\n<\/ul>\n<\/li>\n<li class=\"product-features__item\" role=\"listitem\">\n<h3 class=\"product-features__label\">T\u00e9l\u00e9commande<\/h3>\n<ul role=\"list\">\n<li class=\"product-features__item-list__item\" role=\"listitem\"><span class=\"is--medium\">T\u00e9l\u00e9commande incluse :<\/span> Oui\t\t\t\t\t<\/li>\n<\/ul>\n<\/li>\n<li class=\"product-features__item\" role=\"listitem\">\n<h3 class=\"product-features__label\">Entretien et s\u00e9curit\u00e9<\/h3>\n<ul role=\"list\">\n<li class=\"product-features__item-list__item\" role=\"listitem\"><span class=\"is--medium\">Nettoyage :<\/span> Lavable \u00e0 la main\t\t\t\t\t<\/li>\n<\/ul>\n<\/li>\n<li class=\"product-features__item\" role=\"listitem\">\n<h3 class=\"product-features__label\">Dimensions<\/h3>\n<ul role=\"list\">\n<li class=\"product-features__item-list__item\" role=\"listitem\"><span class=\"is--medium\">Poids net :<\/span> 52,0 kg\t\t\t\t\t<\/li>\n<\/ul>\n<\/li>\n<li class=\"product-features__item\" role=\"listitem\">\n<h3 class=\"product-features__label\">Informations compl\u00e9mentaires<\/h3>\n<ul role=\"list\">\n<li class=\"product-features__item-list__item\" role=\"listitem\"><span class=\"is--medium\">Disponibilit\u00e9 des pi\u00e8ces d\u00e9tach\u00e9es (donn\u00e9es fournisseur) :<\/span> Non communiqu\u00e9e\t\t\t\t\t<\/li>\n<li class=\"product-features__item-list__item\" role=\"listitem\"><span class=\"is--medium\">Fabriqu\u00e9 en :<\/span> Chine\t\t\t\t\t<\/li>\n<\/ul>\n<\/li>\n<\/ul>\n<\/div>\n<div class=\"product__disclosure-content\">\n<div class=\"js-read-more product-description__content read-more read-more--truncated\" data-read-more-name=\"description\" style=\"max-height: 500px; overflow: hidden;\">\n<p><!-- ****R\u00e9sum\u00e9**** --><\/p>\n<h1>Fauteuil releveur \/ massant SERENA<\/h1>\n<p><\/p>\n<p>Le fauteuil releveur Serena a \u00e9t\u00e9 d\u00e9velopp\u00e9 pour les personnes \u00e2g\u00e9es ou les personnes en situation de handicap physique. Son confort permet de rester un long moment assis, les petits massages qu&rsquo;il diffuse stimulent la circulation sanguine pour \u00e9viter tout d\u00e9sagr\u00e9ment qu&rsquo;une position statique pendant de longues heures peut engendrer.<br \/>Relevant et massant, le fauteuil SERENA a \u00e9t\u00e9 cr\u00e9\u00e9 pour que vous puissiez red\u00e9couvrir la force et l&rsquo;\u00e9nergie qui est en vous.<\/p>\n<p><!-- ****Description**** --><\/p>\n<h2>Fauteuil releveur SERENA <\/h2>\n<p><\/p>\n<p>Discret, \u00e9l\u00e9gant et performant, ce fauteuil relaxant s&rsquo;int\u00e9grera facilement dans votre espace. Ses fonctions tr\u00e8s vari\u00e9es, vous relaxeront \u00e0 tout moment de la journ\u00e9e et vous appr\u00e9cierez les moments de d\u00e9tente que le SERENA a \u00e0 offrir.<\/p>\n<p><em>Variez les plaisirs gr\u00e2ce \u00e0 ses multiples b\u00e9n\u00e9fices :<\/em><\/p>\n<p><!-- ****Massage**** --><\/p>\n<p><strong>Fonction Massage pour votre bien-\u00eatre<\/strong><\/p>\n<p><\/p>\n<p>Le fauteuil releveur Serena vous offre la possibilit\u00e9 de vous d\u00e9tendre gr\u00e2ce \u00e0 ses massages vibrants plac\u00e9s aux \u00e9paules, le long du dos, sur l&rsquo;assise ainsi que sur les jambes. Ce type de massage est reconnu pour favoriser le drainage veineux et une meilleure circulation du sang, mais aussi pour r\u00e9duire la sensation de \u00a0\u00bb jambes lourdes \u00ab\u00a0. Sp\u00e9cialement adapt\u00e9 pour les jambes fatigu\u00e9es ou apr\u00e8s une longue station assise.<\/p>\n<p><span><em>Les mains d&rsquo;un masseur remplac\u00e9es par des galets massants&#8230;<\/em><\/span><\/p>\n<p><!-- ****Releveur**** --><\/p>\n<p><strong>Fonction Releveur pour garder sa forme<\/strong><\/p>\n<p><\/p>\n<p>Pour vous relever ou vous asseoir dans le fauteuil <\/p>\n<p>\u2022 Lorsque vous \u00eates assis, par la pression d&rsquo;un simple bouton situ\u00e9 sur le c\u00f4t\u00e9 du fauteuil, vous faites remonter le fauteuil en position debout, pour vous relever en toute s\u00e9curit\u00e9 et sans effort. Une fois le fauteuil releveur en position debout, votre corps est lui aussi debout pour vous extraire du fauteuil sans effort.<\/p>\n<p>\u2022 Une fois que vous \u00eates call\u00e9 dans le fauteuil releveur en position \u00ab\u00a0haute\u00a0\u00bb, il vous suffit de presser le bouton pour faire redescendre votre fauteuil en position assise, votre corps n&rsquo;est pas sollicit\u00e9 et vous redescendez en toute s\u00e9curit\u00e9.<\/p>\n<p><span><em>Le fauteuil Serena a \u00e9t\u00e9 sp\u00e9cialement con\u00e7u pour vous d\u00e9tendre et vous offrir un confort absolu !<\/em><\/span><\/p>\n<p><!-- ****Fonction chaleur**** --><\/p>\n<p><strong>Chaleur apaisante au niveau des lombaires<\/strong><\/p>\n<p><\/p>\n<p>Vous appr\u00e9cierez particuli\u00e8rement cette fonction en automne \/ hiver ou bien m\u00eame quand votre dos est tendu. <br \/>La chaleur offre de multiples bienfaits : elle contribue \u00e0 d\u00e9tendre vos muscles lorsqu&rsquo;ils sont tendus, elle soulage les douleurs articulaires, elle favorise le sommeil, elle permet une meilleure circulation du syst\u00e8me lymphatique. <br \/>Vous pourrez activer cette fonction quand vous le souhaitez \u00e0 l&rsquo;aide de la t\u00e9l\u00e9commande.<\/p>\n<p><!-- ****Telecommande en francais**** --><\/p>\n<p><strong>Une t\u00e9l\u00e9commande en fran\u00e7ais<\/strong><\/p>\n<p><\/p>\n<p>Le fauteuil SERENA est simple d&rsquo;utilisation et est dot\u00e9 d&rsquo;une t\u00e9l\u00e9commande en fran\u00e7ais. Vous n&rsquo;avez qu&rsquo;\u00e0 appuyer sur une touche pour activer ou d\u00e9sactiver la fonction en question. <br \/><span><em>Simplicit\u00e9 d&rsquo;utilisation pour une tranquilit\u00e9 absolue&#8230;<\/em><\/span><\/p>\n<p><!-- ****Soutien complet du corps**** --><\/p>\n<p><strong>Multi-positions dos et jambes<\/strong><\/p>\n<p><\/p>\n<p>Le fauteuil releveur Serena a \u00e9t\u00e9 sp\u00e9cialement con\u00e7u pour vous d\u00e9tendre et vous offrir un confort absolu. Avec son syst\u00e8me bi-moteur vous pouvez incliner le dossier et relever le repose jambes ind\u00e9pendemment, vous choisirez la position la mieux adapt\u00e9e \u00e0 votre morphologie.<br \/>Profitez de l&rsquo;incroyable choix d&rsquo;inclinaisons que poss\u00e8de le fauteuil releveur Serena.<\/p>\n<p><!-- ****Le rev\u00eatement**** --><\/p>\n<p><strong>Un rev\u00eatement de qualit\u00e9<\/strong><\/p>\n<p><\/p>\n<p>La souplesse, l&rsquo;ergonomie, la douceur sont les ma\u00eetres mots de ce fauteuil sp\u00e9cialement \u00e9tudi\u00e9 pour les personnes devant passer beaucoup de temps en position assise, Le rev\u00eatement en micro-fibre apportera tout le confort n\u00e9cessaire pour profiter pleinement des bienfaits du fauteuil releveur Serena.<\/p>\n<p><span><em>Facile d&rsquo;entretien, il poss\u00e8de \u00e9galement la robustesse in\u00e9galable pour faire face \u00e0 l&rsquo;\u00e9preuve du temps.<\/em><\/span><\/p>\n<p><!-- ****La garantie**** --><\/p>\n<p><strong>La garantie 2 ans<\/strong><\/p>\n<p><\/p>\n<p>Le fauteuil releveur SERENA est r\u00e9gl\u00e9 comme une horloge suisse, sa fiabilit\u00e9 est exemplaire, il vous apportera beaucoup de \u00a0\u00bb bien-\u00eatre \u00a0\u00bb pendant de nombreuses ann\u00e9es. <\/p>\n<p><strong>GARANTIE 2 ANS<\/strong><\/p>\n<\/p>\n<\/div>\n<p><bl-button a11yexpanded=\"false\" arialabel=\"Afficher toute la description\" class=\"read-more__btn\" full=\"false\" link=\"true\">Voir plus<\/bl-button><\/div>","protected":false},"excerpt":{"rendered":"<div class=\"keypoints\">\n<h3 class=\"keypoints__title\">Les points cl\u00e9s<\/h3>\n<ul role=\"list\">\n<li class=\"keypoints__item\" role=\"listitem\">                                        Massage par vibrations bien-\u00eatre                      <\/li>\n<li class=\"keypoints__item\" role=\"listitem\">                          T\u00e9l\u00e9commande incluse &#8211;                                                      Alimentation : Secteur                      <\/li>\n<li class=\"keypoints__item\" role=\"listitem\">                                        Dossier inclinable                      <\/li>\n<li class=\"keypoints__item\" role=\"listitem\">                                        Fonction chaleur apaisante                      <\/li>\n<\/ul>","protected":false},"featured_media":91455,"template":"","meta":{"_glsr_average":0,"_glsr_ranking":0,"_glsr_reviews":0},"product_cat":[510],"product_tag":[511,187,508],"class_list":{"0":"post-91456","1":"product","2":"type-product","3":"status-publish","4":"has-post-thumbnail","6":"product_cat-appareil-de-massage","7":"product_tag-appareil-de-massage","8":"product_tag-beaute-sante","9":"product_tag-massage-bien-etre","11":"first","12":"instock","13":"sale","14":"shipping-taxable","15":"purchasable","16":"product-type-simple"},"_links":{"self":[{"href":"https:\/\/electromenagerexpress.com\/en\/wp-json\/wp\/v2\/product\/91456","targetHints":{"allow":["GET"]}}],"collection":[{"href":"https:\/\/electromenagerexpress.com\/en\/wp-json\/wp\/v2\/product"}],"about":[{"href":"https:\/\/electromenagerexpress.com\/en\/wp-json\/wp\/v2\/types\/product"}],"wp:featuredmedia":[{"embeddable":true,"href":"https:\/\/electromenagerexpress.com\/en\/wp-json\/wp\/v2\/media\/91455"}],"wp:attachment":[{"href":"https:\/\/electromenagerexpress.com\/en\/wp-json\/wp\/v2\/media?parent=91456"}],"wp:term":[{"taxonomy":"product_cat","embeddable":true,"href":"https:\/\/electromenagerexpress.com\/en\/wp-json\/wp\/v2\/product_cat?post=91456"},{"taxonomy":"product_tag","embeddable":true,"href":"https:\/\/electromenagerexpress.com\/en\/wp-json\/wp\/v2\/product_tag?post=91456"}],"curies":[{"name":"wp","href":"https:\/\/api.w.org\/{rel}","templated":true}]}}