{"id":91440,"date":"2024-11-24T18:01:54","date_gmt":"2024-11-24T18:01:54","guid":{"rendered":"https:\/\/electromenagerexpress.com\/product\/supra-francesp_5900beigeclair\/"},"modified":"2024-11-24T18:02:00","modified_gmt":"2024-11-24T18:02:00","slug":"supra-francesp_5900beigeclair","status":"publish","type":"product","link":"https:\/\/electromenagerexpress.com\/en\/product\/supra-francesp_5900beigeclair\/","title":{"rendered":"SUPRA FRANCE\t\t\t\tsp_5900beigeclair"},"content":{"rendered":"<div class=\"product-features__content\">\n<ul role=\"list\">\n<li class=\"product-features__item\" role=\"listitem\">\n<h3 class=\"product-features__label\">Pour prendre soin de vous<\/h3>\n<ul role=\"list\">\n<li class=\"product-features__item-list__item\" role=\"listitem\"><span class=\"is--medium\">D\u00e9couvrez notre boutique Sant\u00e9\/Bien-\u00catre :<\/span> <a href=\"https:\/\/www.boulanger.com\/evenement\/boutique-bien-etre-sante\" target=\"_blank\">Cliquez ici<\/a><\/li>\n<\/ul>\n<\/li>\n<li class=\"product-features__item\" role=\"listitem\">\n<h3 class=\"product-features__label\">Caract\u00e9ristique g\u00e9n\u00e9rale<\/h3>\n<ul role=\"list\">\n<li class=\"product-features__item-list__item\" role=\"listitem\"><span class=\"is--medium\">Type de produit :<\/span> Fauteuil massant\t\t\t\t\t<\/li>\n<li class=\"product-features__item-list__item\" role=\"listitem\"><span class=\"is--medium\">Le mot du m\u00e9decin :<\/span> Les fauteuils massants vous permettent de vous d\u00e9tendre, d&rsquo;\u00e9liminer le stress et de vous apporter du bien-\u00eatre. Ils peuvent soulager les douleurs dorsales par leur effet massant.\t\t\t\t\t<\/li>\n<li class=\"product-features__item-list__item\" role=\"listitem\"><span class=\"is--medium\">Puissance :<\/span> 48,0 W\t\t\t\t\t<\/li>\n<li class=\"product-features__item-list__item\" role=\"listitem\"><span class=\"is--medium\">Alimentation :<\/span> Secteur\t\t\t\t\t<\/li>\n<li class=\"product-features__item-list__item\" role=\"listitem\"><span class=\"is--medium\">Coloris :<\/span> Beige\t\t\t\t\t<\/li>\n<\/ul>\n<\/li>\n<li class=\"product-features__item\" role=\"listitem\">\n<h3 class=\"product-features__label\">Massage Shiatsu<\/h3>\n<ul role=\"list\">\n<li class=\"product-features__item-list__item\" role=\"listitem\"><span class=\"is--medium\">Bas du dos :<\/span> Non\t\t\t\t\t<\/li>\n<li class=\"product-features__item-list__item\" role=\"listitem\"><span class=\"is--medium\">Haut du dos :<\/span> Non\t\t\t\t\t<\/li>\n<li class=\"product-features__item-list__item\" role=\"listitem\"><span class=\"is--medium\">Dos complet :<\/span> Non\t\t\t\t\t<\/li>\n<li class=\"product-features__item-list__item\" role=\"listitem\"><span class=\"is--medium\">Nuque :<\/span> Non\t\t\t\t\t<\/li>\n<\/ul>\n<\/li>\n<li class=\"product-features__item\" role=\"listitem\">\n<h3 class=\"product-features__label\">Massage manuel<\/h3>\n<ul role=\"list\">\n<li class=\"product-features__item-list__item\" role=\"listitem\"><span class=\"is--medium\">P\u00e9trissage (Kneading) :<\/span> Mouvement circulaire et malaxant agissant en profondeur.\t\t\t\t\t<\/li>\n<li class=\"product-features__item-list__item\" role=\"listitem\"><span class=\"is--medium\">Tapotement (Flapping) :<\/span> Tapotement plus ou moins rapide pour tonifier la musculature.\t\t\t\t\t<\/li>\n<li class=\"product-features__item-list__item\" role=\"listitem\"><span class=\"is--medium\">Massage sp\u00e9cial :<\/span> Rotatif, pour r\u00e9tablir l&rsquo;\u00e9quilibre \u00e9nerg\u00e9tique du corps\t\t\t\t\t<\/li>\n<li class=\"product-features__item-list__item\" role=\"listitem\"><span class=\"is--medium\">Massage cibl\u00e9 :<\/span> Oui\t\t\t\t\t<\/li>\n<li class=\"product-features__item-list__item\" role=\"listitem\"><span class=\"is--medium\">Autre massage :<\/span> P\u00e9trissage et tapotement\t\t\t\t\t<\/li>\n<\/ul>\n<\/li>\n<li class=\"product-features__item\" role=\"listitem\">\n<h3 class=\"product-features__label\">T\u00e9l\u00e9commande<\/h3>\n<ul role=\"list\">\n<li class=\"product-features__item-list__item\" role=\"listitem\"><span class=\"is--medium\">T\u00e9l\u00e9commande incluse :<\/span> Oui\t\t\t\t\t<\/li>\n<\/ul>\n<\/li>\n<li class=\"product-features__item\" role=\"listitem\">\n<h3 class=\"product-features__label\">Entretien et s\u00e9curit\u00e9<\/h3>\n<ul role=\"list\">\n<li class=\"product-features__item-list__item\" role=\"listitem\"><span class=\"is--medium\">Nettoyage :<\/span> Lavable \u00e0 la main\t\t\t\t\t<\/li>\n<\/ul>\n<\/li>\n<li class=\"product-features__item\" role=\"listitem\">\n<h3 class=\"product-features__label\">Dimensions<\/h3>\n<ul role=\"list\">\n<li class=\"product-features__item-list__item\" role=\"listitem\"><span class=\"is--medium\">Poids net :<\/span> 22,5 kg\t\t\t\t\t<\/li>\n<\/ul>\n<\/li>\n<li class=\"product-features__item\" role=\"listitem\">\n<h3 class=\"product-features__label\">Informations compl\u00e9mentaires<\/h3>\n<ul role=\"list\">\n<li class=\"product-features__item-list__item\" role=\"listitem\"><span class=\"is--medium\">Disponibilit\u00e9 des pi\u00e8ces d\u00e9tach\u00e9es (donn\u00e9es fournisseur) :<\/span> Non communiqu\u00e9e\t\t\t\t\t<\/li>\n<li class=\"product-features__item-list__item\" role=\"listitem\"><span class=\"is--medium\">Fabriqu\u00e9 en :<\/span> Chine\t\t\t\t\t<\/li>\n<\/ul>\n<\/li>\n<\/ul>\n<\/div>\n<div class=\"product__disclosure-content\">\n<div class=\"js-read-more product-description__content read-more read-more--truncated\" data-read-more-name=\"description\" style=\"max-height: 500px; overflow: hidden;\">\n<p><strong> Besoin de vous relaxer, de vous soulager, de vous \u00e9vader ? Le Rocking chair massant YOUKI est fait pour vous !<\/strong><\/p>\n<p><\/p>\n<p>NOUVEAUTE 2022 par Supra France : Le Rocking chair massant YOUKI. Un fauteuil qui m\u00eale \u00e0 la fois design zen et soign\u00e9 pour un int\u00e9rieur \u00e9pur\u00e9 et des fonctionnalit\u00e9s massantes. A vous la d\u00e9tente !<\/p>\n<p><strong>3 m\u00e9thodes de massage diff\u00e9rentes <\/strong><\/p>\n<p><\/p>\n<p>Le rocking chair YOUKI dispose de 3 techniques (mouvements) de massage diff\u00e9rentes : <\/p>\n<p>Vibration <\/p>\n<p>Petrissage <\/p>\n<p>Tapotement <\/p>\n<p>Ces techniques s&rsquo;activent ind\u00e9pendammentles unes des autres ou en combin\u00e9 gr\u00e2ce aux programmes automatiques. <\/p>\n<p><strong>3 zones de massage<\/strong><\/p>\n<p><\/p>\n<p>Vous pourrez choisir de masser : <\/p>\n<p>Cervicales <\/p>\n<p>Dos<\/p>\n<p>Arri\u00e8re des cuisses<\/p>\n<p>Un massage sur-mesure est possible selon vos besoins et envies.<\/p>\n<p><strong>Mode Automatique<\/strong><\/p>\n<p><\/p>\n<p>Laissez-vous guider par le robot de massage en ne pensant plus \u00e0 rien d&rsquo;autre que la d\u00e9tente \u00e9tablie par YOUKI. Le YOUKI fonctionne avec une t\u00e9l\u00e9commande filaire et <\/p>\n<p><strong>Accessoires fournis<\/strong><\/p>\n<p><\/p>\n<p>Pour adapter vos s\u00e9ances de d\u00e9tente, vous aurez le choix entre :<\/p>\n<p>T\u00eati\u00e8re de massage ou sans massage <\/p>\n<p>2 coussins de confort pour adoucir le massage ou seulement se reposer dans le rocking chair <\/p>\n<p>Ces accessoires sont fournis avec le rocking chair.<\/p>\n<p><strong>Chaleur apaisante<\/strong><\/p>\n<p><\/p>\n<p>Un syst\u00e8me chauffant est install\u00e9 dans le Rocking chair massant au niveau des vert\u00e8bres lombaires. En pressant la touche \u00ab\u00a0CHALEUR\u00a0\u00bb, vous activerez cette fonction. La chaleur est douce et se diffuse progressivement <\/p>\n<p><strong>Rocking chair et positions de confort<\/strong><\/p>\n<p><\/p>\n<p>Le Rocking chair massant YOUKI a \u00e9t\u00e9 sp\u00e9cialement con\u00e7u pour vous d\u00e9tendre et vous offrir un confort absolu. Avec son syst\u00e8me de balancement comme un rocking chair classique, vous pourrez en plus de cela incliner vos jambes selon l&rsquo;angle souhait\u00e9. Le repose-jambes s&rsquo;incline manuellement de plusieurs fa\u00e7ons pour \u00e0 chaque fois vous apporter le confort souhait\u00e9. <\/p>\n<p>L&rsquo;angle d&rsquo;inclinaison entre le dossier et l&rsquo;assise est de 115\u00b0 permettant de vous d\u00e9tendre sans tensions cervicales et musculaires.<\/p>\n<p><strong>Un rev\u00eatement de qualit\u00e9<\/strong><\/p>\n<p><\/p>\n<p>L&rsquo;imitation lin du rev\u00eatement du fauteuil est parfaite pour se fondre dans votre int\u00e9rieur moderne. Gr\u00e2ce \u00e0 son deisgn \u00e9pur\u00e9, le rocking chair YOUKI ne d\u00e9note pas dans votre int\u00e9rieur, bien au contraire. Vous avez enfin la possibilit\u00e9 de lier le beau \u00e0 l&rsquo;agr\u00e9able ! <\/p>\n<p><strong>La garantie<\/strong><\/p>\n<p><\/p>\n<p>Le Rocking chair massant YOUKI est garanti 2 ans et fait preuve de qualit\u00e9 comme les autres fauteuils de la marque Supra France.<\/p>\n<p><strong>CARACTERISTIQUES<\/strong><\/p>\n<p><\/p>\n<p>Ref : SP5900 <\/p>\n<p>Nom du produit : YOUKI <\/p>\n<p>Voltage : 100 &#8211; 240 V <\/p>\n<p>Puissance : 48 W <\/p>\n<p>Fr\u00e9quence : 50 \/ 60 Hz <\/p>\n<p>Poids net : 22.5 kg <\/p>\n<p>Poids support\u00e9 : 150 kg <\/p>\n<p>Dimensions : H80 x L63 x P120 cm <\/p>\n<p>Composition : 100% polyester + 100% bois naturel<\/p>\n<\/p>\n<\/div>\n<p><bl-button a11yexpanded=\"false\" arialabel=\"Afficher toute la description\" class=\"read-more__btn\" full=\"false\" link=\"true\"><\/bl-button><\/div>","protected":false},"excerpt":{"rendered":"<div class=\"keypoints\">\n<h3 class=\"keypoints__title\">Les points cl\u00e9s<\/h3>\n<ul role=\"list\">\n<li class=\"keypoints__item\" role=\"listitem\">                                        Massage du dos relaxant                      <\/li>\n<li class=\"keypoints__item\" role=\"listitem\">                          T\u00e9l\u00e9commande incluse &#8211;                                                      Alimentation : Secteur                      <\/li>\n<li class=\"keypoints__item\" role=\"listitem\">                                        Fonction chaleur apaisante                      <\/li>\n<li class=\"keypoints__item\" role=\"listitem\">                                        Massage cibl\u00e9                      <\/li>\n<\/ul>","protected":false},"featured_media":91439,"template":"","meta":{"_glsr_average":0,"_glsr_ranking":0,"_glsr_reviews":0},"product_cat":[507],"product_tag":[187,509,508],"class_list":{"0":"post-91440","1":"product","2":"type-product","3":"status-publish","4":"has-post-thumbnail","6":"product_cat-fauteuil-massant","7":"product_tag-beaute-sante","8":"product_tag-fauteuil-massant","9":"product_tag-massage-bien-etre","11":"first","12":"instock","13":"sale","14":"shipping-taxable","15":"purchasable","16":"product-type-simple"},"_links":{"self":[{"href":"https:\/\/electromenagerexpress.com\/en\/wp-json\/wp\/v2\/product\/91440","targetHints":{"allow":["GET"]}}],"collection":[{"href":"https:\/\/electromenagerexpress.com\/en\/wp-json\/wp\/v2\/product"}],"about":[{"href":"https:\/\/electromenagerexpress.com\/en\/wp-json\/wp\/v2\/types\/product"}],"wp:featuredmedia":[{"embeddable":true,"href":"https:\/\/electromenagerexpress.com\/en\/wp-json\/wp\/v2\/media\/91439"}],"wp:attachment":[{"href":"https:\/\/electromenagerexpress.com\/en\/wp-json\/wp\/v2\/media?parent=91440"}],"wp:term":[{"taxonomy":"product_cat","embeddable":true,"href":"https:\/\/electromenagerexpress.com\/en\/wp-json\/wp\/v2\/product_cat?post=91440"},{"taxonomy":"product_tag","embeddable":true,"href":"https:\/\/electromenagerexpress.com\/en\/wp-json\/wp\/v2\/product_tag?post=91440"}],"curies":[{"name":"wp","href":"https:\/\/api.w.org\/{rel}","templated":true}]}}