{"id":91402,"date":"2024-11-24T18:01:14","date_gmt":"2024-11-24T18:01:14","guid":{"rendered":"https:\/\/electromenagerexpress.com\/product\/supra-francesp_9910nb\/"},"modified":"2024-11-24T18:01:14","modified_gmt":"2024-11-24T18:01:14","slug":"supra-francesp_9910nb","status":"publish","type":"product","link":"https:\/\/electromenagerexpress.com\/en\/product\/supra-francesp_9910nb\/","title":{"rendered":"SUPRA FRANCE\t\t\t\tsp_9910nb"},"content":{"rendered":"<div class=\"product-features__content\">\n<ul role=\"list\">\n<li class=\"product-features__item\" role=\"listitem\">\n<h3 class=\"product-features__label\">Pour prendre soin de vous<\/h3>\n<ul role=\"list\">\n<li class=\"product-features__item-list__item\" role=\"listitem\"><span class=\"is--medium\">D\u00e9couvrez notre boutique Sant\u00e9\/Bien-\u00catre :<\/span> <a href=\"https:\/\/www.boulanger.com\/evenement\/boutique-bien-etre-sante\" target=\"_blank\">Cliquez ici<\/a><\/li>\n<\/ul>\n<\/li>\n<li class=\"product-features__item\" role=\"listitem\">\n<h3 class=\"product-features__label\">Caract\u00e9ristique g\u00e9n\u00e9rale<\/h3>\n<ul role=\"list\">\n<li class=\"product-features__item-list__item\" role=\"listitem\"><span class=\"is--medium\">Type de produit :<\/span> Fauteuil massant\t\t\t\t\t<\/li>\n<li class=\"product-features__item-list__item\" role=\"listitem\"><span class=\"is--medium\">Le mot du m\u00e9decin :<\/span> Les fauteuils massants vous permettent de vous d\u00e9tendre, d&rsquo;\u00e9liminer le stress et de vous apporter du bien-\u00eatre. Ils peuvent soulager les douleurs dorsales par leur effet massant.\t\t\t\t\t<\/li>\n<li class=\"product-features__item-list__item\" role=\"listitem\"><span class=\"is--medium\">Puissance :<\/span> 270,0 W\t\t\t\t\t<\/li>\n<li class=\"product-features__item-list__item\" role=\"listitem\"><span class=\"is--medium\">Alimentation :<\/span> Secteur\t\t\t\t\t<\/li>\n<li class=\"product-features__item-list__item\" role=\"listitem\"><span class=\"is--medium\">Coloris :<\/span> Noir\t\t\t\t\t<\/li>\n<\/ul>\n<\/li>\n<li class=\"product-features__item\" role=\"listitem\">\n<h3 class=\"product-features__label\">Massage Shiatsu<\/h3>\n<ul role=\"list\">\n<li class=\"product-features__item-list__item\" role=\"listitem\"><span class=\"is--medium\">Bas du dos :<\/span> Oui\t\t\t\t\t<\/li>\n<li class=\"product-features__item-list__item\" role=\"listitem\"><span class=\"is--medium\">Haut du dos :<\/span> Oui\t\t\t\t\t<\/li>\n<li class=\"product-features__item-list__item\" role=\"listitem\"><span class=\"is--medium\">Dos complet :<\/span> Oui\t\t\t\t\t<\/li>\n<li class=\"product-features__item-list__item\" role=\"listitem\"><span class=\"is--medium\">Nuque :<\/span> Oui\t\t\t\t\t<\/li>\n<\/ul>\n<\/li>\n<li class=\"product-features__item\" role=\"listitem\">\n<h3 class=\"product-features__label\">Massage manuel<\/h3>\n<ul role=\"list\">\n<li class=\"product-features__item-list__item\" role=\"listitem\"><span class=\"is--medium\">P\u00e9trissage (Kneading) :<\/span> Mouvement circulaire et malaxant agissant en profondeur.\t\t\t\t\t<\/li>\n<li class=\"product-features__item-list__item\" role=\"listitem\"><span class=\"is--medium\">Tapotement (Flapping) :<\/span> Tapotement plus ou moins rapide pour tonifier la musculature.\t\t\t\t\t<\/li>\n<li class=\"product-features__item-list__item\" role=\"listitem\"><span class=\"is--medium\">Massage sp\u00e9cial :<\/span> Etirement complet\t\t\t\t\t<\/li>\n<li class=\"product-features__item-list__item\" role=\"listitem\"><span class=\"is--medium\">Massage cibl\u00e9 :<\/span> Oui\t\t\t\t\t<\/li>\n<li class=\"product-features__item-list__item\" role=\"listitem\"><span class=\"is--medium\">Autre massage :<\/span> Programme Energy : 15 minutes comprenant, massage tonifiant source d&rsquo;\u00e9nergie et de vitalit\u00e9.\t\t\t\t\t<\/li>\n<\/ul>\n<\/li>\n<li class=\"product-features__item\" role=\"listitem\">\n<h3 class=\"product-features__label\">T\u00e9l\u00e9commande<\/h3>\n<ul role=\"list\">\n<li class=\"product-features__item-list__item\" role=\"listitem\"><span class=\"is--medium\">T\u00e9l\u00e9commande incluse :<\/span> Oui\t\t\t\t\t<\/li>\n<\/ul>\n<\/li>\n<li class=\"product-features__item\" role=\"listitem\">\n<h3 class=\"product-features__label\">Entretien et s\u00e9curit\u00e9<\/h3>\n<ul role=\"list\">\n<li class=\"product-features__item-list__item\" role=\"listitem\"><span class=\"is--medium\">Nettoyage :<\/span> Lavable \u00e0 la main\t\t\t\t\t<\/li>\n<\/ul>\n<\/li>\n<li class=\"product-features__item\" role=\"listitem\">\n<h3 class=\"product-features__label\">Dimensions<\/h3>\n<ul role=\"list\">\n<li class=\"product-features__item-list__item\" role=\"listitem\"><span class=\"is--medium\">Poids net :<\/span> 113,0 kg\t\t\t\t\t<\/li>\n<\/ul>\n<\/li>\n<li class=\"product-features__item\" role=\"listitem\">\n<h3 class=\"product-features__label\">Informations compl\u00e9mentaires<\/h3>\n<ul role=\"list\">\n<li class=\"product-features__item-list__item\" role=\"listitem\"><span class=\"is--medium\">Disponibilit\u00e9 des pi\u00e8ces d\u00e9tach\u00e9es (donn\u00e9es fournisseur) :<\/span> Non communiqu\u00e9e\t\t\t\t\t<\/li>\n<li class=\"product-features__item-list__item\" role=\"listitem\"><span class=\"is--medium\">Fabriqu\u00e9 en :<\/span> Chine\t\t\t\t\t<\/li>\n<\/ul>\n<\/li>\n<\/ul>\n<\/div>\n<div class=\"product__disclosure-content\">\n<div class=\"js-read-more product-description__content read-more read-more--truncated\" data-read-more-name=\"description\" style=\"max-height: 500px; overflow: hidden;\">\n<p>\u00ab\u00a0<!-- ****R\u00e9sum\u00e9**** --><\/p>\n<h1>Fauteuil massant MEDIFORM<\/h1>\n<p><\/p>\n<p>Il se distingue par sa conception \u00e9l\u00e9gante et solide, le fauteuil massant MEDIFORM Version 4 vous s\u00e9duira avec sa nouvelle finition en imitation bois mat. Toujours \u00e9gal \u00e0 lui-m\u00eame, il incarne le parfait \u00e9quilibre entre simplicit\u00e9 d&rsquo;utilisation et plaisir du massage gr\u00e2ce \u00e0 ses nombreuses fonctionnalit\u00e9s. Quand la technologie est au service du bien-\u00eatre, n&rsquo;attendez-plus et succombez au MEDIFORM !<\/p>\n<p><!-- ****Description**** --><\/p>\n<h2>Fauteuil de massage MEDIFORM<\/h2>\n<p><\/p>\n<p><strong><em>Ce fauteuil massant est le compagnon id\u00e9al pour une vie en toute s\u00e9r\u00e9nit\u00e9 gr\u00e2ce :<\/em><\/strong><\/p>\n<p><!-- ****Techniques de massage**** --><\/p>\n<p><strong>14 variantes de massage pour plus de sensations<\/strong><\/p>\n<p><\/p>\n<p>Les variantes de massage d\u00e9finissent la mani\u00e8re dont les galets massants du fauteuil M\u00e9diform vont masser.<\/p>\n<p><span><em>Avec les galets massants, vous serez agr\u00e9ablement surpris des sensations \u00e9prouv\u00e9es&#8230;<\/em><\/span><\/p>\n<p><!-- ****Programmes de massage**** --><\/p>\n<p><strong>Huit programmes automatiques pour veiller sur soi<\/strong><\/p>\n<p><\/p>\n<p>Le fauteuil de massage MEDIFORM V4 comporte huit programmes automatiques adapt\u00e9s \u00e0 votre corps. La dur\u00e9e de votre programme automatique est quant \u00e0 elle adaptable, soit entre 5 et 30 minutes. A vous de choisir&#8230;<\/p>\n<p>1. GENERAL &#8211; Entretenir son corps<\/p>\n<p>2. ACUPRESSION &#8211; Pour calmer les douleurs<\/p>\n<p>3. DRAINAGE &#8211; Pour \u00e9vincer les toxines<\/p>\n<p>4. TONIC &#8211; Pour un massage revigorant<\/p>\n<p>5. BIEN-ETRE &#8211; Pour faire dispara\u00eetre les tensions<\/p>\n<p>6. RELAX\/SOMMEIL &#8211; Pour faciliter le sommeil<\/p>\n<p>7. LOMBAIRES &#8211; Fortifiez vos muscles<\/p>\n<p>8. \u00c9TIREMENTS &#8211; Des exercices physiques<\/p>\n<p><!-- ****Mode manuel**** --><\/p>\n<p><strong>Mode manuel \u00a0\u00bb Un massage adapt\u00e9 \u00e0 vos besoins \u00ab\u00a0<\/strong><\/p>\n<p><\/p>\n<p>Le mode manuel permet de s\u00e9lectionner une technique de massage pour l&rsquo;appliquer sur une zone de votre corps. 35 effets de massage diff\u00e9rents + massage vibration + massages par air + foot rolling, ce qui nous donne :<\/p>\n<p><span>38 EFFETS DE MASSAGE<\/span><\/p>\n<p><!-- ****Distance de massage**** --><\/p>\n<p><strong>D\u00e9finir la distance de massage<\/strong><\/p>\n<p><\/p>\n<p>Il existe 3 r\u00e9glages pour d\u00e9finir la distance que doivent couvrir les galets de massage : <\/p>\n<p><span><em>Fixe &#8211; Partiel &#8211; Total<\/em><\/span><\/p>\n<p><!-- ****Largeur de massage**** --><\/p>\n<p><strong>Elargissez les galets de massage<\/strong><\/p>\n<p><\/p>\n<p>L\u00e0 aussi&#8230; Vous avez le choix : <br \/><span><em>Etroit &#8211; Moyen &#8211; Large<\/em><\/span><\/p>\n<p><!-- ****Vitesse et puissance du massage**** --><\/p>\n<p><strong>Des vitesses et des puissances de massage suivant votre humeur<\/strong><\/p>\n<p><\/p>\n<p>Cinq niveaux de forces et de vitesse sont disponibles pour transformer vos \u00e9motions.<\/p>\n<p><!-- ****Pressotherapie**** --><\/p>\n<p><strong>Air Massage &#8211; Un massage complet, de la t\u00eate aux pieds<\/strong><\/p>\n<p><!-- ****Le scan**** --><\/p>\n<p><strong>L&rsquo;analyse corporelle<\/strong><\/p>\n<p><\/p>\n<p>Avant chaque programme Automatique de massage, la fonction \u00ab\u00a0Scan\u00a0\u00bb \u00e9tablit une v\u00e9ritable cartographie de votre morphologie, de fa\u00e7on \u00e0 localiser les points strat\u00e9giques de votre corps.<\/p>\n<p><!-- ****Massage shiatsu pour les pieds**** --><\/p>\n<p><strong>Massage de la vo\u00fbte plantaire (Zones r\u00e9flexes)<\/strong><\/p>\n<p><\/p>\n<p>Il s&rsquo;agit d&rsquo;un massage doux des pieds r\u00e9alis\u00e9 par des galets recouverts de picots. La rotation et pression de ces galets exerc\u00e9es sur les zones r\u00e9flexes de la vo\u00fbte plantaire agissent sur le corps entier. A chaque zone r\u00e9flexe correspond une partie du corps, un organe. Consid\u00e9r\u00e9e comme une m\u00e9decine douce, la r\u00e9flexologie plantaire permet donc de localiser les tensions du corps et autres dysfonctionnements puis de les faire dispara\u00eetre.<\/p>\n<p><!-- ****La chaleur**** --><\/p>\n<p><strong>Chaleur apaisante<\/strong><\/p>\n<p><\/p>\n<p>La chaleur est recommand\u00e9e pour soulager les douleurs musculaires. Elle a un effet relaxant sur les muscles, appliqu\u00e9e \u00e0 un muscle elle augmente sa flexibilit\u00e9 et son \u00e9lasticit\u00e9.<\/p>\n<p><!-- ****La Z\u00e9ro Gravit\u00e9**** --><\/p>\n<p><strong>La position Z\u00e9ro Gravit\u00e9<\/strong><\/p>\n<p><\/p>\n<p>Dans cette posture, les jambes sont sur\u00e9lev\u00e9es par rapport au coeur. Le flux sanguin en est alors nettement am\u00e9lior\u00e9, la colonne vert\u00e9brale ne subit plus la pression de votre corps, vous vous sentez d\u00e9tendu et la tension est rel\u00e2ch\u00e9e.<\/p>\n<p><!-- ****La musique**** --><\/p>\n<p><strong>Musique Bluetooth<\/strong><\/p>\n<p><\/p>\n<p>Connectez votre appareil avec le fauteuil massant Mediform, diffusez une musique douce et diminuez la luminosit\u00e9 de la pi\u00e8ce, votre voyage vers la relaxation commence&#8230;<\/p>\n<p><!-- ****La garantie**** --><br \/><strong>GARANTIE 2 ANS<\/strong><\/p>\n<p>\u00ab\u00a0<\/p>\n<p>Fauteuil livr\u00e9 et install\u00e9 \u00e0 votre domicile sous 15 jours !<\/p>\n<\/div>\n<p><bl-button a11yexpanded=\"false\" arialabel=\"Afficher toute la description\" class=\"read-more__btn\" full=\"false\" link=\"true\">Voir plus<\/bl-button><\/div>","protected":false},"excerpt":{"rendered":"<div class=\"keypoints\">\n<h3 class=\"keypoints__title\">Les points cl\u00e9s<\/h3>\n<ul role=\"list\">\n<li class=\"keypoints__item\" role=\"listitem\">                                        Offre un massage complet via ses 4 types de massage, par roulement, shiatsu, par compression et tapotements, accompagn\u00e9s de chaleur et de vibrations                      <\/li>\n<li class=\"keypoints__item\" role=\"listitem\">                          T\u00e9l\u00e9commande incluse &#8211;                                                      Alimentation : Secteur                      <\/li>\n<li class=\"keypoints__item\" role=\"listitem\">                                        Massage du dos complet, haut et bas du dos et de la nuque                      <\/li>\n<li class=\"keypoints__item\" role=\"listitem\">                                        Massage cibl\u00e9                      <\/li>\n<\/ul>","protected":false},"featured_media":91401,"template":"","meta":{"_glsr_average":0,"_glsr_ranking":0,"_glsr_reviews":0},"product_cat":[507],"product_tag":[187,509,508],"class_list":{"0":"post-91402","1":"product","2":"type-product","3":"status-publish","4":"has-post-thumbnail","6":"product_cat-fauteuil-massant","7":"product_tag-beaute-sante","8":"product_tag-fauteuil-massant","9":"product_tag-massage-bien-etre","11":"first","12":"instock","13":"sale","14":"shipping-taxable","15":"purchasable","16":"product-type-simple"},"_links":{"self":[{"href":"https:\/\/electromenagerexpress.com\/en\/wp-json\/wp\/v2\/product\/91402","targetHints":{"allow":["GET"]}}],"collection":[{"href":"https:\/\/electromenagerexpress.com\/en\/wp-json\/wp\/v2\/product"}],"about":[{"href":"https:\/\/electromenagerexpress.com\/en\/wp-json\/wp\/v2\/types\/product"}],"wp:featuredmedia":[{"embeddable":true,"href":"https:\/\/electromenagerexpress.com\/en\/wp-json\/wp\/v2\/media\/91401"}],"wp:attachment":[{"href":"https:\/\/electromenagerexpress.com\/en\/wp-json\/wp\/v2\/media?parent=91402"}],"wp:term":[{"taxonomy":"product_cat","embeddable":true,"href":"https:\/\/electromenagerexpress.com\/en\/wp-json\/wp\/v2\/product_cat?post=91402"},{"taxonomy":"product_tag","embeddable":true,"href":"https:\/\/electromenagerexpress.com\/en\/wp-json\/wp\/v2\/product_tag?post=91402"}],"curies":[{"name":"wp","href":"https:\/\/api.w.org\/{rel}","templated":true}]}}