{"id":91386,"date":"2024-11-24T18:00:58","date_gmt":"2024-11-24T18:00:58","guid":{"rendered":"https:\/\/electromenagerexpress.com\/product\/masseur-piedsbeurermasseur-de-pieds-relaxant-2-en-1\/"},"modified":"2024-11-24T18:01:04","modified_gmt":"2024-11-24T18:01:04","slug":"masseur-piedsbeurermasseur-de-pieds-relaxant-2-en-1","status":"publish","type":"product","link":"https:\/\/electromenagerexpress.com\/en\/product\/masseur-piedsbeurermasseur-de-pieds-relaxant-2-en-1\/","title":{"rendered":"Masseur pieds\t\t\t\t\t\t\tBEURER\t\t\t\tMasseur de pieds relaxant &#8211; 2 en 1"},"content":{"rendered":"<div class=\"product-features__content\">\n<ul role=\"list\">\n<li class=\"product-features__item\" role=\"listitem\">\n<h3 class=\"product-features__label\">Pour prendre soin de vous<\/h3>\n<ul role=\"list\">\n<li class=\"product-features__item-list__item\" role=\"listitem\"><span class=\"is--medium\">D\u00e9couvrez notre boutique Sant\u00e9\/Bien-\u00catre :<\/span> <u><a href=\"https:\/\/www.boulanger.com\/evenement\/boutique-bien-etre-sante\" target=\"_blank\">en sa<\/a><\/u><\/li>\n<\/ul>\n<\/li>\n<li class=\"product-features__item\" role=\"listitem\">\n<h3 class=\"product-features__label\">Caract\u00e9ristiques g\u00e9n\u00e9rales<\/h3>\n<ul role=\"list\">\n<li class=\"product-features__item-list__item\" role=\"listitem\"><span class=\"is--medium\">Type :<\/span> Masseur pied\t\t\t\t\t<\/li>\n<li class=\"product-features__item-list__item\" role=\"listitem\"><span class=\"is--medium\">Utilisation :<\/span> Pieds\t\t\t\t\t<\/li>\n<li class=\"product-features__item-list__item\" role=\"listitem\"><span class=\"is--medium\">Coloris :<\/span> Gris\t\t\t\t\t<\/li>\n<li class=\"product-features__item-list__item\" role=\"listitem\"><span class=\"is--medium\">Type de charge :<\/span> Secteur\t\t\t\t\t<\/li>\n<\/ul>\n<\/li>\n<li class=\"product-features__item\" role=\"listitem\">\n<h3 class=\"product-features__label\">Informations compl\u00e9mentaires<\/h3>\n<ul role=\"list\">\n<li class=\"product-features__item-list__item\" role=\"listitem\"><span class=\"is--medium\">Fabriqu\u00e9 en :<\/span> Chine\t\t\t\t\t<\/li>\n<li class=\"product-features__item-list__item\" role=\"listitem\"><span class=\"is--medium\">Disponibilit\u00e9 des pi\u00e8ces d\u00e9tach\u00e9es (donn\u00e9es fournisseur) :<\/span> Non communiqu\u00e9e\t\t\t\t\t<\/li>\n<li class=\"product-features__item-list__item\" role=\"listitem\"><span class=\"is--medium\">R\u00e9f\u00e9rence constructeur :<\/span> Masseur de pieds relaxant &#8211; 2 en 1\t\t\t\t\t<\/li>\n<\/ul>\n<\/li>\n<\/ul>\n<\/div>\n<div class=\"product__disclosure-content\">\n<div class=\"js-read-more product-description__content\" data-read-more-name=\"description\" style=\"max-height: 500px; overflow: hidden;\">\n<p>Massage des pieds relaxant et tabouret moderne L&rsquo;appareil de massage Shiatsu pour les pieds et le dos 2 en 1 FM 120 combine un design \u00e9l\u00e9gant et un massage bien-\u00eatre. Le massage d\u00e9tente par compression d&rsquo;air et le shiatsu FM 120 apporte d\u00e9tente et r\u00e9g\u00e9n\u00e9ration \u00e0 votre quotidien. Gr\u00e2ce \u00e0 son look moderne et aux mat\u00e9riaux de haute qualit\u00e9, le tabouret s&rsquo;int\u00e8gre parfaitement dans n&rsquo;importe quel salon. Int\u00e9gration parfaite dans l&rsquo;environnement de vie gr\u00e2ce \u00e0 un design moderne et un tissu de haute qualit\u00e9 R\u00e9flexologie des pieds stimulant la circulation sanguine Massage par pression d&rsquo;air en 3 niveaux d&rsquo;intensit\u00e9 3 programmes de massage pr\u00e9d\u00e9finis Fonction de chaleur activable Housse amovible et lavable \u00e0 la main Utilisation simple avec commande manuelle sans fil Affichage des fonctions gr\u00e2ce \u00e0 des LED de couleur Convient jusqu&rsquo;\u00e0 la pointure 46 Textile de haute qualit\u00e9 Mat\u00e9riau facile d&rsquo;entretien Pieds en caoutchouc antid\u00e9rapants Avec ses dimensions compactes de 43,5 x 43,5 x 28 cm, le repose-pieds trouve sa place m\u00eame dans les petits salons.Garantie : 3 ans &#8211; Poids : 8.1Kg<\/p>\n<\/p>\n<\/div>\n<\/div>","protected":false},"excerpt":{"rendered":"<p>None<\/p>","protected":false},"featured_media":91385,"template":"","meta":{"_glsr_average":0,"_glsr_ranking":0,"_glsr_reviews":0},"product_cat":[510],"product_tag":[511,187,508],"class_list":{"0":"post-91386","1":"product","2":"type-product","3":"status-publish","4":"has-post-thumbnail","6":"product_cat-appareil-de-massage","7":"product_tag-appareil-de-massage","8":"product_tag-beaute-sante","9":"product_tag-massage-bien-etre","11":"first","12":"instock","13":"sale","14":"shipping-taxable","15":"purchasable","16":"product-type-simple"},"_links":{"self":[{"href":"https:\/\/electromenagerexpress.com\/en\/wp-json\/wp\/v2\/product\/91386","targetHints":{"allow":["GET"]}}],"collection":[{"href":"https:\/\/electromenagerexpress.com\/en\/wp-json\/wp\/v2\/product"}],"about":[{"href":"https:\/\/electromenagerexpress.com\/en\/wp-json\/wp\/v2\/types\/product"}],"wp:featuredmedia":[{"embeddable":true,"href":"https:\/\/electromenagerexpress.com\/en\/wp-json\/wp\/v2\/media\/91385"}],"wp:attachment":[{"href":"https:\/\/electromenagerexpress.com\/en\/wp-json\/wp\/v2\/media?parent=91386"}],"wp:term":[{"taxonomy":"product_cat","embeddable":true,"href":"https:\/\/electromenagerexpress.com\/en\/wp-json\/wp\/v2\/product_cat?post=91386"},{"taxonomy":"product_tag","embeddable":true,"href":"https:\/\/electromenagerexpress.com\/en\/wp-json\/wp\/v2\/product_tag?post=91386"}],"curies":[{"name":"wp","href":"https:\/\/api.w.org\/{rel}","templated":true}]}}