{"id":91377,"date":"2024-11-24T18:00:49","date_gmt":"2024-11-24T18:00:49","guid":{"rendered":"https:\/\/electromenagerexpress.com\/product\/beurerhousse-de-siege-massant-shiatsu-gris\/"},"modified":"2024-11-24T18:00:56","modified_gmt":"2024-11-24T18:00:56","slug":"beurerhousse-de-siege-massant-shiatsu-gris","status":"publish","type":"product","link":"https:\/\/electromenagerexpress.com\/en\/product\/beurerhousse-de-siege-massant-shiatsu-gris\/","title":{"rendered":"BEURER\t\t\t\tHousse de si\u00e8ge massant shiatsu &#8211; gris"},"content":{"rendered":"<div class=\"product-features__content\">\n<ul role=\"list\">\n<li class=\"product-features__item\" role=\"listitem\">\n<h3 class=\"product-features__label\">Pour prendre soin de vous<\/h3>\n<ul role=\"list\">\n<li class=\"product-features__item-list__item\" role=\"listitem\"><span class=\"is--medium\">D\u00e9couvrez notre boutique Sant\u00e9\/Bien-\u00catre :<\/span> <a href=\"https:\/\/www.boulanger.com\/evenement\/boutique-bien-etre-sante\" target=\"_blank\">Cliquez ici<\/a><\/li>\n<\/ul>\n<\/li>\n<li class=\"product-features__item\" role=\"listitem\">\n<h3 class=\"product-features__label\">Caract\u00e9ristique g\u00e9n\u00e9rale<\/h3>\n<ul role=\"list\">\n<li class=\"product-features__item-list__item\" role=\"listitem\"><span class=\"is--medium\">Type de produit :<\/span> Si\u00e8ge massant\t\t\t\t\t<\/li>\n<li class=\"product-features__item-list__item\" role=\"listitem\"><span class=\"is--medium\">Le mot du m\u00e9decin :<\/span> Les fauteuils massants vous permettent de vous d\u00e9tendre, d&rsquo;\u00e9liminer le stress et de vous apporter du bien-\u00eatre. Ils peuvent soulager les douleurs dorsales par leur effet massant.\t\t\t\t\t<\/li>\n<li class=\"product-features__item-list__item\" role=\"listitem\"><span class=\"is--medium\">Puissance :<\/span> 36,0 W\t\t\t\t\t<\/li>\n<li class=\"product-features__item-list__item\" role=\"listitem\"><span class=\"is--medium\">Alimentation :<\/span> Secteur\t\t\t\t\t<\/li>\n<li class=\"product-features__item-list__item\" role=\"listitem\"><span class=\"is--medium\">Coloris :<\/span> Gris\t\t\t\t\t<\/li>\n<\/ul>\n<\/li>\n<li class=\"product-features__item\" role=\"listitem\">\n<h3 class=\"product-features__label\">Massage Shiatsu<\/h3>\n<ul role=\"list\">\n<li class=\"product-features__item-list__item\" role=\"listitem\"><span class=\"is--medium\">Bas du dos :<\/span> Oui\t\t\t\t\t<\/li>\n<li class=\"product-features__item-list__item\" role=\"listitem\"><span class=\"is--medium\">Haut du dos :<\/span> Oui\t\t\t\t\t<\/li>\n<li class=\"product-features__item-list__item\" role=\"listitem\"><span class=\"is--medium\">Dos complet :<\/span> Oui\t\t\t\t\t<\/li>\n<\/ul>\n<\/li>\n<li class=\"product-features__item\" role=\"listitem\">\n<h3 class=\"product-features__label\">T\u00e9l\u00e9commande<\/h3>\n<ul role=\"list\">\n<li class=\"product-features__item-list__item\" role=\"listitem\"><span class=\"is--medium\">T\u00e9l\u00e9commande incluse :<\/span> Oui\t\t\t\t\t<\/li>\n<\/ul>\n<\/li>\n<li class=\"product-features__item\" role=\"listitem\">\n<h3 class=\"product-features__label\">Entretien et s\u00e9curit\u00e9<\/h3>\n<ul role=\"list\">\n<li class=\"product-features__item-list__item\" role=\"listitem\"><span class=\"is--medium\">Nettoyage :<\/span> Partiellement\t\t\t\t\t<\/li>\n<\/ul>\n<\/li>\n<li class=\"product-features__item\" role=\"listitem\">\n<h3 class=\"product-features__label\">Informations compl\u00e9mentaires<\/h3>\n<ul role=\"list\">\n<li class=\"product-features__item-list__item\" role=\"listitem\"><span class=\"is--medium\">R\u00e9f\u00e9rence constructeur :<\/span> Housse de si\u00e8ge massant shiatsu &#8211; gris\t\t\t\t\t<\/li>\n<li class=\"product-features__item-list__item\" role=\"listitem\"><span class=\"is--medium\">Marque :<\/span> BEURER\t\t\t\t\t<\/li>\n<li class=\"product-features__item-list__item\" role=\"listitem\"><span class=\"is--medium\">Disponibilit\u00e9 des pi\u00e8ces d\u00e9tach\u00e9es (donn\u00e9es fournisseur) :<\/span> Non communiqu\u00e9e\t\t\t\t\t<\/li>\n<li class=\"product-features__item-list__item\" role=\"listitem\"><span class=\"is--medium\">Fabriqu\u00e9 en :<\/span> Chine\t\t\t\t\t<\/li>\n<\/ul>\n<\/li>\n<\/ul>\n<\/div>\n<div class=\"product__disclosure-content\">\n<div class=\"js-read-more product-description__content read-more read-more--truncated\" data-read-more-name=\"description\" style=\"max-height: 500px; overflow: hidden;\">\n<p>Housse de si\u00e8ge de massage \u00e9l\u00e9gante avec 3 zones de massage<\/p>\n<p>Le massage shiatsu en profondeur de la housse de si\u00e8ge de massage de haute qualit\u00e9 permet de soulager les tensions \u00e0 l&rsquo;aide du syst\u00e8me de massage \u00e0 4 t\u00eates. La housse peut \u00eatre utilis\u00e9e sur tous les si\u00e8ges avec une profondeur d&rsquo;assise et un dossier suffisants, et son tissu gris confortable et de haute qualit\u00e9 attire tous les regards.<\/p>\n<p>Syst\u00e8me de massage \u00e0 4 t\u00eates &#8211; rotation par paire<br \/>T\u00eates de massage 4D simul\u00e9es \u00e0 la main dans la nuque<br \/>Fonction spot<br \/>2 niveaux d&rsquo;intensit\u00e9<br \/>Zone de la nuque r\u00e9glable en hauteur et en inclinaison<br \/>Utilisation simple avec commande manuelle<br \/>Coquilles ergonomiques Forme du si\u00e8ge<br \/>Utilisation sur toutes les assises avec<br \/>profondeur d&rsquo;assise et dossier suffisants<br \/>Bo\u00eetier de dossier fixe<br \/>Tissu confortable et de haute qualit\u00e9 dans la couleur tendance gris<br \/>Mat\u00e9riau facile \u00e0 entretenir<\/p>\n<\/div>\n<p><bl-button a11yexpanded=\"false\" arialabel=\"Afficher toute la description\" class=\"read-more__btn\" full=\"false\" link=\"true\"><\/bl-button><\/div>","protected":false},"excerpt":{"rendered":"<div class=\"keypoints\">\n<h3 class=\"keypoints__title\">Les points cl\u00e9s<\/h3>\n<ul role=\"list\">\n<li class=\"keypoints__item\" role=\"listitem\">                          T\u00e9l\u00e9commande incluse &#8211;                                                      Alimentation : Secteur                      <\/li>\n<\/ul>","protected":false},"featured_media":91376,"template":"","meta":{"_glsr_average":0,"_glsr_ranking":0,"_glsr_reviews":0},"product_cat":[507],"product_tag":[187,509,508],"class_list":{"0":"post-91377","1":"product","2":"type-product","3":"status-publish","4":"has-post-thumbnail","6":"product_cat-fauteuil-massant","7":"product_tag-beaute-sante","8":"product_tag-fauteuil-massant","9":"product_tag-massage-bien-etre","11":"first","12":"instock","13":"sale","14":"shipping-taxable","15":"purchasable","16":"product-type-simple"},"_links":{"self":[{"href":"https:\/\/electromenagerexpress.com\/en\/wp-json\/wp\/v2\/product\/91377","targetHints":{"allow":["GET"]}}],"collection":[{"href":"https:\/\/electromenagerexpress.com\/en\/wp-json\/wp\/v2\/product"}],"about":[{"href":"https:\/\/electromenagerexpress.com\/en\/wp-json\/wp\/v2\/types\/product"}],"wp:featuredmedia":[{"embeddable":true,"href":"https:\/\/electromenagerexpress.com\/en\/wp-json\/wp\/v2\/media\/91376"}],"wp:attachment":[{"href":"https:\/\/electromenagerexpress.com\/en\/wp-json\/wp\/v2\/media?parent=91377"}],"wp:term":[{"taxonomy":"product_cat","embeddable":true,"href":"https:\/\/electromenagerexpress.com\/en\/wp-json\/wp\/v2\/product_cat?post=91377"},{"taxonomy":"product_tag","embeddable":true,"href":"https:\/\/electromenagerexpress.com\/en\/wp-json\/wp\/v2\/product_tag?post=91377"}],"curies":[{"name":"wp","href":"https:\/\/api.w.org\/{rel}","templated":true}]}}