{"id":91361,"date":"2024-11-24T18:00:28","date_gmt":"2024-11-24T18:00:28","guid":{"rendered":"https:\/\/electromenagerexpress.com\/product\/siege-massanthomedicstrd-3000\/"},"modified":"2024-11-24T18:00:33","modified_gmt":"2024-11-24T18:00:33","slug":"siege-massanthomedicstrd-3000","status":"publish","type":"product","link":"https:\/\/electromenagerexpress.com\/en\/product\/siege-massanthomedicstrd-3000\/","title":{"rendered":"Si\u00e8ge massant\t\t\t\t\t\t\tHOMEDICS\t\t\t\tTRD-3000"},"content":{"rendered":"<div class=\"product-features__content\">\n<ul role=\"list\">\n<li class=\"product-features__item\" role=\"listitem\">\n<h3 class=\"product-features__label\">Pour prendre soin de vous<\/h3>\n<ul role=\"list\">\n<li class=\"product-features__item-list__item\" role=\"listitem\"><span class=\"is--medium\">D\u00e9couvrez notre boutique Sant\u00e9\/Bien-\u00catre :<\/span> <a href=\"https:\/\/www.boulanger.com\/evenement\/boutique-bien-etre-sante\" target=\"_blank\">Cliquez ici<\/a><\/li>\n<\/ul>\n<\/li>\n<li class=\"product-features__item\" role=\"listitem\">\n<h3 class=\"product-features__label\">Caract\u00e9ristique g\u00e9n\u00e9rale<\/h3>\n<ul role=\"list\">\n<li class=\"product-features__item-list__item\" role=\"listitem\"><span class=\"is--medium\">Type de produit :<\/span> Appareil de massage corporel\t\t\t\t\t<\/li>\n<li class=\"product-features__item-list__item\" role=\"listitem\"><span class=\"is--medium\">Puissance :<\/span> 20,0 W\t\t\t\t\t<\/li>\n<li class=\"product-features__item-list__item\" role=\"listitem\"><span class=\"is--medium\">Alimentation :<\/span> Secteur\t\t\t\t\t<\/li>\n<li class=\"product-features__item-list__item\" role=\"listitem\"><span class=\"is--medium\">Nombre de rouleaux :<\/span> 6\t\t\t\t\t<\/li>\n<li class=\"product-features__item-list__item\" role=\"listitem\"><span class=\"is--medium\">Nombre de programmes :<\/span> 3 programmes\t\t\t\t\t<\/li>\n<\/ul>\n<\/li>\n<li class=\"product-features__item\" role=\"listitem\">\n<h3 class=\"product-features__label\">Massage Shiatsu<\/h3>\n<ul role=\"list\">\n<li class=\"product-features__item-list__item\" role=\"listitem\"><span class=\"is--medium\">Bas du dos :<\/span> Oui\t\t\t\t\t<\/li>\n<li class=\"product-features__item-list__item\" role=\"listitem\"><span class=\"is--medium\">Haut du dos :<\/span> Oui\t\t\t\t\t<\/li>\n<li class=\"product-features__item-list__item\" role=\"listitem\"><span class=\"is--medium\">Dos complet :<\/span> Oui\t\t\t\t\t<\/li>\n<\/ul>\n<\/li>\n<li class=\"product-features__item\" role=\"listitem\">\n<h3 class=\"product-features__label\">Caract\u00e9ristique fonctionnelle<\/h3>\n<ul role=\"list\">\n<li class=\"product-features__item-list__item\" role=\"listitem\"><span class=\"is--medium\">Fonctions :<\/span> Bouton marche\/arr\u00eat, Chaleur apaisante\t\t\t\t\t<\/li>\n<\/ul>\n<\/li>\n<li class=\"product-features__item\" role=\"listitem\">\n<h3 class=\"product-features__label\">Equipement<\/h3>\n<ul role=\"list\">\n<li class=\"product-features__item-list__item\" role=\"listitem\"><span class=\"is--medium\">Repose jambes :<\/span> Non\t\t\t\t\t<\/li>\n<\/ul>\n<\/li>\n<li class=\"product-features__item\" role=\"listitem\">\n<h3 class=\"product-features__label\">T\u00e9l\u00e9commande<\/h3>\n<ul role=\"list\">\n<li class=\"product-features__item-list__item\" role=\"listitem\"><span class=\"is--medium\">T\u00e9l\u00e9commande incluse :<\/span> Oui\t\t\t\t\t<\/li>\n<\/ul>\n<\/li>\n<li class=\"product-features__item\" role=\"listitem\">\n<h3 class=\"product-features__label\">Entretien et s\u00e9curit\u00e9<\/h3>\n<ul role=\"list\">\n<li class=\"product-features__item-list__item\" role=\"listitem\"><span class=\"is--medium\">Nettoyage :<\/span> Uniquement avec une \u00e9ponge souple\t\t\t\t\t<\/li>\n<\/ul>\n<\/li>\n<li class=\"product-features__item\" role=\"listitem\">\n<h3 class=\"product-features__label\">Informations compl\u00e9mentaires<\/h3>\n<ul role=\"list\">\n<li class=\"product-features__item-list__item\" role=\"listitem\"><span class=\"is--medium\">R\u00e9f\u00e9rence constructeur :<\/span> TRD-3000\t\t\t\t\t<\/li>\n<li class=\"product-features__item-list__item\" role=\"listitem\"><span class=\"is--medium\">Marque :<\/span> HOMEDICS\t\t\t\t\t<\/li>\n<li class=\"product-features__item-list__item\" role=\"listitem\"><span class=\"is--medium\">Garantie :<\/span> 2 ans\t\t\t\t\t<\/li>\n<li class=\"product-features__item-list__item\" role=\"listitem\"><span class=\"is--medium\">Disponibilit\u00e9 des pi\u00e8ces d\u00e9tach\u00e9es (donn\u00e9es fournisseur) :<\/span> Pas de pi\u00e8ce disponible\t\t\t\t\t<\/li>\n<li class=\"product-features__item-list__item\" role=\"listitem\"><span class=\"is--medium\">Fabriqu\u00e9 en :<\/span> Chine\t\t\t\t\t<\/li>\n<\/ul>\n<\/li>\n<\/ul>\n<\/div>\n<div class=\"product__disclosure-content\">\n<div class=\"js-read-more product-description__content read-more read-more--truncated\" data-read-more-name=\"description\" style=\"max-height: 500px; overflow: hidden;\">\n<p>B\u00e9n\u00e9ficiez d&rsquo;un massage directement chez vous, quand vous le souhaitez, gr\u00e2ce \u00e0 un si\u00e8ge de massage dot\u00e9 de fonctionnalit\u00e9s accentuant la relaxation et la d\u00e9tente musculaire. Au fil de vos envies et de vos besoins du moment, choisissez votre vitesse et votre zone de massage et profitez d&rsquo;un moment agr\u00e9able \u00e0 savourer au quotidien.<\/p>\n<h3><img fetchpriority=\"high\" decoding=\"async\" ,=\"\" alt=\"Couvre si\u00e8ge HOMEDICS TRD-3000\" class=\"wy_tableau_gauche\" height=\"270\" src=\"https:\/\/boulanger.scene7.com\/is\/image\/Boulanger\/5010777150179_h_f_l_0?wid=400&amp;hei=270\" width=\"400\"\/>Un massage comme vous l&rsquo;aimez<\/h3>\n<p>Le <b>Couvre si\u00e8ge HOMEDICS TRD-3000<\/b> vous offre un massage naturel directement sur votre chaise, pour encore plus de confort au quotidien. Sa <b>t\u00e9l\u00e9commande<\/b> vous permet de le contr\u00f4ler en pressant simplement les boutons de celle-ci, pour une grande facilit\u00e9 d&rsquo;utilisation \u00e0 chaque fois que vous le souhaitez. Gr\u00e2ce aux <b>rembourrages sur l&rsquo;assise et sur les c\u00f4t\u00e9s<\/b>, le Couvre si\u00e8ge HOMEDICS TRD-3000 est con\u00e7u sp\u00e9cifiquement pour \u00eatre confortable et vous fournir une exp\u00e9rience de massage agr\u00e9able \u00e0 chaque utilisation. <b>Massez un endroit fixe ou une zone d\u00e9limit\u00e9e<\/b>, selon vos envies.<\/p>\n<h3><img decoding=\"async\" ,=\"\" alt=\"Couvre si\u00e8ge HOMEDICS TRD-3000\" class=\"wy_tableau_right\" height=\"270\" src=\"https:\/\/boulanger.scene7.com\/is\/image\/Boulanger\/5010777150179_h_f_l_1?wid=400&amp;hei=270\" width=\"400\"\/>Une relaxation optimale<\/h3>\n<p>Le Couvre si\u00e8ge HOMEDICS TRD-3000 dispose d&rsquo;une <b>\u00e9tiquette aromath\u00e9rapie<\/b>, qui vous permet de d\u00e9poser <b>quelques gouttes d&rsquo;huile essentielle<\/b> et de profiter de tous les bienfaits de ces huiles naturelles. Sans t\u00e2che, sans m\u00e9lange d&rsquo;odeurs et sans danger, vous profitez d&rsquo;un <b>massage sensoriel complet<\/b>. <\/p>\n<p>Gr\u00e2ce \u00e0 ses <b>3 vitesses de massage<\/b>, le Couvre si\u00e8ge HOMEDICS TRD-3000 est id\u00e9al pour <b>lib\u00e9rer les tensions musculaires<\/b> et profiter d&rsquo;un <b>v\u00e9ritable massage Shiatsu<\/b> \u00e0 la maison. Tonifiant et apaisant \u00e0 la fois, il vous offre une relaxation profonde et un confort optimal \u00e0 la maison. <\/p>\n<\/p>\n<\/div>\n<p><bl-button a11yexpanded=\"false\" arialabel=\"Afficher toute la description\" class=\"read-more__btn\" full=\"false\" link=\"true\"><\/bl-button><\/div>","protected":false},"excerpt":{"rendered":"<div class=\"keypoints\">\n<h3 class=\"keypoints__title\">Les points cl\u00e9s<\/h3>\n<ul role=\"list\">\n<li class=\"keypoints__item\" role=\"listitem\">                          Garantie : 2 ans &#8211;                                                      Massage du dos relaxant                      <\/li>\n<li class=\"keypoints__item\" role=\"listitem\">                          T\u00e9l\u00e9commande incluse &#8211;                                                      Alimentation : Secteur                      <\/li>\n<li class=\"keypoints__item keypoints__item--advantage\" role=\"listitem\"><strong>Le + :<\/strong> ses t\u00eates de massage recouvertes d&rsquo;un gel imitant \u00e0 la perfection les doigts d&rsquo;un masseur.      <\/li>\n<\/ul>","protected":false},"featured_media":91360,"template":"","meta":{"_glsr_average":0,"_glsr_ranking":0,"_glsr_reviews":0},"product_cat":[507],"product_tag":[187,509,508],"class_list":{"0":"post-91361","1":"product","2":"type-product","3":"status-publish","4":"has-post-thumbnail","6":"product_cat-fauteuil-massant","7":"product_tag-beaute-sante","8":"product_tag-fauteuil-massant","9":"product_tag-massage-bien-etre","11":"first","12":"instock","13":"sale","14":"shipping-taxable","15":"purchasable","16":"product-type-simple"},"_links":{"self":[{"href":"https:\/\/electromenagerexpress.com\/en\/wp-json\/wp\/v2\/product\/91361","targetHints":{"allow":["GET"]}}],"collection":[{"href":"https:\/\/electromenagerexpress.com\/en\/wp-json\/wp\/v2\/product"}],"about":[{"href":"https:\/\/electromenagerexpress.com\/en\/wp-json\/wp\/v2\/types\/product"}],"wp:featuredmedia":[{"embeddable":true,"href":"https:\/\/electromenagerexpress.com\/en\/wp-json\/wp\/v2\/media\/91360"}],"wp:attachment":[{"href":"https:\/\/electromenagerexpress.com\/en\/wp-json\/wp\/v2\/media?parent=91361"}],"wp:term":[{"taxonomy":"product_cat","embeddable":true,"href":"https:\/\/electromenagerexpress.com\/en\/wp-json\/wp\/v2\/product_cat?post=91361"},{"taxonomy":"product_tag","embeddable":true,"href":"https:\/\/electromenagerexpress.com\/en\/wp-json\/wp\/v2\/product_tag?post=91361"}],"curies":[{"name":"wp","href":"https:\/\/api.w.org\/{rel}","templated":true}]}}