{"id":91349,"date":"2024-11-24T18:00:16","date_gmt":"2024-11-24T18:00:16","guid":{"rendered":"https:\/\/electromenagerexpress.com\/product\/siege-massantbeurermc-3800\/"},"modified":"2026-03-07T11:47:34","modified_gmt":"2026-03-07T11:47:34","slug":"siege-massantbeurermc-3800","status":"publish","type":"product","link":"https:\/\/electromenagerexpress.com\/en\/product\/siege-massantbeurermc-3800\/","title":{"rendered":"Si\u00e8ge massant\t\tBEURER\tMC 3800"},"content":{"rendered":"<div class=\"product-features__content\">\n<p>&nbsp;<\/p>\n<ul role=\"list\">\n<li class=\"product-features__item\" role=\"listitem\">\n<h3 class=\"product-features__label\">Caract\u00e9ristique g\u00e9n\u00e9rale<\/h3>\n<ul role=\"list\">\n<li class=\"product-features__item-list__item\" role=\"listitem\"><span class=\"is--medium\">Type de produit :<\/span> Fauteuil massant<\/li>\n<li class=\"product-features__item-list__item\" role=\"listitem\"><span class=\"is--medium\">Le mot du m\u00e9decin :<\/span> Les fauteuils massants vous permettent de vous d\u00e9tendre, d&rsquo;\u00e9liminer le stress et de vous apporter du bien-\u00eatre. Ils peuvent soulager les douleurs dorsales par leur effet massant.<\/li>\n<li class=\"product-features__item-list__item\" role=\"listitem\"><span class=\"is--medium\">Alimentation :<\/span> Rechargeable<\/li>\n<li class=\"product-features__item-list__item\" role=\"listitem\"><span class=\"is--medium\">Nombre de rouleaux :<\/span> 4<\/li>\n<li class=\"product-features__item-list__item\" role=\"listitem\"><span class=\"is--medium\">Nombre de programmes :<\/span> 3 programmes<\/li>\n<\/ul>\n<\/li>\n<li class=\"product-features__item\" role=\"listitem\">\n<h3 class=\"product-features__label\">Massage manuel<\/h3>\n<ul role=\"list\">\n<li class=\"product-features__item-list__item\" role=\"listitem\"><span class=\"is--medium\">Massage cibl\u00e9 :<\/span> Non<\/li>\n<\/ul>\n<\/li>\n<li class=\"product-features__item\" role=\"listitem\">\n<h3 class=\"product-features__label\">Flexibilit\u00e9<\/h3>\n<ul role=\"list\">\n<li class=\"product-features__item-list__item\" role=\"listitem\"><span class=\"is--medium\">Dossier inclinable :<\/span> Non<\/li>\n<\/ul>\n<\/li>\n<li class=\"product-features__item\" role=\"listitem\">\n<h3 class=\"product-features__label\">Caract\u00e9ristique fonctionnelle<\/h3>\n<ul role=\"list\">\n<li class=\"product-features__item-list__item\" role=\"listitem\"><span class=\"is--medium\">Chaleur infrarouge :<\/span> Non<\/li>\n<li class=\"product-features__item-list__item\" role=\"listitem\"><span class=\"is--medium\">Fonctions :<\/span> Bouton marche\/arr\u00eat<\/li>\n<\/ul>\n<\/li>\n<li class=\"product-features__item\" role=\"listitem\">\n<h3 class=\"product-features__label\">Equipement<\/h3>\n<ul role=\"list\">\n<li class=\"product-features__item-list__item\" role=\"listitem\"><span class=\"is--medium\">Coussin :<\/span> T\u00eate<\/li>\n<li class=\"product-features__item-list__item\" role=\"listitem\"><span class=\"is--medium\">Repose jambes :<\/span> Oui<\/li>\n<\/ul>\n<\/li>\n<li class=\"product-features__item\" role=\"listitem\">\n<h3 class=\"product-features__label\">T\u00e9l\u00e9commande<\/h3>\n<ul role=\"list\">\n<li class=\"product-features__item-list__item\" role=\"listitem\"><span class=\"is--medium\">T\u00e9l\u00e9commande incluse :<\/span> Non<\/li>\n<\/ul>\n<\/li>\n<li class=\"product-features__item\" role=\"listitem\">\n<h3 class=\"product-features__label\">Informations compl\u00e9mentaires<\/h3>\n<ul role=\"list\">\n<li class=\"product-features__item-list__item\" role=\"listitem\"><span class=\"is--medium\">R\u00e9f\u00e9rence constructeur :<\/span> MC 3800<\/li>\n<li class=\"product-features__item-list__item\" role=\"listitem\"><span class=\"is--medium\">Marque :<\/span> BEURER<\/li>\n<li class=\"product-features__item-list__item\" role=\"listitem\"><span class=\"is--medium\">Garantie :<\/span> 2 ans<\/li>\n<li class=\"product-features__item-list__item\" role=\"listitem\"><span class=\"is--medium\">Disponibilit\u00e9 des pi\u00e8ces d\u00e9tach\u00e9es (donn\u00e9es fournisseur) :<\/span> Pendant 5 ans, \u00e0 compter de la date d&rsquo;achat<\/li>\n<\/ul>\n<\/li>\n<\/ul>\n<\/div>\n<div class=\"product__disclosure-content\">\n<div class=\"js-read-more product-description__content read-more read-more--truncated\" style=\"max-height: 500px; overflow: hidden;\" data-read-more-name=\"description\">\n<p>Le fauteuil BEURER MC 3800 est un fauteuil de massage qui est l&rsquo;alli\u00e9 id\u00e9al pour se relaxer \u00e0 la maison en \u00e9liminant les tensions musculaires et la fatigue corporelle.<\/p>\n<h3>Un fauteuil hautement technologique\u00a0!<img fetchpriority=\"high\" decoding=\"async\" class=\"wy_tableau_gauche\" src=\"https:\/\/boulanger.scene7.com\/is\/image\/Boulanger\/4052095640179_h_f_l_0?wid=400&amp;hei=270\" alt=\"Fauteuil BEURER MC 3800\" width=\"400\" height=\"270\" \/><\/h3>\n<p>Le fauteuil BEURER MC 3800 n&rsquo;est pas un simple fauteuil de massage, car il int\u00e8gre des technologies qui lui offrent de tr\u00e8s bonnes performances. Par exemple, il poss\u00e8de un <b>scan corporel automatique<\/b> qui d\u00e9livre des massages adapt\u00e9s \u00e0 vos besoins. Il est aussi dot\u00e9 de <b>4 t\u00eates de<\/b><\/p>\n<\/div>\n<\/div>\n<p>&nbsp;<\/p>\n<div class=\"product__disclosure-content\">\n<div class=\"js-read-more product-description__content read-more read-more--truncated\" style=\"max-height: 500px; overflow: hidden;\" data-read-more-name=\"description\">\n<p>&nbsp;<\/p>\n<p>&nbsp;<\/p>\n<p><b> massage r\u00e9glables individuellement<\/b>, qui garantissent un massage int\u00e9gral du corps.<\/p>\n<p>Ce fauteuil BEURER propose des massages <b>shiatsu<\/b> qui fonctionnent par tapotement, friction et roulement. Vous b\u00e9n\u00e9ficiez aussi de <b>3 programmes de massage<\/b>\u00a0: Relax, Refresh et Therapy et de la possibilit\u00e9 de r\u00e9gler l&rsquo;intensit\u00e9 du massage vibrant sur l&rsquo;assise et les mollets selon 3 niveaux diff\u00e9rents.<\/p>\n<h3>Un fauteuil ergonomique pour plus de confort<img decoding=\"async\" class=\"wy_tableau_right\" src=\"https:\/\/boulanger.scene7.com\/is\/image\/Boulanger\/4052095640179_h_f_l_1?wid=400&amp;hei=270\" alt=\"Fauteuil BEURER MC 3800\" width=\"400\" height=\"270\" \/><\/h3>\n<p>Avec le fauteuil BEURER MC 3800, vous b\u00e9n\u00e9ficiez d&rsquo;un appareil ergonomique qui a \u00e9t\u00e9 pens\u00e9 pour votre confort. Ainsi, <b>son dossier et son repose-pieds<\/b> se r\u00e8glent automatiquement. Le <b>coussin amovible<\/b> est \u00e9galement un plus.<\/p>\n<p>C\u00f4t\u00e9 utilisation, ce fauteuil BEURER est facile \u00e0 prendre en main gr\u00e2ce \u00e0 sa <b>t\u00e9l\u00e9commande manuelle sans fil<\/b>, qui fonctionne par le biais de la fr\u00e9quence radio. Avec elle, vous allez pouvoir le g\u00e9rer du bout des doigts. Enfin, sachez que ce mod\u00e8le est aussi <b>esth\u00e9tique et moderne<\/b>, avec son coloris qui s&rsquo;adaptera sans mal \u00e0 votre d\u00e9coration int\u00e9rieure.<\/p>\n<\/div>\n<p>&nbsp;<\/p>\n<\/div>","protected":false},"excerpt":{"rendered":"<div class=\"keypoints\">\n<h3 class=\"keypoints__title\">Les points cl\u00e9s<\/h3>\n<ul role=\"list\">\n<li class=\"keypoints__item\" role=\"listitem\">Garantie : 2 ans &#8211; Massage corporel complet<\/li>\n<li class=\"keypoints__item\" role=\"listitem\">Alimentation : Rechargeable<\/li>\n<li class=\"keypoints__item\" role=\"listitem\">Fonction chaleur apaisante<\/li>\n<li class=\"keypoints__item\" role=\"listitem\">Permet de se d\u00e9tendre et se rafra\u00eechir<\/li>\n<li class=\"keypoints__item keypoints__item--advantage\" role=\"listitem\"><strong>Le + :<\/strong> son dossier et repose-pied \u00e0 r\u00e9glage automatique ainsi que son scan corporel automatique.<\/li>\n<\/ul>\n<\/div>","protected":false},"featured_media":91348,"template":"","meta":{"_glsr_average":0,"_glsr_ranking":0,"_glsr_reviews":0},"product_cat":[507],"product_tag":[187,509,508],"class_list":{"0":"post-91349","1":"product","2":"type-product","3":"status-publish","4":"has-post-thumbnail","6":"product_cat-fauteuil-massant","7":"product_tag-beaute-sante","8":"product_tag-fauteuil-massant","9":"product_tag-massage-bien-etre","11":"first","12":"instock","13":"sale","14":"shipping-taxable","15":"purchasable","16":"product-type-simple"},"_links":{"self":[{"href":"https:\/\/electromenagerexpress.com\/en\/wp-json\/wp\/v2\/product\/91349","targetHints":{"allow":["GET"]}}],"collection":[{"href":"https:\/\/electromenagerexpress.com\/en\/wp-json\/wp\/v2\/product"}],"about":[{"href":"https:\/\/electromenagerexpress.com\/en\/wp-json\/wp\/v2\/types\/product"}],"wp:featuredmedia":[{"embeddable":true,"href":"https:\/\/electromenagerexpress.com\/en\/wp-json\/wp\/v2\/media\/91348"}],"wp:attachment":[{"href":"https:\/\/electromenagerexpress.com\/en\/wp-json\/wp\/v2\/media?parent=91349"}],"wp:term":[{"taxonomy":"product_cat","embeddable":true,"href":"https:\/\/electromenagerexpress.com\/en\/wp-json\/wp\/v2\/product_cat?post=91349"},{"taxonomy":"product_tag","embeddable":true,"href":"https:\/\/electromenagerexpress.com\/en\/wp-json\/wp\/v2\/product_tag?post=91349"}],"curies":[{"name":"wp","href":"https:\/\/api.w.org\/{rel}","templated":true}]}}