{"id":91318,"date":"2024-11-24T17:59:42","date_gmt":"2024-11-24T17:59:42","guid":{"rendered":"https:\/\/electromenagerexpress.com\/product\/pistolet-de-massagetherabodytheragun-sense\/"},"modified":"2024-11-24T17:59:53","modified_gmt":"2024-11-24T17:59:53","slug":"pistolet-de-massagetherabodytheragun-sense","status":"publish","type":"product","link":"https:\/\/electromenagerexpress.com\/en\/product\/pistolet-de-massagetherabodytheragun-sense\/","title":{"rendered":"Pistolet de massage\t\t\t\t\t\t\tTHERABODY\t\t\t\tTheragun Sense"},"content":{"rendered":"<div class=\"product-features__content\">\n<ul role=\"list\">\n<li class=\"product-features__item\" role=\"listitem\">\n<h3 class=\"product-features__label\">Pour prendre soin de vous<\/h3>\n<ul role=\"list\">\n<li class=\"product-features__item-list__item\" role=\"listitem\"><span class=\"is--medium\">D\u00e9couvrez notre boutique Sant\u00e9\/Bien-\u00catre :<\/span> <u><a href=\"https:\/\/www.boulanger.com\/evenement\/boutique-bien-etre-sante\" target=\"_blank\">en sa<\/a><\/u><\/li>\n<\/ul>\n<\/li>\n<li class=\"product-features__item\" role=\"listitem\">\n<h3 class=\"product-features__label\">Caract\u00e9ristiques g\u00e9n\u00e9rales<\/h3>\n<ul role=\"list\">\n<li class=\"product-features__item-list__item\" role=\"listitem\"><span class=\"is--medium\">Type :<\/span> Pistolet de massage\t\t\t\t\t<\/li>\n<li class=\"product-features__item-list__item\" role=\"listitem\"><span class=\"is--medium\">Utilisation :<\/span> Corps\t\t\t\t\t<\/li>\n<li class=\"product-features__item-list__item\" role=\"listitem\"><span class=\"is--medium\">Coloris :<\/span> Noir\t\t\t\t\t<\/li>\n<li class=\"product-features__item-list__item\" role=\"listitem\"><span class=\"is--medium\">Type de charge :<\/span> Batterie\t\t\t\t\t<\/li>\n<li class=\"product-features__item-list__item\" role=\"listitem\"><span class=\"is--medium\">Type de batterie :<\/span> Lithium\t\t\t\t\t<\/li>\n<li class=\"product-features__item-list__item\" role=\"listitem\"><span class=\"is--medium\">Autonomie :<\/span> 2 h\t\t\t\t\t<\/li>\n<li class=\"product-features__item-list__item\" role=\"listitem\"><span class=\"is--medium\">Dur\u00e9e de charge :<\/span> 1h30\t\t\t\t\t<\/li>\n<li class=\"product-features__item-list__item\" role=\"listitem\"><span class=\"is--medium\">Connect\u00e9 :<\/span> Oui\t\t\t\t\t<\/li>\n<li class=\"product-features__item-list__item\" role=\"listitem\"><span class=\"is--medium\">Application compatible :<\/span> Theramind\t\t\t\t\t<\/li>\n<\/ul>\n<\/li>\n<li class=\"product-features__item\" role=\"listitem\">\n<h3 class=\"product-features__label\">Indications<\/h3>\n<ul role=\"list\">\n<li class=\"product-features__item-list__item\" role=\"listitem\"><span class=\"is--medium\">Douleurs dorsales :<\/span> Oui\t\t\t\t\t<\/li>\n<li class=\"product-features__item-list__item\" role=\"listitem\"><span class=\"is--medium\">Maux de t\u00eate :<\/span> Oui\t\t\t\t\t<\/li>\n<li class=\"product-features__item-list__item\" role=\"listitem\"><span class=\"is--medium\">Trouble du sommeil :<\/span> Oui\t\t\t\t\t<\/li>\n<li class=\"product-features__item-list__item\" role=\"listitem\"><span class=\"is--medium\">Stress et tension nerveuse :<\/span> Oui\t\t\t\t\t<\/li>\n<li class=\"product-features__item-list__item\" role=\"listitem\"><span class=\"is--medium\">Fatigue :<\/span> Oui\t\t\t\t\t<\/li>\n<li class=\"product-features__item-list__item\" role=\"listitem\"><span class=\"is--medium\">Baisse de tonus :<\/span> Oui\t\t\t\t\t<\/li>\n<\/ul>\n<\/li>\n<li class=\"product-features__item\" role=\"listitem\">\n<h3 class=\"product-features__label\">Bienfaits<\/h3>\n<ul role=\"list\">\n<li class=\"product-features__item-list__item\" role=\"listitem\"><span class=\"is--medium\">D\u00e9tendre les muscles :<\/span> Oui\t\t\t\t\t<\/li>\n<li class=\"product-features__item-list__item\" role=\"listitem\"><span class=\"is--medium\">R\u00e9cup\u00e9ration musculaire :<\/span> Oui\t\t\t\t\t<\/li>\n<li class=\"product-features__item-list__item\" role=\"listitem\"><span class=\"is--medium\">Relaxation :<\/span> Permet de vous relaxer en quelques minutes\t\t\t\t\t<\/li>\n<\/ul>\n<\/li>\n<li class=\"product-features__item\" role=\"listitem\">\n<h3 class=\"product-features__label\">Conseils d&rsquo;utilisation<\/h3>\n<ul role=\"list\">\n<li class=\"product-features__item-list__item\" role=\"listitem\"><span class=\"is--medium\">Conseils d&rsquo;utilisation :<\/span> Utilisation avant ou apr\u00e8s un effort sportif ainsi que dans une logique de bien-\u00eatre.\t\t\t\t\t<\/li>\n<\/ul>\n<\/li>\n<li class=\"product-features__item\" role=\"listitem\">\n<h3 class=\"product-features__label\">Informations compl\u00e9mentaires<\/h3>\n<ul role=\"list\">\n<li class=\"product-features__item-list__item\" role=\"listitem\"><span class=\"is--medium\">Fabriqu\u00e9 en :<\/span> Chine\t\t\t\t\t<\/li>\n<li class=\"product-features__item-list__item\" role=\"listitem\"><span class=\"is--medium\">Garantie :<\/span> 2 ans\t\t\t\t\t<\/li>\n<li class=\"product-features__item-list__item\" role=\"listitem\"><span class=\"is--medium\">Disponibilit\u00e9 des pi\u00e8ces d\u00e9tach\u00e9es (donn\u00e9es fournisseur) :<\/span> Non concern\u00e9\t\t\t\t\t<\/li>\n<li class=\"product-features__item-list__item\" role=\"listitem\"><span class=\"is--medium\">R\u00e9f\u00e9rence constructeur :<\/span> Theragun Sense\t\t\t\t\t<\/li>\n<\/ul>\n<\/li>\n<li class=\"product-features__item\" role=\"listitem\">\n<h3 class=\"product-features__label\">Dimensions<\/h3>\n<ul role=\"list\">\n<li class=\"product-features__item-list__item\" role=\"listitem\"><span class=\"is--medium\">Dimensions l x h x p :<\/span> 32.4 x 7.6 x 21.3 cm\t\t\t\t\t<\/li>\n<li class=\"product-features__item-list__item\" role=\"listitem\"><span class=\"is--medium\">Poids :<\/span> 740,0 g\t\t\t\t\t<\/li>\n<\/ul>\n<\/li>\n<\/ul>\n<\/div>\n<div class=\"product__disclosure-content\">\n<div class=\"js-read-more product-description__content read-more read-more--truncated\" data-read-more-name=\"description\" style=\"max-height: 500px; overflow: hidden;\">\n<div class=\"product__description-content read-more\" style=\"\">\n<p>Theragun Sense : L&rsquo;innovation au service de votre bien-\u00eatre<\/p>\n<h3> <img fetchpriority=\"high\" decoding=\"async\" ,=\"\" alt=\"Pistolet de massage THERABODY Theragun Sense\" class=\"wy_tableau_gauche\" height=\"270\" src=\"https:\/\/boulanger.scene7.com\/is\/image\/Boulanger\/0840295401973_h_f_l_0?wid=400&amp;hei=270\" width=\"400\"\/>Technologie avanc\u00e9e pour une relaxation profonde                    <\/h3>\n<p>                        Le Theragun Sense se distingue par sa capacit\u00e9 \u00e0 offrir une massoth\u00e9rapie par percussion de 12 mm, sp\u00e9cialement con\u00e7ue pour soulager efficacement les douleurs et r\u00e9duire le stress. Gr\u00e2ce \u00e0 son \u00e9cran LCD int\u00e9grant des instructions visuelles guid\u00e9es, cet appareil de massage de haute qualit\u00e9 permet \u00e0 chaque utilisateur de suivre facilement des routines de bien-\u00eatre. L&rsquo;ajout d&rsquo;un capteur biom\u00e9trique offre une exp\u00e9rience personnalis\u00e9e en analysant la fr\u00e9quence cardiaque pour adapter la s\u00e9ance aux besoins sp\u00e9cifiques de l&rsquo;utilisateur, contribuant ainsi \u00e0 une d\u00e9tente optimale du corps et de l&rsquo;esprit.                    <\/p>\n<\/p>\n<h3> <img decoding=\"async\" ,=\"\" alt=\"Pistolet de massage THERABODY Theragun Sense\" class=\"wy_tableau_right\" height=\"270\" src=\"https:\/\/boulanger.scene7.com\/is\/image\/Boulanger\/0840295401973_h_f_l_1?wid=400&amp;hei=270\" width=\"400\"\/>Confort et personnalisation pour une exp\u00e9rience unique                    <\/h3>\n<p>                        Le Theragun Sense est con\u00e7u pour maximiser le confort d&rsquo;utilisation gr\u00e2ce \u00e0 sa poign\u00e9e ergonomique brevet\u00e9e, permettant d&rsquo;atteindre toutes les zones du corps sans effort. Les embouts scientifiquement \u00e9labor\u00e9s ciblent pr\u00e9cis\u00e9ment diff\u00e9rentes zones pour une efficacit\u00e9 accrue. En outre, l&rsquo;appareil propose un travail de respiration guid\u00e9 avec feedback haptique, renfor\u00e7ant la relaxation et favorisant un sommeil r\u00e9parateur. La connectivit\u00e9 Bluetooth et l&rsquo;int\u00e9gration avec l&rsquo;application TheraMind enrichissent l&rsquo;exp\u00e9rience en offrant des contenus sonores apaisants et des routines personnalisables, faisant du Theragun Sense un outil essentiel pour lutter contre le stress et am\u00e9liorer la qualit\u00e9 de vie au quotidien.                    <\/p>\n<\/p><\/div>\n<\/p>\n<p><video class=\"s7Video\" controls=\"\" controlslist=\"nodownload\" poster=\"https:\/\/boulanger.scene7.com\/is\/image\/Boulanger\/0840295401973_v_0?scl=1\" preload=\"metadata\" src=\"https:\/\/boulanger.scene7.com\/is\/content\/Boulanger\/0840295401973_v_0\" width=\"100%\"><\/video><\/p>\n<\/div>\n<p><bl-button a11yexpanded=\"false\" arialabel=\"Afficher toute la description\" class=\"read-more__btn\" full=\"false\" link=\"true\"><\/bl-button><\/div>","protected":false},"excerpt":{"rendered":"<div class=\"keypoints\">\n<h3 class=\"keypoints__title\">Les points cl\u00e9s<\/h3>\n<ul role=\"list\">\n<li class=\"keypoints__item\" role=\"listitem\">                                        Id\u00e9al pour se d\u00e9tendre et se relaxer                      <\/li>\n<li class=\"keypoints__item\" role=\"listitem\">                                        Soulage les tensions                      <\/li>\n<li class=\"keypoints__item\" role=\"listitem\">                          Th\u00e9rapie percussive cible les zones de traitement en atteignant profond\u00e9ment le muscle &#8211;                                                      Ultra l\u00e9ger, compact et silencieux                      <\/li>\n<li class=\"keypoints__item keypoints__item--advantage\" role=\"listitem\"><strong>Le + :<\/strong> poign\u00e9e ergonomique brevet\u00e9e pouratteindre confortablement toutes les zonesdu corps.      <\/li>\n<\/ul>","protected":false},"featured_media":91317,"template":"","meta":{"_glsr_average":0,"_glsr_ranking":0,"_glsr_reviews":0},"product_cat":[510],"product_tag":[511,187,508],"class_list":{"0":"post-91318","1":"product","2":"type-product","3":"status-publish","4":"has-post-thumbnail","6":"product_cat-appareil-de-massage","7":"product_tag-appareil-de-massage","8":"product_tag-beaute-sante","9":"product_tag-massage-bien-etre","11":"first","12":"instock","13":"sale","14":"shipping-taxable","15":"purchasable","16":"product-type-simple"},"_links":{"self":[{"href":"https:\/\/electromenagerexpress.com\/en\/wp-json\/wp\/v2\/product\/91318","targetHints":{"allow":["GET"]}}],"collection":[{"href":"https:\/\/electromenagerexpress.com\/en\/wp-json\/wp\/v2\/product"}],"about":[{"href":"https:\/\/electromenagerexpress.com\/en\/wp-json\/wp\/v2\/types\/product"}],"wp:featuredmedia":[{"embeddable":true,"href":"https:\/\/electromenagerexpress.com\/en\/wp-json\/wp\/v2\/media\/91317"}],"wp:attachment":[{"href":"https:\/\/electromenagerexpress.com\/en\/wp-json\/wp\/v2\/media?parent=91318"}],"wp:term":[{"taxonomy":"product_cat","embeddable":true,"href":"https:\/\/electromenagerexpress.com\/en\/wp-json\/wp\/v2\/product_cat?post=91318"},{"taxonomy":"product_tag","embeddable":true,"href":"https:\/\/electromenagerexpress.com\/en\/wp-json\/wp\/v2\/product_tag?post=91318"}],"curies":[{"name":"wp","href":"https:\/\/api.w.org\/{rel}","templated":true}]}}