{"id":91308,"date":"2024-11-24T17:59:31","date_gmt":"2024-11-24T17:59:31","guid":{"rendered":"https:\/\/electromenagerexpress.com\/product\/pistolet-de-massagetherabodytheragun-elite-g5\/"},"modified":"2024-11-24T17:59:40","modified_gmt":"2024-11-24T17:59:40","slug":"pistolet-de-massagetherabodytheragun-elite-g5","status":"publish","type":"product","link":"https:\/\/electromenagerexpress.com\/en\/product\/pistolet-de-massagetherabodytheragun-elite-g5\/","title":{"rendered":"Pistolet de massage\t\t\t\t\t\t\tTHERABODY\t\t\t\tTheragun Elite G5"},"content":{"rendered":"<div class=\"product-features__content\">\n<ul role=\"list\">\n<li class=\"product-features__item\" role=\"listitem\">\n<h3 class=\"product-features__label\">Pour prendre soin de vous<\/h3>\n<ul role=\"list\">\n<li class=\"product-features__item-list__item\" role=\"listitem\"><span class=\"is--medium\">D\u00e9couvrez notre boutique Sant\u00e9\/Bien-\u00catre :<\/span> <u><a href=\"https:\/\/www.boulanger.com\/evenement\/boutique-bien-etre-sante\" target=\"_blank\">en sa<\/a><\/u><\/li>\n<\/ul>\n<\/li>\n<li class=\"product-features__item\" role=\"listitem\">\n<h3 class=\"product-features__label\">Caract\u00e9ristiques g\u00e9n\u00e9rales<\/h3>\n<ul role=\"list\">\n<li class=\"product-features__item-list__item\" role=\"listitem\"><span class=\"is--medium\">Type :<\/span> Pistolet de massage\t\t\t\t\t<\/li>\n<li class=\"product-features__item-list__item\" role=\"listitem\"><span class=\"is--medium\">Utilisation :<\/span> Corps\t\t\t\t\t<\/li>\n<li class=\"product-features__item-list__item\" role=\"listitem\"><span class=\"is--medium\">Coloris :<\/span> Noir\t\t\t\t\t<\/li>\n<li class=\"product-features__item-list__item\" role=\"listitem\"><span class=\"is--medium\">Type de charge :<\/span> Batterie\t\t\t\t\t<\/li>\n<li class=\"product-features__item-list__item\" role=\"listitem\"><span class=\"is--medium\">Type de batterie :<\/span> Lithium\t\t\t\t\t<\/li>\n<li class=\"product-features__item-list__item\" role=\"listitem\"><span class=\"is--medium\">Autonomie :<\/span> 2 h\t\t\t\t\t<\/li>\n<li class=\"product-features__item-list__item\" role=\"listitem\"><span class=\"is--medium\">Dur\u00e9e de charge :<\/span> 1h30\t\t\t\t\t<\/li>\n<li class=\"product-features__item-list__item\" role=\"listitem\"><span class=\"is--medium\">Connect\u00e9 :<\/span> Oui\t\t\t\t\t<\/li>\n<li class=\"product-features__item-list__item\" role=\"listitem\"><span class=\"is--medium\">Application compatible :<\/span> Theramind\t\t\t\t\t<\/li>\n<\/ul>\n<\/li>\n<li class=\"product-features__item\" role=\"listitem\">\n<h3 class=\"product-features__label\">Indications<\/h3>\n<ul role=\"list\">\n<li class=\"product-features__item-list__item\" role=\"listitem\"><span class=\"is--medium\">Douleurs dorsales :<\/span> Oui\t\t\t\t\t<\/li>\n<li class=\"product-features__item-list__item\" role=\"listitem\"><span class=\"is--medium\">Trouble du sommeil :<\/span> Oui\t\t\t\t\t<\/li>\n<li class=\"product-features__item-list__item\" role=\"listitem\"><span class=\"is--medium\">Stress et tension nerveuse :<\/span> Oui\t\t\t\t\t<\/li>\n<li class=\"product-features__item-list__item\" role=\"listitem\"><span class=\"is--medium\">Fatigue :<\/span> Oui\t\t\t\t\t<\/li>\n<li class=\"product-features__item-list__item\" role=\"listitem\"><span class=\"is--medium\">Baisse de tonus :<\/span> Oui\t\t\t\t\t<\/li>\n<\/ul>\n<\/li>\n<li class=\"product-features__item\" role=\"listitem\">\n<h3 class=\"product-features__label\">Bienfaits<\/h3>\n<ul role=\"list\">\n<li class=\"product-features__item-list__item\" role=\"listitem\"><span class=\"is--medium\">D\u00e9tendre les muscles :<\/span> Oui\t\t\t\t\t<\/li>\n<li class=\"product-features__item-list__item\" role=\"listitem\"><span class=\"is--medium\">R\u00e9cup\u00e9ration musculaire :<\/span> Oui\t\t\t\t\t<\/li>\n<li class=\"product-features__item-list__item\" role=\"listitem\"><span class=\"is--medium\">Relaxation :<\/span> Permet de vous relaxer en quelques minutes\t\t\t\t\t<\/li>\n<\/ul>\n<\/li>\n<li class=\"product-features__item\" role=\"listitem\">\n<h3 class=\"product-features__label\">Conseils d&rsquo;utilisation<\/h3>\n<ul role=\"list\">\n<li class=\"product-features__item-list__item\" role=\"listitem\"><span class=\"is--medium\">Conseils d&rsquo;utilisation :<\/span> Utilisation avant ou apr\u00e8s un effort sportif ainsi que dans une logique de bien-\u00eatre.\t\t\t\t\t<\/li>\n<\/ul>\n<\/li>\n<li class=\"product-features__item\" role=\"listitem\">\n<h3 class=\"product-features__label\">Informations compl\u00e9mentaires<\/h3>\n<ul role=\"list\">\n<li class=\"product-features__item-list__item\" role=\"listitem\"><span class=\"is--medium\">Garantie :<\/span> 2 ans\t\t\t\t\t<\/li>\n<li class=\"product-features__item-list__item\" role=\"listitem\"><span class=\"is--medium\">Disponibilit\u00e9 des pi\u00e8ces d\u00e9tach\u00e9es (donn\u00e9es fournisseur) :<\/span> Non concern\u00e9\t\t\t\t\t<\/li>\n<li class=\"product-features__item-list__item\" role=\"listitem\"><span class=\"is--medium\">R\u00e9f\u00e9rence constructeur :<\/span> Theragun Elite G5\t\t\t\t\t<\/li>\n<\/ul>\n<\/li>\n<li class=\"product-features__item\" role=\"listitem\">\n<h3 class=\"product-features__label\">Dimensions<\/h3>\n<ul role=\"list\">\n<li class=\"product-features__item-list__item\" role=\"listitem\"><span class=\"is--medium\">Dimensions l x h x p :<\/span> 28.7 x 17 x 22.3 cm\t\t\t\t\t<\/li>\n<li class=\"product-features__item-list__item\" role=\"listitem\"><span class=\"is--medium\">Poids :<\/span> 1,9 kg\t\t\t\t\t<\/li>\n<\/ul>\n<\/li>\n<\/ul>\n<\/div>\n<div class=\"product__disclosure-content\">\n<div class=\"js-read-more product-description__content read-more read-more--truncated\" data-read-more-name=\"description\" style=\"max-height: 500px; overflow: hidden;\">\n<div class=\"product__description-content read-more\" style=\"\">\n<p>Theragun Elite G5 : L&rsquo;Excellence en Massoth\u00e9rapie par Percussion<\/p>\n<h3> <img fetchpriority=\"high\" decoding=\"async\" ,=\"\" alt=\"Pistolet de massage THERABODY Theragun Elite G5\" class=\"wy_tableau_gauche\" height=\"270\" src=\"https:\/\/boulanger.scene7.com\/is\/image\/Boulanger\/0810036058827_h_f_l_0?wid=400&amp;hei=270\" width=\"400\"\/>Une Technologie de Pointe pour une R\u00e9cup\u00e9ration Optimale                    <\/h3>\n<p>                        Le Theragun Elite G5 se distingue comme l&rsquo;appareil de massage des tissus profonds le mieux not\u00e9 du march\u00e9, offrant une exp\u00e9rience in\u00e9gal\u00e9e pour maximiser l&rsquo;\u00e9chauffement et acc\u00e9l\u00e9rer la r\u00e9cup\u00e9ration post-entra\u00eenement. Gr\u00e2ce \u00e0 son \u00e9cran OLED, il affiche clairement la force appliqu\u00e9e et permet une vitesse personnalisable, assurant ainsi une s\u00e9ance de massage sur-mesure. La poign\u00e9e ergonomique brevet\u00e9e du Theragun Elite G5 est con\u00e7ue pour atteindre ais\u00e9ment toutes les zones du corps, m\u00eame les plus difficiles d&rsquo;acc\u00e8s, permettant de diminuer efficacement la fatigue musculaire et d&rsquo;am\u00e9liorer les performances sportives. Avec une autonomie de batterie de 120 minutes, cet appareil est parfait pour une utilisation prolong\u00e9e sans interruption.                    <\/p>\n<\/p>\n<h3> <img decoding=\"async\" ,=\"\" alt=\"Pistolet de massage THERABODY Theragun Elite G5\" class=\"wy_tableau_right\" height=\"270\" src=\"https:\/\/boulanger.scene7.com\/is\/image\/Boulanger\/0810036058827_h_f_l_1?wid=400&amp;hei=270\" width=\"400\"\/>Connectivit\u00e9 et Personnalisation Avanc\u00e9es                    <\/h3>\n<p>                        Le Theragun Elite G5 va au-del\u00e0 d&rsquo;un simple appareil de massage gr\u00e2ce \u00e0 sa connectivit\u00e9 Bluetooth qui se synchronise avec l&rsquo;application mobile Therabody. Cette fonctionnalit\u00e9 permet d&rsquo;acc\u00e9der \u00e0 des routines guid\u00e9es et de personnaliser enti\u00e8rement vos s\u00e9ances de massoth\u00e9rapie par percussion. Les embouts sp\u00e9cialement con\u00e7us ciblent diff\u00e9rentes zones du corps pour une efficacit\u00e9 maximale, que ce soit pour r\u00e9duire les tensions avec l&#8217;embout Balle standard ou stimuler la circulation avec le Micropoint. Enregistrez vos r\u00e9glages favoris directement sur l&rsquo;appareil pour une routine personnalis\u00e9e et b\u00e9n\u00e9ficiez des avantages scientifiquement prouv\u00e9s de la massoth\u00e9rapie. Le Theragun Elite G5 est livr\u00e9 avec un c\u00e2ble de charge USB-C, divers embouts th\u00e9rapeutiques et un sac de voyage pratique, offrant une solution compl\u00e8te pour am\u00e9liorer le sommeil, gagner en mobilit\u00e9 et r\u00e9duire le stress o\u00f9 que vous soyez.                    <\/p>\n<\/p><\/div>\n<\/p>\n<p><video class=\"s7Video\" controls=\"\" controlslist=\"nodownload\" poster=\"https:\/\/boulanger.scene7.com\/is\/image\/Boulanger\/0810036058827_v_0?scl=1\" preload=\"metadata\" src=\"https:\/\/boulanger.scene7.com\/is\/content\/Boulanger\/0810036058827_v_0\" width=\"100%\"><\/video><\/p>\n<\/div>\n<p><bl-button a11yexpanded=\"false\" arialabel=\"Afficher toute la description\" class=\"read-more__btn\" full=\"false\" link=\"true\"><\/bl-button><\/div>","protected":false},"excerpt":{"rendered":"<div class=\"keypoints\">\n<h3 class=\"keypoints__title\">Les points cl\u00e9s<\/h3>\n<ul role=\"list\">\n<li class=\"keypoints__item\" role=\"listitem\">                                        Diminution des crampes et relaxation musculaire                      <\/li>\n<li class=\"keypoints__item\" role=\"listitem\">                          Th\u00e9rapie percussive cible les zones de traitement en atteignant profond\u00e9ment le muscle &#8211;                                                      Ultra puissant, connect\u00e9 et silencieux                      <\/li>\n<li class=\"keypoints__item keypoints__item--advantage\" role=\"listitem\"><strong>Le + :<\/strong> enregistrez vos param\u00e8tres favoris et vosparam\u00e8tres de temps sur votre appareil.      <\/li>\n<\/ul>","protected":false},"featured_media":91307,"template":"","meta":{"_glsr_average":0,"_glsr_ranking":0,"_glsr_reviews":0},"product_cat":[510],"product_tag":[511,187,508],"class_list":{"0":"post-91308","1":"product","2":"type-product","3":"status-publish","4":"has-post-thumbnail","6":"product_cat-appareil-de-massage","7":"product_tag-appareil-de-massage","8":"product_tag-beaute-sante","9":"product_tag-massage-bien-etre","11":"first","12":"instock","13":"sale","14":"shipping-taxable","15":"purchasable","16":"product-type-simple"},"_links":{"self":[{"href":"https:\/\/electromenagerexpress.com\/en\/wp-json\/wp\/v2\/product\/91308","targetHints":{"allow":["GET"]}}],"collection":[{"href":"https:\/\/electromenagerexpress.com\/en\/wp-json\/wp\/v2\/product"}],"about":[{"href":"https:\/\/electromenagerexpress.com\/en\/wp-json\/wp\/v2\/types\/product"}],"wp:featuredmedia":[{"embeddable":true,"href":"https:\/\/electromenagerexpress.com\/en\/wp-json\/wp\/v2\/media\/91307"}],"wp:attachment":[{"href":"https:\/\/electromenagerexpress.com\/en\/wp-json\/wp\/v2\/media?parent=91308"}],"wp:term":[{"taxonomy":"product_cat","embeddable":true,"href":"https:\/\/electromenagerexpress.com\/en\/wp-json\/wp\/v2\/product_cat?post=91308"},{"taxonomy":"product_tag","embeddable":true,"href":"https:\/\/electromenagerexpress.com\/en\/wp-json\/wp\/v2\/product_tag?post=91308"}],"curies":[{"name":"wp","href":"https:\/\/api.w.org\/{rel}","templated":true}]}}