{"id":91298,"date":"2024-11-24T17:59:19","date_gmt":"2024-11-24T17:59:19","guid":{"rendered":"https:\/\/electromenagerexpress.com\/product\/pistolet-de-massagetherabodytheraface-pro\/"},"modified":"2024-11-24T17:59:28","modified_gmt":"2024-11-24T17:59:28","slug":"pistolet-de-massagetherabodytheraface-pro","status":"publish","type":"product","link":"https:\/\/electromenagerexpress.com\/en\/product\/pistolet-de-massagetherabodytheraface-pro\/","title":{"rendered":"Pistolet de massage\t\t\t\t\t\t\tTHERABODY\t\t\t\tTheraface Pro"},"content":{"rendered":"<div class=\"product-features__content\">\n<ul role=\"list\">\n<li class=\"product-features__item\" role=\"listitem\">\n<h3 class=\"product-features__label\">Pour prendre soin de vous<\/h3>\n<ul role=\"list\">\n<li class=\"product-features__item-list__item\" role=\"listitem\"><span class=\"is--medium\">D\u00e9couvrez notre boutique Sant\u00e9\/Bien-\u00catre :<\/span> <u><a href=\"https:\/\/www.boulanger.com\/evenement\/boutique-bien-etre-sante\" target=\"_blank\">en sa<\/a><\/u><\/li>\n<\/ul>\n<\/li>\n<li class=\"product-features__item\" role=\"listitem\">\n<h3 class=\"product-features__label\">Caract\u00e9ristiques g\u00e9n\u00e9rales<\/h3>\n<ul role=\"list\">\n<li class=\"product-features__item-list__item\" role=\"listitem\"><span class=\"is--medium\">Type :<\/span> Pistolet de massage\t\t\t\t\t<\/li>\n<li class=\"product-features__item-list__item\" role=\"listitem\"><span class=\"is--medium\">Utilisation :<\/span> Corps\t\t\t\t\t<\/li>\n<li class=\"product-features__item-list__item\" role=\"listitem\"><span class=\"is--medium\">Coloris :<\/span> Noir\t\t\t\t\t<\/li>\n<li class=\"product-features__item-list__item\" role=\"listitem\"><span class=\"is--medium\">Type de charge :<\/span> Batterie\t\t\t\t\t<\/li>\n<li class=\"product-features__item-list__item\" role=\"listitem\"><span class=\"is--medium\">Type de batterie :<\/span> Lithium\t\t\t\t\t<\/li>\n<li class=\"product-features__item-list__item\" role=\"listitem\"><span class=\"is--medium\">Autonomie :<\/span> 1h30\t\t\t\t\t<\/li>\n<li class=\"product-features__item-list__item\" role=\"listitem\"><span class=\"is--medium\">Dur\u00e9e de charge :<\/span> 80 min\t\t\t\t\t<\/li>\n<\/ul>\n<\/li>\n<li class=\"product-features__item\" role=\"listitem\">\n<h3 class=\"product-features__label\">Indications<\/h3>\n<ul role=\"list\">\n<li class=\"product-features__item-list__item\" role=\"listitem\"><span class=\"is--medium\">Maux de t\u00eate :<\/span> Oui\t\t\t\t\t<\/li>\n<li class=\"product-features__item-list__item\" role=\"listitem\"><span class=\"is--medium\">Trouble du sommeil :<\/span> Oui\t\t\t\t\t<\/li>\n<li class=\"product-features__item-list__item\" role=\"listitem\"><span class=\"is--medium\">Stress et tension nerveuse :<\/span> Oui\t\t\t\t\t<\/li>\n<li class=\"product-features__item-list__item\" role=\"listitem\"><span class=\"is--medium\">Fatigue :<\/span> Oui\t\t\t\t\t<\/li>\n<li class=\"product-features__item-list__item\" role=\"listitem\"><span class=\"is--medium\">Baisse de tonus :<\/span> Oui\t\t\t\t\t<\/li>\n<\/ul>\n<\/li>\n<li class=\"product-features__item\" role=\"listitem\">\n<h3 class=\"product-features__label\">Bienfaits<\/h3>\n<ul role=\"list\">\n<li class=\"product-features__item-list__item\" role=\"listitem\"><span class=\"is--medium\">D\u00e9tendre les muscles :<\/span> Oui\t\t\t\t\t<\/li>\n<li class=\"product-features__item-list__item\" role=\"listitem\"><span class=\"is--medium\">Relaxation :<\/span> Permet de vous relaxer en quelques minutes\t\t\t\t\t<\/li>\n<li class=\"product-features__item-list__item\" role=\"listitem\"><span class=\"is--medium\">Beaut\u00e9 :<\/span> Massage du pourtour des yeux favorise la micro circulation sanguine: \u00e9clat du regard, att\u00e9nuation des cernes\t\t\t\t\t<\/li>\n<\/ul>\n<\/li>\n<li class=\"product-features__item\" role=\"listitem\">\n<h3 class=\"product-features__label\">Informations compl\u00e9mentaires<\/h3>\n<ul role=\"list\">\n<li class=\"product-features__item-list__item\" role=\"listitem\"><span class=\"is--medium\">Fabriqu\u00e9 en :<\/span> Chine\t\t\t\t\t<\/li>\n<li class=\"product-features__item-list__item\" role=\"listitem\"><span class=\"is--medium\">Garantie :<\/span> 2 ans\t\t\t\t\t<\/li>\n<li class=\"product-features__item-list__item\" role=\"listitem\"><span class=\"is--medium\">Disponibilit\u00e9 des pi\u00e8ces d\u00e9tach\u00e9es (donn\u00e9es fournisseur) :<\/span> Non concern\u00e9\t\t\t\t\t<\/li>\n<li class=\"product-features__item-list__item\" role=\"listitem\"><span class=\"is--medium\">R\u00e9f\u00e9rence constructeur :<\/span> Theraface Pro\t\t\t\t\t<\/li>\n<\/ul>\n<\/li>\n<li class=\"product-features__item\" role=\"listitem\">\n<h3 class=\"product-features__label\">Dimensions<\/h3>\n<ul role=\"list\">\n<li class=\"product-features__item-list__item\" role=\"listitem\"><span class=\"is--medium\">Dimensions l x h x p :<\/span> 20.6 x 18.3 x 7.5 cm\t\t\t\t\t<\/li>\n<li class=\"product-features__item-list__item\" role=\"listitem\"><span class=\"is--medium\">Poids :<\/span> 475,0 g\t\t\t\t\t<\/li>\n<\/ul>\n<\/li>\n<\/ul>\n<\/div>\n<div class=\"product__disclosure-content\">\n<div class=\"js-read-more product-description__content read-more read-more--truncated\" data-read-more-name=\"description\" style=\"max-height: 500px; overflow: hidden;\">\n<div class=\"product__description-content read-more\" style=\"\">\n<p>Theraface Pro de Therabody : Le nec plus ultra des soins du visage<\/p>\n<h3> <img fetchpriority=\"high\" decoding=\"async\" ,=\"\" alt=\"Pistolet de massage THERABODY Theraface Pro\" class=\"wy_tableau_gauche\" height=\"270\" src=\"https:\/\/boulanger.scene7.com\/is\/image\/Boulanger\/0810036056748_h_f_l_0?wid=400&amp;hei=270\" width=\"400\"\/>Une r\u00e9volution dans la th\u00e9rapie bien-\u00eatre du visage                    <\/h3>\n<p>                        Le Theraface Pro de Therabody repr\u00e9sente une avanc\u00e9e significative dans l&rsquo;univers des soins du visage. Alliant la fameuse technologie de th\u00e9rapie par percussion de Therabody \u00e0 une approche globale de la sant\u00e9 faciale, cet appareil ne se limite pas \u00e0 l&rsquo;esth\u00e9tique superficielle. Il s&rsquo;attaque aux tensions, d\u00e9tend les muscles et offre un soin profond pour une sensation de bien-\u00eatre visible, tant \u00e0 l&rsquo;int\u00e9rieur qu&rsquo;\u00e0 l&rsquo;ext\u00e9rieur. Avec ses fonctionnalit\u00e9s innovantes, le Theraface Pro aide \u00e0 raffermir, tonifier, r\u00e9g\u00e9n\u00e9rer et nettoyer la peau en profondeur, tout en soulageant l&rsquo;inconfort li\u00e9 aux maux de t\u00eate et de m\u00e2choire, contribuant ainsi \u00e0 une apparence saine et \u00e9clatante.                    <\/p>\n<\/p>\n<h3> <img decoding=\"async\" ,=\"\" alt=\"Pistolet de massage THERABODY Theraface Pro\" class=\"wy_tableau_right\" height=\"270\" src=\"https:\/\/boulanger.scene7.com\/is\/image\/Boulanger\/0810036056748_h_f_l_1?wid=400&amp;hei=270\" width=\"400\"\/>Personnalisation et polyvalence : un soin adapt\u00e9 \u00e0 chaque visage                    <\/h3>\n<p>                        Con\u00e7u pour r\u00e9pondre aux besoins sp\u00e9cifiques de chaque utilisateur, le Theraface Pro se distingue par sa capacit\u00e9 \u00e0 personnaliser les soins gr\u00e2ce \u00e0 un syst\u00e8me d&rsquo;anneaux magn\u00e9tiques facilement interchangeables. Il combine percussion, microcourant, luminoth\u00e9rapie et nettoyage, offrant ainsi une exp\u00e9rience sur-mesure. Les utilisateurs b\u00e9n\u00e9ficient d&rsquo;une autonomie de 120 minutes et d&rsquo;un \u00e9cran OLED pour une utilisation intuitive. Les anneaux chaud &amp; froid, vendus s\u00e9par\u00e9ment, compl\u00e8tent l&rsquo;exp\u00e9rience en aidant la peau \u00e0 absorber les cr\u00e8mes et \u00e0 minimiser les poches. Disponible en deux coloris \u00e9l\u00e9gants, le Theraface Pro est un appareil tout-en-un qui transforme les routines de soins du visage en moments de d\u00e9tente et de r\u00e9g\u00e9n\u00e9ration.                    <\/p>\n<\/p><\/div>\n<\/p>\n<\/div>\n<p><bl-button a11yexpanded=\"false\" arialabel=\"Afficher toute la description\" class=\"read-more__btn\" full=\"false\" link=\"true\"><\/bl-button><\/div>","protected":false},"excerpt":{"rendered":"<div class=\"keypoints\">\n<h3 class=\"keypoints__title\">Les points cl\u00e9s<\/h3>\n<ul role=\"list\">\n<li class=\"keypoints__item\" role=\"listitem\">                                        Diminution des rides et ridules, teint et texture uniformis\u00e9s, sant\u00e9 de la peau renforc\u00e9e                      <\/li>\n<li class=\"keypoints__item\" role=\"listitem\">                                        Att\u00e9nue les tensions du visage                      <\/li>\n<li class=\"keypoints__item\" role=\"listitem\">                          Massage par percussion pour soulager les tensions et les raideurs &#8211;                                                      3 t\u00eates de massage \u00e0 percussion &amp; 3 accessoires de soin du visage                      <\/li>\n<li class=\"keypoints__item keypoints__item--advantage\" role=\"listitem\"><strong>Le + :<\/strong> th\u00e9rapie par percussion et luminoth\u00e9rapie pour une peau raffermit, r\u00e9duit les rides et l&rsquo;acn\u00e9.      <\/li>\n<\/ul>","protected":false},"featured_media":91297,"template":"","meta":{"_glsr_average":0,"_glsr_ranking":0,"_glsr_reviews":0},"product_cat":[512],"product_tag":[513,187,496],"class_list":{"0":"post-91298","1":"product","2":"type-product","3":"status-publish","4":"has-post-thumbnail","6":"product_cat-appareil-soin-visage","7":"product_tag-appareil-soin-visage","8":"product_tag-beaute-sante","9":"product_tag-soin-visage-corps","11":"first","12":"instock","13":"sale","14":"shipping-taxable","15":"purchasable","16":"product-type-simple"},"_links":{"self":[{"href":"https:\/\/electromenagerexpress.com\/en\/wp-json\/wp\/v2\/product\/91298","targetHints":{"allow":["GET"]}}],"collection":[{"href":"https:\/\/electromenagerexpress.com\/en\/wp-json\/wp\/v2\/product"}],"about":[{"href":"https:\/\/electromenagerexpress.com\/en\/wp-json\/wp\/v2\/types\/product"}],"wp:featuredmedia":[{"embeddable":true,"href":"https:\/\/electromenagerexpress.com\/en\/wp-json\/wp\/v2\/media\/91297"}],"wp:attachment":[{"href":"https:\/\/electromenagerexpress.com\/en\/wp-json\/wp\/v2\/media?parent=91298"}],"wp:term":[{"taxonomy":"product_cat","embeddable":true,"href":"https:\/\/electromenagerexpress.com\/en\/wp-json\/wp\/v2\/product_cat?post=91298"},{"taxonomy":"product_tag","embeddable":true,"href":"https:\/\/electromenagerexpress.com\/en\/wp-json\/wp\/v2\/product_tag?post=91298"}],"curies":[{"name":"wp","href":"https:\/\/api.w.org\/{rel}","templated":true}]}}