{"id":91254,"date":"2024-11-24T17:58:27","date_gmt":"2024-11-24T17:58:27","guid":{"rendered":"https:\/\/electromenagerexpress.com\/product\/siege-massantbeurermc-5000\/"},"modified":"2024-11-24T17:58:35","modified_gmt":"2024-11-24T17:58:35","slug":"siege-massantbeurermc-5000","status":"publish","type":"product","link":"https:\/\/electromenagerexpress.com\/en\/product\/siege-massantbeurermc-5000\/","title":{"rendered":"Si\u00e8ge massant\t\t\t\t\t\t\tBEURER\t\t\t\tMC 5000"},"content":{"rendered":"<div class=\"product-features__content\">\n<ul role=\"list\">\n<li class=\"product-features__item\" role=\"listitem\">\n<h3 class=\"product-features__label\">Pour prendre soin de vous<\/h3>\n<ul role=\"list\">\n<li class=\"product-features__item-list__item\" role=\"listitem\"><span class=\"is--medium\">D\u00e9couvrez notre boutique Sant\u00e9\/Bien-\u00catre :<\/span> <a href=\"https:\/\/www.boulanger.com\/evenement\/boutique-bien-etre-sante\" target=\"_blank\">Cliquez ici<\/a><\/li>\n<\/ul>\n<\/li>\n<li class=\"product-features__item\" role=\"listitem\">\n<h3 class=\"product-features__label\">Caract\u00e9ristique g\u00e9n\u00e9rale<\/h3>\n<ul role=\"list\">\n<li class=\"product-features__item-list__item\" role=\"listitem\"><span class=\"is--medium\">Type de produit :<\/span> Fauteuil massant\t\t\t\t\t<\/li>\n<li class=\"product-features__item-list__item\" role=\"listitem\"><span class=\"is--medium\">Le mot du m\u00e9decin :<\/span> Les fauteuils massants vous permettent de vous d\u00e9tendre, d&rsquo;\u00e9liminer le stress et de vous apporter du bien-\u00eatre. Ils peuvent soulager les douleurs dorsales par leur effet massant.\t\t\t\t\t<\/li>\n<li class=\"product-features__item-list__item\" role=\"listitem\"><span class=\"is--medium\">Mati\u00e8re :<\/span> Cuir synth\u00e9tique\t\t\t\t\t<\/li>\n<li class=\"product-features__item-list__item\" role=\"listitem\"><span class=\"is--medium\">Nombre de rouleaux :<\/span> 4\t\t\t\t\t<\/li>\n<li class=\"product-features__item-list__item\" role=\"listitem\"><span class=\"is--medium\">Nombre de programmes :<\/span> 3 programmes\t\t\t\t\t<\/li>\n<\/ul>\n<\/li>\n<li class=\"product-features__item\" role=\"listitem\">\n<h3 class=\"product-features__label\">Caract\u00e9ristique fonctionnelle<\/h3>\n<ul role=\"list\">\n<li class=\"product-features__item-list__item\" role=\"listitem\"><span class=\"is--medium\">Fonctions :<\/span> Bouton marche\/arr\u00eat\t\t\t\t\t<\/li>\n<\/ul>\n<\/li>\n<li class=\"product-features__item\" role=\"listitem\">\n<h3 class=\"product-features__label\">Equipement<\/h3>\n<ul role=\"list\">\n<li class=\"product-features__item-list__item\" role=\"listitem\"><span class=\"is--medium\">Coussin :<\/span> T\u00eate\t\t\t\t\t<\/li>\n<li class=\"product-features__item-list__item\" role=\"listitem\"><span class=\"is--medium\">Repose jambes :<\/span> Oui\t\t\t\t\t<\/li>\n<\/ul>\n<\/li>\n<li class=\"product-features__item\" role=\"listitem\">\n<h3 class=\"product-features__label\">Dimensions<\/h3>\n<ul role=\"list\">\n<li class=\"product-features__item-list__item\" role=\"listitem\"><span class=\"is--medium\">Poids net :<\/span> 61,0 kg\t\t\t\t\t<\/li>\n<\/ul>\n<\/li>\n<li class=\"product-features__item\" role=\"listitem\">\n<h3 class=\"product-features__label\">Informations compl\u00e9mentaires<\/h3>\n<ul role=\"list\">\n<li class=\"product-features__item-list__item\" role=\"listitem\"><span class=\"is--medium\">R\u00e9f\u00e9rence constructeur :<\/span> MC 5000\t\t\t\t\t<\/li>\n<li class=\"product-features__item-list__item\" role=\"listitem\"><span class=\"is--medium\">Marque :<\/span> BEURER\t\t\t\t\t<\/li>\n<li class=\"product-features__item-list__item\" role=\"listitem\"><span class=\"is--medium\">Garantie :<\/span> 2 ans\t\t\t\t\t<\/li>\n<li class=\"product-features__item-list__item\" role=\"listitem\"><span class=\"is--medium\">Disponibilit\u00e9 des pi\u00e8ces d\u00e9tach\u00e9es (donn\u00e9es fournisseur) :<\/span> Pas de pi\u00e8ce disponible\t\t\t\t\t<\/li>\n<\/ul>\n<\/li>\n<\/ul>\n<\/div>\n<div class=\"product__disclosure-content\">\n<div class=\"js-read-more product-description__content read-more read-more--truncated\" data-read-more-name=\"description\" style=\"max-height: 500px; overflow: hidden;\">\n<p>Le <b>Fauteuil massant BEURER MC 5000<\/b> s&rsquo;impose comme la r\u00e9f\u00e9rence en mati\u00e8re de fauteuil massage \u00e0 domicile. Bien plus qu&rsquo;un simple massage du dos, le Fauteuil massant BEURER MC 5000 vous propose un <b>massage complet du corps entier<\/b>. Placez votre fauteuil dans votre salon, allumez la t\u00e9l\u00e9vision et d\u00e9couvrez le plaisir et la d\u00e9tente de longs moments de relaxation dans le confort de votre domicile. <\/p>\n<h3><img fetchpriority=\"high\" decoding=\"async\" ,=\"\" alt=\"Fauteuil BEURER MC 5000\" class=\"wy_tableau_gauche\" height=\"270\" src=\"https:\/\/boulanger.scene7.com\/is\/image\/Boulanger\/4211125640156_h_f_l_0?wid=400&amp;hei=270\" width=\"400\"\/>Un fauteuil massant performant <\/h3>\n<p>Le Fauteuil massant BEURER MC 5000 dispose d&rsquo;une <b>fonction de scan corporel<\/b> automatique pour un massage des plus pr\u00e9cis. Choisissez entre 3 programmes de massage automatique\u00a0: Relax, Refresh et Therapy ainsi que 5 types de massages individuels dont le Shiatsu par tapotement, par friction et par roulement entre autres. <\/p>\n<p>Pour un massage efficace et relaxant des zones de l&rsquo;assise comme les mollets et les pieds, le Fauteuil massant BEURER vous propose un massage par pression d&rsquo;air r\u00e9glable s\u00e9par\u00e9ment avec <b>3 niveaux d&rsquo;intensit\u00e9<\/b>. Une excellente mani\u00e8re de se d\u00e9barrasser des tensions et douleurs qui peuvent s&rsquo;accumuler pendant la journ\u00e9e. Offrez vous un moment de pur plaisir.<\/p>\n<h3><img decoding=\"async\" ,=\"\" alt=\"Fauteuil BEURER MC 5000\" class=\"wy_tableau_right\" height=\"270\" src=\"https:\/\/boulanger.scene7.com\/is\/image\/Boulanger\/4211125640156_h_f_l_1?wid=400&amp;hei=270\" width=\"400\"\/>Un fauteuil polyvalent et innovant <\/h3>\n<p>Le grand plus du Fauteuil massant BEURER MC 5000 est sa polyvalence compl\u00e8te. Il vous propose une <b>position de d\u00e9tente optimale en allonge verticale<\/b> ainsi qu&rsquo;un dossier et un repose-pieds \u00e0 r\u00e9glage automatique. Choisissiez entre un massage complet avec syst\u00e8me de massage \u00e0 4 t\u00eates, un massage ponctuel ou bien partiel en un tour de main. <\/p>\n<p>Avec ses roulettes de transport, d\u00e9placer le Fauteuil massant BEURER MC 5000 du salon \u00e0 la chambre ou le bureau sera un vrai jeu d&rsquo;enfant. Il est dot\u00e9 d&rsquo;une <b>commande manuelle avec un grand \u00e9cran<\/b> \u00e9clair\u00e9 ce qui le rend tr\u00e8s facile \u00e0 utiliser. Sa surface d&rsquo;aspect cuir pourra \u00eatre nettoy\u00e9e en un clin d&rsquo;oeil \u00e0 l&rsquo;aide d&rsquo;un chiffon humide. <\/p>\n<\/p>\n<\/div>\n<p><bl-button a11yexpanded=\"false\" arialabel=\"Afficher toute la description\" class=\"read-more__btn\" full=\"false\" link=\"true\"><\/bl-button><\/div>","protected":false},"excerpt":{"rendered":"<div class=\"keypoints\">\n<h3 class=\"keypoints__title\">Les points cl\u00e9s<\/h3>\n<ul role=\"list\">\n<li class=\"keypoints__item\" role=\"listitem\">                          Garantie : 2 ans &#8211;                                                      Mouvement circulaire et malaxant agissant en profondeur                      <\/li>\n<li class=\"keypoints__item\" role=\"listitem\">                                        Fonction chaleur apaisante                      <\/li>\n<li class=\"keypoints__item\" role=\"listitem\">                                        Multi-usage corps                      <\/li>\n<li class=\"keypoints__item keypoints__item--advantage\" role=\"listitem\"><strong>Le + :<\/strong> massage par pression d&rsquo;air r\u00e9glable s\u00e9par\u00e9ment pour la zone de l&rsquo;assise, des mollets et des pieds.      <\/li>\n<\/ul>","protected":false},"featured_media":91253,"template":"","meta":{"_glsr_average":0,"_glsr_ranking":0,"_glsr_reviews":0},"product_cat":[507],"product_tag":[187,509,508],"class_list":{"0":"post-91254","1":"product","2":"type-product","3":"status-publish","4":"has-post-thumbnail","6":"product_cat-fauteuil-massant","7":"product_tag-beaute-sante","8":"product_tag-fauteuil-massant","9":"product_tag-massage-bien-etre","11":"first","12":"instock","13":"sale","14":"shipping-taxable","15":"purchasable","16":"product-type-simple"},"_links":{"self":[{"href":"https:\/\/electromenagerexpress.com\/en\/wp-json\/wp\/v2\/product\/91254","targetHints":{"allow":["GET"]}}],"collection":[{"href":"https:\/\/electromenagerexpress.com\/en\/wp-json\/wp\/v2\/product"}],"about":[{"href":"https:\/\/electromenagerexpress.com\/en\/wp-json\/wp\/v2\/types\/product"}],"wp:featuredmedia":[{"embeddable":true,"href":"https:\/\/electromenagerexpress.com\/en\/wp-json\/wp\/v2\/media\/91253"}],"wp:attachment":[{"href":"https:\/\/electromenagerexpress.com\/en\/wp-json\/wp\/v2\/media?parent=91254"}],"wp:term":[{"taxonomy":"product_cat","embeddable":true,"href":"https:\/\/electromenagerexpress.com\/en\/wp-json\/wp\/v2\/product_cat?post=91254"},{"taxonomy":"product_tag","embeddable":true,"href":"https:\/\/electromenagerexpress.com\/en\/wp-json\/wp\/v2\/product_tag?post=91254"}],"curies":[{"name":"wp","href":"https:\/\/api.w.org\/{rel}","templated":true}]}}