{"id":91250,"date":"2024-11-24T17:58:23","date_gmt":"2024-11-24T17:58:23","guid":{"rendered":"https:\/\/electromenagerexpress.com\/product\/velo-elliptiquebody-sculpturevelo-elliptique-body-sculpture-e1660\/"},"modified":"2024-11-24T17:58:25","modified_gmt":"2024-11-24T17:58:25","slug":"velo-elliptiquebody-sculpturevelo-elliptique-body-sculpture-e1660","status":"publish","type":"product","link":"https:\/\/electromenagerexpress.com\/en\/product\/velo-elliptiquebody-sculpturevelo-elliptique-body-sculpture-e1660\/","title":{"rendered":"V\u00e9lo elliptique\t\t\t\t\t\t\tBODY SCULPTURE\t\t\t\tV\u00e9lo elliptique &#8211; Body Sculpture E1660"},"content":{"rendered":"<div class=\"product-features__content\">\n<ul role=\"list\">\n<li class=\"product-features__item\" role=\"listitem\">\n<h3 class=\"product-features__label\">Pour prendre soin de vous<\/h3>\n<ul role=\"list\">\n<li class=\"product-features__item-list__item\" role=\"listitem\"><span class=\"is--medium\">D\u00e9couvrez notre boutique Sant\u00e9\/Bien-\u00catre :<\/span> <a href=\"https:\/\/www.boulanger.com\/evenement\/boutique-bien-etre-sante\" target=\"_blank\">Cliquez ici<\/a><\/li>\n<\/ul>\n<\/li>\n<li class=\"product-features__item\" role=\"listitem\">\n<h3 class=\"product-features__label\">Caract\u00e9ristiques g\u00e9n\u00e9rales<\/h3>\n<ul role=\"list\">\n<li class=\"product-features__item-list__item\" role=\"listitem\"><span class=\"is--medium\">Type de produit :<\/span> V\u00e9lo elliptique\t\t\t\t\t<\/li>\n<li class=\"product-features__item-list__item\" role=\"listitem\"><span class=\"is--medium\">Couleur :<\/span> Noir\t\t\t\t\t<\/li>\n<li class=\"product-features__item-list__item\" role=\"listitem\"><span class=\"is--medium\">Ecran int\u00e9gr\u00e9 :<\/span> Oui\t\t\t\t\t<\/li>\n<\/ul>\n<\/li>\n<li class=\"product-features__item\" role=\"listitem\">\n<h3 class=\"product-features__label\">Confort d&rsquo;utilisation<\/h3>\n<ul role=\"list\">\n<li class=\"product-features__item-list__item\" role=\"listitem\"><span class=\"is--medium\">Poids maximal utilisateur :<\/span> 100,00 Kg\t\t\t\t\t<\/li>\n<li class=\"product-features__item-list__item\" role=\"listitem\"><span class=\"is--medium\">Support :<\/span> Tablette et Smartphone\t\t\t\t\t<\/li>\n<\/ul>\n<\/li>\n<li class=\"product-features__item\" role=\"listitem\">\n<h3 class=\"product-features__label\">Encombrement &#8211; Installation<\/h3>\n<ul role=\"list\">\n<li class=\"product-features__item-list__item\" role=\"listitem\"><span class=\"is--medium\">Poids de l&rsquo;appareil :<\/span> 24,00 Kg\t\t\t\t\t<\/li>\n<\/ul>\n<\/li>\n<li class=\"product-features__item\" role=\"listitem\">\n<h3 class=\"product-features__label\">Affichage \u00e9cran<\/h3>\n<ul role=\"list\">\n<li class=\"product-features__item-list__item\" role=\"listitem\"><span class=\"is--medium\">Temps :<\/span> Oui\t\t\t\t\t<\/li>\n<li class=\"product-features__item-list__item\" role=\"listitem\"><span class=\"is--medium\">Distance :<\/span> Oui\t\t\t\t\t<\/li>\n<li class=\"product-features__item-list__item\" role=\"listitem\"><span class=\"is--medium\">Rythme cardiaque :<\/span> Oui\t\t\t\t\t<\/li>\n<li class=\"product-features__item-list__item\" role=\"listitem\"><span class=\"is--medium\">Calorie :<\/span> Oui\t\t\t\t\t<\/li>\n<li class=\"product-features__item-list__item\" role=\"listitem\"><span class=\"is--medium\">Vitesse :<\/span> Oui\t\t\t\t\t<\/li>\n<li class=\"product-features__item-list__item\" role=\"listitem\"><span class=\"is--medium\">Type d&rsquo;ecran :<\/span> LCD\t\t\t\t\t<\/li>\n<\/ul>\n<\/li>\n<li class=\"product-features__item\" role=\"listitem\">\n<h3 class=\"product-features__label\">Caract\u00e9ristiques techniques<\/h3>\n<ul role=\"list\">\n<li class=\"product-features__item-list__item\" role=\"listitem\"><span class=\"is--medium\">Type de r\u00e9sistance :<\/span> Magn\u00e9tique\t\t\t\t\t<\/li>\n<\/ul>\n<\/li>\n<li class=\"product-features__item\" role=\"listitem\">\n<h3 class=\"product-features__label\">Informations compl\u00e9mentaires<\/h3>\n<ul role=\"list\">\n<li class=\"product-features__item-list__item\" role=\"listitem\"><span class=\"is--medium\">Fabriqu\u00e9 en :<\/span> Europe\t\t\t\t\t<\/li>\n<li class=\"product-features__item-list__item\" role=\"listitem\"><span class=\"is--medium\">Disponibilit\u00e9 des pi\u00e8ces d\u00e9tach\u00e9es (donn\u00e9es fournisseur) :<\/span> Non communiqu\u00e9e\t\t\t\t\t<\/li>\n<\/ul>\n<\/li>\n<li class=\"product-features__item\" role=\"listitem\">\n<h3 class=\"product-features__label\">Dimensions<\/h3>\n<ul role=\"list\">\n<li class=\"product-features__item-list__item\" role=\"listitem\"><span class=\"is--medium\">Dimensions l x h x p :<\/span> 61 x 154 x 102.5 cm\t\t\t\t\t<\/li>\n<li class=\"product-features__item-list__item\" role=\"listitem\"><span class=\"is--medium\">Poids Net (kg) :<\/span> 24\t\t\t\t\t<\/li>\n<\/ul>\n<\/li>\n<\/ul>\n<\/div>\n<div class=\"product__disclosure-content\">\n<div class=\"js-read-more product-description__content read-more read-more--truncated\" data-read-more-name=\"description\" style=\"max-height: 500px; overflow: hidden;\">\n<p style=\"text-align: left;\">Le cross trainer elliptique magn\u00e9tique BE 1660 de Body Sculpture est l&rsquo;\u00e9quipement parfait qui vous permettra d&rsquo;effectuer un entra\u00eenement efficace \u00e0 domicile. Vous n&rsquo;aurez plus besoin de perdre du temps \u00e0 sortir, \u00e0 vous d\u00e9placer et \u00e0 acheter un abonnement \u00e0 une salle de sport. Le cross trainer elliptique est un appareil gr\u00e2ce auquel vous effectuerez un entra\u00eenement de tout le corps, et les tissus adipeux seront br\u00fbl\u00e9s de fa\u00e7on homog\u00e8ne. Il est parfait pour les personnes qui souhaitent am\u00e9liorer leur condition physique et l&rsquo;apparence de leur silhouette.<\/p>\n<p>La structure stable de l&rsquo;appareil garantit la s\u00e9curit\u00e9 et le confort pendant l&rsquo;exercice. De larges patins antid\u00e9rapants emp\u00eachent les jambes de glisser pendant l&rsquo;entra\u00eenement, et le mouvement du corps est naturel et libre. Le syst\u00e8me de r\u00e9sistance \u00e0 commande manuelle constitue un avantage suppl\u00e9mentaire du cross trainer elliptique. Il offre la possibilit\u00e9 d&rsquo;une gradation douce du niveau de difficult\u00e9 des exercices. Vous pouvez r\u00e9gler la r\u00e9sistance comme vous le souhaitez, puis changer de r\u00e9sistance au fur et \u00e0 mesure de votre entra\u00eenement sans avoir \u00e0 vous arr\u00eater.<\/p>\n<p>Des capteurs de fr\u00e9quence cardiaque sont pr\u00e9sents sur les poign\u00e9es. Gr\u00e2ce \u00e0 eux, vous pouvez effectuer un entra\u00eenement plus efficace avec l&rsquo;utilisation de zones de fr\u00e9quence cardiaque. Veuillez noter que la mesure de la fr\u00e9quence cardiaque \u00e0 l&rsquo;aide des capteurs du produit donne des r\u00e9sultats approximatifs. L&rsquo;\u00e9quipement n&rsquo;est pas un produit m\u00e9dical. L&rsquo;ordinateur multifonctionnel avec \u00e9cran LCD affiche des donn\u00e9es sur la vitesse, le temps, les calories, la distance et la fr\u00e9quence cardiaque. Vous pouvez ainsi suivre vos progr\u00e8s en temps r\u00e9el.<\/p>\n<p>Le cross trainer elliptique dispose \u00e9galement d&rsquo;un support pour smartphone. Gr\u00e2ce \u00e0 lui, vous n&rsquo;avez pas besoin de chercher un endroit s\u00fbr pour ranger le t\u00e9l\u00e9phone pendant l&rsquo;entra\u00eenement.<\/p>\n<\/p>\n<\/div>\n<p><bl-button a11yexpanded=\"false\" arialabel=\"Afficher toute la description\" class=\"read-more__btn\" full=\"false\" link=\"true\"><\/bl-button><\/div>","protected":false},"excerpt":{"rendered":"<p>None<\/p>","protected":false},"featured_media":91249,"template":"","meta":{"_glsr_average":0,"_glsr_ranking":0,"_glsr_reviews":0},"product_cat":[504],"product_tag":[187,505,500],"class_list":{"0":"post-91250","1":"product","2":"type-product","3":"status-publish","4":"has-post-thumbnail","6":"product_cat-equipement-du-sportif","7":"product_tag-beaute-sante","8":"product_tag-equipement-du-sportif","9":"product_tag-minceur-fitness","11":"first","12":"instock","13":"sale","14":"shipping-taxable","15":"purchasable","16":"product-type-simple"},"_links":{"self":[{"href":"https:\/\/electromenagerexpress.com\/en\/wp-json\/wp\/v2\/product\/91250","targetHints":{"allow":["GET"]}}],"collection":[{"href":"https:\/\/electromenagerexpress.com\/en\/wp-json\/wp\/v2\/product"}],"about":[{"href":"https:\/\/electromenagerexpress.com\/en\/wp-json\/wp\/v2\/types\/product"}],"wp:featuredmedia":[{"embeddable":true,"href":"https:\/\/electromenagerexpress.com\/en\/wp-json\/wp\/v2\/media\/91249"}],"wp:attachment":[{"href":"https:\/\/electromenagerexpress.com\/en\/wp-json\/wp\/v2\/media?parent=91250"}],"wp:term":[{"taxonomy":"product_cat","embeddable":true,"href":"https:\/\/electromenagerexpress.com\/en\/wp-json\/wp\/v2\/product_cat?post=91250"},{"taxonomy":"product_tag","embeddable":true,"href":"https:\/\/electromenagerexpress.com\/en\/wp-json\/wp\/v2\/product_tag?post=91250"}],"curies":[{"name":"wp","href":"https:\/\/api.w.org\/{rel}","templated":true}]}}