{"id":91237,"date":"2024-11-24T17:58:09","date_gmt":"2024-11-24T17:58:09","guid":{"rendered":"https:\/\/electromenagerexpress.com\/product\/rameurcapital-sportsstreamm2\/"},"modified":"2024-11-24T17:58:14","modified_gmt":"2024-11-24T17:58:14","slug":"rameurcapital-sportsstreamm2","status":"publish","type":"product","link":"https:\/\/electromenagerexpress.com\/en\/product\/rameurcapital-sportsstreamm2\/","title":{"rendered":"Rameur\t\t\t\t\t\t\tCAPITAL SPORTS\t\t\t\tStreamM2"},"content":{"rendered":"<div class=\"product-features__content\">\n<ul role=\"list\">\n<li class=\"product-features__item\" role=\"listitem\">\n<h3 class=\"product-features__label\">Pour prendre soin de vous<\/h3>\n<ul role=\"list\">\n<li class=\"product-features__item-list__item\" role=\"listitem\"><span class=\"is--medium\">D\u00e9couvrez notre boutique Sant\u00e9\/Bien-\u00catre :<\/span> <a href=\"https:\/\/www.boulanger.com\/evenement\/boutique-bien-etre-sante\" target=\"_blank\">Cliquez ici<\/a><\/li>\n<\/ul>\n<\/li>\n<li class=\"product-features__item\" role=\"listitem\">\n<h3 class=\"product-features__label\">Caract\u00e9ristiques g\u00e9n\u00e9rales<\/h3>\n<ul role=\"list\">\n<li class=\"product-features__item-list__item\" role=\"listitem\"><span class=\"is--medium\">Type de produit :<\/span> Rameur\t\t\t\t\t<\/li>\n<\/ul>\n<\/li>\n<li class=\"product-features__item\" role=\"listitem\">\n<h3 class=\"product-features__label\">Informations compl\u00e9mentaires<\/h3>\n<ul role=\"list\">\n<li class=\"product-features__item-list__item\" role=\"listitem\"><span class=\"is--medium\">Fabriqu\u00e9 en :<\/span> Europe\t\t\t\t\t<\/li>\n<li class=\"product-features__item-list__item\" role=\"listitem\"><span class=\"is--medium\">Disponibilit\u00e9 des pi\u00e8ces d\u00e9tach\u00e9es (donn\u00e9es fournisseur) :<\/span> Non communiqu\u00e9e\t\t\t\t\t<\/li>\n<\/ul>\n<\/li>\n<\/ul>\n<\/div>\n<div class=\"product__disclosure-content\">\n<div class=\"js-read-more product-description__content read-more read-more--truncated\" data-read-more-name=\"description\" style=\"max-height: 500px; overflow: hidden;\">\n<p><b>Rameur magn\u00e9tique pour un entra\u00eenement efficace et agr\u00e9able pour<br \/>les athl\u00e8tes jusqu&rsquo;\u00e0 100 kg.<\/b><\/p>\n<p><b>R\u00e9sistance combin\u00e9e : syst\u00e8me de r\u00e9sistance magn\u00e9tique et \u00e0 air r\u00e9glable en 16<br \/>niveaux avec volant d&rsquo;inertie en aluminium de pr\u00e9cision.<\/b><\/p>\n<p><b>Ordinateur de performance haut de gamme : pour r\u00e9gler la r\u00e9sistance, mesurer la<br \/>dur\u00e9e, les coups de rame, la distance, les calories ainsi que<br \/>support de tablette pour des m\u00e9dias vari\u00e9s.Top Features:<\/b><\/p>\n<p>\u2022 <b>R\u00e9sistance innovante :<\/b> R\u00e9sistance combin\u00e9e air et magn\u00e9tique \u00e0 16 niveaux<br \/>\u2022 <b>Finition de haute qualit\u00e9 :<\/b> cadre au standard ISO 20957 avec double glissi\u00e8re en<br \/>aluminium silencieuse<br \/>\u2022 <b>Entra\u00eenement complet du corps :<\/b> combustion tr\u00e8s efficace des graisses et<br \/>musculation douce pour les articulations<br \/>\u2022 <b>Entra\u00eenement et divertissement :<\/b> ordinateur d&rsquo;entra\u00eenement pour surveiller les<br \/>donn\u00e9es de condition physique avec 12 programmes, 4 modes H.R.C. et mode manuel<br \/>\u2022 <b>Peu encombrant et mobile :<\/b> rangement compact \u00e0 la verticale et roulettes pour<br \/>faciliter les d\u00e9placements<br \/>\u2022 <b>Contr\u00f4le app-solut :<\/b> Bluetooth pour un contr\u00f4le complet par tablette avec <i>iControl+<\/i><br \/>et int\u00e9gration de<i> Kinomap<\/i><\/p>\n<p><b>Caract\u00e9ristiques:<\/b><\/p>\n<p>\u2022 Int\u00e9gration de Kinomap<br \/>\u2022 Double glissi\u00e8re en aluminium<br \/>\u2022 Roulettes pour des d\u00e9placements facilit\u00e9s<br \/>\u2022 Rangement vertical<br \/>\u2022 Si\u00e8ge coulissant solide en plastique<br \/>\u2022 Pieds r\u00e9glables en hauteur pour une grande stabilit\u00e9 m\u00eame sur sol in\u00e9gal<br \/>\u2022 Niveau sonore extr\u00eamement r\u00e9duit<br \/>\u2022 Repose-pieds avec sangle ajustable<br \/>\u2022 Poids max. de l&rsquo;utilisateur : 100 kg<br \/>\u2022 Capteur de fr\u00e9quence cardiaque int\u00e9gr\u00e9 pour les ceintures cardio de 5 kHz<\/p>\n<p><b>Inclus dans la livraison:<\/b><\/p>\n<p>\u2022 1 x rameur<\/p>\n<p><b>Dimensions:<\/b><\/p>\n<p>\u2022 Dimensions : env. 49 x 87 x 211 cm (LxHxP)<br \/>\u2022 Dimensions (install\u00e9) : env. 49 x 211 x 87 cm (LxHxP)<br \/>\u2022 Poids : env. 33,5 kg<\/p>\n<\/div>\n<p><bl-button a11yexpanded=\"false\" arialabel=\"Afficher toute la description\" class=\"read-more__btn\" full=\"false\" link=\"true\"><\/bl-button><\/div>","protected":false},"excerpt":{"rendered":"<p>None<\/p>","protected":false},"featured_media":91236,"template":"","meta":{"_glsr_average":0,"_glsr_ranking":0,"_glsr_reviews":0},"product_cat":[504],"product_tag":[187,505,500],"class_list":{"0":"post-91237","1":"product","2":"type-product","3":"status-publish","4":"has-post-thumbnail","6":"product_cat-equipement-du-sportif","7":"product_tag-beaute-sante","8":"product_tag-equipement-du-sportif","9":"product_tag-minceur-fitness","11":"first","12":"instock","13":"sale","14":"shipping-taxable","15":"purchasable","16":"product-type-simple"},"_links":{"self":[{"href":"https:\/\/electromenagerexpress.com\/en\/wp-json\/wp\/v2\/product\/91237","targetHints":{"allow":["GET"]}}],"collection":[{"href":"https:\/\/electromenagerexpress.com\/en\/wp-json\/wp\/v2\/product"}],"about":[{"href":"https:\/\/electromenagerexpress.com\/en\/wp-json\/wp\/v2\/types\/product"}],"wp:featuredmedia":[{"embeddable":true,"href":"https:\/\/electromenagerexpress.com\/en\/wp-json\/wp\/v2\/media\/91236"}],"wp:attachment":[{"href":"https:\/\/electromenagerexpress.com\/en\/wp-json\/wp\/v2\/media?parent=91237"}],"wp:term":[{"taxonomy":"product_cat","embeddable":true,"href":"https:\/\/electromenagerexpress.com\/en\/wp-json\/wp\/v2\/product_cat?post=91237"},{"taxonomy":"product_tag","embeddable":true,"href":"https:\/\/electromenagerexpress.com\/en\/wp-json\/wp\/v2\/product_tag?post=91237"}],"curies":[{"name":"wp","href":"https:\/\/api.w.org\/{rel}","templated":true}]}}