{"id":91226,"date":"2024-11-24T17:57:58","date_gmt":"2024-11-24T17:57:58","guid":{"rendered":"https:\/\/electromenagerexpress.com\/product\/velo-elliptiqueklarfitfx-250\/"},"modified":"2024-11-24T17:58:07","modified_gmt":"2024-11-24T17:58:07","slug":"velo-elliptiqueklarfitfx-250","status":"publish","type":"product","link":"https:\/\/electromenagerexpress.com\/en\/product\/velo-elliptiqueklarfitfx-250\/","title":{"rendered":"V\u00e9lo elliptique\t\t\t\t\t\t\tKLARFIT\t\t\t\tFX 250"},"content":{"rendered":"<div class=\"product-features__content\">\n<ul role=\"list\">\n<li class=\"product-features__item\" role=\"listitem\">\n<h3 class=\"product-features__label\">Pour prendre soin de vous<\/h3>\n<ul role=\"list\">\n<li class=\"product-features__item-list__item\" role=\"listitem\"><span class=\"is--medium\">D\u00e9couvrez notre boutique Sant\u00e9\/Bien-\u00catre :<\/span> <a href=\"https:\/\/www.boulanger.com\/evenement\/boutique-bien-etre-sante\" target=\"_blank\">Cliquez ici<\/a><\/li>\n<\/ul>\n<\/li>\n<li class=\"product-features__item\" role=\"listitem\">\n<h3 class=\"product-features__label\">Caract\u00e9ristiques g\u00e9n\u00e9rales<\/h3>\n<ul role=\"list\">\n<li class=\"product-features__item-list__item\" role=\"listitem\"><span class=\"is--medium\">Type de produit :<\/span> V\u00e9lo elliptique\t\t\t\t\t<\/li>\n<li class=\"product-features__item-list__item\" role=\"listitem\"><span class=\"is--medium\">Couleur :<\/span> Noir\t\t\t\t\t<\/li>\n<li class=\"product-features__item-list__item\" role=\"listitem\"><span class=\"is--medium\">Nombre de programmes :<\/span> 8\t\t\t\t\t<\/li>\n<\/ul>\n<\/li>\n<li class=\"product-features__item\" role=\"listitem\">\n<h3 class=\"product-features__label\">Confort d&rsquo;utilisation<\/h3>\n<ul role=\"list\">\n<li class=\"product-features__item-list__item\" role=\"listitem\"><span class=\"is--medium\">Poids maximal utilisateur :<\/span> 110,00 Kg\t\t\t\t\t<\/li>\n<\/ul>\n<\/li>\n<li class=\"product-features__item\" role=\"listitem\">\n<h3 class=\"product-features__label\">Encombrement &#8211; Installation<\/h3>\n<ul role=\"list\">\n<li class=\"product-features__item-list__item\" role=\"listitem\"><span class=\"is--medium\">Poids de l&rsquo;appareil :<\/span> 25,00 Kg\t\t\t\t\t<\/li>\n<\/ul>\n<\/li>\n<li class=\"product-features__item\" role=\"listitem\">\n<h3 class=\"product-features__label\">Informations compl\u00e9mentaires<\/h3>\n<ul role=\"list\">\n<li class=\"product-features__item-list__item\" role=\"listitem\"><span class=\"is--medium\">Disponibilit\u00e9 des pi\u00e8ces d\u00e9tach\u00e9es (donn\u00e9es fournisseur) :<\/span> Non communiqu\u00e9e\t\t\t\t\t<\/li>\n<\/ul>\n<\/li>\n<li class=\"product-features__item\" role=\"listitem\">\n<h3 class=\"product-features__label\">Dimensions<\/h3>\n<ul role=\"list\">\n<li class=\"product-features__item-list__item\" role=\"listitem\"><span class=\"is--medium\">Dimensions l x h x p :<\/span> 55 x 150 x 85 cm\t\t\t\t\t<\/li>\n<\/ul>\n<\/li>\n<\/ul>\n<\/div>\n<div class=\"product__disclosure-content\">\n<div class=\"js-read-more product-description__content read-more read-more--truncated\" data-read-more-name=\"description\" style=\"max-height: 500px; overflow: hidden;\">\n<p><b>V\u00e9lo elliptique motivant avec pulsom\u00e8tre \u00e0 hauteur des mains, ordinateur<br \/>d&rsquo;entrainement et forme ergonomique. <\/b><\/p>\n<p><b>\u00c9conome en espace avec seulement 55x85cm de surface au sol. <\/b><\/p>\n<p>Le<b> Klarfit<\/b> ELLIFIT FX250 est un <b>v\u00e9lo elliptique<\/b> poss\u00e9dant toutes les qualit\u00e9s d&rsquo;un<br \/>appareil de musculation de studio pour un prix raisonnable. Malgr\u00e9 sa versatilit\u00e9, le<br \/><b>Crosstrainer <\/b>de Klarfit n&rsquo;occupe qu&rsquo;une surface extr\u00eamement r\u00e9duite au sol de sorte \u00e0<br \/>pouvoir le placer dans n&rsquo;importe quel int\u00e9rieur. Ses pieds non agressifs envers le<br \/>sol et son poids imposant lui autorisent une grande stabilit\u00e9 pour plus de s\u00e9curit\u00e9<br \/>et permettent \u00e9galement de minimiser les d\u00e9sagr\u00e9ments que sont l&rsquo;usure des sols et<br \/>des bruits de fonctionnement pouvant s&rsquo;av\u00e9rer d\u00e9sagr\u00e9able. Ses roulettes permettent<br \/>\u00e9galement de d\u00e9placer l&rsquo;appareil d&rsquo;un point A \u00e0 un point B sans trop d&rsquo;effort.<\/p>\n<p>Le chalenge athl\u00e9tique peut \u00eatre relev\u00e9 sur 8 niveaux diff\u00e9rents du terrain plat \u00e0<br \/>l&rsquo;\u00e9chapp\u00e9e en montagne. Un pulsom\u00e8tre est en outre inclus dans les poign\u00e9es vous<br \/>permettant de surveiller votre pouls pour un contr\u00f4le efficace de votre entrainement.<br \/>L&rsquo;ordinateur de bord vous renseigne \u00e9galement sur le temps, la vitesse, la<br \/>consommation en calorie et la distance soit toutes les informations qui vous<br \/>permettent de surveiller l&rsquo;ad\u00e9quation ou la discr\u00e9pance de vos prouesses avec vos<br \/>objectifs sportifs.<\/p>\n<p>Avec ses surfaces d&rsquo;appui stri\u00e9es, le v\u00e9lo d&rsquo;entrainement \u00e0 domicile <b>Klarfit<\/b> Ellifit<br \/>FX 250 se r\u00e9v\u00e8le extr\u00eamement ergonomique et capable d&rsquo;accueillir les corpulences<br \/>menues comme les plus imposantes. Les diverses poign\u00e9es vous permettent d&rsquo;adopter<br \/>diff\u00e9rentes postures de sorte \u00e0 pouvoir appuyer sur les p\u00e9dales efficacement afin de<br \/>d\u00e9crocher de nouveaux records.<\/p>\n<p><b>Notez que l&rsquo;appareil est livr\u00e9 d\u00e9mont\u00e9. Le montage devrait prendre dans les 30<br \/>minutes selon votre dext\u00e9rit\u00e9. Une notice de montage illustr\u00e9e ainsi que tout le<br \/>mat\u00e9riel de montage sont bien \u00e9videmment inclus dans la livraison. <\/b><\/p>\n<p><b>Top Features:<\/b><\/p>\n<p>\u2022 Crosstrainer athl\u00e9tique avec ordinateur d\u00a0\u00bbentrainement pour l&rsquo;organisation et le<br \/>suivi de vos sessions sportives<br \/>\u2022 Moniteur pouls pour un contr\u00f4le pr\u00e9cis de l&rsquo;ordinateur d&rsquo;entrainement<br \/>\u2022 Installation rapide, gr\u00e2ce \u00e0 des instructions de montage d\u00e9taill\u00e9es illustr\u00e9es<br \/>\u2022 R\u00e9sistance r\u00e9glable \u00e0 8 niveaux<br \/>\u2022 Roulettes pour faciliter le positionnement<\/p>\n<p><b>Caract\u00e9ristiques:<\/b><\/p>\n<p> \u2022 Fonctions de l&rsquo;ordinateur: temps, distance, vitesse, calories br\u00fbl\u00e9es, pouls, scan<br \/>(affichage alternatif)<br \/> \u2022 Capacit\u00e9 de charge: max. 110 kg<br \/> \u2022 Mat\u00e9riaux: m\u00e9tal, plastique<br \/> \u2022 Surface pieds antid\u00e9rapantes<br \/> \u2022 Construction robuste avec poign\u00e9es et hanses mains<br \/> \u2022 Poign\u00e9es rembourr\u00e9es en mousse PU<br \/> \u2022 Ordinateur d&rsquo;entra\u00eenement avec affichage LCD facile \u00e0 lire et gros boutons<br \/> \u2022 Cadre robuste<br \/> \u2022 Surface au sol qui n&rsquo;abime pas les parquets et stable<br \/> \u2022 Alimentation ordinateur d&rsquo;entrainement: 2 x piles AA (incluses)<\/p>\n<p><b>Inclus dans la livraison:<\/b><\/p>\n<p>\u2022 1 x Appareil <br \/>\u2022 1 x Mat\u00e9riel de montage <\/p>\n<p><b>Dimensions:<\/b><\/p>\n<p>\u2022 55 x 150 x 85cm (LxHxP)<br \/>\u2022 Poids: env. 25kg<\/p>\n<\/div>\n<p><bl-button a11yexpanded=\"false\" arialabel=\"Afficher toute la description\" class=\"read-more__btn\" full=\"false\" link=\"true\"><\/bl-button><\/div>","protected":false},"excerpt":{"rendered":"<p>None<\/p>","protected":false},"featured_media":91225,"template":"","meta":{"_glsr_average":0,"_glsr_ranking":0,"_glsr_reviews":0},"product_cat":[504],"product_tag":[187,505,500],"class_list":{"0":"post-91226","1":"product","2":"type-product","3":"status-publish","4":"has-post-thumbnail","6":"product_cat-equipement-du-sportif","7":"product_tag-beaute-sante","8":"product_tag-equipement-du-sportif","9":"product_tag-minceur-fitness","11":"first","12":"instock","13":"shipping-taxable","14":"purchasable","15":"product-type-simple"},"_links":{"self":[{"href":"https:\/\/electromenagerexpress.com\/en\/wp-json\/wp\/v2\/product\/91226","targetHints":{"allow":["GET"]}}],"collection":[{"href":"https:\/\/electromenagerexpress.com\/en\/wp-json\/wp\/v2\/product"}],"about":[{"href":"https:\/\/electromenagerexpress.com\/en\/wp-json\/wp\/v2\/types\/product"}],"wp:featuredmedia":[{"embeddable":true,"href":"https:\/\/electromenagerexpress.com\/en\/wp-json\/wp\/v2\/media\/91225"}],"wp:attachment":[{"href":"https:\/\/electromenagerexpress.com\/en\/wp-json\/wp\/v2\/media?parent=91226"}],"wp:term":[{"taxonomy":"product_cat","embeddable":true,"href":"https:\/\/electromenagerexpress.com\/en\/wp-json\/wp\/v2\/product_cat?post=91226"},{"taxonomy":"product_tag","embeddable":true,"href":"https:\/\/electromenagerexpress.com\/en\/wp-json\/wp\/v2\/product_tag?post=91226"}],"curies":[{"name":"wp","href":"https:\/\/api.w.org\/{rel}","templated":true}]}}