{"id":91205,"date":"2024-11-24T17:57:37","date_gmt":"2024-11-24T17:57:37","guid":{"rendered":"https:\/\/electromenagerexpress.com\/product\/velo-dappartementvidaxlgris\/"},"modified":"2024-11-24T17:57:45","modified_gmt":"2024-11-24T17:57:45","slug":"velo-dappartementvidaxlgris","status":"publish","type":"product","link":"https:\/\/electromenagerexpress.com\/en\/product\/velo-dappartementvidaxlgris\/","title":{"rendered":"V\u00e9lo d&rsquo;appartement\t\t\t\t\t\t\tVIDAXL\t\t\t\tGris"},"content":{"rendered":"<div class=\"product-features__content\">\n<ul role=\"list\">\n<li class=\"product-features__item\" role=\"listitem\">\n<h3 class=\"product-features__label\">Pour prendre soin de vous<\/h3>\n<ul role=\"list\">\n<li class=\"product-features__item-list__item\" role=\"listitem\"><span class=\"is--medium\">D\u00e9couvrez notre boutique Sant\u00e9\/Bien-\u00catre :<\/span> <a href=\"https:\/\/www.boulanger.com\/evenement\/boutique-bien-etre-sante\" target=\"_blank\">Cliquez ici<\/a><\/li>\n<\/ul>\n<\/li>\n<li class=\"product-features__item\" role=\"listitem\">\n<h3 class=\"product-features__label\">Caract\u00e9ristiques g\u00e9n\u00e9rales<\/h3>\n<ul role=\"list\">\n<li class=\"product-features__item-list__item\" role=\"listitem\"><span class=\"is--medium\">Type de produit :<\/span> V\u00e9lo appartement\t\t\t\t\t<\/li>\n<\/ul>\n<\/li>\n<li class=\"product-features__item\" role=\"listitem\">\n<h3 class=\"product-features__label\">Informations compl\u00e9mentaires<\/h3>\n<ul role=\"list\">\n<li class=\"product-features__item-list__item\" role=\"listitem\"><span class=\"is--medium\">Fabriqu\u00e9 en :<\/span> Chine\t\t\t\t\t<\/li>\n<li class=\"product-features__item-list__item\" role=\"listitem\"><span class=\"is--medium\">Disponibilit\u00e9 des pi\u00e8ces d\u00e9tach\u00e9es (donn\u00e9es fournisseur) :<\/span> Non concern\u00e9\t\t\t\t\t<\/li>\n<li class=\"product-features__item-list__item\" role=\"listitem\"><span class=\"is--medium\">R\u00e9f\u00e9rence constructeur :<\/span> Gris\t\t\t\t\t<\/li>\n<li class=\"product-features__item-list__item\" role=\"listitem\"><span class=\"is--medium\">Marque :<\/span> VIDAXL\t\t\t\t\t<\/li>\n<\/ul>\n<\/li>\n<li class=\"product-features__item\" role=\"listitem\">\n<h3 class=\"product-features__label\">Dimensions<\/h3>\n<ul role=\"list\">\n<li class=\"product-features__item-list__item\" role=\"listitem\"><span class=\"is--medium\">Dimensions l x h x p :<\/span> 136 x 92.5 x NC cm\t\t\t\t\t<\/li>\n<li class=\"product-features__item-list__item\" role=\"listitem\"><span class=\"is--medium\">Poids Net (kg) :<\/span> 25\t\t\t\t\t<\/li>\n<\/ul>\n<\/li>\n<\/ul>\n<\/div>\n<div class=\"product__disclosure-content\">\n<div class=\"js-read-more product-description__content read-more read-more--truncated\" data-read-more-name=\"description\" style=\"max-height: 500px; overflow: hidden;\">\n<p>Ce v\u00e9lo couch\u00e9 d&rsquo;exercice magn\u00e9tique et robuste d&rsquo;appartement sera un excellent choix pour faire de l&rsquo;exercice \u00e0 la maison. \u00c9quip\u00e9 d&rsquo;un volant d&rsquo;inertie avec 8 niveaux de r\u00e9sistance s\u00e9lectionnables, d&rsquo;un \u00e9cran d&rsquo;ordinateur LCD et d&rsquo;un si\u00e8ge r\u00e9glable horizontalement, ce v\u00e9lo d&rsquo;appartement vous permettra de vous entra\u00eener efficacement.<\/p>\n<p>\u00a0<\/p>\n<p>Vous pouvez surveiller vos performances sur l&rsquo;\u00e9cran LCD qui affiche des informations sur le temps \u00e9coul\u00e9, la vitesse actuelle, la distance, les calories br\u00fbl\u00e9es, l&rsquo;odom\u00e8tre et le pouls. L&rsquo;\u00e9cran de l&rsquo;ordinateur est dot\u00e9 d&rsquo;un support pour tablette pour que vous puissiez utiliser votre tablette ou regarder un film pendant votre s\u00e9ance d&rsquo;entra\u00eenement. Le v\u00e9lo de fitness est ergonomique. Le si\u00e8ge \u00e0 rembourrage \u00e9pais vous offre une assise plus confortable et peut \u00eatre ajust\u00e9 pour la position la plus confortable avec le bouton \u00e0 ressort. Les p\u00e9dales antid\u00e9rapantes permettent un transfert optimal de la puissance de vos pieds aux p\u00e9dales. Les sangles des p\u00e9dales emp\u00eacheront vos pieds de glisser accidentellement des p\u00e9dales. Le syst\u00e8me de r\u00e9sistance magn\u00e9tique et le volant d&rsquo;inertie \u00e9quilibr\u00e9 avec pr\u00e9cision sont sans frottement pour un fonctionnement r\u00e9gulier, silencieux et sans entretien. Les rouleaux de transport \u00e0 la base facilitent le d\u00e9placement du v\u00e9lo ergonom\u00e9trique. L&rsquo;appareil de cardio doit \u00eatre assembl\u00e9. <\/p>\n<\/p>\n<ul>\n<li>Couleur : gris et jaune<\/li>\n<li>Mat\u00e9riau : m\u00e9tal et plastique<\/li>\n<li>Dimensions : 136 x 56 x 92,5 cm (L x I x H)<\/li>\n<li>Poids total : 22 kg<\/li>\n<li>Masse en rotation : 7 kg<\/li>\n<li>Poids maximal de l\u2019utilisateur : 100 kg<\/li>\n<li>R\u00e9sistance magn\u00e9tique lisse et puissante<\/li>\n<li>Si\u00e8ge r\u00e9glable horizontalement avec bouton \u00e0 ressort<\/li>\n<li>P\u00e9dales antid\u00e9rapantes avec sangles<\/li>\n<li>8 contr\u00f4les de la r\u00e9sistance<\/li>\n<li>Avec rouleaux de transport \u00e0 la base<\/li>\n<li>Y compris la fonction de mesure du pouls<\/li>\n<li>Grand ordinateur LCD avec support de tablette<\/li>\n<li>Fonctions de l&rsquo;ordinateur LCD : balayage, temps, vitesse, distance, calories, odom\u00e8tre, pouls<\/li>\n<li>Avec 2 piles AAA<\/li>\n<li>Facile \u00e0 assembler<\/li>\n<li>Mat\u00e9riel: PVC: 100%<\/li>\n<li>EAN : 8718475607861<\/li>\n<li>SKU : 91443<\/li>\n<li>Marque : vidaXL<\/li>\n<\/ul>\n<\/div>\n<p><bl-button a11yexpanded=\"false\" arialabel=\"Afficher toute la description\" class=\"read-more__btn\" full=\"false\" link=\"true\"><\/bl-button><\/div>","protected":false},"excerpt":{"rendered":"<p>None<\/p>","protected":false},"featured_media":91204,"template":"","meta":{"_glsr_average":0,"_glsr_ranking":0,"_glsr_reviews":0},"product_cat":[504],"product_tag":[187,505,500],"class_list":{"0":"post-91205","1":"product","2":"type-product","3":"status-publish","4":"has-post-thumbnail","6":"product_cat-equipement-du-sportif","7":"product_tag-beaute-sante","8":"product_tag-equipement-du-sportif","9":"product_tag-minceur-fitness","11":"first","12":"instock","13":"sale","14":"shipping-taxable","15":"purchasable","16":"product-type-simple"},"_links":{"self":[{"href":"https:\/\/electromenagerexpress.com\/en\/wp-json\/wp\/v2\/product\/91205","targetHints":{"allow":["GET"]}}],"collection":[{"href":"https:\/\/electromenagerexpress.com\/en\/wp-json\/wp\/v2\/product"}],"about":[{"href":"https:\/\/electromenagerexpress.com\/en\/wp-json\/wp\/v2\/types\/product"}],"wp:featuredmedia":[{"embeddable":true,"href":"https:\/\/electromenagerexpress.com\/en\/wp-json\/wp\/v2\/media\/91204"}],"wp:attachment":[{"href":"https:\/\/electromenagerexpress.com\/en\/wp-json\/wp\/v2\/media?parent=91205"}],"wp:term":[{"taxonomy":"product_cat","embeddable":true,"href":"https:\/\/electromenagerexpress.com\/en\/wp-json\/wp\/v2\/product_cat?post=91205"},{"taxonomy":"product_tag","embeddable":true,"href":"https:\/\/electromenagerexpress.com\/en\/wp-json\/wp\/v2\/product_tag?post=91205"}],"curies":[{"name":"wp","href":"https:\/\/api.w.org\/{rel}","templated":true}]}}