{"id":91198,"date":"2024-11-24T17:57:30","date_gmt":"2024-11-24T17:57:30","guid":{"rendered":"https:\/\/electromenagerexpress.com\/product\/rameurcapital-sportsflowm1\/"},"modified":"2024-11-24T17:57:35","modified_gmt":"2024-11-24T17:57:35","slug":"rameurcapital-sportsflowm1","status":"publish","type":"product","link":"https:\/\/electromenagerexpress.com\/en\/product\/rameurcapital-sportsflowm1\/","title":{"rendered":"Rameur\t\t\t\t\t\t\tCAPITAL SPORTS\t\t\t\tFlowM1"},"content":{"rendered":"<div class=\"product-features__content\">\n<ul role=\"list\">\n<li class=\"product-features__item\" role=\"listitem\">\n<h3 class=\"product-features__label\">Pour prendre soin de vous<\/h3>\n<ul role=\"list\">\n<li class=\"product-features__item-list__item\" role=\"listitem\"><span class=\"is--medium\">D\u00e9couvrez notre boutique Sant\u00e9\/Bien-\u00catre :<\/span> <a href=\"https:\/\/www.boulanger.com\/evenement\/boutique-bien-etre-sante\" target=\"_blank\">Cliquez ici<\/a><\/li>\n<\/ul>\n<\/li>\n<li class=\"product-features__item\" role=\"listitem\">\n<h3 class=\"product-features__label\">Caract\u00e9ristiques g\u00e9n\u00e9rales<\/h3>\n<ul role=\"list\">\n<li class=\"product-features__item-list__item\" role=\"listitem\"><span class=\"is--medium\">Type de produit :<\/span> Rameur\t\t\t\t\t<\/li>\n<\/ul>\n<\/li>\n<li class=\"product-features__item\" role=\"listitem\">\n<h3 class=\"product-features__label\">Informations compl\u00e9mentaires<\/h3>\n<ul role=\"list\">\n<li class=\"product-features__item-list__item\" role=\"listitem\"><span class=\"is--medium\">Fabriqu\u00e9 en :<\/span> Europe\t\t\t\t\t<\/li>\n<li class=\"product-features__item-list__item\" role=\"listitem\"><span class=\"is--medium\">Disponibilit\u00e9 des pi\u00e8ces d\u00e9tach\u00e9es (donn\u00e9es fournisseur) :<\/span> Non communiqu\u00e9e\t\t\t\t\t<\/li>\n<\/ul>\n<\/li>\n<\/ul>\n<\/div>\n<div class=\"product__disclosure-content\">\n<div class=\"js-read-more product-description__content read-more read-more--truncated\" data-read-more-name=\"description\" style=\"max-height: 500px; overflow: hidden;\">\n<p>Top Features:<\/p>\n<p>\u2022 <b>R\u00e9sistance naturelle de l&rsquo;eau :<\/b> r\u00e9glable par le niveau de remplissage et 8 niveaux<br \/>de r\u00e9sistance avec un maximum de 13 litres<br \/>\u2022 <b>Information compl\u00e8te :<\/b> \u00c9cran \u00e0 cristaux liquides pour surveiller la puissance, la<br \/>distance, les calories, les coups de rame par minute et bien plus encore.<br \/>\u2022 <b>Gain de place et mobilit\u00e9 :<\/b> rangement compact en position verticale et d\u00e9placement<br \/>facile gr\u00e2ce aux roulettes<br \/>\u2022 <b>Entra\u00eenement ludique :<\/b> Support de tablette int\u00e9gr\u00e9 pour enrichir l&rsquo;entra\u00eenement<br \/>d&rsquo;un contenu multim\u00e9dia sur tablette ou smartphone<br \/>\u2022 <b>\u00c9l\u00e9ment de design robuste :<\/b> rameur \u00e9l\u00e9gant avec cadre en acier robuste pour la<br \/>maison ou la salle de sport \u00e0 domicile<br \/>\u2022 <b>Fabrication de haute qualit\u00e9 :<\/b> rail silencieux en aluminium de 80 cm et roulement<br \/>en plastique pour un entra\u00eenement agr\u00e9able et silencieux<\/p>\n<p><b>Caract\u00e9ristiques:<\/b><\/p>\n<p>\u2022 poids max. de l&rsquo;utilisateur : 150 kg<br \/>\u2022 pr\u00e9-assembl\u00e9, montage simple<br \/>\u2022 Roulettes pour des d\u00e9placements faciles<br \/>\u2022 si\u00e8ge coulissant stable en plastique PU<br \/>\u2022son d&rsquo;entra\u00eenement naturel et silencieux<br \/>\u2022 Repose-pieds avec sangle de maintien r\u00e9glable<br \/>\u2022 Installation facile gr\u00e2ce au centre de gravit\u00e9 dans le r\u00e9servoir d&rsquo;eau<br \/>\u2022 vidange facile de l&rsquo;eau gr\u00e2ce \u00e0 la pompe manuelle et au tuyau fournis<br \/>\u2022 Alimentation de l&rsquo;ordinateur d&rsquo;entra\u00eenement : 2 piles AA (non incluses)<br \/>\u2022 Ordinateur d&rsquo;entra\u00eenement avec capteur de pulsations de 5,3 kHz pour la mesure du<br \/>pouls par une ceinture thoracique de fr\u00e9quence cardiaque en option (ceinture<br \/>thoracique non incluse)<\/p>\n<p><b>Inclus dans la livraison:<\/b><\/p>\n<p>\u2022 1 x rameur \u00e0 eau<br \/>\u2022 1 x pompe \u00e0 eau + tuyau<br \/>\u2022 1 x flacon avec lubrifiant<br \/>\u2022 Mode d&#8217;emploi en fran\u00e7ais<\/p>\n<p><b>Dimensions:<\/b><\/p>\n<p>\u2022 Dimensions : environ 51,5 x 95 x 156 cm (LxHxP)<br \/>\u2022 Dimensions (mont\u00e9) : environ 51,5 x 156 x 95 cm (LxHxP)<br \/>\u2022 Poids (sans eau) : environ 32,4 kg<\/p>\n<\/div>\n<p><bl-button a11yexpanded=\"false\" arialabel=\"Afficher toute la description\" class=\"read-more__btn\" full=\"false\" link=\"true\"><\/bl-button><\/div>","protected":false},"excerpt":{"rendered":"<p>None<\/p>","protected":false},"featured_media":91197,"template":"","meta":{"_glsr_average":0,"_glsr_ranking":0,"_glsr_reviews":0},"product_cat":[504],"product_tag":[187,505,500],"class_list":{"0":"post-91198","1":"product","2":"type-product","3":"status-publish","4":"has-post-thumbnail","6":"product_cat-equipement-du-sportif","7":"product_tag-beaute-sante","8":"product_tag-equipement-du-sportif","9":"product_tag-minceur-fitness","11":"first","12":"instock","13":"sale","14":"shipping-taxable","15":"purchasable","16":"product-type-simple"},"_links":{"self":[{"href":"https:\/\/electromenagerexpress.com\/en\/wp-json\/wp\/v2\/product\/91198","targetHints":{"allow":["GET"]}}],"collection":[{"href":"https:\/\/electromenagerexpress.com\/en\/wp-json\/wp\/v2\/product"}],"about":[{"href":"https:\/\/electromenagerexpress.com\/en\/wp-json\/wp\/v2\/types\/product"}],"wp:featuredmedia":[{"embeddable":true,"href":"https:\/\/electromenagerexpress.com\/en\/wp-json\/wp\/v2\/media\/91197"}],"wp:attachment":[{"href":"https:\/\/electromenagerexpress.com\/en\/wp-json\/wp\/v2\/media?parent=91198"}],"wp:term":[{"taxonomy":"product_cat","embeddable":true,"href":"https:\/\/electromenagerexpress.com\/en\/wp-json\/wp\/v2\/product_cat?post=91198"},{"taxonomy":"product_tag","embeddable":true,"href":"https:\/\/electromenagerexpress.com\/en\/wp-json\/wp\/v2\/product_tag?post=91198"}],"curies":[{"name":"wp","href":"https:\/\/api.w.org\/{rel}","templated":true}]}}