{"id":91192,"date":"2024-11-24T17:57:24","date_gmt":"2024-11-24T17:57:24","guid":{"rendered":"https:\/\/electromenagerexpress.com\/product\/velo-elliptiquecapital-sportshelix-pro\/"},"modified":"2024-11-24T17:57:28","modified_gmt":"2024-11-24T17:57:28","slug":"velo-elliptiquecapital-sportshelix-pro","status":"publish","type":"product","link":"https:\/\/electromenagerexpress.com\/en\/product\/velo-elliptiquecapital-sportshelix-pro\/","title":{"rendered":"V\u00e9lo elliptique\t\t\t\t\t\t\tCAPITAL SPORTS\t\t\t\tHelix Pro"},"content":{"rendered":"<div class=\"product-features__content\">\n<ul role=\"list\">\n<li class=\"product-features__item\" role=\"listitem\">\n<h3 class=\"product-features__label\">Pour prendre soin de vous<\/h3>\n<ul role=\"list\">\n<li class=\"product-features__item-list__item\" role=\"listitem\"><span class=\"is--medium\">D\u00e9couvrez notre boutique Sant\u00e9\/Bien-\u00catre :<\/span> <a href=\"https:\/\/www.boulanger.com\/evenement\/boutique-bien-etre-sante\" target=\"_blank\">Cliquez ici<\/a><\/li>\n<\/ul>\n<\/li>\n<li class=\"product-features__item\" role=\"listitem\">\n<h3 class=\"product-features__label\">Caract\u00e9ristiques g\u00e9n\u00e9rales<\/h3>\n<ul role=\"list\">\n<li class=\"product-features__item-list__item\" role=\"listitem\"><span class=\"is--medium\">Type de produit :<\/span> V\u00e9lo elliptique\t\t\t\t\t<\/li>\n<\/ul>\n<\/li>\n<li class=\"product-features__item\" role=\"listitem\">\n<h3 class=\"product-features__label\">Informations compl\u00e9mentaires<\/h3>\n<ul role=\"list\">\n<li class=\"product-features__item-list__item\" role=\"listitem\"><span class=\"is--medium\">Fabriqu\u00e9 en :<\/span> Europe\t\t\t\t\t<\/li>\n<li class=\"product-features__item-list__item\" role=\"listitem\"><span class=\"is--medium\">Disponibilit\u00e9 des pi\u00e8ces d\u00e9tach\u00e9es (donn\u00e9es fournisseur) :<\/span> Non communiqu\u00e9e\t\t\t\t\t<\/li>\n<\/ul>\n<\/li>\n<\/ul>\n<\/div>\n<div class=\"product__disclosure-content\">\n<div class=\"js-read-more product-description__content read-more read-more--truncated\" data-read-more-name=\"description\" style=\"max-height: 500px; overflow: hidden;\">\n<p>Top Features:<\/p>\n<p>\u2022 <b>Entra\u00eenement multim\u00e9dia : <\/b>int\u00e9gration compl\u00e8te de Kinomap avec des milliers de<br \/>kilom\u00e8tres de parcours virtuels de course et mode comp\u00e9tition<br \/>\u2022 <b>Entra\u00eenement au choix :<\/b> syst\u00e8me <i>MagResist<\/i> avec 32 niveaux de r\u00e9sistance magn\u00e9tique<br \/>r\u00e9glables<br \/>\u2022 <b>A pleine puissance :<\/b> masse d&rsquo;inertie de 20 kg pour une r\u00e9sistance massive \u00e0<br \/>l&rsquo;entra\u00eenement<br \/>\u2022 <b>Silencieux :<\/b><i>SilentBelt-System<\/i> pour un entra\u00eenement par courroie extr\u00eamement<br \/>silencieux<br \/>\u2022 <b>Retour Bluetooth :<\/b> contr\u00f4le direct de la r\u00e9sistance magn\u00e9tique adapt\u00e9e au parcours<br \/>de course virtuel <i>et CS CardioConnect<\/i><br \/>\u2022 <b>V\u00e9lo elliptique d&rsquo;entra\u00eenement :<\/b> course optimis\u00e9e douce pour les articulations avec<br \/>grande ellipse de course et foul\u00e9e de 38 cm<br \/>\u2022 <\/p>\n<p><b>Caract\u00e9ristiques:<\/b><\/p>\n<p>\u2022 Ordinateur d&rsquo;entra\u00eenement d&rsquo;utilisation facile<br \/>\u2022 12 programmes d&rsquo;entra\u00eenement : Programme puissance : nombre de watts fix\u00e9<br \/>\u2022 Programme cardio : atteignez une fr\u00e9quence cardiaque cible<br \/>\u2022 Mode manuel : choix de la dur\u00e9e, distance , des calories ou de la fr\u00e9quence<br \/>cardiaque<br \/>\u2022 Poids max. de l&rsquo;utilisateur : 130 kg<br \/>\u2022 Alimentation : 220-240 V | 50\/60 Hz<\/p>\n<p><b>Inclus dans la livraison:<\/b><\/p>\n<p>\u2022 1 x v\u00e9lo d&rsquo;entra\u00eenement<br \/>\u2022 Mode d&#8217;emploi fourni<\/p>\n<p><b>Dimensions:<\/b><\/p>\n<p>\u2022 Encombrement : env. 60 x 167 x 154 cm (LxHxP)<br \/>\u2022 Poids : env. 45 kg<\/p>\n<\/div>\n<p><bl-button a11yexpanded=\"false\" arialabel=\"Afficher toute la description\" class=\"read-more__btn\" full=\"false\" link=\"true\"><\/bl-button><\/div>","protected":false},"excerpt":{"rendered":"<p>None<\/p>","protected":false},"featured_media":91191,"template":"","meta":{"_glsr_average":0,"_glsr_ranking":0,"_glsr_reviews":0},"product_cat":[504],"product_tag":[187,505,500],"class_list":{"0":"post-91192","1":"product","2":"type-product","3":"status-publish","4":"has-post-thumbnail","6":"product_cat-equipement-du-sportif","7":"product_tag-beaute-sante","8":"product_tag-equipement-du-sportif","9":"product_tag-minceur-fitness","11":"first","12":"instock","13":"sale","14":"shipping-taxable","15":"purchasable","16":"product-type-simple"},"_links":{"self":[{"href":"https:\/\/electromenagerexpress.com\/en\/wp-json\/wp\/v2\/product\/91192","targetHints":{"allow":["GET"]}}],"collection":[{"href":"https:\/\/electromenagerexpress.com\/en\/wp-json\/wp\/v2\/product"}],"about":[{"href":"https:\/\/electromenagerexpress.com\/en\/wp-json\/wp\/v2\/types\/product"}],"wp:featuredmedia":[{"embeddable":true,"href":"https:\/\/electromenagerexpress.com\/en\/wp-json\/wp\/v2\/media\/91191"}],"wp:attachment":[{"href":"https:\/\/electromenagerexpress.com\/en\/wp-json\/wp\/v2\/media?parent=91192"}],"wp:term":[{"taxonomy":"product_cat","embeddable":true,"href":"https:\/\/electromenagerexpress.com\/en\/wp-json\/wp\/v2\/product_cat?post=91192"},{"taxonomy":"product_tag","embeddable":true,"href":"https:\/\/electromenagerexpress.com\/en\/wp-json\/wp\/v2\/product_tag?post=91192"}],"curies":[{"name":"wp","href":"https:\/\/api.w.org\/{rel}","templated":true}]}}