{"id":91186,"date":"2024-11-24T17:57:17","date_gmt":"2024-11-24T17:57:17","guid":{"rendered":"https:\/\/electromenagerexpress.com\/product\/tapis-de-courseklarfithighflyer-2-0\/"},"modified":"2024-11-24T17:57:21","modified_gmt":"2024-11-24T17:57:21","slug":"tapis-de-courseklarfithighflyer-2-0","status":"publish","type":"product","link":"https:\/\/electromenagerexpress.com\/en\/product\/tapis-de-courseklarfithighflyer-2-0\/","title":{"rendered":"Tapis de course\t\t\t\t\t\t\tKLARFIT\t\t\t\tHighflyer 2.0"},"content":{"rendered":"<div class=\"product-features__content\">\n<ul role=\"list\">\n<li class=\"product-features__item\" role=\"listitem\">\n<h3 class=\"product-features__label\">Caract\u00e9ristiques<\/h3>\n<ul role=\"list\">\n<li class=\"product-features__item-list__item\" role=\"listitem\"><span class=\"is--medium\">Type de produit :<\/span> Tapis de course\t\t\t\t\t<\/li>\n<li class=\"product-features__item-list__item\" role=\"listitem\"><span class=\"is--medium\">Nombre de programmes :<\/span> 12\t\t\t\t\t<\/li>\n<li class=\"product-features__item-list__item\" role=\"listitem\"><span class=\"is--medium\">Affichage ecran :<\/span> Oui\t\t\t\t\t<\/li>\n<li class=\"product-features__item-list__item\" role=\"listitem\"><span class=\"is--medium\">Crochets pour elastique :<\/span> Non\t\t\t\t\t<\/li>\n<li class=\"product-features__item-list__item\" role=\"listitem\"><span class=\"is--medium\">T\u00e9l\u00e9commande :<\/span> Non\t\t\t\t\t<\/li>\n<li class=\"product-features__item-list__item\" role=\"listitem\"><span class=\"is--medium\">Niveaux d&rsquo;intensit\u00e9 :<\/span> 12\t\t\t\t\t<\/li>\n<li class=\"product-features__item-list__item\" role=\"listitem\"><span class=\"is--medium\">Elastiques fournis :<\/span> Non\t\t\t\t\t<\/li>\n<\/ul>\n<\/li>\n<li class=\"product-features__item\" role=\"listitem\">\n<h3 class=\"product-features__label\">Utilisation<\/h3>\n<ul role=\"list\">\n<li class=\"product-features__item-list__item\" role=\"listitem\"><span class=\"is--medium\">Charge maximale :<\/span> 120,0 kg\t\t\t\t\t<\/li>\n<li class=\"product-features__item-list__item\" role=\"listitem\"><span class=\"is--medium\">Bienfait :<\/span> Musculation, sant\u00e9, endurance et d\u00e9contraction\t\t\t\t\t<\/li>\n<\/ul>\n<\/li>\n<li class=\"product-features__item\" role=\"listitem\">\n<h3 class=\"product-features__label\">Dimensions<\/h3>\n<ul role=\"list\">\n<li class=\"product-features__item-list__item\" role=\"listitem\"><span class=\"is--medium\">Facile \u00e0 ranger :<\/span> Oui\t\t\t\t\t<\/li>\n<\/ul>\n<\/li>\n<li class=\"product-features__item\" role=\"listitem\">\n<h3 class=\"product-features__label\">Poids<\/h3>\n<ul role=\"list\">\n<li class=\"product-features__item-list__item\" role=\"listitem\"><span class=\"is--medium\">Poids :<\/span> 50,0 kg\t\t\t\t\t<\/li>\n<\/ul>\n<\/li>\n<li class=\"product-features__item\" role=\"listitem\">\n<h3 class=\"product-features__label\">Dimensions<\/h3>\n<ul role=\"list\">\n<li class=\"product-features__item-list__item\" role=\"listitem\"><span class=\"is--medium\">Dimensions l x h x p :<\/span> 73.5 x 130 x 165 cm\t\t\t\t\t<\/li>\n<li class=\"product-features__item-list__item\" role=\"listitem\"><span class=\"is--medium\">Poids Net (kg) :<\/span> 50\t\t\t\t\t<\/li>\n<\/ul>\n<\/li>\n<li class=\"product-features__item\" role=\"listitem\">\n<h3 class=\"product-features__label\">Informations compl\u00e9mentaires<\/h3>\n<ul role=\"list\">\n<li class=\"product-features__item-list__item\" role=\"listitem\"><span class=\"is--medium\">Disponibilit\u00e9 des pi\u00e8ces d\u00e9tach\u00e9es (donn\u00e9es fournisseur) :<\/span> Non communiqu\u00e9e\t\t\t\t\t<\/li>\n<li class=\"product-features__item-list__item\" role=\"listitem\"><span class=\"is--medium\">R\u00e9f\u00e9rence constructeur :<\/span> Highflyer 2.0\t\t\t\t\t<\/li>\n<li class=\"product-features__item-list__item\" role=\"listitem\"><span class=\"is--medium\">Marque :<\/span> KLARFIT\t\t\t\t\t<\/li>\n<\/ul>\n<\/li>\n<\/ul>\n<\/div>\n<div class=\"product__disclosure-content\">\n<div class=\"js-read-more product-description__content read-more read-more--truncated\" data-read-more-name=\"description\" style=\"max-height: 500px; overflow: hidden;\">\n<p><b>Tapis roulant avec moteur de 2 CV, <i>4P-AntiShock Suspension<\/i>, <i>Lubrication System<\/i> et<br \/><i>LowNoise-FX Drive<\/i> pour un entra\u00eenement cardio-doux pour les articulations .<\/b><\/p>\n<p><b>La meilleure technologie : vitesse de course r\u00e9glable jusqu&rsquo;\u00e0 12 km \/ h, 12<br \/>programmes de course et enceintes int\u00e9gr\u00e9es pour un son optimal pendant<br \/>l&rsquo;entra\u00eenement.<\/b><\/p>\n<p> Le<br \/>moteur <i>LowNoise-FX Drive<\/i> est particuli\u00e8rement pratique pour s&rsquo;entra\u00eener \u00e0 toute heure<br \/>de la journ\u00e9e car il fait fonctionner le tapis de course de fa\u00e7on particuli\u00e8rement<br \/>silencieuse.<\/p>\n<p>La r\u00e9volutionnaire <i>4P-AntiShock Suspension<\/i> du <b>Klarfit<\/b> Highflyer 2.0 est unique dans<br \/>cette classe de tapis de course. Avec quatre amortisseurs sous le tapis de course,<br \/>elle offre une suspension tr\u00e8s douce de tout le tapis de course. Le <i>Lubrication System<\/i> simplifie<br \/>la maintenance de la bande de roulement avec son m\u00e9canisme de lubrification, mais il<br \/>fournit \u00e9galement une absorption suppl\u00e9mentaire de la foul\u00e9e comparable \u00e0 la semelle<br \/>de chaussures de course de haute qualit\u00e9.<\/p>\n<p>Restez inform\u00e9 : Le cardio-training int\u00e9gr\u00e9 avec \u00e9cran LCD et capteur de fr\u00e9quence<br \/>cardiaque permet de garder une trace de vos performances telles que les kilom\u00e8tres<br \/>parcourus, les calories br\u00fbl\u00e9es, la vitesse et la fr\u00e9quence cardiaque, et propose un<br \/>choix d&rsquo;entra\u00eenement vari\u00e9 comprenant 12 programmes. La fonction application permet<br \/>d&rsquo;utiliser le Highflyer 2.0 avec <i>iFit app<\/i> pour appareils Android ou iOS. Le panneau de commande comprend un support<br \/>pour tablette, des enceintes int\u00e9gr\u00e9es et un lecteur multim\u00e9dia.<\/p>\n<p>Apr\u00e8s l&rsquo;entra\u00eenement, le syst\u00e8me de pliage hydraulique du <b>tapis<br \/>de course Klarfit<\/b> Highflyer 2.0 en facilite l&rsquo;ouverture et la fermeture, pour le<br \/>ranger ensuite rapidement, facilement et sans vous encombrer gr\u00e2ce aux roulettes<br \/>int\u00e9gr\u00e9es.<\/p>\n<p><b>Top Features:<\/b><\/p>\n<p>\u2022 <b>Peu encombrant :<\/b> Syst\u00e8me de pliage \u00e0 assistance hydraulique pour un pliage et<br \/>d\u00e9pliage sans effort<br \/>\u2022 <b>Contr\u00f4le par application :<\/b> Int\u00e9gration compl\u00e8te de l&rsquo;entra\u00eenement dans<br \/>l&rsquo;application <i>iFit<\/i><br \/>\u2022 <b>Votre son :<\/b> enceintes int\u00e9gr\u00e9es avec port USB et lecteur de cartes SD ou prise AUX<br \/>In 3,5 mm<br \/>\u2022 <b>Technologie puissante :<\/b> moteur 2,0 CV pour jusqu&rsquo;\u00e0 12 km\/h<br \/>\u2022 <b>Doux pour les articulations :<\/b><i>4P-AntiShock Suspension<\/i> r\u00e9volutionnaire avec quadruple<br \/>amortissement du tapis de course<\/p>\n<p><b>Caract\u00e9ristiques:<\/b><\/p>\n<p>\u2022 Connexions : 1x entr\u00e9e AUX 3,5 mm, 1 x port USB, 1 x lecteur de cartes SD<br \/>\u2022 Tapis de course de 42 x 120 cm (lxL) pour une longueur de foul\u00e9e agr\u00e9able<br \/>\u2022 Capteurs de fr\u00e9quence cardiaque int\u00e9gr\u00e9s aux poign\u00e9es<br \/>\u2022 Affichage des calories br\u00fbl\u00e9es, de la dur\u00e9e de l&rsquo;entra\u00eenement, de la distance, de<br \/>la vitesse et de la fr\u00e9quence cardiaque<br \/>\u2022 Vitesse r\u00e9glable de 1 \u00e0 12 km\/h<br \/>\u2022 12 programmes d&rsquo;entra\u00eenement<br \/>\u2022 Possibilit\u00e9 de brancher un lecteur MP3 par prise jack 3,5 mm<br \/>\u2022 Lecteur multim\u00e9dia int\u00e9gr\u00e9 avec enceintes<br \/>\u2022 Poids maximal de l&rsquo;utilisateur : 120 kg<br \/>\u2022 D\u00e9placement facile gr\u00e2ce aux roulettes<br \/>\u2022 Tapis de course avec syst\u00e8me de pliage \u00e0 assistance hydraulique pour un rangement<br \/>peu encombrant<br \/>\u2022 Goupille de s\u00e9curit\u00e9 pour un entra\u00eenement sans danger<br \/>\u2022 Puissance du moteur : 2,0 CV (en pointe) \/ 1,2 CV (en continu)<br \/>\u2022 Maintenance all\u00e9g\u00e9e gr\u00e2ce au syst\u00e8me de lubrification automatique int\u00e9gr\u00e9<br \/>\u2022 Lubrifiant pour le syst\u00e8me lubrifiant disponible sous le num\u00e9ro d&rsquo;article 10032930<br \/>\u2022 Alimentation : 220-240 V~ \/ 50-60 Hz<\/p>\n<p><b>Inclus dans la livraison:<\/b><\/p>\n<p>\u2022 1 x tapis de course (\u00e0 monter)<br \/>\u2022 Mode d&#8217;emploi <\/p>\n<p><b>Dimensions:<\/b><\/p>\n<p>\u2022 Dimensions assembl\u00e9 : env. 73,5 x 130 x 165 cm (LxHxP)<br \/>\u2022 Dimensions repli\u00e9 : env. 73,5 x 137,7 x 95,3 cm (LxHxP)<br \/>\u2022 Dimensions de la bande de roulement : env. 42 x 120 cm (LxL)<br \/>\u2022 Poids : env. 50 kg<\/p>\n<\/div>\n<p><bl-button a11yexpanded=\"false\" arialabel=\"Afficher toute la description\" class=\"read-more__btn\" full=\"false\" link=\"true\"><\/bl-button><\/div>","protected":false},"excerpt":{"rendered":"<div class=\"keypoints\">\n<h3 class=\"keypoints__title\">Les points cl\u00e9s<\/h3>\n<ul role=\"list\">\n<li class=\"keypoints__item\" role=\"listitem\">                                        Bienfait : Musculation, sant\u00e9, endurance et d\u00e9contraction                      <\/li>\n<li class=\"keypoints__item\" role=\"listitem\">                                        Nombre de programmes : 12                      <\/li>\n<li class=\"keypoints__item\" role=\"listitem\">                                        Charge maximale : 120,0 kg                      <\/li>\n<\/ul>","protected":false},"featured_media":91185,"template":"","meta":{"_glsr_average":0,"_glsr_ranking":0,"_glsr_reviews":0},"product_cat":[498],"product_tag":[187,500],"class_list":{"0":"post-91186","1":"product","2":"type-product","3":"status-publish","4":"has-post-thumbnail","6":"product_cat-minceur-fitness","7":"product_tag-beaute-sante","8":"product_tag-minceur-fitness","10":"first","11":"instock","12":"sale","13":"shipping-taxable","14":"purchasable","15":"product-type-simple"},"_links":{"self":[{"href":"https:\/\/electromenagerexpress.com\/en\/wp-json\/wp\/v2\/product\/91186","targetHints":{"allow":["GET"]}}],"collection":[{"href":"https:\/\/electromenagerexpress.com\/en\/wp-json\/wp\/v2\/product"}],"about":[{"href":"https:\/\/electromenagerexpress.com\/en\/wp-json\/wp\/v2\/types\/product"}],"wp:featuredmedia":[{"embeddable":true,"href":"https:\/\/electromenagerexpress.com\/en\/wp-json\/wp\/v2\/media\/91185"}],"wp:attachment":[{"href":"https:\/\/electromenagerexpress.com\/en\/wp-json\/wp\/v2\/media?parent=91186"}],"wp:term":[{"taxonomy":"product_cat","embeddable":true,"href":"https:\/\/electromenagerexpress.com\/en\/wp-json\/wp\/v2\/product_cat?post=91186"},{"taxonomy":"product_tag","embeddable":true,"href":"https:\/\/electromenagerexpress.com\/en\/wp-json\/wp\/v2\/product_tag?post=91186"}],"curies":[{"name":"wp","href":"https:\/\/api.w.org\/{rel}","templated":true}]}}