{"id":91168,"date":"2024-11-24T17:56:58","date_gmt":"2024-11-24T17:56:58","guid":{"rendered":"https:\/\/electromenagerexpress.com\/product\/tapis-de-coursecapital-sportspacemaker-f80\/"},"modified":"2024-11-24T17:57:03","modified_gmt":"2024-11-24T17:57:03","slug":"tapis-de-coursecapital-sportspacemaker-f80","status":"publish","type":"product","link":"https:\/\/electromenagerexpress.com\/en\/product\/tapis-de-coursecapital-sportspacemaker-f80\/","title":{"rendered":"Tapis de course\t\t\t\t\t\t\tCAPITAL SPORTS\t\t\t\tPacemaker F80"},"content":{"rendered":"<div class=\"product-features__content\">\n<ul role=\"list\">\n<li class=\"product-features__item\" role=\"listitem\">\n<h3 class=\"product-features__label\">Caract\u00e9ristiques<\/h3>\n<ul role=\"list\">\n<li class=\"product-features__item-list__item\" role=\"listitem\"><span class=\"is--medium\">Type de produit :<\/span> Tapis de course\t\t\t\t\t<\/li>\n<li class=\"product-features__item-list__item\" role=\"listitem\"><span class=\"is--medium\">Nombre de programmes :<\/span> 9\t\t\t\t\t<\/li>\n<li class=\"product-features__item-list__item\" role=\"listitem\"><span class=\"is--medium\">T\u00e9l\u00e9commande :<\/span> Non\t\t\t\t\t<\/li>\n<\/ul>\n<\/li>\n<li class=\"product-features__item\" role=\"listitem\">\n<h3 class=\"product-features__label\">Utilisation<\/h3>\n<ul role=\"list\">\n<li class=\"product-features__item-list__item\" role=\"listitem\"><span class=\"is--medium\">Charge maximale :<\/span> 100,0 kg\t\t\t\t\t<\/li>\n<li class=\"product-features__item-list__item\" role=\"listitem\"><span class=\"is--medium\">Bienfait :<\/span> Endurance, force et vitesses, d\u00e9penses caloriques\t\t\t\t\t<\/li>\n<\/ul>\n<\/li>\n<li class=\"product-features__item\" role=\"listitem\">\n<h3 class=\"product-features__label\">Dimensions<\/h3>\n<ul role=\"list\">\n<li class=\"product-features__item-list__item\" role=\"listitem\"><span class=\"is--medium\">Facile \u00e0 ranger :<\/span> Oui\t\t\t\t\t<\/li>\n<\/ul>\n<\/li>\n<li class=\"product-features__item\" role=\"listitem\">\n<h3 class=\"product-features__label\">Dimensions<\/h3>\n<ul role=\"list\">\n<li class=\"product-features__item-list__item\" role=\"listitem\"><span class=\"is--medium\">Dimensions l x h x p :<\/span> 68 x 128 x 152 cm\t\t\t\t\t<\/li>\n<li class=\"product-features__item-list__item\" role=\"listitem\"><span class=\"is--medium\">Poids Net (kg) :<\/span> 40\t\t\t\t\t<\/li>\n<\/ul>\n<\/li>\n<li class=\"product-features__item\" role=\"listitem\">\n<h3 class=\"product-features__label\">Informations compl\u00e9mentaires<\/h3>\n<ul role=\"list\">\n<li class=\"product-features__item-list__item\" role=\"listitem\"><span class=\"is--medium\">Disponibilit\u00e9 des pi\u00e8ces d\u00e9tach\u00e9es (donn\u00e9es fournisseur) :<\/span> Non communiqu\u00e9e\t\t\t\t\t<\/li>\n<li class=\"product-features__item-list__item\" role=\"listitem\"><span class=\"is--medium\">R\u00e9f\u00e9rence constructeur :<\/span> Pacemaker F80\t\t\t\t\t<\/li>\n<li class=\"product-features__item-list__item\" role=\"listitem\"><span class=\"is--medium\">Marque :<\/span> CAPITAL SPORTS\t\t\t\t\t<\/li>\n<\/ul>\n<\/li>\n<\/ul>\n<\/div>\n<div class=\"product__disclosure-content\">\n<div class=\"js-read-more product-description__content read-more read-more--truncated\" data-read-more-name=\"description\" style=\"max-height: 500px; overflow: hidden;\">\n<p><b>Tapis de course repliable \u00e0 plat pour un rangement optimal avec 9 programmes et un<br \/>\u00e9cran LCD.<\/b><\/p>\n<p><b>Neuf programmes de course, moteur de 3 CV et <i>4P-AntiShock Suspension<\/i> pour un<br \/>entra\u00eenement puissant et doux pour les articulations.<\/b><\/p>\n<p><b>Multim\u00e9dia gr\u00e2ce \u00e0 <i>AudioConnect<\/i> avec lecteur multim\u00e9dia, enceintes int\u00e9gr\u00e9es, port<br \/>USB, prise jack MP3 et support de tablette.<\/b><\/p>\n<p>Le <b>tapis de course CAPITAL SPORTS<\/b> Pacemaker F80 fait passer votre entra\u00eenement cardio<br \/>et d&rsquo;endurance au niveau sup\u00e9rieur ! Totalement ind\u00e9pendant de la m\u00e9t\u00e9o ou de<br \/>l&rsquo;heure, il permet un entra\u00eenement parfait \u00e0 domicile. Apr\u00e8s l&rsquo;entra\u00eenement, il se<br \/>replie facilement.<\/p>\n<p>Sur la bande de roulement amortie avec le syst\u00e8me <i>4P-AntiShock Suspension<\/i>, vous ferez<br \/>votre entra\u00eenement \u00e0 la course comme vous le souhaitez : le moteur de 3 CV vous<br \/>permet de rouler entre 1 et 14 km \/ h pour un entra\u00eenement \u00e9quilibr\u00e9. La vitesse du<br \/><b>tapis de course<\/b> se contr\u00f4le facilement \u00e0 la poign\u00e9e ou sur le grand panneau de<br \/>commande avec \u00e9cran LCD. Vous pouvez y lire \u00e0 tout moment toutes les valeurs<br \/>pertinentes ou choisir l&rsquo;un des 9 programmes pour faciliter votre entra\u00eenement. Bien<br \/>entendu, la sant\u00e9 est une pr\u00e9occupation : les capteurs de fr\u00e9quence cardiaque des<br \/>deux guidons mesurent et surveillent les valeurs et r\u00e9agissent au besoin en ajustant<br \/>la vitesse ; un programme distinct calcule l&rsquo;IMC sur demande.<\/p>\n<p>Pour vous divertir pendant votre entra\u00eenement, le <b>tapis de course CAPITAL SPORTS<\/b><br \/>Pacemaker F80 offre diff\u00e9rentes options pour vous offrir un accompagnement musical<br \/>avec son syst\u00e8me <i>AudioConnect<\/i>. Branchez un lecteur flash sur le port USB ou un<br \/>lecteur MP3 par c\u00e2ble sur le port jack 3,5 mm. La musique est lue par les enceintes<br \/>int\u00e9gr\u00e9es de l&rsquo;appareil. Le porte-tablette escamotable situ\u00e9 en haut du panneau de<br \/>commande constitue une particularit\u00e9 : vous pouvez \u00e9galement regarder des films ou de<br \/>lire des journaux pendant votre s\u00e9ance d&rsquo;entra\u00eenement.<\/p>\n<p>Pour gagner de la place entre vos s\u00e9ances, le <b>tapis de course<\/b> se replie vers le haut.<br \/>Gr\u00e2ce \u00e0 sa poign\u00e9e de transport et aux roulettes, son rangement est tr\u00e8s facile.<\/p>\n<p><b>Top Features:<\/b><\/p>\n<p>\u2022 <b>Doux pour les articulations :<\/b><i>4P-AntiShock Suspension<\/i> pour une sensation de course<br \/>naturelle comme sur un sol de for\u00eat<br \/>\u2022 <b>Peu encombrant :<\/b> tapis de course pliant pour un rangement optimal<br \/>\u2022 <b>Aper\u00e7u parfait :<\/b> ordinateur d&rsquo;entra\u00eenement avec 9 programmes de course et support<br \/>de tablette int\u00e9gr\u00e9<br \/>\u2022 <b>Solide et s\u00fbr :<\/b> capteur de fr\u00e9quence cardiaque int\u00e9gr\u00e9, roulettes et goupille de<br \/>s\u00e9curit\u00e9<br \/>\u2022 <b>Puissant :<\/b> moteur de 3 CV pour des vitesses de 1 \u00e0 14 km\/h<br \/>\u2022 <b>Multim\u00e9dia : <\/b>syst\u00e8me <i>AudioConnect<\/i> avec enceintes int\u00e9gr\u00e9es, port USB, prise jack<br \/>MP3 et support de tablette<\/p>\n<p><b>Caract\u00e9ristiques:<\/b><\/p>\n<p>\u2022 Poign\u00e9es antid\u00e9rapantes<br \/>\u2022 Enceintes<br \/>\u2022 3 CV en pointe et 1 CV en puissance continue<br \/>\u2022 Vitesse : 1 &#8211; 14 km\/h<br \/>\u2022 9 programmes de course<br \/>\u2022 Capteurs de fr\u00e9quence cardiaque des deux c\u00f4t\u00e9s<br \/>\u2022 Port USB et prise jack 3,5 mm<br \/>\u2022 Avec poign\u00e9e de transport et roulettes<br \/>\u2022 Sangle d&rsquo;arr\u00eat de s\u00e9curit\u00e9<br \/>\u2022 2 porte-boissons<br \/>\u2022 Ecran LCD pour la lecture de la distance, des calories, de la dur\u00e9e, de la vitesse<br \/>et de la fr\u00e9quence cardiaque<br \/>\u2022 Alimentation : 220-240 V~ | 50\/60 Hz<\/p>\n<p><b>Inclus dans la livraison:<\/b><\/p>\n<p>\u2022 1 x tapis de course<\/p>\n<p><b>Dimensions:<\/b><\/p>\n<p>\u2022 Dimensions : env. 68 x 128 x 152 cm (LxHxP)<br \/>\u2022 Dimensions repli\u00e9 : env. 68 x 137,5 x 90 cm (LxHxP)<br \/>\u2022 Surface de la bande de roulement : env. 40 x 120 cm (LxP)<br \/>\u2022 Poids : env. 40 kg<\/p>\n<\/div>\n<p><bl-button a11yexpanded=\"false\" arialabel=\"Afficher toute la description\" class=\"read-more__btn\" full=\"false\" link=\"true\"><\/bl-button><\/div>","protected":false},"excerpt":{"rendered":"<div class=\"keypoints\">\n<h3 class=\"keypoints__title\">Les points cl\u00e9s<\/h3>\n<ul role=\"list\">\n<li class=\"keypoints__item\" role=\"listitem\">                                        Bienfait : Endurance, force et vitesses, d\u00e9penses caloriques                      <\/li>\n<li class=\"keypoints__item\" role=\"listitem\">                                        Nombre de programmes : 9                      <\/li>\n<li class=\"keypoints__item\" role=\"listitem\">                                        Charge maximale : 100,0 kg                      <\/li>\n<\/ul>","protected":false},"featured_media":91167,"template":"","meta":{"_glsr_average":0,"_glsr_ranking":0,"_glsr_reviews":0},"product_cat":[498],"product_tag":[187,500],"class_list":{"0":"post-91168","1":"product","2":"type-product","3":"status-publish","4":"has-post-thumbnail","6":"product_cat-minceur-fitness","7":"product_tag-beaute-sante","8":"product_tag-minceur-fitness","10":"first","11":"instock","12":"sale","13":"shipping-taxable","14":"purchasable","15":"product-type-simple"},"_links":{"self":[{"href":"https:\/\/electromenagerexpress.com\/en\/wp-json\/wp\/v2\/product\/91168","targetHints":{"allow":["GET"]}}],"collection":[{"href":"https:\/\/electromenagerexpress.com\/en\/wp-json\/wp\/v2\/product"}],"about":[{"href":"https:\/\/electromenagerexpress.com\/en\/wp-json\/wp\/v2\/types\/product"}],"wp:featuredmedia":[{"embeddable":true,"href":"https:\/\/electromenagerexpress.com\/en\/wp-json\/wp\/v2\/media\/91167"}],"wp:attachment":[{"href":"https:\/\/electromenagerexpress.com\/en\/wp-json\/wp\/v2\/media?parent=91168"}],"wp:term":[{"taxonomy":"product_cat","embeddable":true,"href":"https:\/\/electromenagerexpress.com\/en\/wp-json\/wp\/v2\/product_cat?post=91168"},{"taxonomy":"product_tag","embeddable":true,"href":"https:\/\/electromenagerexpress.com\/en\/wp-json\/wp\/v2\/product_tag?post=91168"}],"curies":[{"name":"wp","href":"https:\/\/api.w.org\/{rel}","templated":true}]}}