{"id":91147,"date":"2024-11-24T17:56:37","date_gmt":"2024-11-24T17:56:37","guid":{"rendered":"https:\/\/electromenagerexpress.com\/product\/velo-dappartementcapital-sportsazura-2\/"},"modified":"2024-11-24T17:56:41","modified_gmt":"2024-11-24T17:56:41","slug":"velo-dappartementcapital-sportsazura-2","status":"publish","type":"product","link":"https:\/\/electromenagerexpress.com\/en\/product\/velo-dappartementcapital-sportsazura-2\/","title":{"rendered":"V\u00e9lo d&rsquo;appartement\t\t\t\t\t\t\tCAPITAL SPORTS\t\t\t\tAzura 2"},"content":{"rendered":"<div class=\"product-features__content\">\n<ul role=\"list\">\n<li class=\"product-features__item\" role=\"listitem\">\n<h3 class=\"product-features__label\">Pour prendre soin de vous<\/h3>\n<ul role=\"list\">\n<li class=\"product-features__item-list__item\" role=\"listitem\"><span class=\"is--medium\">D\u00e9couvrez notre boutique Sant\u00e9\/Bien-\u00catre :<\/span> <a href=\"https:\/\/www.boulanger.com\/evenement\/boutique-bien-etre-sante\" target=\"_blank\">Cliquez ici<\/a><\/li>\n<\/ul>\n<\/li>\n<li class=\"product-features__item\" role=\"listitem\">\n<h3 class=\"product-features__label\">Caract\u00e9ristiques g\u00e9n\u00e9rales<\/h3>\n<ul role=\"list\">\n<li class=\"product-features__item-list__item\" role=\"listitem\"><span class=\"is--medium\">Type de produit :<\/span> V\u00e9lo appartement\t\t\t\t\t<\/li>\n<\/ul>\n<\/li>\n<li class=\"product-features__item\" role=\"listitem\">\n<h3 class=\"product-features__label\">Informations compl\u00e9mentaires<\/h3>\n<ul role=\"list\">\n<li class=\"product-features__item-list__item\" role=\"listitem\"><span class=\"is--medium\">Fabriqu\u00e9 en :<\/span> Europe\t\t\t\t\t<\/li>\n<li class=\"product-features__item-list__item\" role=\"listitem\"><span class=\"is--medium\">Disponibilit\u00e9 des pi\u00e8ces d\u00e9tach\u00e9es (donn\u00e9es fournisseur) :<\/span> Non communiqu\u00e9e\t\t\t\t\t<\/li>\n<\/ul>\n<\/li>\n<\/ul>\n<\/div>\n<div class=\"product__disclosure-content\">\n<div class=\"js-read-more product-description__content read-more read-more--truncated\" data-read-more-name=\"description\" style=\"max-height: 500px; overflow: hidden;\">\n<p><b>X-Bike peu encombrant pour un entra\u00eenement ergom\u00e9trique tout en douceur qui active le<br \/>br\u00fblage des graisses et mobilise les articulations.<\/b><\/p>\n<p><b>Selle extralarge r\u00e9glable en hauteur avec des poign\u00e9es et un dossier pour un<br \/>entra\u00eenement confortable, qui ne force pas sur le dos.<\/b><\/p>\n<p><b>Force d&rsquo;inertie de 3 kg avec 8 niveaux de r\u00e9sistance et assistant personnel inclus<br \/>pour l&rsquo;affichage de la vitesse, la distance, la dur\u00e9e, et les calories br\u00fbl\u00e9es.<\/b><\/p>\n<p>Le<b> X-Bike<\/b> Azura 2 de <b>CAPITAL SPORTS<\/b> est le num\u00e9ro un des appareils d&rsquo;entra\u00eenement<br \/>pour une am\u00e9lioration ergom\u00e9trique tout en douceur de votre condition physique.Top Features:<\/p>\n<p>\u2022 X-Bike ergom\u00e9trique pour vous entra\u00eener en douceur, br\u00fbler vos graisses et<br \/>mobiliser vos articulations<br \/>\u2022 pliable pour un encombrement minime<br \/>\u2022 3 kg de force d&rsquo;inertie avec 8 niveaux de r\u00e9sistance pour une adaptation<br \/>individuelle de la difficult\u00e9<br \/>\u2022 assistant personnel pour l&rsquo;affichage de la vitesse, de la dur\u00e9e, de la distance,<br \/>des calories br\u00fbl\u00e9es et de la distance parcourue<\/p>\n<p><b>Caract\u00e9ristiques:<\/b><\/p>\n<p>\u2022 selle extralarge pour une assise confortable<br \/>\u2022 7 crans pour r\u00e9gler la hauteur de la selle : 57-67 cm<br \/>\u2022 dossier et poign\u00e9es fix\u00e9s \u00e0 la selle pour soulager le dos et assurer une<br \/>assise stable<br \/>\u2022 charge max. : 100 kg<br \/>\u2022 couleur : cadre noir et touches bleues<br \/>\u2022 alimentation \u00e9lectrique de l&rsquo;assistant personnel : 2 piles AAA (comprises dans la<br \/>livraison)<\/p>\n<p><b>Inclus dans la livraison:<\/b><\/p>\n<p>\u2022 1 x X-Bike (kit de montage)<br \/>\u2022 2 x piles AAA<br \/>\u2022 1 x notice d&rsquo;utilisation <\/p>\n<p><b>Dimensions:<\/b><\/p>\n<p>\u2022 dimensions mont\u00e9 : 116 x 100 x 53 cm<br \/>\u2022 dimensions pli\u00e9 : 50 x 133 x 53<br \/>\u2022 poids : 17,4 kg<\/p>\n<\/div>\n<p><bl-button a11yexpanded=\"false\" arialabel=\"Afficher toute la description\" class=\"read-more__btn\" full=\"false\" link=\"true\"><\/bl-button><\/div>","protected":false},"excerpt":{"rendered":"<p>None<\/p>","protected":false},"featured_media":91146,"template":"","meta":{"_glsr_average":0,"_glsr_ranking":0,"_glsr_reviews":0},"product_cat":[504],"product_tag":[187,505,500],"class_list":{"0":"post-91147","1":"product","2":"type-product","3":"status-publish","4":"has-post-thumbnail","6":"product_cat-equipement-du-sportif","7":"product_tag-beaute-sante","8":"product_tag-equipement-du-sportif","9":"product_tag-minceur-fitness","11":"first","12":"instock","13":"sale","14":"shipping-taxable","15":"purchasable","16":"product-type-simple"},"_links":{"self":[{"href":"https:\/\/electromenagerexpress.com\/en\/wp-json\/wp\/v2\/product\/91147","targetHints":{"allow":["GET"]}}],"collection":[{"href":"https:\/\/electromenagerexpress.com\/en\/wp-json\/wp\/v2\/product"}],"about":[{"href":"https:\/\/electromenagerexpress.com\/en\/wp-json\/wp\/v2\/types\/product"}],"wp:featuredmedia":[{"embeddable":true,"href":"https:\/\/electromenagerexpress.com\/en\/wp-json\/wp\/v2\/media\/91146"}],"wp:attachment":[{"href":"https:\/\/electromenagerexpress.com\/en\/wp-json\/wp\/v2\/media?parent=91147"}],"wp:term":[{"taxonomy":"product_cat","embeddable":true,"href":"https:\/\/electromenagerexpress.com\/en\/wp-json\/wp\/v2\/product_cat?post=91147"},{"taxonomy":"product_tag","embeddable":true,"href":"https:\/\/electromenagerexpress.com\/en\/wp-json\/wp\/v2\/product_tag?post=91147"}],"curies":[{"name":"wp","href":"https:\/\/api.w.org\/{rel}","templated":true}]}}