{"id":91141,"date":"2024-11-24T17:56:31","date_gmt":"2024-11-24T17:56:31","guid":{"rendered":"https:\/\/electromenagerexpress.com\/product\/tapis-de-coursecitysports12km-h-wp9-pliable-1400w-ecran-led\/"},"modified":"2024-11-24T17:56:35","modified_gmt":"2024-11-24T17:56:35","slug":"tapis-de-coursecitysports12km-h-wp9-pliable-1400w-ecran-led","status":"publish","type":"product","link":"https:\/\/electromenagerexpress.com\/en\/product\/tapis-de-coursecitysports12km-h-wp9-pliable-1400w-ecran-led\/","title":{"rendered":"Tapis de course\t\t\t\t\t\t\tCITYSPORTS\t\t\t\t12KM\/H WP9 Pliable 1400W, \u00c9cran LED"},"content":{"rendered":"<div class=\"product-features__content\">\n<ul role=\"list\">\n<li class=\"product-features__item\" role=\"listitem\">\n<h3 class=\"product-features__label\">Pour prendre soin de vous<\/h3>\n<ul role=\"list\">\n<li class=\"product-features__item-list__item\" role=\"listitem\"><span class=\"is--medium\">D\u00e9couvrez notre boutique Sant\u00e9\/Bien-\u00catre :<\/span> <a href=\"https:\/\/www.boulanger.com\/evenement\/boutique-bien-etre-sante\" target=\"_blank\">Cliquez ici<\/a><\/li>\n<\/ul>\n<\/li>\n<li class=\"product-features__item\" role=\"listitem\">\n<h3 class=\"product-features__label\">Caract\u00e9ristiques g\u00e9n\u00e9rales<\/h3>\n<ul role=\"list\">\n<li class=\"product-features__item-list__item\" role=\"listitem\"><span class=\"is--medium\">Type de produit :<\/span> Tapis de course\t\t\t\t\t<\/li>\n<li class=\"product-features__item-list__item\" role=\"listitem\"><span class=\"is--medium\">Couleur :<\/span> Noir\t\t\t\t\t<\/li>\n<li class=\"product-features__item-list__item\" role=\"listitem\"><span class=\"is--medium\">Electrique :<\/span> Oui\t\t\t\t\t<\/li>\n<li class=\"product-features__item-list__item\" role=\"listitem\"><span class=\"is--medium\">Ecran int\u00e9gr\u00e9 :<\/span> Oui\t\t\t\t\t<\/li>\n<li class=\"product-features__item-list__item\" role=\"listitem\"><span class=\"is--medium\">Connectivit\u00e9 de l&rsquo;\u00e9cran :<\/span> Bluetooth\t\t\t\t\t<\/li>\n<li class=\"product-features__item-list__item\" role=\"listitem\"><span class=\"is--medium\">Application d\u00e9di\u00e9 :<\/span> Oui\t\t\t\t\t<\/li>\n<\/ul>\n<\/li>\n<li class=\"product-features__item\" role=\"listitem\">\n<h3 class=\"product-features__label\">Confort d&rsquo;utilisation<\/h3>\n<ul role=\"list\">\n<li class=\"product-features__item-list__item\" role=\"listitem\"><span class=\"is--medium\">Poids maximal utilisateur :<\/span> 110,00 Kg\t\t\t\t\t<\/li>\n<li class=\"product-features__item-list__item\" role=\"listitem\"><span class=\"is--medium\">Support :<\/span> Tablette et Smartphone\t\t\t\t\t<\/li>\n<li class=\"product-features__item-list__item\" role=\"listitem\"><span class=\"is--medium\">Porte bouteille :<\/span> Non\t\t\t\t\t<\/li>\n<\/ul>\n<\/li>\n<li class=\"product-features__item\" role=\"listitem\">\n<h3 class=\"product-features__label\">Encombrement &#8211; Installation<\/h3>\n<ul role=\"list\">\n<li class=\"product-features__item-list__item\" role=\"listitem\"><span class=\"is--medium\">Mobilit\u00e9 :<\/span> Roulette de d\u00e9placement\t\t\t\t\t<\/li>\n<li class=\"product-features__item-list__item\" role=\"listitem\"><span class=\"is--medium\">Stockage :<\/span> Vertical ou horizontal\t\t\t\t\t<\/li>\n<li class=\"product-features__item-list__item\" role=\"listitem\"><span class=\"is--medium\">Pliable :<\/span> Oui\t\t\t\t\t<\/li>\n<li class=\"product-features__item-list__item\" role=\"listitem\"><span class=\"is--medium\">Poids de l&rsquo;appareil :<\/span> 26,50 Kg\t\t\t\t\t<\/li>\n<\/ul>\n<\/li>\n<li class=\"product-features__item\" role=\"listitem\">\n<h3 class=\"product-features__label\">Caract\u00e9ristiques techniques<\/h3>\n<ul role=\"list\">\n<li class=\"product-features__item-list__item\" role=\"listitem\"><span class=\"is--medium\">Vitesse max :<\/span> 12,00 Kg\t\t\t\t\t<\/li>\n<\/ul>\n<\/li>\n<li class=\"product-features__item\" role=\"listitem\">\n<h3 class=\"product-features__label\">Informations compl\u00e9mentaires<\/h3>\n<ul role=\"list\">\n<li class=\"product-features__item-list__item\" role=\"listitem\"><span class=\"is--medium\">Fabriqu\u00e9 en :<\/span> Chine\t\t\t\t\t<\/li>\n<li class=\"product-features__item-list__item\" role=\"listitem\"><span class=\"is--medium\">Disponibilit\u00e9 des pi\u00e8ces d\u00e9tach\u00e9es (donn\u00e9es fournisseur) :<\/span> Non communiqu\u00e9e\t\t\t\t\t<\/li>\n<li class=\"product-features__item-list__item\" role=\"listitem\"><span class=\"is--medium\">R\u00e9f\u00e9rence constructeur :<\/span> 12KM\/H WP9 Pliable 1400W, \u00c9cran LED\t\t\t\t\t<\/li>\n<li class=\"product-features__item-list__item\" role=\"listitem\"><span class=\"is--medium\">Marque :<\/span> CITYSPORTS\t\t\t\t\t<\/li>\n<\/ul>\n<\/li>\n<\/ul>\n<\/div>\n<div class=\"product__disclosure-content\">\n<div class=\"js-read-more product-description__content read-more read-more--truncated\" data-read-more-name=\"description\" style=\"max-height: 500px; overflow: hidden;\">\n<p><img decoding=\"async\" 970\"=\"\" alt=\" width=\" height=\"600\" src=\"https:\/\/nsm09.casimages.com\/img\/2023\/06\/27\/\/23062711392326571018204569.jpg\"\/><img decoding=\"async\" 970\"=\"\" alt=\" width=\" height=\"600\" src=\"https:\/\/nsm09.casimages.com\/img\/2023\/06\/27\/\/23062711392426571018204571.jpg\"\/><\/p>\n<p><\/p>\n<p><strong>Tapis de Course Pliable avec Bluetooth<\/strong><br \/>CITYSPORTS tapis de course est une marque professionnelle de tapis de course pour la maison. Notre tapis de course pliable est \u00e9quip\u00e9 d&rsquo;une main courante et d&rsquo;un support pour tablette \u00e0 360\u00b0, ce qui vous permet de poser votre IPAD sur le support. Ce tapis de course dispose d&rsquo;un haut-parleur Bluetooth \u00e0 son surround int\u00e9gr\u00e9. Il peut \u00eatre connect\u00e9 en Bluetooth pour lire une vid\u00e9o ou de la musique pendant la course ou la marche.<\/p>\n<p><strong>Affichage LED &amp; App Double m\u00e9thode de contr\u00f4le<\/strong><br \/>Avec le tapis de course pliable CITYSPORTS, vous pouvez facilement suivre vos donn\u00e9es d&rsquo;entra\u00eenement. Gr\u00e2ce \u00e0 l&rsquo;affichage LED du tapis de course et \u00e0 l&rsquo;application mobile, vous pouvez lire visuellement votre temps d&rsquo;entra\u00eenement, votre vitesse, votre distance et vos calories pendant l&rsquo;entra\u00eenement. Le tapis de marche sous la table dispose d&rsquo;un bouton de raccourci 3-6-9KM qui vous permet de commencer votre entra\u00eenement imm\u00e9diatement.<\/p>\n<p><strong>Silencieux &amp; amortissant et antid\u00e9rapant<\/strong><br \/>Le tapis de course portable est \u00e9quip\u00e9 d&rsquo;un moteur extr\u00eamement silencieux et d&rsquo;un excellent syst\u00e8me d&rsquo;absorption des chocs,Le tapis de course \u00e9largi \u00e0 5 couches (400 x 1020 mm), la texture antid\u00e9rapante multicouche et le rev\u00eatement absorbant les sons peuvent non seulement am\u00e9liorer la s\u00e9curit\u00e9 du tapis de course, mais aussi r\u00e9duire le bruit.<\/p>\n<p><strong>Pas d&rsquo;installation &amp; Facile \u00e0 d\u00e9placer<\/strong><br \/>Le tapis de course pliable ne n\u00e9cessite aucune installation et est pr\u00eat \u00e0 l&#8217;emploi d\u00e8s le d\u00e9ballage. Le tapis de course \u00e9lectrique ne p\u00e8se que 26,5 kg et est facile \u00e0 d\u00e9placer gr\u00e2ce aux roulettes de transport situ\u00e9es sur la partie inf\u00e9rieure. La main courante peut \u00eatre pli\u00e9e lorsqu&rsquo;elle n&rsquo;est pas utilis\u00e9e, ce qui signifie que le tapis de course peut \u00eatre rang\u00e9 sous une table pour un gain de place.<\/p>\n<p><strong>Pleine puissance<\/strong><br \/>Puissance de transmission maximale : 4dBm (\u00e0 l&rsquo;entr\u00e9e de l&rsquo;antenne), puissance maximale du moteur : 1400W, ce qui garantit une grande stabilit\u00e9. Un faible niveau sonore et une capacit\u00e9 de charge allant jusqu&rsquo;\u00e0 110 kg garantissent une exp\u00e9rience de marche agr\u00e9able.<\/p>\n<p><\/p>\n<ul><\/p>\n<li>Mod\u00e8le : CS-WP9<\/li>\n<p><\/p>\n<li>Taille du produit\uff1a1238*587*1030mm<\/li>\n<p><\/p>\n<li>Couleur: Noir avec rouge<\/li>\n<p><\/p>\n<li>Vitesse: 1.0-12.0 km\/h<\/li>\n<p><\/p>\n<li>Affichage \u00c9cran LED: Temps\/ Vitesse\/ Calories br\u00fbl\u00e9es\/ Distance<\/li>\n<p><\/p>\n<li>Bluetooth : Oui<\/li>\n<p><\/p>\n<li>Puissance du moteur: 1400w<\/li>\n<p><\/p>\n<li>Charge Maximale: 110kg<\/li>\n<p><\/p>\n<li>Poids net: 26.5 kg<\/li>\n<p><\/p>\n<li>\u00c9cran LED<\/li>\n<p><\/p>\n<li>Bluetooth Haut-parleurs<\/li>\n<p><\/p>\n<li>Ultra Fin et Silencieux<\/li>\n<p><\/p>\n<li>Destin\u00e9 pour Maison &amp;Bureau<\/li>\n<p><\/p>\n<li>R\u00e9gler la vitesse en fonction de vos plans d\u2019exercice par APP<\/li>\n<p><\/p>\n<li>D\u00e9placement facile gr\u00e2ce aux roues de transport<\/li>\n<p><\/ul>\n<\/p>\n<\/div>\n<p><bl-button a11yexpanded=\"false\" arialabel=\"Afficher toute la description\" class=\"read-more__btn\" full=\"false\" link=\"true\"><\/bl-button><\/div>","protected":false},"excerpt":{"rendered":"<div class=\"keypoints\">\n<h3 class=\"keypoints__title\">Les points cl\u00e9s<\/h3>\n<ul role=\"list\">\n<li class=\"keypoints__item\" role=\"listitem\">                                        Electrique                      <\/li>\n<li class=\"keypoints__item\" role=\"listitem\">                                        Pliable                      <\/li>\n<li class=\"keypoints__item\" role=\"listitem\">                                        Connectivit\u00e9 de l&rsquo;\u00e9cran : Bluetooth                      <\/li>\n<\/ul>","protected":false},"featured_media":91140,"template":"","meta":{"_glsr_average":0,"_glsr_ranking":0,"_glsr_reviews":0},"product_cat":[504],"product_tag":[187,505,500],"class_list":{"0":"post-91141","1":"product","2":"type-product","3":"status-publish","4":"has-post-thumbnail","6":"product_cat-equipement-du-sportif","7":"product_tag-beaute-sante","8":"product_tag-equipement-du-sportif","9":"product_tag-minceur-fitness","11":"first","12":"instock","13":"sale","14":"shipping-taxable","15":"purchasable","16":"product-type-simple"},"_links":{"self":[{"href":"https:\/\/electromenagerexpress.com\/en\/wp-json\/wp\/v2\/product\/91141","targetHints":{"allow":["GET"]}}],"collection":[{"href":"https:\/\/electromenagerexpress.com\/en\/wp-json\/wp\/v2\/product"}],"about":[{"href":"https:\/\/electromenagerexpress.com\/en\/wp-json\/wp\/v2\/types\/product"}],"wp:featuredmedia":[{"embeddable":true,"href":"https:\/\/electromenagerexpress.com\/en\/wp-json\/wp\/v2\/media\/91140"}],"wp:attachment":[{"href":"https:\/\/electromenagerexpress.com\/en\/wp-json\/wp\/v2\/media?parent=91141"}],"wp:term":[{"taxonomy":"product_cat","embeddable":true,"href":"https:\/\/electromenagerexpress.com\/en\/wp-json\/wp\/v2\/product_cat?post=91141"},{"taxonomy":"product_tag","embeddable":true,"href":"https:\/\/electromenagerexpress.com\/en\/wp-json\/wp\/v2\/product_tag?post=91141"}],"curies":[{"name":"wp","href":"https:\/\/api.w.org\/{rel}","templated":true}]}}